{"id":96705,"date":"2024-09-10T07:15:16","date_gmt":"2024-09-10T06:15:16","guid":{"rendered":"https:\/\/bcc.no\/a-propos-de-brunstad-christian-church\/"},"modified":"2025-10-23T07:25:26","modified_gmt":"2025-10-23T06:25:26","slug":"a-propos-de-nous","status":"publish","type":"page","link":"https:\/\/bcc.no\/fr\/a-propos-de-nous\/","title":{"rendered":"\u00c0 propos de Brunstad Christian Church"},"content":{"rendered":"\n<div class=\"wp-block-group\"><div class=\"wp-block-group__inner-container is-layout-constrained wp-block-group-is-layout-constrained\"><div class=\"yoast-breadcrumbs\"><span><span><a href=\"https:\/\/bcc.no\/fr\/page-daccueil\/\">Page d&rsquo;accueil<\/a><\/span> \/ <span class=\"breadcrumb_last\" aria-current=\"page\"><a href=\"https:\/\/bcc.no\/fr\/a-propos-de-nous\/\">\u00c0 propos de Brunstad Christian Church<\/a><\/span><\/span><\/div>\n\n\n<h4 class=\"wp-block-heading featuredParagraph\"><strong>Une communaut\u00e9 chr\u00e9tienne internationale aux racines norv\u00e9giennes qui met l&rsquo;accent sur le message de la sanctification.<\/strong><\/h4>\n\n\n\n<hr class=\"wp-block-separator has-alpha-channel-opacity\"\/>\n<\/div><\/div>\n\n\n\n<div class=\"wp-block-group\"><div class=\"wp-block-group__inner-container is-layout-constrained wp-block-group-is-layout-constrained\">\n<h2 class=\"wp-block-heading\">\u00c0 propos de BCC<\/h2>\n\n\n\n<p>Dans le monde entier, il y a environ 25 000 membres, et plus d&rsquo;un tiers d&rsquo;entre eux vivent en Norv\u00e8ge, o\u00f9 se trouve \u00e9galement le si\u00e8ge social.<\/p>\n\n\n\n<p>BCC est une communaut\u00e9 religieuse chr\u00e9tienne pour ceux qui veulent avoir communion autour du fait de suivre les traces de J\u00e9sus.<\/p>\n\n\n\n<p>Le nom de la communaut\u00e9 est Brunstad Christian Church, tir\u00e9 du lieu Brunstad, o\u00f9 les membres se r\u00e9unissent pour des conf\u00e9rences plusieurs fois par an.<\/p>\n\n\n\n<div class=\"wp-block-buttons is-layout-flex wp-block-buttons-is-layout-flex\">\n<div class=\"wp-block-button\"><a class=\"wp-block-button__link wp-element-button arrow_right_alt\" href=\"https:\/\/bcc.no\/fr\/notre-foi\/\" rel=\"\">En savoir plus sur notre foi<\/a><\/div>\n<\/div>\n\n\n\n<p><\/p>\n\n\n\n<div class=\"wp-block-group is-style-faktaboks\"><div class=\"wp-block-group__inner-container is-layout-flow wp-block-group-is-layout-flow\">\n<h4 class=\"wp-block-heading\" id=\"om-bcc\">Faits<\/h4>\n\n\n\n<ul class=\"wp-block-list\">\n<li>Origine : 1898<\/li>\n\n\n\n<li>Le fondement doctrinal et la pr\u00e9dication sont bas\u00e9s sur la Bible qui est le seul texte faisant autorit\u00e9<\/li>\n\n\n\n<li>A \u00e9t\u00e9 organis\u00e9e de fa\u00e7on formelle dans les ann\u00e9es 1990 S\u2019est constitu\u00e9e en f\u00e9d\u00e9ration internationale en 2021<\/li>\n\n\n\n<li>Travaille beaucoup pour les enfants et les jeunes, et compte une forte proportion de jeunes membres<\/li>\n\n\n\n<li>L&rsquo;\u00e9conomie repose principalement sur le mod\u00e8le financier \u00e0 base de dons, et BCC n&rsquo;a pas de pr\u00e9dicateurs r\u00e9mun\u00e9r\u00e9s<\/li>\n\n\n\n<li>Principaux domaines d&rsquo;intervention : mission, m\u00e9dias, conf\u00e9rences, musique, programme pour les jeunes et fonds<\/li>\n<\/ul>\n<\/div><\/div>\n\n\n\n<p><\/p>\n<\/div><\/div>\n\n\n\n<div class=\"wp-block-group\"><div class=\"wp-block-group__inner-container is-layout-constrained wp-block-group-is-layout-constrained\">\n<div class=\"wp-block-columns is-layout-flex wp-container-core-columns-is-layout-9d6595d7 wp-block-columns-is-layout-flex\">\n<div class=\"wp-block-column is-layout-flow wp-block-column-is-layout-flow\">\n<figure class=\"wp-block-image size-full\"><img loading=\"lazy\" decoding=\"async\" width=\"1828\" height=\"1218\" src=\"https:\/\/bcc.no\/wp-content\/uploads\/2024\/12\/197A7456-edited.jpg\" alt=\"\" class=\"wp-image-112145\"\/><\/figure>\n<\/div>\n\n\n\n<div class=\"wp-block-column is-layout-flow wp-block-column-is-layout-flow\">\n<figure class=\"wp-block-image size-full is-style-hide-on-mobile\"><img loading=\"lazy\" decoding=\"async\" width=\"1336\" height=\"891\" src=\"https:\/\/bcc.no\/wp-content\/uploads\/2024\/12\/2024_Festhelg_Festen_150548-edited.jpg\" alt=\"\" class=\"wp-image-112120\"\/><\/figure>\n<\/div>\n<\/div>\n<\/div><\/div>\n\n\n\n<div class=\"wp-block-group\"><div class=\"wp-block-group__inner-container is-layout-constrained wp-block-group-is-layout-constrained\">\n<h2 class=\"wp-block-heading\">Une assembl\u00e9e dynamique<\/h2>\n\n\n\n<p>La pr\u00e9dication du message de la Bible et les enseignements de J\u00e9sus constituent une base solide, c&rsquo;est pourquoi BCC est une assembl\u00e9e dynamique, de g\u00e9n\u00e9ration en g\u00e9n\u00e9ration. BCC peut \u00eatre d\u00e9crit comme \u00e9tant une \u00e9glise traditionnelle, mais innovante.<\/p>\n\n\n\n<p>Beaucoup ont acquis une bonne vie gr\u00e2ce \u00e0 l&rsquo;\u00e9vangile, tant sur le plan spirituel que sur le plan social et familial. Dans une communaut\u00e9 o\u00f9 de nombreuses personnes vivent en tant que disciples de J\u00e9sus, il y a forc\u00e9ment de l&rsquo;unit\u00e9.<\/p>\n\n\n\n<div class=\"wp-block-buttons is-layout-flex wp-block-buttons-is-layout-flex\">\n<div class=\"wp-block-button\"><a class=\"wp-block-button__link wp-element-button arrow_right_alt\" href=\"https:\/\/bcc.no\/fr\/a-propos-de-nous\/objectifs-et-valeurs\/\" rel=\"\">En savoir plus sur notre objectif et nos valeurs<\/a><\/div>\n<\/div>\n\n\n\n<div style=\"height:26px\" aria-hidden=\"true\" class=\"wp-block-spacer\"><\/div>\n\n\n\n<p>Cela est notamment d\u00fb \u00e0 la pr\u00e9dication lors de nos r\u00e9unions locales et \u00e0 Brunstad. Depuis plus de 100 ans, l\u2019assembl\u00e9e se r\u00e9unit pour des conf\u00e9rences de sanctification. La communion et la pr\u00e9dication cr\u00e9ent l&rsquo;unit\u00e9 au-del\u00e0 des fronti\u00e8res nationales, des langues et des cultures.<\/p>\n\n\n\n<p>Plus de 60 % des participants aux conf\u00e9rences ont moins de 30 ans. (2024)<\/p>\n\n\n\n<div class=\"wp-block-buttons is-layout-flex wp-block-buttons-is-layout-flex\">\n<div class=\"wp-block-button\"><a class=\"wp-block-button__link wp-element-button arrow_right_alt\" href=\"https:\/\/bcc.no\/fr\/category\/les-conferences-fr\/\" rel=\"\">En savoir plus sur les conf\u00e9rences<\/a><\/div>\n<\/div>\n<\/div><\/div>\n\n\n\n<div class=\"wp-block-group\"><div class=\"wp-block-group__inner-container is-layout-constrained wp-block-group-is-layout-constrained\">\n<h2 class=\"wp-block-heading\" id=\"menighetsliv\">Priorit\u00e9 aux enfants et aux jeunes<\/h2>\n\n\n\n<p>Le travail avec les jeunes a prosp\u00e9r\u00e9, surtout au cours des derni\u00e8res d\u00e9cennies, et une bonne structure a permis \u00e0 des milliers de mentors de s&rsquo;engager semaine apr\u00e8s semaine dans l\u2019enseignement chr\u00e9tien autour d\u2019activit\u00e9s. Les activit\u00e9s propos\u00e9es dans les assembl\u00e9es locales sont adapt\u00e9es \u00e0 l&rsquo;\u00e2ge et aux centres d&rsquo;int\u00e9r\u00eat, et l&rsquo;objectif est de permettre aux enfants et aux jeunes de vivre de bonnes exp\u00e9riences et de nouer des amiti\u00e9s dont ils pourront profiter plus tard dans la vie.<\/p>\n\n\n\n<p>Trois fois par an, le club des jeunes de Brunstad se r\u00e9unit pour des camps o\u00f9 se m\u00ealent activit\u00e9s et \u00e9dification de la foi. C&rsquo;est un lieu important pour la formation de disciples, et des amiti\u00e9s s&rsquo;y nouent pour la vie.<\/p>\n\n\n\n<div class=\"wp-block-columns is-layout-flex wp-container-core-columns-is-layout-9d6595d7 wp-block-columns-is-layout-flex\">\n<div class=\"wp-block-column is-layout-flow wp-block-column-is-layout-flow\">\n<figure class=\"wp-block-image size-full\"><img loading=\"lazy\" decoding=\"async\" width=\"2048\" height=\"1365\" src=\"https:\/\/bcc.no\/wp-content\/uploads\/2024\/12\/20240725_day-4-sommerkonsert-7.jpg\" alt=\"\" class=\"wp-image-112286\"\/><\/figure>\n<\/div>\n\n\n\n<div class=\"wp-block-column is-layout-flow wp-block-column-is-layout-flow\">\n<figure class=\"wp-block-image size-full is-style-hide-on-mobile\"><img loading=\"lazy\" decoding=\"async\" width=\"2048\" height=\"1365\" src=\"https:\/\/bcc.no\/wp-content\/uploads\/2024\/12\/2024_2sommerstevnet_sommerfryd-28.jpg\" alt=\"\" class=\"wp-image-112150\"\/><\/figure>\n<\/div>\n<\/div>\n<\/div><\/div>\n\n\n\n<div class=\"wp-block-group\"><div class=\"wp-block-group__inner-container is-layout-constrained wp-block-group-is-layout-constrained\">\n<h2 class=\"wp-block-heading\" id=\"deltakermenighet\">R\u00e9unions de t\u00e9moignages<\/h2>\n\n\n\n<p>La forme de r\u00e9union la plus courante est la r\u00e9union de t\u00e9moignages. Au d\u00e9but de la r\u00e9union, un ou plusieurs discours principaux sont g\u00e9n\u00e9ralement prononc\u00e9s, et de nombreuses personnes participent ensuite \u00e0 l\u2019\u00e9dification de diverses mani\u00e8res. Cela s&rsquo;inspire des paroles de Paul aux Corinthiens :<\/p>\n\n\n\n<blockquote class=\"wp-block-quote is-layout-flow wp-block-quote-is-layout-flow\">\n<p>\u00ab<em>Que faire donc, fr\u00e8res ?  Lorsque vous vous assemblez, les uns ou les autres parmi vous ont-ils un cantique, une instruction, une r\u00e9v\u00e9lation, une langue, une interpr\u00e9tation,  que tout se fasse pour l\u2019\u00e9dification.<\/em>\u00bb (1 Cor. 14, 26)<\/p>\n<\/blockquote>\n\n\n\n<p>La congr\u00e9gation n&rsquo;a pas de pr\u00e9dicateurs r\u00e9mun\u00e9r\u00e9s et il n&rsquo;y a g\u00e9n\u00e9ralement pas de discours pr\u00e9par\u00e9s lors des r\u00e9unions.<\/p>\n\n\n\n<p><\/p>\n<\/div><\/div>\n\n\n\n<div class=\"wp-block-group\"><div class=\"wp-block-group__inner-container is-layout-constrained wp-block-group-is-layout-constrained\">\n    <section class=\"related-articles\" data-columns=\"3\">\n        <h2>Lire aussi<\/h2>\n        <div class=\"related-articles-items\">\n                            <div id=\"post-96595\" class=\"article has-image\">\n                    <div class=\"article-card no-content\">No post available.<\/div>                <\/div>\n                            <div id=\"post-96674\" class=\"article has-image\">\n                    <div class=\"article-card no-content\">No post available.<\/div>                <\/div>\n                            <div id=\"post-96684\" class=\"article has-image\">\n                    <div class=\"article-card no-content\">No post available.<\/div>                <\/div>\n                                <\/div>\n    <\/section>\n<\/div><\/div>\n\n","protected":false},"excerpt":{"rendered":"<p>Une communaut\u00e9 chr\u00e9tienne internationale aux racines norv\u00e9giennes qui met l&rsquo;accent sur le message de la sanctification. \u00c0 propos de BCC Dans le monde entier, il y a environ 25 000 membres, et plus d&rsquo;un tiers d&rsquo;entre eux vivent en Norv\u00e8ge, o\u00f9 se trouve \u00e9galement le si\u00e8ge social. BCC est une communaut\u00e9 religieuse chr\u00e9tienne pour ceux [&hellip;]<\/p>\n","protected":false},"author":6,"featured_media":95548,"parent":0,"menu_order":0,"comment_status":"closed","ping_status":"closed","template":"","meta":{"_acf_changed":false,"inline_featured_image":false,"_uag_custom_page_level_css":"","bcc_login_visibility":0,"bcc_groups":[],"bcc_groups_email":true,"bcc_visibility_groups":[],"bcc_visibility_groups_email":false,"sent_notifications":[],"footnotes":"","_links_to":"","_links_to_target":""},"class_list":["post-96705","page","type-page","status-publish","has-post-thumbnail","hentry"],"acf":{"rss_image":null},"featured_image_src":"https:\/\/bcc.no\/wp-content\/uploads\/2024\/09\/2024_2Sommerstevne_Apningsmote-5-1-scaled.jpg","yoast_head":"<!-- This site is optimized with the Yoast SEO plugin v27.2 - https:\/\/yoast.com\/product\/yoast-seo-wordpress\/ -->\n<title>\u00c0 propos de Brunstad Christian Church - BCC<\/title>\n<meta name=\"description\" content=\"Brunstad Christian Church (BCC) est une communaut\u00e9 chr\u00e9tienne d&#039;origine norv\u00e9gienne et pr\u00e9sente dans le monde entier. Auparavant, on les appelait les amis de Smith.\" \/>\n<meta name=\"robots\" content=\"index, follow, max-snippet:-1, max-image-preview:large, max-video-preview:-1\" \/>\n<link rel=\"canonical\" href=\"https:\/\/bcc.no\/fr\/a-propos-de-nous\/\" \/>\n<meta property=\"og:locale\" content=\"fr_FR\" \/>\n<meta property=\"og:type\" content=\"article\" \/>\n<meta property=\"og:title\" content=\"\u00c0 propos de Brunstad Christian Church - BCC\" \/>\n<meta property=\"og:description\" content=\"Brunstad Christian Church (BCC) est une communaut\u00e9 chr\u00e9tienne d&#039;origine norv\u00e9gienne et pr\u00e9sente dans le monde entier. Auparavant, on les appelait les amis de Smith.\" \/>\n<meta property=\"og:url\" content=\"https:\/\/bcc.no\/fr\/a-propos-de-nous\/\" \/>\n<meta property=\"og:site_name\" content=\"BCC\" \/>\n<meta property=\"article:modified_time\" content=\"2025-10-23T06:25:26+00:00\" \/>\n<meta property=\"og:image\" content=\"https:\/\/bcc.no\/wp-content\/uploads\/2024\/09\/2024_2Sommerstevne_Apningsmote-5-1-scaled.jpg\" \/>\n\t<meta property=\"og:image:width\" content=\"2560\" \/>\n\t<meta property=\"og:image:height\" content=\"1026\" \/>\n\t<meta property=\"og:image:type\" content=\"image\/jpeg\" \/>\n<meta name=\"twitter:card\" content=\"summary_large_image\" \/>\n<meta name=\"twitter:label1\" content=\"Dur\u00e9e de lecture estim\u00e9e\" \/>\n\t<meta name=\"twitter:data1\" content=\"4 minutes\" \/>\n<script type=\"application\/ld+json\" class=\"yoast-schema-graph\">{\"@context\":\"https:\/\/schema.org\",\"@graph\":[{\"@type\":\"WebPage\",\"@id\":\"https:\/\/bcc.no\/fr\/a-propos-de-nous\/\",\"url\":\"https:\/\/bcc.no\/fr\/a-propos-de-nous\/\",\"name\":\"\u00c0 propos de Brunstad Christian Church - BCC\",\"isPartOf\":{\"@id\":\"https:\/\/bcc.no\/fr\/#website\"},\"primaryImageOfPage\":{\"@id\":\"https:\/\/bcc.no\/fr\/a-propos-de-nous\/#primaryimage\"},\"image\":{\"@id\":\"https:\/\/bcc.no\/fr\/a-propos-de-nous\/#primaryimage\"},\"thumbnailUrl\":\"https:\/\/bcc.no\/wp-content\/uploads\/2024\/09\/2024_2Sommerstevne_Apningsmote-5-1-scaled.jpg\",\"datePublished\":\"2024-09-10T06:15:16+00:00\",\"dateModified\":\"2025-10-23T06:25:26+00:00\",\"description\":\"Brunstad Christian Church (BCC) est une communaut\u00e9 chr\u00e9tienne d'origine norv\u00e9gienne et pr\u00e9sente dans le monde entier. Auparavant, on les appelait les amis de Smith.\",\"breadcrumb\":{\"@id\":\"https:\/\/bcc.no\/fr\/a-propos-de-nous\/#breadcrumb\"},\"inLanguage\":\"fr-FR\",\"potentialAction\":[{\"@type\":\"ReadAction\",\"target\":[\"https:\/\/bcc.no\/fr\/a-propos-de-nous\/\"]}]},{\"@type\":\"ImageObject\",\"inLanguage\":\"fr-FR\",\"@id\":\"https:\/\/bcc.no\/fr\/a-propos-de-nous\/#primaryimage\",\"url\":\"https:\/\/bcc.no\/wp-content\/uploads\/2024\/09\/2024_2Sommerstevne_Apningsmote-5-1-scaled.jpg\",\"contentUrl\":\"https:\/\/bcc.no\/wp-content\/uploads\/2024\/09\/2024_2Sommerstevne_Apningsmote-5-1-scaled.jpg\",\"width\":2560,\"height\":1026},{\"@type\":\"BreadcrumbList\",\"@id\":\"https:\/\/bcc.no\/fr\/a-propos-de-nous\/#breadcrumb\",\"itemListElement\":[{\"@type\":\"ListItem\",\"position\":1,\"name\":\"Page d'accueil\",\"item\":\"https:\/\/bcc.no\/fr\/page-daccueil\/\"},{\"@type\":\"ListItem\",\"position\":2,\"name\":\"\u00c0 propos de Brunstad Christian Church\"}]},{\"@type\":\"WebSite\",\"@id\":\"https:\/\/bcc.no\/fr\/#website\",\"url\":\"https:\/\/bcc.no\/fr\/\",\"name\":\"BCC\",\"description\":\"et internasjonalt trossamfunn\",\"publisher\":{\"@id\":\"https:\/\/bcc.no\/fr\/#organization\"},\"potentialAction\":[{\"@type\":\"SearchAction\",\"target\":{\"@type\":\"EntryPoint\",\"urlTemplate\":\"https:\/\/bcc.no\/fr\/?s={search_term_string}\"},\"query-input\":{\"@type\":\"PropertyValueSpecification\",\"valueRequired\":true,\"valueName\":\"search_term_string\"}}],\"inLanguage\":\"fr-FR\"},{\"@type\":\"Organization\",\"@id\":\"https:\/\/bcc.no\/fr\/#organization\",\"name\":\"BCC\",\"url\":\"https:\/\/bcc.no\/fr\/\",\"logo\":{\"@type\":\"ImageObject\",\"inLanguage\":\"fr-FR\",\"@id\":\"https:\/\/bcc.no\/fr\/#\/schema\/logo\/image\/\",\"url\":\"https:\/\/bcc.no\/wp-content\/uploads\/2024\/09\/BCC-logo_RGB.svg\",\"contentUrl\":\"https:\/\/bcc.no\/wp-content\/uploads\/2024\/09\/BCC-logo_RGB.svg\",\"caption\":\"BCC\"},\"image\":{\"@id\":\"https:\/\/bcc.no\/fr\/#\/schema\/logo\/image\/\"}}]}<\/script>\n<!-- \/ Yoast SEO plugin. -->","yoast_head_json":{"title":"\u00c0 propos de Brunstad Christian Church - BCC","description":"Brunstad Christian Church (BCC) est une communaut\u00e9 chr\u00e9tienne d'origine norv\u00e9gienne et pr\u00e9sente dans le monde entier. Auparavant, on les appelait les amis de Smith.","robots":{"index":"index","follow":"follow","max-snippet":"max-snippet:-1","max-image-preview":"max-image-preview:large","max-video-preview":"max-video-preview:-1"},"canonical":"https:\/\/bcc.no\/fr\/a-propos-de-nous\/","og_locale":"fr_FR","og_type":"article","og_title":"\u00c0 propos de Brunstad Christian Church - BCC","og_description":"Brunstad Christian Church (BCC) est une communaut\u00e9 chr\u00e9tienne d'origine norv\u00e9gienne et pr\u00e9sente dans le monde entier. Auparavant, on les appelait les amis de Smith.","og_url":"https:\/\/bcc.no\/fr\/a-propos-de-nous\/","og_site_name":"BCC","article_modified_time":"2025-10-23T06:25:26+00:00","og_image":[{"width":2560,"height":1026,"url":"https:\/\/bcc.no\/wp-content\/uploads\/2024\/09\/2024_2Sommerstevne_Apningsmote-5-1-scaled.jpg","type":"image\/jpeg"}],"twitter_card":"summary_large_image","twitter_misc":{"Dur\u00e9e de lecture estim\u00e9e":"4 minutes"},"schema":{"@context":"https:\/\/schema.org","@graph":[{"@type":"WebPage","@id":"https:\/\/bcc.no\/fr\/a-propos-de-nous\/","url":"https:\/\/bcc.no\/fr\/a-propos-de-nous\/","name":"\u00c0 propos de Brunstad Christian Church - BCC","isPartOf":{"@id":"https:\/\/bcc.no\/fr\/#website"},"primaryImageOfPage":{"@id":"https:\/\/bcc.no\/fr\/a-propos-de-nous\/#primaryimage"},"image":{"@id":"https:\/\/bcc.no\/fr\/a-propos-de-nous\/#primaryimage"},"thumbnailUrl":"https:\/\/bcc.no\/wp-content\/uploads\/2024\/09\/2024_2Sommerstevne_Apningsmote-5-1-scaled.jpg","datePublished":"2024-09-10T06:15:16+00:00","dateModified":"2025-10-23T06:25:26+00:00","description":"Brunstad Christian Church (BCC) est une communaut\u00e9 chr\u00e9tienne d'origine norv\u00e9gienne et pr\u00e9sente dans le monde entier. Auparavant, on les appelait les amis de Smith.","breadcrumb":{"@id":"https:\/\/bcc.no\/fr\/a-propos-de-nous\/#breadcrumb"},"inLanguage":"fr-FR","potentialAction":[{"@type":"ReadAction","target":["https:\/\/bcc.no\/fr\/a-propos-de-nous\/"]}]},{"@type":"ImageObject","inLanguage":"fr-FR","@id":"https:\/\/bcc.no\/fr\/a-propos-de-nous\/#primaryimage","url":"https:\/\/bcc.no\/wp-content\/uploads\/2024\/09\/2024_2Sommerstevne_Apningsmote-5-1-scaled.jpg","contentUrl":"https:\/\/bcc.no\/wp-content\/uploads\/2024\/09\/2024_2Sommerstevne_Apningsmote-5-1-scaled.jpg","width":2560,"height":1026},{"@type":"BreadcrumbList","@id":"https:\/\/bcc.no\/fr\/a-propos-de-nous\/#breadcrumb","itemListElement":[{"@type":"ListItem","position":1,"name":"Page d'accueil","item":"https:\/\/bcc.no\/fr\/page-daccueil\/"},{"@type":"ListItem","position":2,"name":"\u00c0 propos de Brunstad Christian Church"}]},{"@type":"WebSite","@id":"https:\/\/bcc.no\/fr\/#website","url":"https:\/\/bcc.no\/fr\/","name":"BCC","description":"et internasjonalt trossamfunn","publisher":{"@id":"https:\/\/bcc.no\/fr\/#organization"},"potentialAction":[{"@type":"SearchAction","target":{"@type":"EntryPoint","urlTemplate":"https:\/\/bcc.no\/fr\/?s={search_term_string}"},"query-input":{"@type":"PropertyValueSpecification","valueRequired":true,"valueName":"search_term_string"}}],"inLanguage":"fr-FR"},{"@type":"Organization","@id":"https:\/\/bcc.no\/fr\/#organization","name":"BCC","url":"https:\/\/bcc.no\/fr\/","logo":{"@type":"ImageObject","inLanguage":"fr-FR","@id":"https:\/\/bcc.no\/fr\/#\/schema\/logo\/image\/","url":"https:\/\/bcc.no\/wp-content\/uploads\/2024\/09\/BCC-logo_RGB.svg","contentUrl":"https:\/\/bcc.no\/wp-content\/uploads\/2024\/09\/BCC-logo_RGB.svg","caption":"BCC"},"image":{"@id":"https:\/\/bcc.no\/fr\/#\/schema\/logo\/image\/"}}]}},"uagb_featured_image_src":{"full":["https:\/\/bcc.no\/wp-content\/uploads\/2024\/09\/2024_2Sommerstevne_Apningsmote-5-1-scaled.jpg",2560,1026,false],"thumbnail":["https:\/\/bcc.no\/wp-content\/uploads\/2024\/09\/2024_2Sommerstevne_Apningsmote-5-1-150x150.jpg",150,150,true],"medium":["https:\/\/bcc.no\/wp-content\/uploads\/2024\/09\/2024_2Sommerstevne_Apningsmote-5-1-300x120.jpg",300,120,true],"medium_large":["https:\/\/bcc.no\/wp-content\/uploads\/2024\/09\/2024_2Sommerstevne_Apningsmote-5-1-768x308.jpg",640,257,true],"large":["https:\/\/bcc.no\/wp-content\/uploads\/2024\/09\/2024_2Sommerstevne_Apningsmote-5-1-1024x410.jpg",640,256,true],"1536x1536":["https:\/\/bcc.no\/wp-content\/uploads\/2024\/09\/2024_2Sommerstevne_Apningsmote-5-1-1536x615.jpg",1536,615,true],"2048x2048":["https:\/\/bcc.no\/wp-content\/uploads\/2024\/09\/2024_2Sommerstevne_Apningsmote-5-1-2048x820.jpg",2048,820,true]},"uagb_author_info":{"display_name":"Mathias Strand Kristiansen","author_link":"https:\/\/bcc.no\/fr\/author\/22801\/"},"uagb_comment_info":0,"uagb_excerpt":"Une communaut\u00e9 chr\u00e9tienne internationale aux racines norv\u00e9giennes qui met l&rsquo;accent sur le message de la sanctification. \u00c0 propos de BCC Dans le monde entier, il y a environ 25 000 membres, et plus d&rsquo;un tiers d&rsquo;entre eux vivent en Norv\u00e8ge, o\u00f9 se trouve \u00e9galement le si\u00e8ge social. BCC est une communaut\u00e9 religieuse chr\u00e9tienne pour ceux\u2026","_links":{"self":[{"href":"https:\/\/bcc.no\/fr\/wp-json\/wp\/v2\/pages\/96705","targetHints":{"allow":["GET"]}}],"collection":[{"href":"https:\/\/bcc.no\/fr\/wp-json\/wp\/v2\/pages"}],"about":[{"href":"https:\/\/bcc.no\/fr\/wp-json\/wp\/v2\/types\/page"}],"author":[{"embeddable":true,"href":"https:\/\/bcc.no\/fr\/wp-json\/wp\/v2\/users\/6"}],"replies":[{"embeddable":true,"href":"https:\/\/bcc.no\/fr\/wp-json\/wp\/v2\/comments?post=96705"}],"version-history":[{"count":16,"href":"https:\/\/bcc.no\/fr\/wp-json\/wp\/v2\/pages\/96705\/revisions"}],"predecessor-version":[{"id":141707,"href":"https:\/\/bcc.no\/fr\/wp-json\/wp\/v2\/pages\/96705\/revisions\/141707"}],"wp:featuredmedia":[{"embeddable":true,"href":"https:\/\/bcc.no\/fr\/wp-json\/wp\/v2\/media\/95548"}],"wp:attachment":[{"href":"https:\/\/bcc.no\/fr\/wp-json\/wp\/v2\/media?parent=96705"}],"curies":[{"name":"wp","href":"https:\/\/api.w.org\/{rel}","templated":true}]}}