{"id":96700,"date":"2024-09-10T07:24:29","date_gmt":"2024-09-10T06:24:29","guid":{"rendered":"https:\/\/bcc.no\/nos-priorites\/"},"modified":"2025-02-05T11:28:40","modified_gmt":"2025-02-05T10:28:40","slug":"nos-actions","status":"publish","type":"page","link":"https:\/\/bcc.no\/fr\/organisation\/nos-actions\/","title":{"rendered":"Nos priorit\u00e9s"},"content":{"rendered":"\n<div class=\"wp-block-group\"><div class=\"wp-block-group__inner-container is-layout-constrained wp-block-group-is-layout-constrained\"><div class=\"yoast-breadcrumbs\"><span><span>Page d&rsquo;accueil<\/span> \/ <span><a href=\"https:\/\/bcc.no\/fr\/organisation\/\">Organisation de la f\u00e9d\u00e9ration BCC<\/a><\/span> \/ <span class=\"breadcrumb_last\" aria-current=\"page\"><a href=\"https:\/\/bcc.no\/fr\/organisation\/nos-actions\/\">Nos priorit\u00e9s<\/a><\/span><\/span><\/div>\n\n\n<h4 class=\"wp-block-heading featuredParagraph\" id=\"her-kan-du-lese-om-hvordan-den-internasjonale-organiseringen-av-bcc-rustes-for-framtiden\">La f\u00e9d\u00e9ration BCC a d\u00e9fini huit initiatives communes, qui constituent les principales priorit\u00e9s de la communaut\u00e9. Chaque initiative commune a une gestion ind\u00e9pendante et une mission distincte dans le cadre de l&rsquo;objectif de la f\u00e9d\u00e9ration. Clique sur les cases pour en savoir plus.<\/h4>\n\n\n\n<hr class=\"wp-block-separator has-css-opacity is-style-default\"\/>\n\n\n\n<div style=\"height:10px\" aria-hidden=\"true\" class=\"wp-block-spacer\"><\/div>\n<\/div><\/div>\n\n\n\n<section class=\"wp-block-group initiatives\"><div class=\"wp-block-group__inner-container is-layout-flow wp-block-group-is-layout-flow\">\n<div class=\"wp-block-group\"><div class=\"wp-block-group__inner-container is-layout-constrained wp-block-group-is-layout-constrained\">\n<div class=\"wp-block-cover is-light has-background-dark\" style=\"min-height:120px;aspect-ratio:unset;\"><span aria-hidden=\"true\" class=\"wp-block-cover__background has-background-dim-100 has-background-dim\" style=\"background-color:#f3f1e1\"><\/span><div class=\"wp-block-cover__inner-container is-layout-flow wp-block-cover-is-layout-flow\">\n<figure class=\"wp-block-image size-large is-resized\"><img decoding=\"async\" src=\"https:\/\/bcc.no\/wp-content\/uploads\/2024\/07\/media.svg\" alt=\"\" style=\"object-fit:cover;width:40px;height:40px\"\/><\/figure>\n\n\n\n<h3 class=\"wp-block-heading\" id=\"2-media\">M\u00e9dia<\/h3>\n\n\n\n<p>D\u00e9velopper des jeux vid\u00e9o et produire du contenu pour les camps, les conf\u00e9rences, les \u00e9tudes bibliques et l&rsquo;\u00e9cole du dimanche.<\/p>\n\n\n\n<div class=\"wp-block-buttons is-layout-flex wp-block-buttons-is-layout-flex\">\n<div class=\"wp-block-button\"><a class=\"wp-block-button__link wp-element-button open_in_new\" rel=\"\">En savoir plus<\/a><\/div>\n<\/div>\n\n\n\n<a href=\"https:\/\/bcc.media\/\" class=\"overlay-link\" target=\"_blank\" rel=\"noopener\"><\/a>\n<\/div><\/div>\n\n\n\n<div class=\"wp-block-cover is-light has-background-dark\" style=\"min-height:120px;aspect-ratio:unset;\"><span aria-hidden=\"true\" class=\"wp-block-cover__background has-background-dim-100 has-background-dim\" style=\"background-color:#ffe9d4\"><\/span><div class=\"wp-block-cover__inner-container is-layout-flow wp-block-cover-is-layout-flow\">\n<figure class=\"wp-block-image size-large is-resized\"><img decoding=\"async\" src=\"https:\/\/bcc.no\/wp-content\/uploads\/2024\/07\/music.svg\" alt=\"\" style=\"object-fit:cover;width:40px;height:40px\"\/><\/figure>\n\n\n\n<h3 class=\"wp-block-heading\" id=\"3-musikk\">Musique<\/h3>\n\n\n\n<p>Produit de la musique pour les \u00e9v\u00e9nements, le contenu des m\u00e9dias et les activit\u00e9s de la mission.<\/p>\n\n\n\n<div class=\"wp-block-buttons is-layout-flex wp-block-buttons-is-layout-flex\">\n<div class=\"wp-block-button\"><a class=\"wp-block-button__link wp-element-button open_in_new\" rel=\"\">En savoir plus<\/a><\/div>\n<\/div>\n\n\n\n<a href=\"https:\/\/music.bcc.no\/\" class=\"overlay-link\" target=\"_blank\" rel=\"noopener\"><\/a>\n<\/div><\/div>\n\n\n\n<div class=\"wp-block-cover is-light has-background-dark\" style=\"min-height:120px;aspect-ratio:unset;\"><span aria-hidden=\"true\" class=\"wp-block-cover__background has-background-dim-100 has-background-dim\" style=\"background-color:#ffcfa9\"><\/span><div class=\"wp-block-cover__inner-container is-layout-flow wp-block-cover-is-layout-flow\">\n<figure class=\"wp-block-image size-large is-resized\"><img decoding=\"async\" src=\"https:\/\/bcc.no\/wp-content\/uploads\/2024\/07\/children-and-youth.svg\" alt=\"\" style=\"object-fit:cover;width:40px;height:40px\"\/><\/figure>\n\n\n\n<h3 class=\"wp-block-heading\" id=\"4-barn-og-ungdom\">Enfants et jeunes<\/h3>\n\n\n\n<p>Des activit\u00e9s hebdomadaires pour les enfants et les jeunes sont organis\u00e9es b\u00e9n\u00e9volement dans diverses associations.<\/p>\n\n\n\n<div class=\"wp-block-buttons is-layout-flex wp-block-buttons-is-layout-flex\">\n<div class=\"wp-block-button\"><a class=\"wp-block-button__link wp-element-button open_in_new\" rel=\"\">En savoir plus<\/a><\/div>\n<\/div>\n\n\n\n<a href=\"https:\/\/bcc.no\/fr\/organisation\/organisations-associees\/\" class=\"overlay-link\"><\/a>\n<\/div><\/div>\n\n\n\n<div class=\"wp-block-cover is-light has-background-dark\" style=\"min-height:120px;aspect-ratio:unset;\"><span aria-hidden=\"true\" class=\"wp-block-cover__background has-background-dim-100 has-background-dim\" style=\"background-color:#dbbeac\"><\/span><div class=\"wp-block-cover__inner-container is-layout-flow wp-block-cover-is-layout-flow\">\n<figure class=\"wp-block-image size-large is-resized\"><img decoding=\"async\" src=\"https:\/\/bcc.no\/wp-content\/uploads\/2024\/07\/live-stream.svg\" alt=\"\" style=\"object-fit:cover;width:40px;height:40px\"\/><\/figure>\n\n\n\n<h3 class=\"wp-block-heading\" id=\"5-live-stream\">Retransmission en direct<\/h3>\n\n\n\n<p>Les conf\u00e9rences et les \u00e9v\u00e9nements sont retransmissis en direct \u00e0 la t\u00e9l\u00e9vision.<\/p>\n\n\n\n<div class=\"wp-block-buttons is-layout-flex wp-block-buttons-is-layout-flex\">\n<div class=\"wp-block-button\"><a class=\"wp-block-button__link wp-element-button open_in_new\" rel=\"\">En savoir plus<\/a><\/div>\n<\/div>\n\n\n\n<a href=\"https:\/\/live.bcc-connect.org\/live\" class=\"overlay-link\" target=\"_blank\" rel=\"noopener\"><\/a>\n<\/div><\/div>\n\n\n\n<div class=\"wp-block-cover is-light has-background-dark\" style=\"min-height:120px;aspect-ratio:unset;\"><span aria-hidden=\"true\" class=\"wp-block-cover__background has-background-dim-100 has-background-dim\" style=\"background-color:#d8efe5\"><\/span><div class=\"wp-block-cover__inner-container is-layout-flow wp-block-cover-is-layout-flow\">\n<figure class=\"wp-block-image size-large is-resized\"><img decoding=\"async\" src=\"https:\/\/bcc.no\/wp-content\/uploads\/2024\/07\/event.svg\" alt=\"\" style=\"object-fit:cover;width:40px;height:40px\"\/><\/figure>\n\n\n\n<h3 class=\"wp-block-heading\" id=\"6-event\">Event<\/h3>\n\n\n\n<p>Planifie les conf\u00e9rences et les camps internationaux pour la communaut\u00e9.<\/p>\n\n\n\n<div class=\"wp-block-buttons is-layout-flex wp-block-buttons-is-layout-flex\">\n<div class=\"wp-block-button\"><a class=\"wp-block-button__link wp-element-button open_in_new\" rel=\"\">En savoir plus<\/a><\/div>\n<\/div>\n\n\n\n<a href=\"https:\/\/event.bcc.no\/\" class=\"overlay-link\" target=\"_blank\" rel=\"noopener\"><\/a>\n<\/div><\/div>\n\n\n\n<div class=\"wp-block-cover is-light has-background-dark\" style=\"min-height:120px;aspect-ratio:unset;\"><span aria-hidden=\"true\" class=\"wp-block-cover__background has-background-dim-100 has-background-dim\" style=\"background-color:#e5e1c3\"><\/span><div class=\"wp-block-cover__inner-container is-layout-flow wp-block-cover-is-layout-flow\">\n<figure class=\"wp-block-image size-large is-resized\"><img decoding=\"async\" src=\"https:\/\/bcc.no\/wp-content\/uploads\/2024\/07\/a-team.svg\" alt=\"\" style=\"object-fit:cover;width:40px;height:40px\"\/><\/figure>\n\n\n\n<h3 class=\"wp-block-heading\" id=\"7-a-team\">A-team<\/h3>\n\n\n\n<p>Programme Jeunesse sur un an, avec enseignement biblique, \u00e9change culturel et travail.<\/p>\n\n\n\n<div class=\"wp-block-buttons is-layout-flex wp-block-buttons-is-layout-flex\">\n<div class=\"wp-block-button\"><a class=\"wp-block-button__link wp-element-button open_in_new\" rel=\"\">En savoir plus<\/a><\/div>\n<\/div>\n\n\n\n<a href=\"https:\/\/bcc.no\/fr\/a-team\/\" class=\"overlay-link\" target=\"_blank\" rel=\"noopener\"><\/a>\n<\/div><\/div>\n\n\n\n<div class=\"wp-block-cover is-light has-background-dark\" style=\"min-height:120px;aspect-ratio:unset;\"><span aria-hidden=\"true\" class=\"wp-block-cover__background has-background-dim-100 has-background-dim\" style=\"background-color:#d5cd9c\"><\/span><div class=\"wp-block-cover__inner-container is-layout-flow wp-block-cover-is-layout-flow\">\n<figure class=\"wp-block-image size-large is-resized\"><img decoding=\"async\" src=\"https:\/\/bcc.no\/wp-content\/uploads\/2024\/07\/mission.svg\" alt=\"\" style=\"object-fit:cover;width:40px;height:40px\"\/><\/figure>\n\n\n\n<h3 class=\"wp-block-heading\" id=\"8-misjon\">Mission<\/h3>\n\n\n\n<p>Organisation missionnaire qui poss\u00e8de et soutient des sites et des projets missionnaires dans le monde entier.<\/p>\n\n\n\n<div class=\"wp-block-buttons is-layout-flex wp-block-buttons-is-layout-flex\">\n<div class=\"wp-block-button\"><a class=\"wp-block-button__link wp-element-button open_in_new\" rel=\"\">En savoir plus<\/a><\/div>\n<\/div>\n\n\n\n<a href=\"https:\/\/bcc.no\/fr\/a-propos-de-nous\/mission\/\" class=\"overlay-link\"><\/a>\n<\/div><\/div>\n\n\n\n<div class=\"wp-block-cover is-light has-background-dark\" style=\"min-height:120px;aspect-ratio:unset;\"><span aria-hidden=\"true\" class=\"wp-block-cover__background has-background-dim-100 has-background-dim\" style=\"background-color:#e4d9c4\"><\/span><div class=\"wp-block-cover__inner-container is-layout-flow wp-block-cover-is-layout-flow\">\n<figure class=\"wp-block-image size-large is-resized\"><img decoding=\"async\" src=\"https:\/\/bcc.no\/wp-content\/uploads\/2024\/07\/fond.svg\" alt=\"\" style=\"object-fit:cover;width:40px;height:40px\"\/><\/figure>\n\n\n\n<h3 class=\"wp-block-heading\" id=\"9-fond\">Fonds<\/h3>\n\n\n\n<p>R\u00e9alisation \u00e0 long terme des objectifs \u00e0 travers la gestion du capital et des dividendes.<\/p>\n<\/div><\/div>\n<\/div><\/div>\n<\/div><\/section>\n\n\n\n<div class=\"wp-block-group\"><div class=\"wp-block-group__inner-container is-layout-constrained wp-block-group-is-layout-constrained\">\n    <section class=\"related-articles\" data-columns=\"3\">\n        <h2>Lire aussi<\/h2>\n        <div class=\"related-articles-items\">\n                            <div id=\"post-147494\" class=\"article has-image\">\n                    <div class=\"article-card no-content\">No post available.<\/div>                <\/div>\n                            <div id=\"post-143086\" class=\"article has-image\">\n                    <div class=\"article-card no-content\">No post available.<\/div>                <\/div>\n                            <div id=\"post-137968\" class=\"article has-image\">\n                    <div class=\"article-card no-content\">No post available.<\/div>                <\/div>\n                                <\/div>\n    <\/section>\n<\/div><\/div>\n","protected":false},"excerpt":{"rendered":"<p>La f\u00e9d\u00e9ration BCC a d\u00e9fini huit initiatives communes, qui constituent les principales priorit\u00e9s de la communaut\u00e9. Chaque initiative commune a une gestion ind\u00e9pendante et une mission distincte dans le cadre de l&rsquo;objectif de la f\u00e9d\u00e9ration. Clique sur les cases pour en savoir plus.<\/p>\n","protected":false},"author":6,"featured_media":96688,"parent":97744,"menu_order":0,"comment_status":"closed","ping_status":"closed","template":"","meta":{"_acf_changed":false,"inline_featured_image":false,"_uag_custom_page_level_css":"","bcc_login_visibility":0,"bcc_groups":[],"bcc_groups_email":true,"bcc_visibility_groups":[],"bcc_visibility_groups_email":false,"sent_notifications":[],"footnotes":"","_links_to":"","_links_to_target":""},"class_list":["post-96700","page","type-page","status-publish","has-post-thumbnail","hentry"],"acf":{"rss_image":null},"featured_image_src":"https:\/\/bcc.no\/wp-content\/uploads\/2024\/10\/Topographic_BG_white_17.svg","yoast_head":"<!-- This site is optimized with the Yoast SEO plugin v27.4 - https:\/\/yoast.com\/product\/yoast-seo-wordpress\/ -->\n<title>Nos priorit\u00e9s<\/title>\n<meta name=\"description\" content=\"Les priorit\u00e9s de BCC s\u2019appuient sur les m\u00e9dias, la musique, les programmes pour les jeunes et la mission, afin de soutenir la communaut\u00e9 et ses objectifs.\" \/>\n<meta name=\"robots\" content=\"index, follow, max-snippet:-1, max-image-preview:large, max-video-preview:-1\" \/>\n<link rel=\"canonical\" href=\"https:\/\/bcc.no\/fr\/organisation\/nos-actions\/\" \/>\n<meta property=\"og:locale\" content=\"fr_FR\" \/>\n<meta property=\"og:type\" content=\"article\" \/>\n<meta property=\"og:title\" content=\"Nos priorit\u00e9s\" \/>\n<meta property=\"og:description\" content=\"Les priorit\u00e9s de BCC s\u2019appuient sur les m\u00e9dias, la musique, les programmes pour les jeunes et la mission, afin de soutenir la communaut\u00e9 et ses objectifs.\" \/>\n<meta property=\"og:url\" content=\"https:\/\/bcc.no\/fr\/organisation\/nos-actions\/\" \/>\n<meta property=\"og:site_name\" content=\"BCC\" \/>\n<meta property=\"article:modified_time\" content=\"2025-02-05T10:28:40+00:00\" \/>\n<meta name=\"twitter:card\" content=\"summary_large_image\" \/>\n<meta name=\"twitter:label1\" content=\"Dur\u00e9e de lecture estim\u00e9e\" \/>\n\t<meta name=\"twitter:data1\" content=\"3 minutes\" \/>\n<script type=\"application\/ld+json\" class=\"yoast-schema-graph\">{\"@context\":\"https:\\\/\\\/schema.org\",\"@graph\":[{\"@type\":\"WebPage\",\"@id\":\"https:\\\/\\\/bcc.no\\\/fr\\\/organisation\\\/nos-actions\\\/\",\"url\":\"https:\\\/\\\/bcc.no\\\/fr\\\/organisation\\\/nos-actions\\\/\",\"name\":\"Nos priorit\u00e9s\",\"isPartOf\":{\"@id\":\"https:\\\/\\\/bcc.no\\\/fr\\\/#website\"},\"primaryImageOfPage\":{\"@id\":\"https:\\\/\\\/bcc.no\\\/fr\\\/organisation\\\/nos-actions\\\/#primaryimage\"},\"image\":{\"@id\":\"https:\\\/\\\/bcc.no\\\/fr\\\/organisation\\\/nos-actions\\\/#primaryimage\"},\"thumbnailUrl\":\"https:\\\/\\\/bcc.no\\\/wp-content\\\/uploads\\\/2024\\\/10\\\/Topographic_BG_white_17.svg\",\"datePublished\":\"2024-09-10T06:24:29+00:00\",\"dateModified\":\"2025-02-05T10:28:40+00:00\",\"description\":\"Les priorit\u00e9s de BCC s\u2019appuient sur les m\u00e9dias, la musique, les programmes pour les jeunes et la mission, afin de soutenir la communaut\u00e9 et ses objectifs.\",\"breadcrumb\":{\"@id\":\"https:\\\/\\\/bcc.no\\\/fr\\\/organisation\\\/nos-actions\\\/#breadcrumb\"},\"inLanguage\":\"fr-FR\",\"potentialAction\":[{\"@type\":\"ReadAction\",\"target\":[\"https:\\\/\\\/bcc.no\\\/fr\\\/organisation\\\/nos-actions\\\/\"]}]},{\"@type\":\"ImageObject\",\"inLanguage\":\"fr-FR\",\"@id\":\"https:\\\/\\\/bcc.no\\\/fr\\\/organisation\\\/nos-actions\\\/#primaryimage\",\"url\":\"https:\\\/\\\/bcc.no\\\/wp-content\\\/uploads\\\/2024\\\/10\\\/Topographic_BG_white_17.svg\",\"contentUrl\":\"https:\\\/\\\/bcc.no\\\/wp-content\\\/uploads\\\/2024\\\/10\\\/Topographic_BG_white_17.svg\"},{\"@type\":\"WebSite\",\"@id\":\"https:\\\/\\\/bcc.no\\\/fr\\\/#website\",\"url\":\"https:\\\/\\\/bcc.no\\\/fr\\\/\",\"name\":\"BCC\",\"description\":\"et internasjonalt trossamfunn\",\"publisher\":{\"@id\":\"https:\\\/\\\/bcc.no\\\/fr\\\/#organization\"},\"potentialAction\":[{\"@type\":\"SearchAction\",\"target\":{\"@type\":\"EntryPoint\",\"urlTemplate\":\"https:\\\/\\\/bcc.no\\\/fr\\\/?s={search_term_string}\"},\"query-input\":{\"@type\":\"PropertyValueSpecification\",\"valueRequired\":true,\"valueName\":\"search_term_string\"}}],\"inLanguage\":\"fr-FR\"},{\"@type\":\"Organization\",\"@id\":\"https:\\\/\\\/bcc.no\\\/fr\\\/#organization\",\"name\":\"BCC\",\"url\":\"https:\\\/\\\/bcc.no\\\/fr\\\/\",\"logo\":{\"@type\":\"ImageObject\",\"inLanguage\":\"fr-FR\",\"@id\":\"https:\\\/\\\/bcc.no\\\/fr\\\/#\\\/schema\\\/logo\\\/image\\\/\",\"url\":\"https:\\\/\\\/bcc.no\\\/wp-content\\\/uploads\\\/2026\\\/04\\\/bcc_logo_full.svg\",\"contentUrl\":\"https:\\\/\\\/bcc.no\\\/wp-content\\\/uploads\\\/2026\\\/04\\\/bcc_logo_full.svg\",\"caption\":\"BCC\"},\"image\":{\"@id\":\"https:\\\/\\\/bcc.no\\\/fr\\\/#\\\/schema\\\/logo\\\/image\\\/\"}}]}<\/script>\n<!-- \/ Yoast SEO plugin. -->","yoast_head_json":{"title":"Nos priorit\u00e9s","description":"Les priorit\u00e9s de BCC s\u2019appuient sur les m\u00e9dias, la musique, les programmes pour les jeunes et la mission, afin de soutenir la communaut\u00e9 et ses objectifs.","robots":{"index":"index","follow":"follow","max-snippet":"max-snippet:-1","max-image-preview":"max-image-preview:large","max-video-preview":"max-video-preview:-1"},"canonical":"https:\/\/bcc.no\/fr\/organisation\/nos-actions\/","og_locale":"fr_FR","og_type":"article","og_title":"Nos priorit\u00e9s","og_description":"Les priorit\u00e9s de BCC s\u2019appuient sur les m\u00e9dias, la musique, les programmes pour les jeunes et la mission, afin de soutenir la communaut\u00e9 et ses objectifs.","og_url":"https:\/\/bcc.no\/fr\/organisation\/nos-actions\/","og_site_name":"BCC","article_modified_time":"2025-02-05T10:28:40+00:00","twitter_card":"summary_large_image","twitter_misc":{"Dur\u00e9e de lecture estim\u00e9e":"3 minutes"},"schema":{"@context":"https:\/\/schema.org","@graph":[{"@type":"WebPage","@id":"https:\/\/bcc.no\/fr\/organisation\/nos-actions\/","url":"https:\/\/bcc.no\/fr\/organisation\/nos-actions\/","name":"Nos priorit\u00e9s","isPartOf":{"@id":"https:\/\/bcc.no\/fr\/#website"},"primaryImageOfPage":{"@id":"https:\/\/bcc.no\/fr\/organisation\/nos-actions\/#primaryimage"},"image":{"@id":"https:\/\/bcc.no\/fr\/organisation\/nos-actions\/#primaryimage"},"thumbnailUrl":"https:\/\/bcc.no\/wp-content\/uploads\/2024\/10\/Topographic_BG_white_17.svg","datePublished":"2024-09-10T06:24:29+00:00","dateModified":"2025-02-05T10:28:40+00:00","description":"Les priorit\u00e9s de BCC s\u2019appuient sur les m\u00e9dias, la musique, les programmes pour les jeunes et la mission, afin de soutenir la communaut\u00e9 et ses objectifs.","breadcrumb":{"@id":"https:\/\/bcc.no\/fr\/organisation\/nos-actions\/#breadcrumb"},"inLanguage":"fr-FR","potentialAction":[{"@type":"ReadAction","target":["https:\/\/bcc.no\/fr\/organisation\/nos-actions\/"]}]},{"@type":"ImageObject","inLanguage":"fr-FR","@id":"https:\/\/bcc.no\/fr\/organisation\/nos-actions\/#primaryimage","url":"https:\/\/bcc.no\/wp-content\/uploads\/2024\/10\/Topographic_BG_white_17.svg","contentUrl":"https:\/\/bcc.no\/wp-content\/uploads\/2024\/10\/Topographic_BG_white_17.svg"},{"@type":"WebSite","@id":"https:\/\/bcc.no\/fr\/#website","url":"https:\/\/bcc.no\/fr\/","name":"BCC","description":"et internasjonalt trossamfunn","publisher":{"@id":"https:\/\/bcc.no\/fr\/#organization"},"potentialAction":[{"@type":"SearchAction","target":{"@type":"EntryPoint","urlTemplate":"https:\/\/bcc.no\/fr\/?s={search_term_string}"},"query-input":{"@type":"PropertyValueSpecification","valueRequired":true,"valueName":"search_term_string"}}],"inLanguage":"fr-FR"},{"@type":"Organization","@id":"https:\/\/bcc.no\/fr\/#organization","name":"BCC","url":"https:\/\/bcc.no\/fr\/","logo":{"@type":"ImageObject","inLanguage":"fr-FR","@id":"https:\/\/bcc.no\/fr\/#\/schema\/logo\/image\/","url":"https:\/\/bcc.no\/wp-content\/uploads\/2026\/04\/bcc_logo_full.svg","contentUrl":"https:\/\/bcc.no\/wp-content\/uploads\/2026\/04\/bcc_logo_full.svg","caption":"BCC"},"image":{"@id":"https:\/\/bcc.no\/fr\/#\/schema\/logo\/image\/"}}]}},"uagb_featured_image_src":{"full":["https:\/\/bcc.no\/wp-content\/uploads\/2024\/10\/Topographic_BG_white_17.svg",1,1,false],"thumbnail":["https:\/\/bcc.no\/wp-content\/uploads\/2024\/10\/Topographic_BG_white_17.svg",150,150,true],"medium":["https:\/\/bcc.no\/wp-content\/uploads\/2024\/10\/Topographic_BG_white_17.svg",300,300,true],"medium_large":["https:\/\/bcc.no\/wp-content\/uploads\/2024\/10\/Topographic_BG_white_17.svg",640,1,true],"large":["https:\/\/bcc.no\/wp-content\/uploads\/2024\/10\/Topographic_BG_white_17.svg",640,640,true],"1536x1536":["https:\/\/bcc.no\/wp-content\/uploads\/2024\/10\/Topographic_BG_white_17.svg",1,1,true],"2048x2048":["https:\/\/bcc.no\/wp-content\/uploads\/2024\/10\/Topographic_BG_white_17.svg",1,1,true]},"uagb_author_info":{"display_name":"Mathias Strand Kristiansen","author_link":"https:\/\/bcc.no\/fr\/author\/22801\/"},"uagb_comment_info":0,"uagb_excerpt":"La f\u00e9d\u00e9ration BCC a d\u00e9fini huit initiatives communes, qui constituent les principales priorit\u00e9s de la communaut\u00e9. Chaque initiative commune a une gestion ind\u00e9pendante et une mission distincte dans le cadre de l&rsquo;objectif de la f\u00e9d\u00e9ration. Clique sur les cases pour en savoir plus.","_links":{"self":[{"href":"https:\/\/bcc.no\/fr\/wp-json\/wp\/v2\/pages\/96700","targetHints":{"allow":["GET"]}}],"collection":[{"href":"https:\/\/bcc.no\/fr\/wp-json\/wp\/v2\/pages"}],"about":[{"href":"https:\/\/bcc.no\/fr\/wp-json\/wp\/v2\/types\/page"}],"author":[{"embeddable":true,"href":"https:\/\/bcc.no\/fr\/wp-json\/wp\/v2\/users\/6"}],"replies":[{"embeddable":true,"href":"https:\/\/bcc.no\/fr\/wp-json\/wp\/v2\/comments?post=96700"}],"version-history":[{"count":7,"href":"https:\/\/bcc.no\/fr\/wp-json\/wp\/v2\/pages\/96700\/revisions"}],"predecessor-version":[{"id":128715,"href":"https:\/\/bcc.no\/fr\/wp-json\/wp\/v2\/pages\/96700\/revisions\/128715"}],"up":[{"embeddable":true,"href":"https:\/\/bcc.no\/fr\/wp-json\/wp\/v2\/pages\/97744"}],"wp:featuredmedia":[{"embeddable":true,"href":"https:\/\/bcc.no\/fr\/wp-json\/wp\/v2\/media\/96688"}],"wp:attachment":[{"href":"https:\/\/bcc.no\/fr\/wp-json\/wp\/v2\/media?parent=96700"}],"curies":[{"name":"wp","href":"https:\/\/api.w.org\/{rel}","templated":true}]}}