{"id":96684,"date":"2024-09-10T07:20:36","date_gmt":"2024-09-10T06:20:36","guid":{"rendered":"https:\/\/bcc.no\/quest-ce-que-brunstad\/"},"modified":"2025-02-25T12:55:53","modified_gmt":"2025-02-25T11:55:53","slug":"quest-ce-que-brunstad","status":"publish","type":"page","link":"https:\/\/bcc.no\/fr\/a-propos-de-nous\/quest-ce-que-brunstad\/","title":{"rendered":"Qu&rsquo;est-ce que Brunstad ?"},"content":{"rendered":"\n<div class=\"wp-block-group\"><div class=\"wp-block-group__inner-container is-layout-constrained wp-block-group-is-layout-constrained\"><div class=\"yoast-breadcrumbs\"><span><span><a href=\"https:\/\/bcc.no\/fr\/page-daccueil\/\">Page d&rsquo;accueil<\/a><\/span> \/ <span><a href=\"https:\/\/bcc.no\/fr\/a-propos-de-nous\/\">\u00c0 propos de Brunstad Christian Church<\/a><\/span> \/ <span class=\"breadcrumb_last\" aria-current=\"page\"><a href=\"https:\/\/bcc.no\/fr\/a-propos-de-nous\/quest-ce-que-brunstad\/\">Qu&#8217;est-ce que Brunstad ?<\/a><\/span><\/span><\/div>\n\n\n<h4 class=\"wp-block-heading featuredParagraph\" id=\"under-stevnene-pa-brunstad-har-flere-generasjoner-opplevd-fellesskap-hoytider-og-tatt-viktige-beslutninger-vennskapsband-er-knyttet-pa-tvers-av-kulturer-nasjoner-og-aldersgrupper\"><strong>Les conf\u00e9rences internationales de BCC sont organis\u00e9es \u00e0 Brunstad en Norv\u00e8ge. Il en est ainsi depuis 1956 et les membres se sont beaucoup investis pour y participer.<\/strong><\/h4>\n\n\n\n<hr class=\"wp-block-separator has-alpha-channel-opacity\"\/>\n\n\n\n<p>Les conf\u00e9rences sont tr\u00e8s appr\u00e9ci\u00e9es par les membres, qui leur accordent une haute priorit\u00e9. Ici, plusieurs g\u00e9n\u00e9rations ont renouvel\u00e9 leur foi personnelle, fait l&rsquo;exp\u00e9rience de la communion, c\u00e9l\u00e9br\u00e9 des f\u00eates ensemble et pris des d\u00e9cisions de vie importantes.<\/p>\n<\/div><\/div>\n\n\n\n<div class=\"wp-block-group\"><div class=\"wp-block-group__inner-container is-layout-constrained wp-block-group-is-layout-constrained\">\n<h3 class=\"wp-block-heading\" id=\"stor-betydning-for-menighetens-utvikling\">Une grande importance pour le d\u00e9veloppement de l&rsquo;assembl\u00e9e<\/h3>\n\n\n\n<p>G\u00e9n\u00e9ration apr\u00e8s g\u00e9n\u00e9ration, les amis ont fait de grands efforts pour pouvoir se rendre aux conf\u00e9rences et entendre la pr\u00e9dication. Des amiti\u00e9s se forgent \u00e0 travers les cultures, les nations et les \u00e2ges.<\/p>\n\n\n\n<p>Ce lieu est tellement central dans notre histoire que notre communaut\u00e9 s\u2019est d\u00e9nomm\u00e9e Brunstad Christian Church (BCC).<\/p>\n\n\n\n<div class=\"wp-block-columns is-layout-flex wp-container-core-columns-is-layout-9d6595d7 wp-block-columns-is-layout-flex\">\n<div class=\"wp-block-column is-layout-flow wp-block-column-is-layout-flow\">\n<figure class=\"wp-block-image size-full\"><img loading=\"lazy\" decoding=\"async\" width=\"2048\" height=\"1367\" src=\"https:\/\/bcc.no\/wp-content\/uploads\/2024\/09\/2024_2Sommerstevne_-Grendefest_Samfunnsfest14.jpg\" alt=\"\" class=\"wp-image-95041\"\/><\/figure>\n<\/div>\n\n\n\n<div class=\"wp-block-column is-layout-flow wp-block-column-is-layout-flow\">\n<figure class=\"wp-block-image size-full is-style-hide-on-mobile\"><img loading=\"lazy\" decoding=\"async\" width=\"2048\" height=\"1367\" src=\"https:\/\/bcc.no\/wp-content\/uploads\/2024\/09\/2024_2Sommerstevne_-Grendefest_Samfunnsfest20.jpg\" alt=\"\" class=\"wp-image-95023\"\/><\/figure>\n<\/div>\n<\/div>\n<\/div><\/div>\n\n\n\n<div class=\"wp-block-group\"><div class=\"wp-block-group__inner-container is-layout-constrained wp-block-group-is-layout-constrained\">\n<h3 class=\"wp-block-heading\" id=\"et-sted-a-samles\">Un lieu de rassemblement<\/h3>\n\n\n\n<p>Tout d&rsquo;abord, un retour en arri\u00e8re.\u00a0<\/p>\n\n\n\n<p>Lorsque l&rsquo;assembl\u00e9e a achet\u00e9 la ferme de Nedre Brunstad en 1956, c&rsquo;\u00e9tait une ferme d\u00e9labr\u00e9e. Il y avait beaucoup d&rsquo;enthousiasme pour les possibilit\u00e9s qui s&rsquo;offraient \u00e0 nous, et beaucoup de travail a \u00e9t\u00e9 fourni <br>pour pr\u00e9parer les lieux \u00e0 la conf\u00e9rence de l&rsquo;\u00e9t\u00e9 suivant.\u00a0<\/p>\n\n\n\n<p>Brunstad est devenu important pour l&rsquo;expansion internationale de l&rsquo;assembl\u00e9e, car le lieu permettait d\u2019inviter les nouveaux contacts que nous avions aux quatre coins du monde.<\/p>\n\n\n\n<figure class=\"wp-block-gallery has-nested-images columns-3 is-cropped wp-block-gallery-1 is-layout-flex wp-block-gallery-is-layout-flex\">\n<figure class=\"wp-block-image size-full\"><img loading=\"lazy\" decoding=\"async\" width=\"822\" height=\"462\" data-id=\"93554\" src=\"https:\/\/bcc.no\/wp-content\/uploads\/2024\/09\/1_Vaar-historie-paa-Brunstad-BCC-trossamfunn-.png\" alt=\"\" class=\"wp-image-93554\"\/><\/figure>\n\n\n\n<figure class=\"wp-block-image size-full\"><img loading=\"lazy\" decoding=\"async\" width=\"1024\" height=\"576\" data-id=\"93559\" src=\"https:\/\/bcc.no\/wp-content\/uploads\/2024\/09\/2_Vaar-historie-paa-Brunstad-BCC-trossamfunn-.png\" alt=\"\" class=\"wp-image-93559\"\/><\/figure>\n\n\n\n<figure class=\"wp-block-image size-full\"><img loading=\"lazy\" decoding=\"async\" width=\"1024\" height=\"576\" data-id=\"93565\" src=\"https:\/\/bcc.no\/wp-content\/uploads\/2024\/09\/3_Vaar-historie-paa-Brunstad-BCC-trossamfunn-.png\" alt=\"\" class=\"wp-image-93565\"\/><\/figure>\n\n\n\n<figure class=\"wp-block-image size-full\"><img loading=\"lazy\" decoding=\"async\" width=\"1024\" height=\"576\" data-id=\"93570\" src=\"https:\/\/bcc.no\/wp-content\/uploads\/2024\/09\/4_Vaar-historie-paa-Brunstad-BCC-trossamfunn-.png\" alt=\"\" class=\"wp-image-93570\"\/><\/figure>\n\n\n\n<figure class=\"wp-block-image size-full\"><img loading=\"lazy\" decoding=\"async\" width=\"1024\" height=\"576\" data-id=\"93575\" src=\"https:\/\/bcc.no\/wp-content\/uploads\/2024\/09\/5_Vaar-historie-paa-Brunstad-BCC-trossamfunn-.png\" alt=\"\" class=\"wp-image-93575\"\/><\/figure>\n\n\n\n<figure class=\"wp-block-image size-full\"><img loading=\"lazy\" decoding=\"async\" width=\"2560\" height=\"1707\" data-id=\"112261\" src=\"https:\/\/bcc.no\/wp-content\/uploads\/2024\/12\/2024_Sommerstevne_Grendefest-123-scaled.jpg\" alt=\"\" class=\"wp-image-112261\"\/><\/figure>\n\n\n\n<figure class=\"wp-block-image size-full\"><img loading=\"lazy\" decoding=\"async\" width=\"2560\" height=\"1707\" data-id=\"112266\" src=\"https:\/\/bcc.no\/wp-content\/uploads\/2024\/12\/2024_Sommerstevne_Grendefest-74-scaled.jpg\" alt=\"\" class=\"wp-image-112266\"\/><\/figure>\n\n\n\n<figure class=\"wp-block-image size-full\"><img loading=\"lazy\" decoding=\"async\" width=\"2560\" height=\"1707\" data-id=\"112271\" src=\"https:\/\/bcc.no\/wp-content\/uploads\/2024\/12\/2024_Sommerstevne_Grendefest-005-scaled.jpg\" alt=\"\" class=\"wp-image-112271\"\/><\/figure>\n\n\n\n<figure class=\"wp-block-image size-full\"><img loading=\"lazy\" decoding=\"async\" width=\"2560\" height=\"1707\" data-id=\"112312\" src=\"https:\/\/bcc.no\/wp-content\/uploads\/2024\/12\/2024_Sommerstevne_Grendefest-160-scaled.jpg\" alt=\"\" class=\"wp-image-112312\"\/><\/figure>\n\n\n\n<figure class=\"wp-block-image size-full\"><img loading=\"lazy\" decoding=\"async\" width=\"2048\" height=\"954\" data-id=\"112317\" src=\"https:\/\/bcc.no\/wp-content\/uploads\/2024\/12\/2024_2Sommerstevne_Apningsmote-27-1.jpg\" alt=\"\" class=\"wp-image-112317\"\/><\/figure>\n<\/figure>\n<\/div><\/div>\n\n\n\n<div class=\"wp-block-group\"><div class=\"wp-block-group__inner-container is-layout-constrained wp-block-group-is-layout-constrained\">\n<h3 class=\"wp-block-heading\" id=\"eierskap-ivaretas-i-egen-stiftelse\">La propri\u00e9t\u00e9 est d\u00e9tenue par une fondation distincte<\/h3>\n\n\n\n<p>Beaucoup de choses ont chang\u00e9 depuis les ann\u00e9es 1950. Aussi bien le milieu ext\u00e9rieur que l&rsquo;organisation et le mode de fonctionnement. Brunstad est pass\u00e9 d&rsquo;un petit camping \u00e0 un village de conf\u00e9rences moderne pouvant accueillir plusieurs milliers d&rsquo;invit\u00e9s.<\/p>\n\n\n\n<p>BCC et ses membres ont poss\u00e9d\u00e9 et d\u00e9velopp\u00e9 le site pendant 50 ans.\u00a0<\/p>\n\n\n\n<p>La propri\u00e9t\u00e9 a ensuite \u00e9t\u00e9 transf\u00e9r\u00e9e \u00e0 une fondation en 2002-2006, afin de faire une distinction claire entre l&rsquo;assembl\u00e9e en tant que communaut\u00e9 religieuse et la gestion de la propri\u00e9t\u00e9.\u00a0<\/p>\n\n\n\n<p>La <a href=\"https:\/\/oslofjordstiftelsen.no\/\">Fondation Oslofjord<\/a> en est d\u00e9sormais propri\u00e9taire (site web norv\u00e9gien).<\/p>\n<\/div><\/div>\n\n\n\n<div class=\"wp-block-group\"><div class=\"wp-block-group__inner-container is-layout-constrained wp-block-group-is-layout-constrained\">\n<h3 class=\"wp-block-heading\" id=\"medlemmer-har-tegnet-private-avtaler\">Contrats d\u2019h\u00e9bergement pour les conf\u00e9rences<\/h3>\n\n\n\n<p>Une chose qui n&rsquo;a pas chang\u00e9, c&rsquo;est que les membres de BCC ne se lassent pas d\u2019aller encore et encore \u00e0 Brunstad pour assister \u00e0 des conf\u00e9rences.\u00a0<\/p>\n\n\n\n<p>Les nuit\u00e9es sont achet\u00e9es par l\u2019interm\u00e9diaire de la coop\u00e9rative Samvirk. Plus de 6 800 particuliers ont sign\u00e9 des contrats d&rsquo;h\u00e9bergement pour les conf\u00e9rences de l\u2019assembl\u00e9e. La plupart des contrats ont une dur\u00e9e de 20 ou 50 ans et ont jou\u00e9 un r\u00f4le important dans le financement du d\u00e9veloppement du site.\u00a0<\/p>\n\n\n\n<p>En sa qualit\u00e9 de porte-parole unique de ses clients, Samvirk prot\u00e8ge les int\u00e9r\u00eats de ses membres vis-\u00e0-vis d&rsquo;Oslofjord, qui est par ailleurs exploit\u00e9 \u00e0 des fins commerciales.\u00a0<\/p>\n\n\n\n<div class=\"wp-block-buttons is-layout-flex wp-block-buttons-is-layout-flex\">\n<div class=\"wp-block-button\"><a class=\"wp-block-button__link wp-element-button arrow_right_alt\" href=\"https:\/\/samvirk.com\/\" rel=\"\">En savoir plus sur Samvirk<\/a><\/div>\n<\/div>\n\n\n\n<p><\/p>\n\n\n\n<div class=\"wp-block-columns is-layout-flex wp-container-core-columns-is-layout-9d6595d7 wp-block-columns-is-layout-flex\">\n<div class=\"wp-block-column is-layout-flow wp-block-column-is-layout-flow\">\n<figure class=\"wp-block-image size-full\"><img loading=\"lazy\" decoding=\"async\" width=\"1713\" height=\"1141\" src=\"https:\/\/bcc.no\/wp-content\/uploads\/2024\/12\/20240730-sommerstevne-samfunnkveld-27-1.jpg\" alt=\"\" class=\"wp-image-112225\"\/><\/figure>\n<\/div>\n\n\n\n<div class=\"wp-block-column is-layout-flow wp-block-column-is-layout-flow\">\n<figure class=\"wp-block-image size-full is-style-hide-on-mobile\"><img loading=\"lazy\" decoding=\"async\" width=\"2048\" height=\"1365\" src=\"https:\/\/bcc.no\/wp-content\/uploads\/2024\/09\/20240730-sommerstevne-samfunnkveld-25.jpg\" alt=\"\" class=\"wp-image-95029\"\/><\/figure>\n<\/div>\n<\/div>\n<\/div><\/div>\n\n\n\n<div class=\"wp-block-group\"><div class=\"wp-block-group__inner-container is-layout-constrained wp-block-group-is-layout-constrained\">\n<h3 class=\"wp-block-heading\" id=\"framtidens-arrangementer\"><strong>Les assembl\u00e9es locales organisent  les conf\u00e9rences conjointement<\/strong><\/h3>\n\n\n\n<p>Aujourd&rsquo;hui, il y a entre 4 000 et 12 000 participants aux \u00e9v\u00e9nements. L&rsquo;organisation du programme, de la nourriture, de l&rsquo;\u00e9quipement, des activit\u00e9s, de l&rsquo;information et du nettoyage n\u00e9cessite un dispositif important. Ce sont principalement les b\u00e9n\u00e9voles de toutes les assembl\u00e9es locales de BCC qui planifient et organisent les conf\u00e9rences, m\u00eame si les processus sont g\u00e9r\u00e9s par BCC Event et ses employ\u00e9s.\u00a0<\/p>\n\n\n\n<div class=\"wp-block-buttons is-layout-flex wp-block-buttons-is-layout-flex\">\n<div class=\"wp-block-button\"><a class=\"wp-block-button__link wp-element-button arrow_right_alt\" href=\"https:\/\/event.bcc.no\" rel=\"\">En savoir plus sur BCC Event<\/a><\/div>\n<\/div>\n\n\n\n<p><\/p>\n\n\n\n<p>Que l&rsquo;on assiste aux conf\u00e9rences en pr\u00e9sentiel ou qu&rsquo;on les suive en streaming, les conf\u00e9rences de Brunstad sont un \u00e9l\u00e9ment central de la vie de l&rsquo;assembl\u00e9e. <\/p>\n\n\n\n<p>Il en est ainsi depuis des g\u00e9n\u00e9rations.\u00a0<\/p>\n<\/div><\/div>\n\n\n\n<div class=\"wp-block-group\"><div class=\"wp-block-group__inner-container is-layout-constrained wp-block-group-is-layout-constrained\">\n<\/div><\/div>\n\n","protected":false},"excerpt":{"rendered":"<p>Les conf\u00e9rences internationales de BCC sont organis\u00e9es \u00e0 Brunstad en Norv\u00e8ge. Il en est ainsi depuis 1956 et les membres se sont beaucoup investis pour y participer. Les conf\u00e9rences sont tr\u00e8s appr\u00e9ci\u00e9es par les membres, qui leur accordent une haute priorit\u00e9. Ici, plusieurs g\u00e9n\u00e9rations ont renouvel\u00e9 leur foi personnelle, fait l&rsquo;exp\u00e9rience de la communion, c\u00e9l\u00e9br\u00e9 [&hellip;]<\/p>\n","protected":false},"author":6,"featured_media":112517,"parent":96705,"menu_order":0,"comment_status":"closed","ping_status":"closed","template":"","meta":{"_acf_changed":false,"inline_featured_image":false,"_uag_custom_page_level_css":"","bcc_login_visibility":0,"bcc_groups":[],"bcc_groups_email":true,"bcc_visibility_groups":[],"bcc_visibility_groups_email":false,"sent_notifications":[],"footnotes":"","_links_to":"","_links_to_target":""},"class_list":["post-96684","page","type-page","status-publish","has-post-thumbnail","hentry"],"acf":{"rss_image":null},"featured_image_src":"https:\/\/bcc.no\/wp-content\/uploads\/2025\/01\/2024_Sommercamp_SommerkveldDel1-1.jpg","yoast_head":"<!-- This site is optimized with the Yoast SEO plugin v27.2 - https:\/\/yoast.com\/product\/yoast-seo-wordpress\/ -->\n<title>Qu&#039;est-ce que Brunstad ? - BCC<\/title>\n<meta name=\"description\" content=\"En 1956, BCC a achet\u00e9 la ferme de Nedre Brunstad \u00e0 Stokke. Le site a appartenu \u00e0 BCC pendant 50 ans, jusqu&#039;en 2006, date \u00e0 laquelle l&#039;int\u00e9gralit\u00e9 de la propri\u00e9t\u00e9 a \u00e9t\u00e9 transf\u00e9r\u00e9e \u00e0 la Fondation Brunstad.\" \/>\n<meta name=\"robots\" content=\"index, follow, max-snippet:-1, max-image-preview:large, max-video-preview:-1\" \/>\n<link rel=\"canonical\" href=\"https:\/\/bcc.no\/fr\/a-propos-de-nous\/quest-ce-que-brunstad\/\" \/>\n<meta property=\"og:locale\" content=\"fr_FR\" \/>\n<meta property=\"og:type\" content=\"article\" \/>\n<meta property=\"og:title\" content=\"Qu&#039;est-ce que Brunstad ? - BCC\" \/>\n<meta property=\"og:description\" content=\"En 1956, BCC a achet\u00e9 la ferme de Nedre Brunstad \u00e0 Stokke. Le site a appartenu \u00e0 BCC pendant 50 ans, jusqu&#039;en 2006, date \u00e0 laquelle l&#039;int\u00e9gralit\u00e9 de la propri\u00e9t\u00e9 a \u00e9t\u00e9 transf\u00e9r\u00e9e \u00e0 la Fondation Brunstad.\" \/>\n<meta property=\"og:url\" content=\"https:\/\/bcc.no\/fr\/a-propos-de-nous\/quest-ce-que-brunstad\/\" \/>\n<meta property=\"og:site_name\" content=\"BCC\" \/>\n<meta property=\"article:modified_time\" content=\"2025-02-25T11:55:53+00:00\" \/>\n<meta property=\"og:image\" content=\"https:\/\/bcc.no\/wp-content\/uploads\/2025\/01\/2024_Sommercamp_SommerkveldDel1-1-1024x683.jpg\" \/>\n\t<meta property=\"og:image:width\" content=\"1024\" \/>\n\t<meta property=\"og:image:height\" content=\"683\" \/>\n\t<meta property=\"og:image:type\" content=\"image\/jpeg\" \/>\n<meta name=\"twitter:card\" content=\"summary_large_image\" \/>\n<meta name=\"twitter:label1\" content=\"Dur\u00e9e de lecture estim\u00e9e\" \/>\n\t<meta name=\"twitter:data1\" content=\"6 minutes\" \/>\n<script type=\"application\/ld+json\" class=\"yoast-schema-graph\">{\"@context\":\"https:\/\/schema.org\",\"@graph\":[{\"@type\":\"WebPage\",\"@id\":\"https:\/\/bcc.no\/fr\/a-propos-de-nous\/quest-ce-que-brunstad\/\",\"url\":\"https:\/\/bcc.no\/fr\/a-propos-de-nous\/quest-ce-que-brunstad\/\",\"name\":\"Qu'est-ce que Brunstad ? - BCC\",\"isPartOf\":{\"@id\":\"https:\/\/bcc.no\/fr\/#website\"},\"primaryImageOfPage\":{\"@id\":\"https:\/\/bcc.no\/fr\/a-propos-de-nous\/quest-ce-que-brunstad\/#primaryimage\"},\"image\":{\"@id\":\"https:\/\/bcc.no\/fr\/a-propos-de-nous\/quest-ce-que-brunstad\/#primaryimage\"},\"thumbnailUrl\":\"https:\/\/bcc.no\/wp-content\/uploads\/2025\/01\/2024_Sommercamp_SommerkveldDel1-1.jpg\",\"datePublished\":\"2024-09-10T06:20:36+00:00\",\"dateModified\":\"2025-02-25T11:55:53+00:00\",\"description\":\"En 1956, BCC a achet\u00e9 la ferme de Nedre Brunstad \u00e0 Stokke. Le site a appartenu \u00e0 BCC pendant 50 ans, jusqu'en 2006, date \u00e0 laquelle l'int\u00e9gralit\u00e9 de la propri\u00e9t\u00e9 a \u00e9t\u00e9 transf\u00e9r\u00e9e \u00e0 la Fondation Brunstad.\",\"breadcrumb\":{\"@id\":\"https:\/\/bcc.no\/fr\/a-propos-de-nous\/quest-ce-que-brunstad\/#breadcrumb\"},\"inLanguage\":\"fr-FR\",\"potentialAction\":[{\"@type\":\"ReadAction\",\"target\":[\"https:\/\/bcc.no\/fr\/a-propos-de-nous\/quest-ce-que-brunstad\/\"]}]},{\"@type\":\"ImageObject\",\"inLanguage\":\"fr-FR\",\"@id\":\"https:\/\/bcc.no\/fr\/a-propos-de-nous\/quest-ce-que-brunstad\/#primaryimage\",\"url\":\"https:\/\/bcc.no\/wp-content\/uploads\/2025\/01\/2024_Sommercamp_SommerkveldDel1-1.jpg\",\"contentUrl\":\"https:\/\/bcc.no\/wp-content\/uploads\/2025\/01\/2024_Sommercamp_SommerkveldDel1-1.jpg\",\"width\":2160,\"height\":1440},{\"@type\":\"BreadcrumbList\",\"@id\":\"https:\/\/bcc.no\/fr\/a-propos-de-nous\/quest-ce-que-brunstad\/#breadcrumb\",\"itemListElement\":[{\"@type\":\"ListItem\",\"position\":1,\"name\":\"Page d'accueil\",\"item\":\"https:\/\/bcc.no\/fr\/page-daccueil\/\"},{\"@type\":\"ListItem\",\"position\":2,\"name\":\"\u00c0 propos de Brunstad Christian Church\",\"item\":\"https:\/\/bcc.no\/fr\/a-propos-de-nous\/\"},{\"@type\":\"ListItem\",\"position\":3,\"name\":\"Qu&#8217;est-ce que Brunstad ?\"}]},{\"@type\":\"WebSite\",\"@id\":\"https:\/\/bcc.no\/fr\/#website\",\"url\":\"https:\/\/bcc.no\/fr\/\",\"name\":\"BCC\",\"description\":\"et internasjonalt trossamfunn\",\"publisher\":{\"@id\":\"https:\/\/bcc.no\/fr\/#organization\"},\"potentialAction\":[{\"@type\":\"SearchAction\",\"target\":{\"@type\":\"EntryPoint\",\"urlTemplate\":\"https:\/\/bcc.no\/fr\/?s={search_term_string}\"},\"query-input\":{\"@type\":\"PropertyValueSpecification\",\"valueRequired\":true,\"valueName\":\"search_term_string\"}}],\"inLanguage\":\"fr-FR\"},{\"@type\":\"Organization\",\"@id\":\"https:\/\/bcc.no\/fr\/#organization\",\"name\":\"BCC\",\"url\":\"https:\/\/bcc.no\/fr\/\",\"logo\":{\"@type\":\"ImageObject\",\"inLanguage\":\"fr-FR\",\"@id\":\"https:\/\/bcc.no\/fr\/#\/schema\/logo\/image\/\",\"url\":\"https:\/\/bcc.no\/wp-content\/uploads\/2024\/09\/BCC-logo_RGB.svg\",\"contentUrl\":\"https:\/\/bcc.no\/wp-content\/uploads\/2024\/09\/BCC-logo_RGB.svg\",\"caption\":\"BCC\"},\"image\":{\"@id\":\"https:\/\/bcc.no\/fr\/#\/schema\/logo\/image\/\"}}]}<\/script>\n<!-- \/ Yoast SEO plugin. -->","yoast_head_json":{"title":"Qu'est-ce que Brunstad ? - BCC","description":"En 1956, BCC a achet\u00e9 la ferme de Nedre Brunstad \u00e0 Stokke. Le site a appartenu \u00e0 BCC pendant 50 ans, jusqu'en 2006, date \u00e0 laquelle l'int\u00e9gralit\u00e9 de la propri\u00e9t\u00e9 a \u00e9t\u00e9 transf\u00e9r\u00e9e \u00e0 la Fondation Brunstad.","robots":{"index":"index","follow":"follow","max-snippet":"max-snippet:-1","max-image-preview":"max-image-preview:large","max-video-preview":"max-video-preview:-1"},"canonical":"https:\/\/bcc.no\/fr\/a-propos-de-nous\/quest-ce-que-brunstad\/","og_locale":"fr_FR","og_type":"article","og_title":"Qu'est-ce que Brunstad ? - BCC","og_description":"En 1956, BCC a achet\u00e9 la ferme de Nedre Brunstad \u00e0 Stokke. Le site a appartenu \u00e0 BCC pendant 50 ans, jusqu'en 2006, date \u00e0 laquelle l'int\u00e9gralit\u00e9 de la propri\u00e9t\u00e9 a \u00e9t\u00e9 transf\u00e9r\u00e9e \u00e0 la Fondation Brunstad.","og_url":"https:\/\/bcc.no\/fr\/a-propos-de-nous\/quest-ce-que-brunstad\/","og_site_name":"BCC","article_modified_time":"2025-02-25T11:55:53+00:00","og_image":[{"width":1024,"height":683,"url":"https:\/\/bcc.no\/wp-content\/uploads\/2025\/01\/2024_Sommercamp_SommerkveldDel1-1-1024x683.jpg","type":"image\/jpeg"}],"twitter_card":"summary_large_image","twitter_misc":{"Dur\u00e9e de lecture estim\u00e9e":"6 minutes"},"schema":{"@context":"https:\/\/schema.org","@graph":[{"@type":"WebPage","@id":"https:\/\/bcc.no\/fr\/a-propos-de-nous\/quest-ce-que-brunstad\/","url":"https:\/\/bcc.no\/fr\/a-propos-de-nous\/quest-ce-que-brunstad\/","name":"Qu'est-ce que Brunstad ? - BCC","isPartOf":{"@id":"https:\/\/bcc.no\/fr\/#website"},"primaryImageOfPage":{"@id":"https:\/\/bcc.no\/fr\/a-propos-de-nous\/quest-ce-que-brunstad\/#primaryimage"},"image":{"@id":"https:\/\/bcc.no\/fr\/a-propos-de-nous\/quest-ce-que-brunstad\/#primaryimage"},"thumbnailUrl":"https:\/\/bcc.no\/wp-content\/uploads\/2025\/01\/2024_Sommercamp_SommerkveldDel1-1.jpg","datePublished":"2024-09-10T06:20:36+00:00","dateModified":"2025-02-25T11:55:53+00:00","description":"En 1956, BCC a achet\u00e9 la ferme de Nedre Brunstad \u00e0 Stokke. Le site a appartenu \u00e0 BCC pendant 50 ans, jusqu'en 2006, date \u00e0 laquelle l'int\u00e9gralit\u00e9 de la propri\u00e9t\u00e9 a \u00e9t\u00e9 transf\u00e9r\u00e9e \u00e0 la Fondation Brunstad.","breadcrumb":{"@id":"https:\/\/bcc.no\/fr\/a-propos-de-nous\/quest-ce-que-brunstad\/#breadcrumb"},"inLanguage":"fr-FR","potentialAction":[{"@type":"ReadAction","target":["https:\/\/bcc.no\/fr\/a-propos-de-nous\/quest-ce-que-brunstad\/"]}]},{"@type":"ImageObject","inLanguage":"fr-FR","@id":"https:\/\/bcc.no\/fr\/a-propos-de-nous\/quest-ce-que-brunstad\/#primaryimage","url":"https:\/\/bcc.no\/wp-content\/uploads\/2025\/01\/2024_Sommercamp_SommerkveldDel1-1.jpg","contentUrl":"https:\/\/bcc.no\/wp-content\/uploads\/2025\/01\/2024_Sommercamp_SommerkveldDel1-1.jpg","width":2160,"height":1440},{"@type":"BreadcrumbList","@id":"https:\/\/bcc.no\/fr\/a-propos-de-nous\/quest-ce-que-brunstad\/#breadcrumb","itemListElement":[{"@type":"ListItem","position":1,"name":"Page d'accueil","item":"https:\/\/bcc.no\/fr\/page-daccueil\/"},{"@type":"ListItem","position":2,"name":"\u00c0 propos de Brunstad Christian Church","item":"https:\/\/bcc.no\/fr\/a-propos-de-nous\/"},{"@type":"ListItem","position":3,"name":"Qu&#8217;est-ce que Brunstad ?"}]},{"@type":"WebSite","@id":"https:\/\/bcc.no\/fr\/#website","url":"https:\/\/bcc.no\/fr\/","name":"BCC","description":"et internasjonalt trossamfunn","publisher":{"@id":"https:\/\/bcc.no\/fr\/#organization"},"potentialAction":[{"@type":"SearchAction","target":{"@type":"EntryPoint","urlTemplate":"https:\/\/bcc.no\/fr\/?s={search_term_string}"},"query-input":{"@type":"PropertyValueSpecification","valueRequired":true,"valueName":"search_term_string"}}],"inLanguage":"fr-FR"},{"@type":"Organization","@id":"https:\/\/bcc.no\/fr\/#organization","name":"BCC","url":"https:\/\/bcc.no\/fr\/","logo":{"@type":"ImageObject","inLanguage":"fr-FR","@id":"https:\/\/bcc.no\/fr\/#\/schema\/logo\/image\/","url":"https:\/\/bcc.no\/wp-content\/uploads\/2024\/09\/BCC-logo_RGB.svg","contentUrl":"https:\/\/bcc.no\/wp-content\/uploads\/2024\/09\/BCC-logo_RGB.svg","caption":"BCC"},"image":{"@id":"https:\/\/bcc.no\/fr\/#\/schema\/logo\/image\/"}}]}},"uagb_featured_image_src":{"full":["https:\/\/bcc.no\/wp-content\/uploads\/2025\/01\/2024_Sommercamp_SommerkveldDel1-1.jpg",2160,1440,false],"thumbnail":["https:\/\/bcc.no\/wp-content\/uploads\/2025\/01\/2024_Sommercamp_SommerkveldDel1-1-150x150.jpg",150,150,true],"medium":["https:\/\/bcc.no\/wp-content\/uploads\/2025\/01\/2024_Sommercamp_SommerkveldDel1-1-300x200.jpg",300,200,true],"medium_large":["https:\/\/bcc.no\/wp-content\/uploads\/2025\/01\/2024_Sommercamp_SommerkveldDel1-1-768x512.jpg",640,427,true],"large":["https:\/\/bcc.no\/wp-content\/uploads\/2025\/01\/2024_Sommercamp_SommerkveldDel1-1-1024x683.jpg",640,427,true],"1536x1536":["https:\/\/bcc.no\/wp-content\/uploads\/2025\/01\/2024_Sommercamp_SommerkveldDel1-1-1536x1024.jpg",1536,1024,true],"2048x2048":["https:\/\/bcc.no\/wp-content\/uploads\/2025\/01\/2024_Sommercamp_SommerkveldDel1-1-2048x1365.jpg",2048,1365,true]},"uagb_author_info":{"display_name":"Mathias Strand Kristiansen","author_link":"https:\/\/bcc.no\/fr\/author\/22801\/"},"uagb_comment_info":0,"uagb_excerpt":"Les conf\u00e9rences internationales de BCC sont organis\u00e9es \u00e0 Brunstad en Norv\u00e8ge. Il en est ainsi depuis 1956 et les membres se sont beaucoup investis pour y participer. Les conf\u00e9rences sont tr\u00e8s appr\u00e9ci\u00e9es par les membres, qui leur accordent une haute priorit\u00e9. Ici, plusieurs g\u00e9n\u00e9rations ont renouvel\u00e9 leur foi personnelle, fait l&rsquo;exp\u00e9rience de la communion, c\u00e9l\u00e9br\u00e9\u2026","_links":{"self":[{"href":"https:\/\/bcc.no\/fr\/wp-json\/wp\/v2\/pages\/96684","targetHints":{"allow":["GET"]}}],"collection":[{"href":"https:\/\/bcc.no\/fr\/wp-json\/wp\/v2\/pages"}],"about":[{"href":"https:\/\/bcc.no\/fr\/wp-json\/wp\/v2\/types\/page"}],"author":[{"embeddable":true,"href":"https:\/\/bcc.no\/fr\/wp-json\/wp\/v2\/users\/6"}],"replies":[{"embeddable":true,"href":"https:\/\/bcc.no\/fr\/wp-json\/wp\/v2\/comments?post=96684"}],"version-history":[{"count":7,"href":"https:\/\/bcc.no\/fr\/wp-json\/wp\/v2\/pages\/96684\/revisions"}],"predecessor-version":[{"id":130989,"href":"https:\/\/bcc.no\/fr\/wp-json\/wp\/v2\/pages\/96684\/revisions\/130989"}],"up":[{"embeddable":true,"href":"https:\/\/bcc.no\/fr\/wp-json\/wp\/v2\/pages\/96705"}],"wp:featuredmedia":[{"embeddable":true,"href":"https:\/\/bcc.no\/fr\/wp-json\/wp\/v2\/media\/112517"}],"wp:attachment":[{"href":"https:\/\/bcc.no\/fr\/wp-json\/wp\/v2\/media?parent=96684"}],"curies":[{"name":"wp","href":"https:\/\/api.w.org\/{rel}","templated":true}]}}