{"id":96674,"date":"2024-09-10T07:15:06","date_gmt":"2024-09-10T06:15:06","guid":{"rendered":"https:\/\/bcc.no\/ce-que-nous-croyons\/"},"modified":"2025-10-22T12:05:29","modified_gmt":"2025-10-22T11:05:29","slug":"notre-foi","status":"publish","type":"page","link":"https:\/\/bcc.no\/fr\/notre-foi\/","title":{"rendered":"Ce que nous croyons"},"content":{"rendered":"\n<div class=\"wp-block-group\"><div class=\"wp-block-group__inner-container is-layout-constrained wp-block-group-is-layout-constrained\"><div class=\"yoast-breadcrumbs\"><span><span>Page d&rsquo;accueil<\/span> \/ <span class=\"breadcrumb_last\" aria-current=\"page\"><a href=\"https:\/\/bcc.no\/fr\/notre-foi\/\">Ce que nous croyons<\/a><\/span><\/span><\/div>\n\n\n<h4 class=\"wp-block-heading featuredParagraph\" id=\"bccs-hovedarbeid-er-a-fremme-den-kristne-tro-blant-alle-mennesker-og-laere-de-som-onsker-det-a-holde-alt-det-jesus-har-befalt-matteus-28-18-20\"><strong>Le travail principal de BCC est de promouvoir la foi chr\u00e9tienne parmi tous les gens et de leur apprendre \u00e0 garder tout ce que J\u00e9sus a command\u00e9. Matthieu 28, 18-20.<\/strong><\/h4>\n\n\n\n<hr class=\"wp-block-separator has-alpha-channel-opacity\"\/>\n<\/div><\/div>\n\n\n\n<div class=\"wp-block-group\"><div class=\"wp-block-group__inner-container is-layout-constrained wp-block-group-is-layout-constrained\">\n<p>Le fondement doctrinal repose sur la Bible, les Saintes \u00c9critures, qui sont inspir\u00e9es de Dieu. La Bible est notre seul texte faisant autorit\u00e9, et elle contient tout ce dont l\u2019homme a besoin pour son salut.<\/p>\n\n\n\n<ul class=\"wp-block-list\">\n<li>Nous croyons en Dieu le P\u00e8re, le tout-puissant, cr\u00e9ateur du ciel et de la terre.<\/li>\n\n\n\n<li>Nous croyons en J\u00e9sus-Christ, le Fils unique de Dieu, n\u00e9 du P\u00e8re avant tous les si\u00e8cles, con\u00e7u par le Saint-Esprit et n\u00e9 dans le monde par la Vierge Marie, immacul\u00e9 dans sa vie, crucifi\u00e9 et mort pour nos p\u00e9ch\u00e9s, ressuscit\u00e9 pour notre justification.<\/li>\n\n\n\n<li>Nous croyons que dans la gr\u00e2ce il y a le pardon des p\u00e9ch\u00e9s, et que la gr\u00e2ce conduira ensuite le croyant \u00e0 la sanctification, afin de porter du fruit pour Dieu.<\/li>\n\n\n\n<li>Nous croyons que le Consolateur, le Saint-Esprit, nous enseignera et nous rappellera tout ce que J\u00e9sus nous a command\u00e9.<\/li>\n<\/ul>\n\n\n\n<p>Nous souscrivons au credo apostolique et au credo de Nic\u00e9e.<\/p>\n\n\n\n<p>En outre, le fondement doctrinal de la f\u00e9d\u00e9ration BCC repose sur les enseignements, les valeurs et le contenu chr\u00e9tien que d\u00e9fendait Johan O. Smith. Ses articles dans le journal <em>Tr\u00e9sors Cach\u00e9s<\/em>, ses lettres qui ont \u00e9t\u00e9 conserv\u00e9es et ses livres publi\u00e9s par Stiftelsen Skjulte Skatters Forlag en donnent un aper\u00e7u.<\/p>\n\n\n\n<div style=\"height:15px\" aria-hidden=\"true\" class=\"wp-block-spacer\"><\/div>\n\n\n\n<div class=\"wp-block-buttons is-vertical is-content-justification-left is-layout-flex wp-container-core-buttons-is-layout-aacc3761 wp-block-buttons-is-layout-flex\">\n<div class=\"wp-block-button\"><a class=\"wp-block-button__link wp-element-button arrow_right_alt\" href=\"https:\/\/bcc.no\/fr\/organisation\/documents-cles\/fondement-doctrinal\/\" target=\"_blank\" rel=\"noopener\">Lire la description du fondement doctrinal de BCC faite par la direction spirituelle<\/a><\/div>\n\n\n\n<div class=\"wp-block-button\"><a class=\"wp-block-button__link wp-element-button arrow_right_alt\" href=\"https:\/\/christianbookshop.org\/nb\" target=\"_blank\" rel=\"noopener\">Il est possible de se procurer la litt\u00e9rature de Johan O. Smith ici<\/a><\/div>\n<\/div>\n\n\n\n<div style=\"height:32px\" aria-hidden=\"true\" class=\"wp-block-spacer\"><\/div>\n<\/div><\/div>\n\n\n\n<div class=\"wp-block-group alignwide\"><div class=\"wp-block-group__inner-container is-layout-constrained wp-block-group-is-layout-constrained\">\n<h3 class=\"wp-block-heading\" id=\"forkynnelsen\">La pr\u00e9dication<\/h3>\n\n\n\n<p>La cl\u00e9 pour comprendre BCC est de comprendre ce que nous annon\u00e7ons. Voici une explication simple :<\/p>\n\n\n\n<div class=\"wp-block-cover\" style=\"min-height:360px;aspect-ratio:unset;\"><img loading=\"lazy\" decoding=\"async\" width=\"1920\" height=\"1281\" class=\"wp-block-cover__image-background wp-image-99865\" alt=\"\" src=\"https:\/\/bcc.no\/wp-content\/uploads\/2024\/11\/2024_Festhelg_Festen_215619-2.jpg\" data-object-fit=\"cover\"\/><span aria-hidden=\"true\" class=\"wp-block-cover__background has-background-dim\" style=\"background-color:#656565\"><\/span><div class=\"wp-block-cover__inner-container is-layout-constrained wp-block-cover-is-layout-constrained\">\n<h2 class=\"wp-block-heading has-text-align-center has-large-font-size\">Quels sont les \u00e9l\u00e9ments essentiels dans la pr\u00e9dication de BCC&nbsp;?<\/h2>\n\n\n\n<div class=\"wp-block-buttons is-content-justification-center is-layout-flex wp-container-core-buttons-is-layout-16018d1d wp-block-buttons-is-layout-flex\">\n<div class=\"wp-block-button\"><a class=\"wp-block-button__link wp-element-button open_in_new\" href=\"https:\/\/innsikt.bcc.no\/fr\/la-predication\/\" target=\"_blank\" rel=\"noopener\">Voir l&rsquo;explication simple<\/a><\/div>\n<\/div>\n<\/div><\/div>\n\n\n\n<p><\/p>\n<\/div><\/div>\n\n\n\n<div class=\"wp-block-group is-style-call-to-action\"><div class=\"wp-block-group__inner-container is-layout-flow wp-block-group-is-layout-flow\">\n<p>Voir notre page Mission<\/p>\n\n\n\n<div class=\"wp-block-buttons is-horizontal is-content-justification-left is-layout-flex wp-container-core-buttons-is-layout-7e5fce0a wp-block-buttons-is-layout-flex\">\n<div class=\"wp-block-button\"><a class=\"wp-block-button__link wp-element-button arrow_right_alt\" href=\"https:\/\/aktivkristendom.no\/\" target=\"_blank\" rel=\"noopener\">christianismeactif.fr<\/a><\/div>\n<\/div>\n<\/div><\/div>\n\n\n\n<div class=\"wp-block-group\"><div class=\"wp-block-group__inner-container is-layout-constrained wp-block-group-is-layout-constrained\">\n    <section class=\"related-articles\" data-columns=\"3\">\n        <h2>Lire aussi<\/h2>\n        <div class=\"related-articles-items\">\n                            <div id=\"post-128971\" class=\"article has-image\">\n                    <div class=\"article-card no-content\">No post available.<\/div>                <\/div>\n                                <\/div>\n    <\/section>\n<\/div><\/div>\n\n\n\n<p><\/p>\n","protected":false},"excerpt":{"rendered":"<p>Le travail principal de BCC est de promouvoir la foi chr\u00e9tienne parmi tous les gens et de leur apprendre \u00e0 garder tout ce que J\u00e9sus a command\u00e9. Matthieu 28, 18-20. Le fondement doctrinal repose sur la Bible, les Saintes \u00c9critures, qui sont inspir\u00e9es de Dieu. La Bible est notre seul texte faisant autorit\u00e9, et elle [&hellip;]<\/p>\n","protected":false},"author":6,"featured_media":95543,"parent":0,"menu_order":0,"comment_status":"closed","ping_status":"closed","template":"","meta":{"_acf_changed":false,"inline_featured_image":false,"_uag_custom_page_level_css":"","bcc_login_visibility":0,"bcc_groups":[],"bcc_groups_email":true,"bcc_visibility_groups":[],"bcc_visibility_groups_email":false,"sent_notifications":[],"footnotes":"","_links_to":"","_links_to_target":""},"class_list":["post-96674","page","type-page","status-publish","has-post-thumbnail","hentry"],"acf":{"rss_image":null},"featured_image_src":"https:\/\/bcc.no\/wp-content\/uploads\/2024\/09\/2023-08-01_BCC_Mote-41-2-scaled.jpg","yoast_head":"<!-- This site is optimized with the Yoast SEO plugin v27.4 - https:\/\/yoast.com\/product\/yoast-seo-wordpress\/ -->\n<title>Notre foi - Brunstad Christian Church \u00ab Les amis de Smith \u00bb<\/title>\n<meta name=\"description\" content=\"Les objectifs fondamentaux de BCC sont d&#039;encourager chacun \u00e0 vivre une vie de disciple de J\u00e9sus, conform\u00e9ment \u00e0 la Grande Commission de J\u00e9sus.\" \/>\n<meta name=\"robots\" content=\"index, follow, max-snippet:-1, max-image-preview:large, max-video-preview:-1\" \/>\n<link rel=\"canonical\" href=\"https:\/\/bcc.no\/fr\/notre-foi\/\" \/>\n<meta property=\"og:locale\" content=\"fr_FR\" \/>\n<meta property=\"og:type\" content=\"article\" \/>\n<meta property=\"og:title\" content=\"Notre foi - Brunstad Christian Church \u00ab Les amis de Smith \u00bb\" \/>\n<meta property=\"og:description\" content=\"Les objectifs fondamentaux de BCC sont d&#039;encourager chacun \u00e0 vivre une vie de disciple de J\u00e9sus, conform\u00e9ment \u00e0 la Grande Commission de J\u00e9sus.\" \/>\n<meta property=\"og:url\" content=\"https:\/\/bcc.no\/fr\/notre-foi\/\" \/>\n<meta property=\"og:site_name\" content=\"BCC\" \/>\n<meta property=\"article:modified_time\" content=\"2025-10-22T11:05:29+00:00\" \/>\n<meta property=\"og:image\" content=\"https:\/\/bcc.no\/wp-content\/uploads\/2024\/09\/2023-08-01_BCC_Mote-41-2-scaled.jpg\" \/>\n\t<meta property=\"og:image:width\" content=\"2560\" \/>\n\t<meta property=\"og:image:height\" content=\"1093\" \/>\n\t<meta property=\"og:image:type\" content=\"image\/jpeg\" \/>\n<meta name=\"twitter:card\" content=\"summary_large_image\" \/>\n<meta name=\"twitter:label1\" content=\"Dur\u00e9e de lecture estim\u00e9e\" \/>\n\t<meta name=\"twitter:data1\" content=\"3 minutes\" \/>\n<script type=\"application\/ld+json\" class=\"yoast-schema-graph\">{\"@context\":\"https:\\\/\\\/schema.org\",\"@graph\":[{\"@type\":\"WebPage\",\"@id\":\"https:\\\/\\\/bcc.no\\\/fr\\\/notre-foi\\\/\",\"url\":\"https:\\\/\\\/bcc.no\\\/fr\\\/notre-foi\\\/\",\"name\":\"Notre foi - Brunstad Christian Church \u00ab Les amis de Smith \u00bb\",\"isPartOf\":{\"@id\":\"https:\\\/\\\/bcc.no\\\/fr\\\/#website\"},\"primaryImageOfPage\":{\"@id\":\"https:\\\/\\\/bcc.no\\\/fr\\\/notre-foi\\\/#primaryimage\"},\"image\":{\"@id\":\"https:\\\/\\\/bcc.no\\\/fr\\\/notre-foi\\\/#primaryimage\"},\"thumbnailUrl\":\"https:\\\/\\\/bcc.no\\\/wp-content\\\/uploads\\\/2024\\\/09\\\/2023-08-01_BCC_Mote-41-2-scaled.jpg\",\"datePublished\":\"2024-09-10T06:15:06+00:00\",\"dateModified\":\"2025-10-22T11:05:29+00:00\",\"description\":\"Les objectifs fondamentaux de BCC sont d'encourager chacun \u00e0 vivre une vie de disciple de J\u00e9sus, conform\u00e9ment \u00e0 la Grande Commission de J\u00e9sus.\",\"breadcrumb\":{\"@id\":\"https:\\\/\\\/bcc.no\\\/fr\\\/notre-foi\\\/#breadcrumb\"},\"inLanguage\":\"fr-FR\",\"potentialAction\":[{\"@type\":\"ReadAction\",\"target\":[\"https:\\\/\\\/bcc.no\\\/fr\\\/notre-foi\\\/\"]}]},{\"@type\":\"ImageObject\",\"inLanguage\":\"fr-FR\",\"@id\":\"https:\\\/\\\/bcc.no\\\/fr\\\/notre-foi\\\/#primaryimage\",\"url\":\"https:\\\/\\\/bcc.no\\\/wp-content\\\/uploads\\\/2024\\\/09\\\/2023-08-01_BCC_Mote-41-2-scaled.jpg\",\"contentUrl\":\"https:\\\/\\\/bcc.no\\\/wp-content\\\/uploads\\\/2024\\\/09\\\/2023-08-01_BCC_Mote-41-2-scaled.jpg\",\"width\":2560,\"height\":1093},{\"@type\":\"WebSite\",\"@id\":\"https:\\\/\\\/bcc.no\\\/fr\\\/#website\",\"url\":\"https:\\\/\\\/bcc.no\\\/fr\\\/\",\"name\":\"BCC\",\"description\":\"et internasjonalt trossamfunn\",\"publisher\":{\"@id\":\"https:\\\/\\\/bcc.no\\\/fr\\\/#organization\"},\"potentialAction\":[{\"@type\":\"SearchAction\",\"target\":{\"@type\":\"EntryPoint\",\"urlTemplate\":\"https:\\\/\\\/bcc.no\\\/fr\\\/?s={search_term_string}\"},\"query-input\":{\"@type\":\"PropertyValueSpecification\",\"valueRequired\":true,\"valueName\":\"search_term_string\"}}],\"inLanguage\":\"fr-FR\"},{\"@type\":\"Organization\",\"@id\":\"https:\\\/\\\/bcc.no\\\/fr\\\/#organization\",\"name\":\"BCC\",\"url\":\"https:\\\/\\\/bcc.no\\\/fr\\\/\",\"logo\":{\"@type\":\"ImageObject\",\"inLanguage\":\"fr-FR\",\"@id\":\"https:\\\/\\\/bcc.no\\\/fr\\\/#\\\/schema\\\/logo\\\/image\\\/\",\"url\":\"https:\\\/\\\/bcc.no\\\/wp-content\\\/uploads\\\/2026\\\/04\\\/bcc_logo_full.svg\",\"contentUrl\":\"https:\\\/\\\/bcc.no\\\/wp-content\\\/uploads\\\/2026\\\/04\\\/bcc_logo_full.svg\",\"caption\":\"BCC\"},\"image\":{\"@id\":\"https:\\\/\\\/bcc.no\\\/fr\\\/#\\\/schema\\\/logo\\\/image\\\/\"}}]}<\/script>\n<!-- \/ Yoast SEO plugin. -->","yoast_head_json":{"title":"Notre foi - Brunstad Christian Church \u00ab Les amis de Smith \u00bb","description":"Les objectifs fondamentaux de BCC sont d'encourager chacun \u00e0 vivre une vie de disciple de J\u00e9sus, conform\u00e9ment \u00e0 la Grande Commission de J\u00e9sus.","robots":{"index":"index","follow":"follow","max-snippet":"max-snippet:-1","max-image-preview":"max-image-preview:large","max-video-preview":"max-video-preview:-1"},"canonical":"https:\/\/bcc.no\/fr\/notre-foi\/","og_locale":"fr_FR","og_type":"article","og_title":"Notre foi - Brunstad Christian Church \u00ab Les amis de Smith \u00bb","og_description":"Les objectifs fondamentaux de BCC sont d'encourager chacun \u00e0 vivre une vie de disciple de J\u00e9sus, conform\u00e9ment \u00e0 la Grande Commission de J\u00e9sus.","og_url":"https:\/\/bcc.no\/fr\/notre-foi\/","og_site_name":"BCC","article_modified_time":"2025-10-22T11:05:29+00:00","og_image":[{"width":2560,"height":1093,"url":"https:\/\/bcc.no\/wp-content\/uploads\/2024\/09\/2023-08-01_BCC_Mote-41-2-scaled.jpg","type":"image\/jpeg"}],"twitter_card":"summary_large_image","twitter_misc":{"Dur\u00e9e de lecture estim\u00e9e":"3 minutes"},"schema":{"@context":"https:\/\/schema.org","@graph":[{"@type":"WebPage","@id":"https:\/\/bcc.no\/fr\/notre-foi\/","url":"https:\/\/bcc.no\/fr\/notre-foi\/","name":"Notre foi - Brunstad Christian Church \u00ab Les amis de Smith \u00bb","isPartOf":{"@id":"https:\/\/bcc.no\/fr\/#website"},"primaryImageOfPage":{"@id":"https:\/\/bcc.no\/fr\/notre-foi\/#primaryimage"},"image":{"@id":"https:\/\/bcc.no\/fr\/notre-foi\/#primaryimage"},"thumbnailUrl":"https:\/\/bcc.no\/wp-content\/uploads\/2024\/09\/2023-08-01_BCC_Mote-41-2-scaled.jpg","datePublished":"2024-09-10T06:15:06+00:00","dateModified":"2025-10-22T11:05:29+00:00","description":"Les objectifs fondamentaux de BCC sont d'encourager chacun \u00e0 vivre une vie de disciple de J\u00e9sus, conform\u00e9ment \u00e0 la Grande Commission de J\u00e9sus.","breadcrumb":{"@id":"https:\/\/bcc.no\/fr\/notre-foi\/#breadcrumb"},"inLanguage":"fr-FR","potentialAction":[{"@type":"ReadAction","target":["https:\/\/bcc.no\/fr\/notre-foi\/"]}]},{"@type":"ImageObject","inLanguage":"fr-FR","@id":"https:\/\/bcc.no\/fr\/notre-foi\/#primaryimage","url":"https:\/\/bcc.no\/wp-content\/uploads\/2024\/09\/2023-08-01_BCC_Mote-41-2-scaled.jpg","contentUrl":"https:\/\/bcc.no\/wp-content\/uploads\/2024\/09\/2023-08-01_BCC_Mote-41-2-scaled.jpg","width":2560,"height":1093},{"@type":"WebSite","@id":"https:\/\/bcc.no\/fr\/#website","url":"https:\/\/bcc.no\/fr\/","name":"BCC","description":"et internasjonalt trossamfunn","publisher":{"@id":"https:\/\/bcc.no\/fr\/#organization"},"potentialAction":[{"@type":"SearchAction","target":{"@type":"EntryPoint","urlTemplate":"https:\/\/bcc.no\/fr\/?s={search_term_string}"},"query-input":{"@type":"PropertyValueSpecification","valueRequired":true,"valueName":"search_term_string"}}],"inLanguage":"fr-FR"},{"@type":"Organization","@id":"https:\/\/bcc.no\/fr\/#organization","name":"BCC","url":"https:\/\/bcc.no\/fr\/","logo":{"@type":"ImageObject","inLanguage":"fr-FR","@id":"https:\/\/bcc.no\/fr\/#\/schema\/logo\/image\/","url":"https:\/\/bcc.no\/wp-content\/uploads\/2026\/04\/bcc_logo_full.svg","contentUrl":"https:\/\/bcc.no\/wp-content\/uploads\/2026\/04\/bcc_logo_full.svg","caption":"BCC"},"image":{"@id":"https:\/\/bcc.no\/fr\/#\/schema\/logo\/image\/"}}]}},"uagb_featured_image_src":{"full":["https:\/\/bcc.no\/wp-content\/uploads\/2024\/09\/2023-08-01_BCC_Mote-41-2-scaled.jpg",2560,1093,false],"thumbnail":["https:\/\/bcc.no\/wp-content\/uploads\/2024\/09\/2023-08-01_BCC_Mote-41-2-150x150.jpg",150,150,true],"medium":["https:\/\/bcc.no\/wp-content\/uploads\/2024\/09\/2023-08-01_BCC_Mote-41-2-300x128.jpg",300,128,true],"medium_large":["https:\/\/bcc.no\/wp-content\/uploads\/2024\/09\/2023-08-01_BCC_Mote-41-2-768x328.jpg",640,273,true],"large":["https:\/\/bcc.no\/wp-content\/uploads\/2024\/09\/2023-08-01_BCC_Mote-41-2-1024x437.jpg",640,273,true],"1536x1536":["https:\/\/bcc.no\/wp-content\/uploads\/2024\/09\/2023-08-01_BCC_Mote-41-2-1536x656.jpg",1536,656,true],"2048x2048":["https:\/\/bcc.no\/wp-content\/uploads\/2024\/09\/2023-08-01_BCC_Mote-41-2-2048x875.jpg",2048,875,true]},"uagb_author_info":{"display_name":"Mathias Strand Kristiansen","author_link":"https:\/\/bcc.no\/fr\/author\/22801\/"},"uagb_comment_info":0,"uagb_excerpt":"Le travail principal de BCC est de promouvoir la foi chr\u00e9tienne parmi tous les gens et de leur apprendre \u00e0 garder tout ce que J\u00e9sus a command\u00e9. Matthieu 28, 18-20. Le fondement doctrinal repose sur la Bible, les Saintes \u00c9critures, qui sont inspir\u00e9es de Dieu. La Bible est notre seul texte faisant autorit\u00e9, et elle\u2026","_links":{"self":[{"href":"https:\/\/bcc.no\/fr\/wp-json\/wp\/v2\/pages\/96674","targetHints":{"allow":["GET"]}}],"collection":[{"href":"https:\/\/bcc.no\/fr\/wp-json\/wp\/v2\/pages"}],"about":[{"href":"https:\/\/bcc.no\/fr\/wp-json\/wp\/v2\/types\/page"}],"author":[{"embeddable":true,"href":"https:\/\/bcc.no\/fr\/wp-json\/wp\/v2\/users\/6"}],"replies":[{"embeddable":true,"href":"https:\/\/bcc.no\/fr\/wp-json\/wp\/v2\/comments?post=96674"}],"version-history":[{"count":21,"href":"https:\/\/bcc.no\/fr\/wp-json\/wp\/v2\/pages\/96674\/revisions"}],"predecessor-version":[{"id":141661,"href":"https:\/\/bcc.no\/fr\/wp-json\/wp\/v2\/pages\/96674\/revisions\/141661"}],"wp:featuredmedia":[{"embeddable":true,"href":"https:\/\/bcc.no\/fr\/wp-json\/wp\/v2\/media\/95543"}],"wp:attachment":[{"href":"https:\/\/bcc.no\/fr\/wp-json\/wp\/v2\/media?parent=96674"}],"curies":[{"name":"wp","href":"https:\/\/api.w.org\/{rel}","templated":true}]}}