{"id":96671,"date":"2024-10-07T14:01:42","date_gmt":"2024-10-07T13:01:42","guid":{"rendered":"https:\/\/bcc.no\/bcc-a-team\/"},"modified":"2025-01-29T12:19:37","modified_gmt":"2025-01-29T11:19:37","slug":"a-team","status":"publish","type":"page","link":"https:\/\/bcc.no\/fr\/a-team\/","title":{"rendered":"BCC A-team"},"content":{"rendered":"\n<div class=\"wp-block-group\"><div class=\"wp-block-group__inner-container is-layout-constrained wp-block-group-is-layout-constrained\"><div class=\"yoast-breadcrumbs\"><span><span>Page d&rsquo;accueil<\/span> \/ <span class=\"breadcrumb_last\" aria-current=\"page\"><a href=\"https:\/\/bcc.no\/fr\/a-team\/\">BCC A-team<\/a><\/span><\/span><\/div>\n\n\n<h4 class=\"wp-block-heading featuredParagraph\">Chaque ann\u00e9e, entre 300 et 400 jeunes de BCC postulent pour participer au programme pour la jeunesse appel\u00e9 A-team.<\/h4>\n\n\n\n<hr class=\"wp-block-separator has-alpha-channel-opacity\"\/>\n\n\n\n<p>Depuis 20 ans, il s&rsquo;agit d&rsquo;un terme collectif d\u00e9signant divers programmes pour la jeunesse associ\u00e9s \u00e0 BCC, soit directement, soit indirectement par le biais d&rsquo;objectifs communs. Bien que l&rsquo;organisation ait quelque peu chang\u00e9 au fil des ans, l&rsquo;id\u00e9e de base est la m\u00eame et le profil de la mission est clair.<\/p>\n<\/div><\/div>\n\n\n\n<div class=\"wp-block-group\"><div class=\"wp-block-group__inner-container is-layout-constrained wp-block-group-is-layout-constrained\">\n<h3 class=\"wp-block-heading\" id=\"historiske-fakta\">Faits historiques<\/h3>\n\n\n\n<ul class=\"wp-block-list\">\n<li>Environ 6 000 jeunes ont particip\u00e9 \u00e0 l&rsquo;\u00e9quipe A depuis sa cr\u00e9ation en 2002<\/li>\n\n\n\n<li>Cette offre est r\u00e9serv\u00e9e aux jeunes de BCC, et le s\u00e9jour dure g\u00e9n\u00e9ralement un an<\/li>\n\n\n\n<li>Les \u00e9l\u00e9ments principaux de ce programme sont l&rsquo;enseignement de la Bible, la communion, le travail et les \u00e9changes culturels<\/li>\n\n\n\n<li>Les candidats viennent du monde entier : entre 20 et 30 nations diff\u00e9rentes ont \u00e9t\u00e9 repr\u00e9sent\u00e9es dans chaque promotion<\/li>\n<\/ul>\n<\/div><\/div>\n\n\n\n<div class=\"wp-block-group\"><div class=\"wp-block-group__inner-container is-layout-constrained wp-block-group-is-layout-constrained\">\n<h3 class=\"wp-block-heading\" id=\"et-populaert-tilbud\">Une offre populaire<\/h3>\n\n\n\n<p>A-team est depuis longtemps un programme populaire aupr\u00e8s des jeunes de Norv\u00e8ge et d&rsquo;autres r\u00e9gions du monde. On y vit et travaille ensemble pendant un an, on participe \u00e0 des \u00e9tudes bibliques et \u00e0 diverses activit\u00e9s et exp\u00e9riences avec des jeunes de son \u00e2ge.<\/p>\n\n\n\n<p>Comme pour plusieurs autres \u00e9glises et organisations \u00e0 but non lucratif, les jeunes se voient proposer une ann\u00e9e un peu diff\u00e9rente, au cours de laquelle ils rencontrent des jeunes de nombreux pays. La coh\u00e9sion et les liens qui se d\u00e9veloppent entre les jeunes au cours de cette ann\u00e9e peuvent \u00eatre compar\u00e9s \u00e0 ce que l&rsquo;on vit au cours de la scolarit\u00e9 dans une \u00e9cole sup\u00e9rieure ou au cours du service militaire.<\/p>\n\n\n\n<figure class=\"wp-block-gallery has-nested-images columns-default is-cropped wp-block-gallery-1 is-layout-flex wp-block-gallery-is-layout-flex\">\n<figure class=\"wp-block-image size-large\"><img loading=\"lazy\" decoding=\"async\" width=\"1024\" height=\"576\" data-id=\"96203\" src=\"https:\/\/bcc.no\/wp-content\/uploads\/2024\/10\/3_BCC-trossamfunn-web-A-team-slider-1024x576-1.png\" alt=\"\" class=\"wp-image-96203\"\/><\/figure>\n\n\n\n<figure class=\"wp-block-image size-large\"><img loading=\"lazy\" decoding=\"async\" width=\"1024\" height=\"576\" data-id=\"96208\" src=\"https:\/\/bcc.no\/wp-content\/uploads\/2024\/10\/6_BCC-trossamfunn-web-A-team-slider-1024x576-1.png\" alt=\"\" class=\"wp-image-96208\"\/><\/figure>\n\n\n\n<figure class=\"wp-block-image size-large\"><img loading=\"lazy\" decoding=\"async\" width=\"1024\" height=\"576\" data-id=\"96213\" src=\"https:\/\/bcc.no\/wp-content\/uploads\/2024\/10\/5_BCC-trossamfunn-web-A-team-slider-1024x576-1.png\" alt=\"\" class=\"wp-image-96213\"\/><\/figure>\n\n\n\n<figure class=\"wp-block-image size-large\"><img loading=\"lazy\" decoding=\"async\" width=\"1024\" height=\"576\" data-id=\"96218\" src=\"https:\/\/bcc.no\/wp-content\/uploads\/2024\/10\/2_BCC-trossamfunn-web-A-team-slider-1024x576-1.png\" alt=\"\" class=\"wp-image-96218\"\/><\/figure>\n\n\n\n<figure class=\"wp-block-image size-large\"><img loading=\"lazy\" decoding=\"async\" width=\"1024\" height=\"576\" data-id=\"96223\" src=\"https:\/\/bcc.no\/wp-content\/uploads\/2024\/10\/4_BCC-trossamfunn-web-A-team-slider-1024x576-1.png\" alt=\"\" class=\"wp-image-96223\"\/><\/figure>\n<\/figure>\n\n\n\n<p><\/p>\n<\/div><\/div>\n\n\n\n<div class=\"wp-block-group\"><div class=\"wp-block-group__inner-container is-layout-constrained wp-block-group-is-layout-constrained\">\n<div class=\"wp-block-group is-style-faktaboks\"><div class=\"wp-block-group__inner-container is-layout-flow wp-block-group-is-layout-flow\">\n<h3 class=\"wp-block-heading\" id=\"ny-organisering\">\u00c0 propos de BCC A-team<\/h3>\n\n\n\n<p>BCC A-team est une fondation cr\u00e9\u00e9e en 2021. <\/p>\n<\/div><\/div>\n<\/div><\/div>\n\n\n\n<div class=\"wp-block-group\"><div class=\"wp-block-group__inner-container is-layout-constrained wp-block-group-is-layout-constrained\">\n<div class=\"wp-block-group is-style-faktaboks\"><div class=\"wp-block-group__inner-container is-layout-flow wp-block-group-is-layout-flow\">\n<h3 class=\"wp-block-heading\" id=\"yep-for-ungdommer-utenfor-europa-eos\">YEP &#8211; pour les jeunes hors Europe \/ EEE<\/h3>\n\n\n\n<p>Pour les candidats originaires de pays situ\u00e9s en dehors de l&rsquo;Europe et de l&rsquo;EEE, la f\u00e9d\u00e9ration BCC soutient un programme distinct, le YEP (Youth Exchange Programme), qui est administr\u00e9 par BCC Event.<\/p>\n\n\n\n<p><strong><a href=\"https:\/\/event.bcc.no\/yep\/\" target=\"_blank\" rel=\"noreferrer noopener\">En savoir plus sur YEP<\/a><\/strong><\/p>\n<\/div><\/div>\n<\/div><\/div>\n\n\n\n<div class=\"wp-block-group\"><div class=\"wp-block-group__inner-container is-layout-constrained wp-block-group-is-layout-constrained\">\n<figure class=\"wp-block-image size-large\"><img loading=\"lazy\" decoding=\"async\" width=\"1024\" height=\"683\" src=\"http:\/\/bcc.no\/wp-content\/uploads\/2024\/10\/YEP-event-1-2-1024x683.jpg\" alt=\"\" class=\"wp-image-96316\"\/><\/figure>\n\n\n\n    <section class=\"related-articles\" data-columns=\"3\">\n        <h2>Lire aussi<\/h2>\n        <div class=\"related-articles-items\">\n                            <div id=\"post-146490\" class=\"article has-image\">\n                    <div class=\"article-card no-content\">No post available.<\/div>                <\/div>\n                                <\/div>\n    <\/section>\n<\/div><\/div>\n\n","protected":false},"excerpt":{"rendered":"<p>Chaque ann\u00e9e, entre 300 et 400 jeunes de BCC postulent pour participer au programme pour la jeunesse appel\u00e9 A-team. Depuis 20 ans, il s&rsquo;agit d&rsquo;un terme collectif d\u00e9signant divers programmes pour la jeunesse associ\u00e9s \u00e0 BCC, soit directement, soit indirectement par le biais d&rsquo;objectifs communs. Bien que l&rsquo;organisation ait quelque peu chang\u00e9 au fil des [&hellip;]<\/p>\n","protected":false},"author":6,"featured_media":96239,"parent":0,"menu_order":0,"comment_status":"closed","ping_status":"closed","template":"","meta":{"_acf_changed":false,"inline_featured_image":false,"_uag_custom_page_level_css":"","bcc_login_visibility":0,"bcc_groups":[],"bcc_groups_email":true,"bcc_visibility_groups":[],"bcc_visibility_groups_email":false,"sent_notifications":[],"footnotes":"","_links_to":"","_links_to_target":""},"class_list":["post-96671","page","type-page","status-publish","has-post-thumbnail","hentry"],"acf":{"rss_image":null},"featured_image_src":"https:\/\/bcc.no\/wp-content\/uploads\/2024\/10\/4_BANNER-A-team-BCC-trossamfunn-web_4.jpg","yoast_head":"<!-- This site is optimized with the Yoast SEO plugin v27.4 - https:\/\/yoast.com\/product\/yoast-seo-wordpress\/ -->\n<title>BCC A-team<\/title>\n<meta name=\"description\" content=\"A-team est un programme pour les jeunes d&#039;une dur\u00e9e d&#039;un an qui comprend un enseignement biblique, du travail et des \u00e9changes culturels. Chaque ann\u00e9e, 300 \u00e0 400 jeunes de BCC posent leur candidature pour ce programme.\" \/>\n<meta name=\"robots\" content=\"index, follow, max-snippet:-1, max-image-preview:large, max-video-preview:-1\" \/>\n<link rel=\"canonical\" href=\"https:\/\/bcc.no\/fr\/a-team\/\" \/>\n<meta property=\"og:locale\" content=\"fr_FR\" \/>\n<meta property=\"og:type\" content=\"article\" \/>\n<meta property=\"og:title\" content=\"BCC A-team\" \/>\n<meta property=\"og:description\" content=\"A-team est un programme pour les jeunes d&#039;une dur\u00e9e d&#039;un an qui comprend un enseignement biblique, du travail et des \u00e9changes culturels. Chaque ann\u00e9e, 300 \u00e0 400 jeunes de BCC posent leur candidature pour ce programme.\" \/>\n<meta property=\"og:url\" content=\"https:\/\/bcc.no\/fr\/a-team\/\" \/>\n<meta property=\"og:site_name\" content=\"BCC\" \/>\n<meta property=\"article:modified_time\" content=\"2025-01-29T11:19:37+00:00\" \/>\n<meta property=\"og:image\" content=\"https:\/\/bcc.no\/wp-content\/uploads\/2024\/10\/4_BANNER-A-team-BCC-trossamfunn-web_4.jpg\" \/>\n\t<meta property=\"og:image:width\" content=\"1200\" \/>\n\t<meta property=\"og:image:height\" content=\"338\" \/>\n\t<meta property=\"og:image:type\" content=\"image\/jpeg\" \/>\n<meta name=\"twitter:card\" content=\"summary_large_image\" \/>\n<meta name=\"twitter:label1\" content=\"Dur\u00e9e de lecture estim\u00e9e\" \/>\n\t<meta name=\"twitter:data1\" content=\"2 minutes\" \/>\n<script type=\"application\/ld+json\" class=\"yoast-schema-graph\">{\"@context\":\"https:\\\/\\\/schema.org\",\"@graph\":[{\"@type\":\"WebPage\",\"@id\":\"https:\\\/\\\/bcc.no\\\/fr\\\/a-team\\\/\",\"url\":\"https:\\\/\\\/bcc.no\\\/fr\\\/a-team\\\/\",\"name\":\"BCC A-team\",\"isPartOf\":{\"@id\":\"https:\\\/\\\/bcc.no\\\/fr\\\/#website\"},\"primaryImageOfPage\":{\"@id\":\"https:\\\/\\\/bcc.no\\\/fr\\\/a-team\\\/#primaryimage\"},\"image\":{\"@id\":\"https:\\\/\\\/bcc.no\\\/fr\\\/a-team\\\/#primaryimage\"},\"thumbnailUrl\":\"https:\\\/\\\/bcc.no\\\/wp-content\\\/uploads\\\/2024\\\/10\\\/4_BANNER-A-team-BCC-trossamfunn-web_4.jpg\",\"datePublished\":\"2024-10-07T13:01:42+00:00\",\"dateModified\":\"2025-01-29T11:19:37+00:00\",\"description\":\"A-team est un programme pour les jeunes d'une dur\u00e9e d'un an qui comprend un enseignement biblique, du travail et des \u00e9changes culturels. Chaque ann\u00e9e, 300 \u00e0 400 jeunes de BCC posent leur candidature pour ce programme.\",\"breadcrumb\":{\"@id\":\"https:\\\/\\\/bcc.no\\\/fr\\\/a-team\\\/#breadcrumb\"},\"inLanguage\":\"fr-FR\",\"potentialAction\":[{\"@type\":\"ReadAction\",\"target\":[\"https:\\\/\\\/bcc.no\\\/fr\\\/a-team\\\/\"]}]},{\"@type\":\"ImageObject\",\"inLanguage\":\"fr-FR\",\"@id\":\"https:\\\/\\\/bcc.no\\\/fr\\\/a-team\\\/#primaryimage\",\"url\":\"https:\\\/\\\/bcc.no\\\/wp-content\\\/uploads\\\/2024\\\/10\\\/4_BANNER-A-team-BCC-trossamfunn-web_4.jpg\",\"contentUrl\":\"https:\\\/\\\/bcc.no\\\/wp-content\\\/uploads\\\/2024\\\/10\\\/4_BANNER-A-team-BCC-trossamfunn-web_4.jpg\",\"width\":1200,\"height\":338},{\"@type\":\"WebSite\",\"@id\":\"https:\\\/\\\/bcc.no\\\/fr\\\/#website\",\"url\":\"https:\\\/\\\/bcc.no\\\/fr\\\/\",\"name\":\"BCC\",\"description\":\"et internasjonalt trossamfunn\",\"publisher\":{\"@id\":\"https:\\\/\\\/bcc.no\\\/fr\\\/#organization\"},\"potentialAction\":[{\"@type\":\"SearchAction\",\"target\":{\"@type\":\"EntryPoint\",\"urlTemplate\":\"https:\\\/\\\/bcc.no\\\/fr\\\/?s={search_term_string}\"},\"query-input\":{\"@type\":\"PropertyValueSpecification\",\"valueRequired\":true,\"valueName\":\"search_term_string\"}}],\"inLanguage\":\"fr-FR\"},{\"@type\":\"Organization\",\"@id\":\"https:\\\/\\\/bcc.no\\\/fr\\\/#organization\",\"name\":\"BCC\",\"url\":\"https:\\\/\\\/bcc.no\\\/fr\\\/\",\"logo\":{\"@type\":\"ImageObject\",\"inLanguage\":\"fr-FR\",\"@id\":\"https:\\\/\\\/bcc.no\\\/fr\\\/#\\\/schema\\\/logo\\\/image\\\/\",\"url\":\"https:\\\/\\\/bcc.no\\\/wp-content\\\/uploads\\\/2026\\\/04\\\/bcc_logo_full.svg\",\"contentUrl\":\"https:\\\/\\\/bcc.no\\\/wp-content\\\/uploads\\\/2026\\\/04\\\/bcc_logo_full.svg\",\"caption\":\"BCC\"},\"image\":{\"@id\":\"https:\\\/\\\/bcc.no\\\/fr\\\/#\\\/schema\\\/logo\\\/image\\\/\"}}]}<\/script>\n<!-- \/ Yoast SEO plugin. -->","yoast_head_json":{"title":"BCC A-team","description":"A-team est un programme pour les jeunes d'une dur\u00e9e d'un an qui comprend un enseignement biblique, du travail et des \u00e9changes culturels. Chaque ann\u00e9e, 300 \u00e0 400 jeunes de BCC posent leur candidature pour ce programme.","robots":{"index":"index","follow":"follow","max-snippet":"max-snippet:-1","max-image-preview":"max-image-preview:large","max-video-preview":"max-video-preview:-1"},"canonical":"https:\/\/bcc.no\/fr\/a-team\/","og_locale":"fr_FR","og_type":"article","og_title":"BCC A-team","og_description":"A-team est un programme pour les jeunes d'une dur\u00e9e d'un an qui comprend un enseignement biblique, du travail et des \u00e9changes culturels. Chaque ann\u00e9e, 300 \u00e0 400 jeunes de BCC posent leur candidature pour ce programme.","og_url":"https:\/\/bcc.no\/fr\/a-team\/","og_site_name":"BCC","article_modified_time":"2025-01-29T11:19:37+00:00","og_image":[{"width":1200,"height":338,"url":"https:\/\/bcc.no\/wp-content\/uploads\/2024\/10\/4_BANNER-A-team-BCC-trossamfunn-web_4.jpg","type":"image\/jpeg"}],"twitter_card":"summary_large_image","twitter_misc":{"Dur\u00e9e de lecture estim\u00e9e":"2 minutes"},"schema":{"@context":"https:\/\/schema.org","@graph":[{"@type":"WebPage","@id":"https:\/\/bcc.no\/fr\/a-team\/","url":"https:\/\/bcc.no\/fr\/a-team\/","name":"BCC A-team","isPartOf":{"@id":"https:\/\/bcc.no\/fr\/#website"},"primaryImageOfPage":{"@id":"https:\/\/bcc.no\/fr\/a-team\/#primaryimage"},"image":{"@id":"https:\/\/bcc.no\/fr\/a-team\/#primaryimage"},"thumbnailUrl":"https:\/\/bcc.no\/wp-content\/uploads\/2024\/10\/4_BANNER-A-team-BCC-trossamfunn-web_4.jpg","datePublished":"2024-10-07T13:01:42+00:00","dateModified":"2025-01-29T11:19:37+00:00","description":"A-team est un programme pour les jeunes d'une dur\u00e9e d'un an qui comprend un enseignement biblique, du travail et des \u00e9changes culturels. Chaque ann\u00e9e, 300 \u00e0 400 jeunes de BCC posent leur candidature pour ce programme.","breadcrumb":{"@id":"https:\/\/bcc.no\/fr\/a-team\/#breadcrumb"},"inLanguage":"fr-FR","potentialAction":[{"@type":"ReadAction","target":["https:\/\/bcc.no\/fr\/a-team\/"]}]},{"@type":"ImageObject","inLanguage":"fr-FR","@id":"https:\/\/bcc.no\/fr\/a-team\/#primaryimage","url":"https:\/\/bcc.no\/wp-content\/uploads\/2024\/10\/4_BANNER-A-team-BCC-trossamfunn-web_4.jpg","contentUrl":"https:\/\/bcc.no\/wp-content\/uploads\/2024\/10\/4_BANNER-A-team-BCC-trossamfunn-web_4.jpg","width":1200,"height":338},{"@type":"WebSite","@id":"https:\/\/bcc.no\/fr\/#website","url":"https:\/\/bcc.no\/fr\/","name":"BCC","description":"et internasjonalt trossamfunn","publisher":{"@id":"https:\/\/bcc.no\/fr\/#organization"},"potentialAction":[{"@type":"SearchAction","target":{"@type":"EntryPoint","urlTemplate":"https:\/\/bcc.no\/fr\/?s={search_term_string}"},"query-input":{"@type":"PropertyValueSpecification","valueRequired":true,"valueName":"search_term_string"}}],"inLanguage":"fr-FR"},{"@type":"Organization","@id":"https:\/\/bcc.no\/fr\/#organization","name":"BCC","url":"https:\/\/bcc.no\/fr\/","logo":{"@type":"ImageObject","inLanguage":"fr-FR","@id":"https:\/\/bcc.no\/fr\/#\/schema\/logo\/image\/","url":"https:\/\/bcc.no\/wp-content\/uploads\/2026\/04\/bcc_logo_full.svg","contentUrl":"https:\/\/bcc.no\/wp-content\/uploads\/2026\/04\/bcc_logo_full.svg","caption":"BCC"},"image":{"@id":"https:\/\/bcc.no\/fr\/#\/schema\/logo\/image\/"}}]}},"uagb_featured_image_src":{"full":["https:\/\/bcc.no\/wp-content\/uploads\/2024\/10\/4_BANNER-A-team-BCC-trossamfunn-web_4.jpg",1200,338,false],"thumbnail":["https:\/\/bcc.no\/wp-content\/uploads\/2024\/10\/4_BANNER-A-team-BCC-trossamfunn-web_4-150x150.jpg",150,150,true],"medium":["https:\/\/bcc.no\/wp-content\/uploads\/2024\/10\/4_BANNER-A-team-BCC-trossamfunn-web_4-300x85.jpg",300,85,true],"medium_large":["https:\/\/bcc.no\/wp-content\/uploads\/2024\/10\/4_BANNER-A-team-BCC-trossamfunn-web_4-768x216.jpg",640,180,true],"large":["https:\/\/bcc.no\/wp-content\/uploads\/2024\/10\/4_BANNER-A-team-BCC-trossamfunn-web_4-1024x288.jpg",640,180,true],"1536x1536":["https:\/\/bcc.no\/wp-content\/uploads\/2024\/10\/4_BANNER-A-team-BCC-trossamfunn-web_4.jpg",1200,338,false],"2048x2048":["https:\/\/bcc.no\/wp-content\/uploads\/2024\/10\/4_BANNER-A-team-BCC-trossamfunn-web_4.jpg",1200,338,false]},"uagb_author_info":{"display_name":"Mathias Strand Kristiansen","author_link":"https:\/\/bcc.no\/fr\/author\/22801\/"},"uagb_comment_info":0,"uagb_excerpt":"Chaque ann\u00e9e, entre 300 et 400 jeunes de BCC postulent pour participer au programme pour la jeunesse appel\u00e9 A-team. Depuis 20 ans, il s&rsquo;agit d&rsquo;un terme collectif d\u00e9signant divers programmes pour la jeunesse associ\u00e9s \u00e0 BCC, soit directement, soit indirectement par le biais d&rsquo;objectifs communs. Bien que l&rsquo;organisation ait quelque peu chang\u00e9 au fil des\u2026","_links":{"self":[{"href":"https:\/\/bcc.no\/fr\/wp-json\/wp\/v2\/pages\/96671","targetHints":{"allow":["GET"]}}],"collection":[{"href":"https:\/\/bcc.no\/fr\/wp-json\/wp\/v2\/pages"}],"about":[{"href":"https:\/\/bcc.no\/fr\/wp-json\/wp\/v2\/types\/page"}],"author":[{"embeddable":true,"href":"https:\/\/bcc.no\/fr\/wp-json\/wp\/v2\/users\/6"}],"replies":[{"embeddable":true,"href":"https:\/\/bcc.no\/fr\/wp-json\/wp\/v2\/comments?post=96671"}],"version-history":[{"count":5,"href":"https:\/\/bcc.no\/fr\/wp-json\/wp\/v2\/pages\/96671\/revisions"}],"predecessor-version":[{"id":128681,"href":"https:\/\/bcc.no\/fr\/wp-json\/wp\/v2\/pages\/96671\/revisions\/128681"}],"wp:featuredmedia":[{"embeddable":true,"href":"https:\/\/bcc.no\/fr\/wp-json\/wp\/v2\/media\/96239"}],"wp:attachment":[{"href":"https:\/\/bcc.no\/fr\/wp-json\/wp\/v2\/media?parent=96671"}],"curies":[{"name":"wp","href":"https:\/\/api.w.org\/{rel}","templated":true}]}}