{"id":96668,"date":"2024-09-10T07:25:57","date_gmt":"2024-09-10T06:25:57","guid":{"rendered":"https:\/\/bcc.no\/rapport-annuel-de-la-federation-bcc\/"},"modified":"2025-10-13T14:06:56","modified_gmt":"2025-10-13T13:06:56","slug":"rapport-annuel","status":"publish","type":"page","link":"https:\/\/bcc.no\/fr\/organisation\/rapport-annuel\/","title":{"rendered":"Rapport annuel de la f\u00e9d\u00e9ration BCC"},"content":{"rendered":"\n<div class=\"wp-block-group\"><div class=\"wp-block-group__inner-container is-layout-constrained wp-block-group-is-layout-constrained\"><div class=\"yoast-breadcrumbs\"><span><span><a href=\"https:\/\/bcc.no\/fr\/page-daccueil\/\">Page d&rsquo;accueil<\/a><\/span> \/ <span><a href=\"https:\/\/bcc.no\/fr\/organisation\/\">Organisation de la f\u00e9d\u00e9ration BCC<\/a><\/span> \/ <span class=\"breadcrumb_last\" aria-current=\"page\"><a href=\"https:\/\/bcc.no\/fr\/organisation\/rapport-annuel\/\">Rapport annuel de la f\u00e9d\u00e9ration BCC<\/a><\/span><\/span><\/div>\n\n\n<h4 class=\"wp-block-heading featuredParagraph\" id=\"bcc-er-et-trossamfunn-med-stor-internasjonal-virksomhet-her-pa-siden-kan-du-lese-bcc-forbundets-arsrapporter\">BCC est une communaut\u00e9 chr\u00e9tienne qui a de nombreuses activit\u00e9s internationales. Vous pouvez consulter sur cette page les rapports annuels de la f\u00e9d\u00e9ration BCC.<\/h4>\n\n\n\n<hr class=\"wp-block-separator has-alpha-channel-opacity is-style-default\"\/>\n\n\n\n<p>BCC est organis\u00e9 comme une f\u00e9d\u00e9ration de diff\u00e9rentes organisations ayant des activit\u00e9s internationales \u00e9tendues. L&rsquo;organisation centrale et les initiatives communes sont financ\u00e9es par la communaut\u00e9.<\/p>\n\n\n\n<p>Le rapport annuel d\u00e9crit les activit\u00e9s g\u00e9n\u00e9rales de la f\u00e9d\u00e9ration et contient des \u00e9tats financiers consolid\u00e9s pour l&rsquo;organisation centrale et les initiatives communes.<\/p>\n\n\n\n<div style=\"height:30px\" aria-hidden=\"true\" class=\"wp-block-spacer\"><\/div>\n\n\n\n<div class=\"wp-block-group is-vertical is-content-justification-center is-layout-flex wp-container-core-group-is-layout-4b2eccd6 wp-block-group-is-layout-flex\">\n<h3 class=\"wp-block-heading has-text-align-center\" id=\"arsrapport-for-2021\">Rapport annuel 2024<\/h3>\n\n\n\n<p><\/p>\n\n\n<div class=\"wp-block-image\">\n<figure class=\"aligncenter size-full is-resized\"><a href=\"https:\/\/bcc.no\/wp-content\/uploads\/2025\/06\/EN-Arsrapport-BCC-forbundet-2024.pdf\" target=\"_blank\" rel=\"noreferrer noopener\"><img loading=\"lazy\" decoding=\"async\" width=\"1810\" height=\"2560\" src=\"https:\/\/bcc.no\/wp-content\/uploads\/2025\/06\/EN-Arsrapport-BCC-forbundet-2024-scaled.jpg\" alt=\"\" class=\"wp-image-137587\" style=\"width:417px;height:auto\"\/><\/a><\/figure>\n<\/div>\n\n\n<div class=\"wp-block-buttons is-content-justification-center is-layout-flex wp-container-core-buttons-is-layout-16018d1d wp-block-buttons-is-layout-flex\">\n<div class=\"wp-block-button\"><a class=\"wp-block-button__link wp-element-button arrow_right_alt\" href=\"https:\/\/bcc.no\/wp-content\/uploads\/2025\/06\/EN-Arsrapport-BCC-forbundet-2024.pdf\" rel=\"\">T\u00e9l\u00e9charger le rapport<\/a><\/div>\n<\/div>\n<\/div>\n\n\n\n<div style=\"height:38px\" aria-hidden=\"true\" class=\"wp-block-spacer\"><\/div>\n<\/div><\/div>\n\n\n\n<div class=\"wp-block-group\"><div class=\"wp-block-group__inner-container is-layout-constrained wp-block-group-is-layout-constrained\">\n<div class=\"wp-block-pb-accordion-item c-accordion__item js-accordion-item no-js\" data-initially-open=\"false\" data-click-to-close=\"true\" data-auto-close=\"true\" data-scroll=\"false\" data-scroll-offset=\"0\"><h3 id=\"at-966682\" class=\"c-accordion__title js-accordion-controller\" role=\"button\">Archives pour les rapports annuels<\/h3><div id=\"ac-966682\" class=\"c-accordion__content\">\n<div class=\"wp-block-buttons is-vertical is-content-justification-left is-layout-flex wp-container-core-buttons-is-layout-c0ca7d81 wp-block-buttons-is-layout-flex\">\n<div class=\"wp-block-button\"><a class=\"wp-block-button__link wp-element-button arrow_right_alt\" href=\"https:\/\/bcc.no\/wp-content\/uploads\/2025\/01\/EN-Arsrapport-BCC-forbundet-2023.pdf\" rel=\"\">2023 Annual report (English)<\/a><\/div>\n\n\n\n<div class=\"wp-block-button\"><a class=\"wp-block-button__link wp-element-button arrow_right_alt\" href=\"https:\/\/bcc.no\/wp-content\/uploads\/2025\/01\/2023-07-03-ENG-Arsrapport-BCC-forbundet-DIGITAL-1.pdf\" rel=\"\">2022 Annual report (English)<\/a><\/div>\n\n\n\n<div class=\"wp-block-button\"><a class=\"wp-block-button__link wp-element-button arrow_right_alt\" href=\"https:\/\/bcc.no\/wp-content\/uploads\/2025\/01\/BCC-annual-report-2021.pdf\" rel=\"\">2021 Annual report (English)<\/a><\/div>\n\n\n\n<div class=\"wp-block-button\"><a class=\"wp-block-button__link wp-element-button arrow_right_alt\" href=\"https:\/\/bcc.no\/wp-content\/uploads\/2025\/01\/THE-BCC-FEDERATION_ANNUAL-REPORT_2020.pdf\" rel=\"\">2020 Annual report (English)<\/a><\/div>\n<\/div>\n<\/div><\/div>\n<\/div><\/div>\n\n\n\n<div class=\"wp-block-group\"><div class=\"wp-block-group__inner-container is-layout-constrained wp-block-group-is-layout-constrained\">\n    <section class=\"related-articles\" data-columns=\"3\">\n        <h2>Lire aussi<\/h2>\n        <div class=\"related-articles-items\">\n                            <div id=\"post-143086\" class=\"article has-image\">\n                    <div class=\"article-card no-content\">No post available.<\/div>                <\/div>\n                            <div id=\"post-137968\" class=\"article has-image\">\n                    <div class=\"article-card no-content\">No post available.<\/div>                <\/div>\n                            <div id=\"post-137680\" class=\"article has-image\">\n                    <div class=\"article-card no-content\">No post available.<\/div>                <\/div>\n                                <\/div>\n    <\/section>\n<\/div><\/div>\n","protected":false},"excerpt":{"rendered":"<p>BCC est une communaut\u00e9 chr\u00e9tienne qui a de nombreuses activit\u00e9s internationales. Vous pouvez consulter sur cette page les rapports annuels de la f\u00e9d\u00e9ration BCC. BCC est organis\u00e9 comme une f\u00e9d\u00e9ration de diff\u00e9rentes organisations ayant des activit\u00e9s internationales \u00e9tendues. L&rsquo;organisation centrale et les initiatives communes sont financ\u00e9es par la communaut\u00e9. Le rapport annuel d\u00e9crit les activit\u00e9s [&hellip;]<\/p>\n","protected":false},"author":6,"featured_media":93375,"parent":97744,"menu_order":0,"comment_status":"closed","ping_status":"closed","template":"","meta":{"_acf_changed":false,"inline_featured_image":false,"_uag_custom_page_level_css":"","bcc_login_visibility":0,"bcc_groups":[],"bcc_groups_email":true,"bcc_visibility_groups":[],"bcc_visibility_groups_email":false,"sent_notifications":[],"footnotes":"","_links_to":"","_links_to_target":""},"class_list":["post-96668","page","type-page","status-publish","has-post-thumbnail","hentry"],"acf":{"rss_image":null},"featured_image_src":"https:\/\/bcc.no\/wp-content\/uploads\/2024\/09\/2022-07-25_Arsrapport_Pressebilder_Redigert-20-sc.jpg","yoast_head":"<!-- This site is optimized with the Yoast SEO plugin v27.2 - https:\/\/yoast.com\/product\/yoast-seo-wordpress\/ -->\n<title>Rapport annuel de la f\u00e9d\u00e9ration BCC - BCC<\/title>\n<meta name=\"description\" content=\"BCC est une communaut\u00e9 chr\u00e9tienne qui a de nombreuses activit\u00e9s internationales. Vous pouvez consulter sur cette page les rapports annuels et les comptes annuels de la f\u00e9d\u00e9ration BCC.\" \/>\n<meta name=\"robots\" content=\"index, follow, max-snippet:-1, max-image-preview:large, max-video-preview:-1\" \/>\n<link rel=\"canonical\" href=\"https:\/\/bcc.no\/fr\/organisation\/rapport-annuel\/\" \/>\n<meta property=\"og:locale\" content=\"fr_FR\" \/>\n<meta property=\"og:type\" content=\"article\" \/>\n<meta property=\"og:title\" content=\"Le rapport annuel de la f\u00e9d\u00e9ration BCC\" \/>\n<meta property=\"og:description\" content=\"BCC est une communaut\u00e9 chr\u00e9tienne qui a de nombreuses activit\u00e9s internationales. Vous pouvez consulter sur cette page les rapports annuels de la f\u00e9d\u00e9ration BCC.\" \/>\n<meta property=\"og:url\" content=\"https:\/\/bcc.no\/fr\/organisation\/rapport-annuel\/\" \/>\n<meta property=\"og:site_name\" content=\"BCC\" \/>\n<meta property=\"article:modified_time\" content=\"2025-10-13T13:06:56+00:00\" \/>\n<meta property=\"og:image\" content=\"https:\/\/bcc.no\/wp-content\/uploads\/2024\/09\/Artikkelbilde-1024x683.jpg\" \/>\n<meta name=\"twitter:card\" content=\"summary_large_image\" \/>\n<meta name=\"twitter:title\" content=\"Le rapport annuel de la f\u00e9d\u00e9ration BCC\" \/>\n<meta name=\"twitter:description\" content=\"BCC est une communaut\u00e9 chr\u00e9tienne qui a de nombreuses activit\u00e9s internationales. Vous pouvez consulter sur cette page les rapports annuels de la f\u00e9d\u00e9ration BCC.\" \/>\n<meta name=\"twitter:image\" content=\"https:\/\/bcc.no\/wp-content\/uploads\/2024\/09\/Artikkelbilde-1024x683.jpg\" \/>\n<meta name=\"twitter:label1\" content=\"Dur\u00e9e de lecture estim\u00e9e\" \/>\n\t<meta name=\"twitter:data1\" content=\"1 minute\" \/>\n<script type=\"application\/ld+json\" class=\"yoast-schema-graph\">{\"@context\":\"https:\/\/schema.org\",\"@graph\":[{\"@type\":\"WebPage\",\"@id\":\"https:\/\/bcc.no\/fr\/organisation\/rapport-annuel\/\",\"url\":\"https:\/\/bcc.no\/fr\/organisation\/rapport-annuel\/\",\"name\":\"Rapport annuel de la f\u00e9d\u00e9ration BCC - BCC\",\"isPartOf\":{\"@id\":\"https:\/\/bcc.no\/fr\/#website\"},\"primaryImageOfPage\":{\"@id\":\"https:\/\/bcc.no\/fr\/organisation\/rapport-annuel\/#primaryimage\"},\"image\":{\"@id\":\"https:\/\/bcc.no\/fr\/organisation\/rapport-annuel\/#primaryimage\"},\"thumbnailUrl\":\"https:\/\/bcc.no\/wp-content\/uploads\/2024\/09\/2022-07-25_Arsrapport_Pressebilder_Redigert-20-sc.jpg\",\"datePublished\":\"2024-09-10T06:25:57+00:00\",\"dateModified\":\"2025-10-13T13:06:56+00:00\",\"description\":\"BCC est une communaut\u00e9 chr\u00e9tienne qui a de nombreuses activit\u00e9s internationales. Vous pouvez consulter sur cette page les rapports annuels et les comptes annuels de la f\u00e9d\u00e9ration BCC.\",\"breadcrumb\":{\"@id\":\"https:\/\/bcc.no\/fr\/organisation\/rapport-annuel\/#breadcrumb\"},\"inLanguage\":\"fr-FR\",\"potentialAction\":[{\"@type\":\"ReadAction\",\"target\":[\"https:\/\/bcc.no\/fr\/organisation\/rapport-annuel\/\"]}]},{\"@type\":\"ImageObject\",\"inLanguage\":\"fr-FR\",\"@id\":\"https:\/\/bcc.no\/fr\/organisation\/rapport-annuel\/#primaryimage\",\"url\":\"https:\/\/bcc.no\/wp-content\/uploads\/2024\/09\/2022-07-25_Arsrapport_Pressebilder_Redigert-20-sc.jpg\",\"contentUrl\":\"https:\/\/bcc.no\/wp-content\/uploads\/2024\/09\/2022-07-25_Arsrapport_Pressebilder_Redigert-20-sc.jpg\",\"width\":2560,\"height\":1707},{\"@type\":\"BreadcrumbList\",\"@id\":\"https:\/\/bcc.no\/fr\/organisation\/rapport-annuel\/#breadcrumb\",\"itemListElement\":[{\"@type\":\"ListItem\",\"position\":1,\"name\":\"Page d'accueil\",\"item\":\"https:\/\/bcc.no\/fr\/page-daccueil\/\"},{\"@type\":\"ListItem\",\"position\":2,\"name\":\"Organisation de la f\u00e9d\u00e9ration BCC\",\"item\":\"https:\/\/bcc.no\/fr\/organisation\/\"},{\"@type\":\"ListItem\",\"position\":3,\"name\":\"Rapport annuel de la f\u00e9d\u00e9ration BCC\"}]},{\"@type\":\"WebSite\",\"@id\":\"https:\/\/bcc.no\/fr\/#website\",\"url\":\"https:\/\/bcc.no\/fr\/\",\"name\":\"BCC\",\"description\":\"et internasjonalt trossamfunn\",\"publisher\":{\"@id\":\"https:\/\/bcc.no\/fr\/#organization\"},\"potentialAction\":[{\"@type\":\"SearchAction\",\"target\":{\"@type\":\"EntryPoint\",\"urlTemplate\":\"https:\/\/bcc.no\/fr\/?s={search_term_string}\"},\"query-input\":{\"@type\":\"PropertyValueSpecification\",\"valueRequired\":true,\"valueName\":\"search_term_string\"}}],\"inLanguage\":\"fr-FR\"},{\"@type\":\"Organization\",\"@id\":\"https:\/\/bcc.no\/fr\/#organization\",\"name\":\"BCC\",\"url\":\"https:\/\/bcc.no\/fr\/\",\"logo\":{\"@type\":\"ImageObject\",\"inLanguage\":\"fr-FR\",\"@id\":\"https:\/\/bcc.no\/fr\/#\/schema\/logo\/image\/\",\"url\":\"https:\/\/bcc.no\/wp-content\/uploads\/2024\/09\/BCC-logo_RGB.svg\",\"contentUrl\":\"https:\/\/bcc.no\/wp-content\/uploads\/2024\/09\/BCC-logo_RGB.svg\",\"caption\":\"BCC\"},\"image\":{\"@id\":\"https:\/\/bcc.no\/fr\/#\/schema\/logo\/image\/\"}}]}<\/script>\n<!-- \/ Yoast SEO plugin. -->","yoast_head_json":{"title":"Rapport annuel de la f\u00e9d\u00e9ration BCC - BCC","description":"BCC est une communaut\u00e9 chr\u00e9tienne qui a de nombreuses activit\u00e9s internationales. Vous pouvez consulter sur cette page les rapports annuels et les comptes annuels de la f\u00e9d\u00e9ration BCC.","robots":{"index":"index","follow":"follow","max-snippet":"max-snippet:-1","max-image-preview":"max-image-preview:large","max-video-preview":"max-video-preview:-1"},"canonical":"https:\/\/bcc.no\/fr\/organisation\/rapport-annuel\/","og_locale":"fr_FR","og_type":"article","og_title":"Le rapport annuel de la f\u00e9d\u00e9ration BCC","og_description":"BCC est une communaut\u00e9 chr\u00e9tienne qui a de nombreuses activit\u00e9s internationales. Vous pouvez consulter sur cette page les rapports annuels de la f\u00e9d\u00e9ration BCC.","og_url":"https:\/\/bcc.no\/fr\/organisation\/rapport-annuel\/","og_site_name":"BCC","article_modified_time":"2025-10-13T13:06:56+00:00","og_image":[{"url":"https:\/\/bcc.no\/wp-content\/uploads\/2024\/09\/Artikkelbilde-1024x683.jpg","type":"","width":"","height":""}],"twitter_card":"summary_large_image","twitter_title":"Le rapport annuel de la f\u00e9d\u00e9ration BCC","twitter_description":"BCC est une communaut\u00e9 chr\u00e9tienne qui a de nombreuses activit\u00e9s internationales. Vous pouvez consulter sur cette page les rapports annuels de la f\u00e9d\u00e9ration BCC.","twitter_image":"https:\/\/bcc.no\/wp-content\/uploads\/2024\/09\/Artikkelbilde-1024x683.jpg","twitter_misc":{"Dur\u00e9e de lecture estim\u00e9e":"1 minute"},"schema":{"@context":"https:\/\/schema.org","@graph":[{"@type":"WebPage","@id":"https:\/\/bcc.no\/fr\/organisation\/rapport-annuel\/","url":"https:\/\/bcc.no\/fr\/organisation\/rapport-annuel\/","name":"Rapport annuel de la f\u00e9d\u00e9ration BCC - BCC","isPartOf":{"@id":"https:\/\/bcc.no\/fr\/#website"},"primaryImageOfPage":{"@id":"https:\/\/bcc.no\/fr\/organisation\/rapport-annuel\/#primaryimage"},"image":{"@id":"https:\/\/bcc.no\/fr\/organisation\/rapport-annuel\/#primaryimage"},"thumbnailUrl":"https:\/\/bcc.no\/wp-content\/uploads\/2024\/09\/2022-07-25_Arsrapport_Pressebilder_Redigert-20-sc.jpg","datePublished":"2024-09-10T06:25:57+00:00","dateModified":"2025-10-13T13:06:56+00:00","description":"BCC est une communaut\u00e9 chr\u00e9tienne qui a de nombreuses activit\u00e9s internationales. Vous pouvez consulter sur cette page les rapports annuels et les comptes annuels de la f\u00e9d\u00e9ration BCC.","breadcrumb":{"@id":"https:\/\/bcc.no\/fr\/organisation\/rapport-annuel\/#breadcrumb"},"inLanguage":"fr-FR","potentialAction":[{"@type":"ReadAction","target":["https:\/\/bcc.no\/fr\/organisation\/rapport-annuel\/"]}]},{"@type":"ImageObject","inLanguage":"fr-FR","@id":"https:\/\/bcc.no\/fr\/organisation\/rapport-annuel\/#primaryimage","url":"https:\/\/bcc.no\/wp-content\/uploads\/2024\/09\/2022-07-25_Arsrapport_Pressebilder_Redigert-20-sc.jpg","contentUrl":"https:\/\/bcc.no\/wp-content\/uploads\/2024\/09\/2022-07-25_Arsrapport_Pressebilder_Redigert-20-sc.jpg","width":2560,"height":1707},{"@type":"BreadcrumbList","@id":"https:\/\/bcc.no\/fr\/organisation\/rapport-annuel\/#breadcrumb","itemListElement":[{"@type":"ListItem","position":1,"name":"Page d'accueil","item":"https:\/\/bcc.no\/fr\/page-daccueil\/"},{"@type":"ListItem","position":2,"name":"Organisation de la f\u00e9d\u00e9ration BCC","item":"https:\/\/bcc.no\/fr\/organisation\/"},{"@type":"ListItem","position":3,"name":"Rapport annuel de la f\u00e9d\u00e9ration BCC"}]},{"@type":"WebSite","@id":"https:\/\/bcc.no\/fr\/#website","url":"https:\/\/bcc.no\/fr\/","name":"BCC","description":"et internasjonalt trossamfunn","publisher":{"@id":"https:\/\/bcc.no\/fr\/#organization"},"potentialAction":[{"@type":"SearchAction","target":{"@type":"EntryPoint","urlTemplate":"https:\/\/bcc.no\/fr\/?s={search_term_string}"},"query-input":{"@type":"PropertyValueSpecification","valueRequired":true,"valueName":"search_term_string"}}],"inLanguage":"fr-FR"},{"@type":"Organization","@id":"https:\/\/bcc.no\/fr\/#organization","name":"BCC","url":"https:\/\/bcc.no\/fr\/","logo":{"@type":"ImageObject","inLanguage":"fr-FR","@id":"https:\/\/bcc.no\/fr\/#\/schema\/logo\/image\/","url":"https:\/\/bcc.no\/wp-content\/uploads\/2024\/09\/BCC-logo_RGB.svg","contentUrl":"https:\/\/bcc.no\/wp-content\/uploads\/2024\/09\/BCC-logo_RGB.svg","caption":"BCC"},"image":{"@id":"https:\/\/bcc.no\/fr\/#\/schema\/logo\/image\/"}}]}},"uagb_featured_image_src":{"full":["https:\/\/bcc.no\/wp-content\/uploads\/2024\/09\/2022-07-25_Arsrapport_Pressebilder_Redigert-20-sc.jpg",2560,1707,false],"thumbnail":["https:\/\/bcc.no\/wp-content\/uploads\/2024\/09\/2022-07-25_Arsrapport_Pressebilder_Redigert-20-sc-150x150.jpg",150,150,true],"medium":["https:\/\/bcc.no\/wp-content\/uploads\/2024\/09\/2022-07-25_Arsrapport_Pressebilder_Redigert-20-sc-300x200.jpg",300,200,true],"medium_large":["https:\/\/bcc.no\/wp-content\/uploads\/2024\/09\/2022-07-25_Arsrapport_Pressebilder_Redigert-20-sc-768x512.jpg",640,427,true],"large":["https:\/\/bcc.no\/wp-content\/uploads\/2024\/09\/2022-07-25_Arsrapport_Pressebilder_Redigert-20-sc-1024x683.jpg",640,427,true],"1536x1536":["https:\/\/bcc.no\/wp-content\/uploads\/2024\/09\/2022-07-25_Arsrapport_Pressebilder_Redigert-20-sc-1536x1024.jpg",1536,1024,true],"2048x2048":["https:\/\/bcc.no\/wp-content\/uploads\/2024\/09\/2022-07-25_Arsrapport_Pressebilder_Redigert-20-sc-2048x1366.jpg",2048,1366,true]},"uagb_author_info":{"display_name":"Mathias Strand Kristiansen","author_link":"https:\/\/bcc.no\/fr\/author\/22801\/"},"uagb_comment_info":0,"uagb_excerpt":"BCC est une communaut\u00e9 chr\u00e9tienne qui a de nombreuses activit\u00e9s internationales. Vous pouvez consulter sur cette page les rapports annuels de la f\u00e9d\u00e9ration BCC. BCC est organis\u00e9 comme une f\u00e9d\u00e9ration de diff\u00e9rentes organisations ayant des activit\u00e9s internationales \u00e9tendues. L&rsquo;organisation centrale et les initiatives communes sont financ\u00e9es par la communaut\u00e9. Le rapport annuel d\u00e9crit les activit\u00e9s\u2026","_links":{"self":[{"href":"https:\/\/bcc.no\/fr\/wp-json\/wp\/v2\/pages\/96668","targetHints":{"allow":["GET"]}}],"collection":[{"href":"https:\/\/bcc.no\/fr\/wp-json\/wp\/v2\/pages"}],"about":[{"href":"https:\/\/bcc.no\/fr\/wp-json\/wp\/v2\/types\/page"}],"author":[{"embeddable":true,"href":"https:\/\/bcc.no\/fr\/wp-json\/wp\/v2\/users\/6"}],"replies":[{"embeddable":true,"href":"https:\/\/bcc.no\/fr\/wp-json\/wp\/v2\/comments?post=96668"}],"version-history":[{"count":16,"href":"https:\/\/bcc.no\/fr\/wp-json\/wp\/v2\/pages\/96668\/revisions"}],"predecessor-version":[{"id":141265,"href":"https:\/\/bcc.no\/fr\/wp-json\/wp\/v2\/pages\/96668\/revisions\/141265"}],"up":[{"embeddable":true,"href":"https:\/\/bcc.no\/fr\/wp-json\/wp\/v2\/pages\/97744"}],"wp:featuredmedia":[{"embeddable":true,"href":"https:\/\/bcc.no\/fr\/wp-json\/wp\/v2\/media\/93375"}],"wp:attachment":[{"href":"https:\/\/bcc.no\/fr\/wp-json\/wp\/v2\/media?parent=96668"}],"curies":[{"name":"wp","href":"https:\/\/api.w.org\/{rel}","templated":true}]}}