{"id":96664,"date":"2024-09-17T09:11:51","date_gmt":"2024-09-17T08:11:51","guid":{"rendered":"https:\/\/bcc.no\/mission\/"},"modified":"2025-08-19T08:27:11","modified_gmt":"2025-08-19T07:27:11","slug":"mission","status":"publish","type":"page","link":"https:\/\/bcc.no\/fr\/a-propos-de-nous\/mission\/","title":{"rendered":"Mission"},"content":{"rendered":"\n<div class=\"wp-block-group\"><div class=\"wp-block-group__inner-container is-layout-constrained wp-block-group-is-layout-constrained\"><div class=\"yoast-breadcrumbs\"><span><span>Page d&rsquo;accueil<\/span> \/ <span><a href=\"https:\/\/bcc.no\/fr\/a-propos-de-nous\/\">\u00c0 propos de Brunstad Christian Church<\/a><\/span> \/ <span class=\"breadcrumb_last\" aria-current=\"page\"><a href=\"https:\/\/bcc.no\/fr\/a-propos-de-nous\/mission\/\">Mission<\/a><\/span><\/span><\/div>\n\n\n<h4 class=\"wp-block-heading featuredParagraph\" id=\"ingress\">Depuis ses d\u00e9buts dans les ann\u00e9es 1900, l&rsquo;assembl\u00e9e s&rsquo;efforce de mettre les individus en relation avec J\u00e9sus afin qu&rsquo;ils puissent saisir une foi personnelle en l&rsquo;\u00e9vangile.<\/h4>\n\n\n\n<hr class=\"wp-block-separator has-alpha-channel-opacity\"\/>\n<\/div><\/div>\n\n\n\n<div class=\"wp-block-group\"><div class=\"wp-block-group__inner-container is-layout-constrained wp-block-group-is-layout-constrained\">\n<h3 class=\"wp-block-heading\" id=\"jesu-misjonsbefaling-ligger-til-grunn\">La Grande Commission de J\u00e9sus est la base<\/h3>\n\n\n\n<p>C&rsquo;est la Grande Commission de J\u00e9sus qui est le point de d\u00e9part de notre travail pour faire conna\u00eetre les enseignements de l&rsquo;\u00c9vangile \u00e0 tous les peuples. <\/p>\n\n\n\n<p>Avoir un grand nombre de membres n&rsquo;a jamais \u00e9t\u00e9 un objectif en soi.<\/p>\n\n\n\n<p>D\u00e8s le d\u00e9but, Johan Oscar Smith (1871-1943) s&rsquo;est adress\u00e9 aux personnes qu&rsquo;il rencontrait dans le cadre de son m\u00e9tier d&rsquo;officier de marine, et au fil du temps, des gens tout au long de la c\u00f4te norv\u00e9gienne ont cru en ce qu\u2019il annon\u00e7ait. Le mouvement s\u2019est ensuite r\u00e9pandu dans plusieurs pays, et tout d&rsquo;abord en Europe du Nord. Apr\u00e8s le d\u00e9c\u00e8s de Smith, d&rsquo;autres ont continu\u00e9 \u00e0 voyager et \u00e0 annoncer la parole de Dieu, et le message a atteint plusieurs continents. <\/p>\n\n\n\n<p>Aujourd&rsquo;hui, le r\u00e9sultat de ce travail se traduit par des assembl\u00e9es \u00e0 travers l&rsquo;Europe, l&rsquo;Am\u00e9rique du Nord et du Sud, l&rsquo;Afrique, l&rsquo;Asie, l&rsquo;Australie et la Nouvelle-Z\u00e9lande.<\/p>\n\n\n\n<figure class=\"wp-block-gallery has-nested-images columns-default is-cropped wp-block-gallery-1 is-layout-flex wp-block-gallery-is-layout-flex\">\n<figure class=\"wp-block-image size-large\"><img loading=\"lazy\" decoding=\"async\" width=\"1024\" height=\"576\" data-id=\"93834\" src=\"https:\/\/bcc.no\/wp-content\/uploads\/2024\/09\/1_misjon-BCC-trossamfunn-web-70-tallet-1024x576-1.png\" alt=\"\" class=\"wp-image-93834\"\/><figcaption class=\"wp-element-caption\">Dans les ann\u00e9es 1970 : Aksel J. Smith lors d&rsquo;un voyage missionnaire au Mexique.<\/figcaption><\/figure>\n\n\n\n<figure class=\"wp-block-image size-large\"><img loading=\"lazy\" decoding=\"async\" width=\"1024\" height=\"576\" data-id=\"93839\" src=\"https:\/\/bcc.no\/wp-content\/uploads\/2024\/09\/2_misjon-BCC-trossamfunn-web-70-tallet-1024x576-1.png\" alt=\"\" class=\"wp-image-93839\"\/><figcaption class=\"wp-element-caption\">Lors d\u2019un voyage de Sigurd Bratlie en Asie.<\/figcaption><\/figure>\n\n\n\n<figure class=\"wp-block-image size-large\"><img loading=\"lazy\" decoding=\"async\" width=\"1024\" height=\"576\" data-id=\"96392\" src=\"https:\/\/bcc.no\/wp-content\/uploads\/2024\/10\/IMG_9240-scaled-1-1024x576.jpg\" alt=\"\" class=\"wp-image-96392\"\/><figcaption class=\"wp-element-caption\">Arild Tombre lors d&rsquo;un de ses voyages au Cameroun.<\/figcaption><\/figure>\n\n\n\n<figure class=\"wp-block-image size-large\"><img loading=\"lazy\" decoding=\"async\" width=\"1024\" height=\"683\" data-id=\"96407\" src=\"https:\/\/bcc.no\/wp-content\/uploads\/2024\/10\/1-scaled-1-1024x683.jpg\" alt=\"\" class=\"wp-image-96407\"\/><figcaption class=\"wp-element-caption\">K\u00e5re Smith lors d&rsquo;une conf\u00e9rence d&rsquo;\u00e9t\u00e9 en Afrique du Sud.<\/figcaption><\/figure>\n<\/figure>\n<\/div><\/div>\n\n\n\n<div class=\"wp-block-group\"><div class=\"wp-block-group__inner-container is-layout-constrained wp-block-group-is-layout-constrained\">\n<h3 class=\"wp-block-heading\" id=\"a-mote-mennesker-der-de-er\">Rencontrer les gens l\u00e0 o\u00f9 ils se trouvent<\/h3>\n\n\n\n<p>Le profil de l&rsquo;assembl\u00e9e a toujours \u00e9t\u00e9 de r\u00e9pandre l&rsquo;\u00e9vangile de personne \u00e0 personne, par des \u00e9changes spontan\u00e9s et en \u00e9difiant la foi l\u00e0 o\u00f9 les gens se rencontrent. <\/p>\n\n\n\n<p>Pour ce faire, au cours des derni\u00e8res d\u00e9cennies, BCC a apport\u00e9 un soutien financier et technique \u00e0 la construction et \u00e0 l&rsquo;exploitation de dizaines de centres de conf\u00e9rence sur plusieurs continents. Depuis de nombreuses ann\u00e9es, le soutien au travail missionnaire constitue une part importante du mod\u00e8le financier \u00e0 base de dons et d\u2019op\u00e9rations de collecte de fonds organis\u00e9s par l&rsquo;assembl\u00e9e.&nbsp;<\/p>\n\n\n\n<p>Les constructions destin\u00e9es \u00e0 la mission que BCC a contribu\u00e9 \u00e0 financer ont connu diff\u00e9rents propri\u00e9taires et plusieurs mod\u00e8les d&rsquo;exploitation au fil des ans. La plupart d&rsquo;entre elles appartenaient \u00e0 des fondations distinctes, sans but lucratif, dont les objectifs correspondaient enti\u00e8rement ou partiellement \u00e0 ceux de BCC, mais depuis la cr\u00e9ation de la f\u00e9d\u00e9ration BCC, elles sont pass\u00e9es sous la propri\u00e9t\u00e9 et la supervision de BMS International.<\/p>\n\n\n\n<figure class=\"wp-block-gallery has-nested-images columns-default is-cropped wp-block-gallery-2 is-layout-flex wp-block-gallery-is-layout-flex\">\n<figure class=\"wp-block-image size-full\"><img loading=\"lazy\" decoding=\"async\" width=\"678\" height=\"381\" data-id=\"96413\" src=\"https:\/\/bcc.no\/wp-content\/uploads\/2024\/10\/Picture-3.png\" alt=\"\" class=\"wp-image-96413\"\/><figcaption class=\"wp-element-caption\">Conf\u00e9rence de jeunes sur la propri\u00e9t\u00e9 de la mission \u00e0 Lubumbashi, en R\u00e9publique d\u00e9mocratique du Congo<\/figcaption><\/figure>\n\n\n\n<figure class=\"wp-block-image size-large\"><img loading=\"lazy\" decoding=\"async\" width=\"1024\" height=\"575\" data-id=\"96418\" src=\"https:\/\/bcc.no\/wp-content\/uploads\/2024\/10\/Brazil-2-1024x575.png\" alt=\"\" class=\"wp-image-96418\"\/><figcaption class=\"wp-element-caption\">Activit\u00e9s sur la propri\u00e9t\u00e9 de la mission au Br\u00e9sil<\/figcaption><\/figure>\n\n\n\n<figure class=\"wp-block-image size-large\"><img loading=\"lazy\" decoding=\"async\" width=\"1024\" height=\"682\" data-id=\"96423\" src=\"https:\/\/bcc.no\/wp-content\/uploads\/2024\/10\/6.-conference-7-scaled-1-1024x682.jpg\" alt=\"\" class=\"wp-image-96423\"\/><figcaption class=\"wp-element-caption\">Conf\u00e9rence sur la propri\u00e9t\u00e9 de la mission au Mexique<\/figcaption><\/figure>\n\n\n\n<figure class=\"wp-block-image size-large\"><img loading=\"lazy\" decoding=\"async\" width=\"1024\" height=\"768\" data-id=\"96430\" src=\"https:\/\/bcc.no\/wp-content\/uploads\/2024\/10\/New-Zealand-2-1024x768.jpg\" alt=\"\" class=\"wp-image-96430\"\/><figcaption class=\"wp-element-caption\">Conf\u00e9rence d&rsquo;\u00e9t\u00e9 sur la propri\u00e9t\u00e9 de la mission en Nouvelle-Z\u00e9lande<\/figcaption><\/figure>\n\n\n\n<figure class=\"wp-block-image size-large\"><img loading=\"lazy\" decoding=\"async\" width=\"1024\" height=\"768\" data-id=\"96441\" src=\"https:\/\/bcc.no\/wp-content\/uploads\/2024\/10\/KEN-Kisii-Meetings-scaled-1-1024x768.jpg\" alt=\"\" class=\"wp-image-96441\"\/><figcaption class=\"wp-element-caption\">Salle de r\u00e9union \u00e0 Kisii, Kenya<\/figcaption><\/figure>\n\n\n\n<figure class=\"wp-block-image size-large\"><img loading=\"lazy\" decoding=\"async\" width=\"1024\" height=\"768\" data-id=\"96447\" src=\"https:\/\/bcc.no\/wp-content\/uploads\/2024\/10\/IMG_20230319_102732-scaled-1-1024x768.jpg\" alt=\"\" class=\"wp-image-96447\"\/><figcaption class=\"wp-element-caption\">Activit\u00e9s de l&rsquo;\u00e9cole du dimanche sur la propri\u00e9t\u00e9 de la mission \u00e0 Kisumu, Kenya<\/figcaption><\/figure>\n\n\n\n<figure class=\"wp-block-image size-large\"><img loading=\"lazy\" decoding=\"async\" width=\"1024\" height=\"768\" data-id=\"96452\" src=\"https:\/\/bcc.no\/wp-content\/uploads\/2024\/10\/Cameroon-Bafoussam-1-scaled-1-1024x768.jpg\" alt=\"\" class=\"wp-image-96452\"\/><figcaption class=\"wp-element-caption\">Propri\u00e9t\u00e9 de la mission \u00e0 Bafoussam, Cameroun<\/figcaption><\/figure>\n<\/figure>\n<\/div><\/div>\n\n\n\n<div class=\"wp-block-group\"><div class=\"wp-block-group__inner-container is-layout-constrained wp-block-group-is-layout-constrained\">\n<h3 class=\"wp-block-heading\" id=\"misjonsarbeid-skaper-nye-muligheter-i-fattige-deler-av-verden\">Le travail missionnaire cr\u00e9e de nouvelles opportunit\u00e9s dans les pays en d\u00e9veloppement<\/h3>\n\n\n\n<p>Gr\u00e2ce \u00e0 des projets men\u00e9s dans de nombreux pays, des personnes engag\u00e9es dans la mission ont aid\u00e9 des chr\u00e9tiens vivant dans des r\u00e9gions \u00e0 faible pouvoir d&rsquo;achat \u00e0 disposer d&rsquo;un lieu de rassemblement. Qui plus est, de nombreux emplois ont \u00e9t\u00e9 cr\u00e9\u00e9s. Cette forme de travail humanitaire indirect consiste \u00e0 \u00ab\u00a0aider les gens \u00e0 s&rsquo;aider eux-m\u00eames\u00a0\u00bb, et l&rsquo;exp\u00e9rience montre que c&rsquo;est la meilleure aide que l&rsquo;on puisse apporter \u00e0 court et \u00e0 long terme.<\/p>\n\n\n\n<p>Gr\u00e2ce \u00e0 l&rsquo;entrepreneuriat social chr\u00e9tien, la formation professionnelle et la cr\u00e9ation de nouveaux emplois ont donn\u00e9 aux jeunes une chance de subvenir \u00e0 leurs besoins. <\/p>\n\n\n\n<p>Les projets missionnaires ont donc d\u00e9clench\u00e9 de nombreuses retomb\u00e9es : des personnes ressources ayant la comp\u00e9tence et le d\u00e9sir de faire \u00e9voluer positivement leur environnement ont \u00e9merg\u00e9 dans des r\u00e9gions par ailleurs d\u00e9favoris\u00e9es.<\/p>\n\n\n\n<p>Tout ce travail est bas\u00e9 sur la Grande Commission de J\u00e9sus, qui consiste \u00e0 faire des disciples et \u00e0 leur apprendre \u00e0 garder ses commandements.<\/p>\n\n\n\n<figure class=\"wp-block-image size-full\"><img loading=\"lazy\" decoding=\"async\" width=\"1280\" height=\"960\" src=\"https:\/\/bcc.no\/wp-content\/uploads\/2024\/10\/photo_2022-04-27_07-53.jpg\" alt=\"\" class=\"wp-image-96457\"\/><figcaption class=\"wp-element-caption\">Un centre missionnaire est en train d&rsquo;\u00eatre construit au Malawi par les participants au programme pour la jeunesse africaine CYDP.  <\/figcaption><\/figure>\n\n\n\n<div class=\"wp-block-group is-style-call-to-action\"><div class=\"wp-block-group__inner-container is-layout-flow wp-block-group-is-layout-flow\">\n<p>En savoir plus sur l&rsquo;organisation de la mission<\/p>\n\n\n\n<div class=\"wp-block-buttons is-horizontal is-content-justification-left is-layout-flex wp-container-core-buttons-is-layout-7e5fce0a wp-block-buttons-is-layout-flex\">\n<div class=\"wp-block-button\"><a class=\"wp-block-button__link wp-element-button arrow_right_alt\" href=\"https:\/\/bms-intl.org\/\" target=\"_blank\" rel=\"noopener\">BMS International<\/a><\/div>\n<\/div>\n<\/div><\/div>\n\n\n\n<\/div><\/div>\n","protected":false},"excerpt":{"rendered":"<p>Depuis ses d\u00e9buts dans les ann\u00e9es 1900, l&rsquo;assembl\u00e9e s&rsquo;efforce de mettre les individus en relation avec J\u00e9sus afin qu&rsquo;ils puissent saisir une foi personnelle en l&rsquo;\u00e9vangile. La Grande Commission de J\u00e9sus est la base C&rsquo;est la Grande Commission de J\u00e9sus qui est le point de d\u00e9part de notre travail pour faire conna\u00eetre les enseignements de [&hellip;]<\/p>\n","protected":false},"author":6,"featured_media":96368,"parent":96705,"menu_order":0,"comment_status":"closed","ping_status":"closed","template":"","meta":{"_acf_changed":false,"inline_featured_image":false,"_uag_custom_page_level_css":"","bcc_login_visibility":0,"bcc_groups":[],"bcc_groups_email":true,"bcc_visibility_groups":[],"bcc_visibility_groups_email":false,"sent_notifications":[],"footnotes":"","_links_to":"","_links_to_target":""},"class_list":["post-96664","page","type-page","status-publish","has-post-thumbnail","hentry"],"acf":{"rss_image":null},"featured_image_src":"https:\/\/bcc.no\/wp-content\/uploads\/2024\/10\/photo_2023-04-15_08-03-37-1024x768-1.jpg","yoast_head":"<!-- This site is optimized with the Yoast SEO plugin v27.4 - https:\/\/yoast.com\/product\/yoast-seo-wordpress\/ -->\n<title>Mission - BCC<\/title>\n<meta name=\"description\" content=\"Depuis de nombreuses ann\u00e9es, l\u2019assembl\u00e9e BCC est activement engag\u00e9e dans le travail missionnaire sur plusieurs continents. Que ce soit en ligne, en pr\u00e9sentiel ou en soutenant des centres de conf\u00e9rence r\u00e9gionaux, l&#039;assembl\u00e9e a \u0153uvr\u00e9 pour diffuser l&#039;\u00c9vangile aupr\u00e8s de tous les peuples.\" \/>\n<meta name=\"robots\" content=\"index, follow, max-snippet:-1, max-image-preview:large, max-video-preview:-1\" \/>\n<link rel=\"canonical\" href=\"https:\/\/bcc.no\/fr\/a-propos-de-nous\/mission\/\" \/>\n<meta property=\"og:locale\" content=\"fr_FR\" \/>\n<meta property=\"og:type\" content=\"article\" \/>\n<meta property=\"og:title\" content=\"Mission - BCC\" \/>\n<meta property=\"og:description\" content=\"Depuis de nombreuses ann\u00e9es, l\u2019assembl\u00e9e BCC est activement engag\u00e9e dans le travail missionnaire sur plusieurs continents. Que ce soit en ligne, en pr\u00e9sentiel ou en soutenant des centres de conf\u00e9rence r\u00e9gionaux, l&#039;assembl\u00e9e a \u0153uvr\u00e9 pour diffuser l&#039;\u00c9vangile aupr\u00e8s de tous les peuples.\" \/>\n<meta property=\"og:url\" content=\"https:\/\/bcc.no\/fr\/a-propos-de-nous\/mission\/\" \/>\n<meta property=\"og:site_name\" content=\"BCC\" \/>\n<meta property=\"article:modified_time\" content=\"2025-08-19T07:27:11+00:00\" \/>\n<meta property=\"og:image\" content=\"https:\/\/bcc.no\/wp-content\/uploads\/2024\/10\/photo_2023-04-15_08-03-37-1024x768-1.jpg\" \/>\n\t<meta property=\"og:image:width\" content=\"1024\" \/>\n\t<meta property=\"og:image:height\" content=\"768\" \/>\n\t<meta property=\"og:image:type\" content=\"image\/jpeg\" \/>\n<meta name=\"twitter:card\" content=\"summary_large_image\" \/>\n<meta name=\"twitter:label1\" content=\"Dur\u00e9e de lecture estim\u00e9e\" \/>\n\t<meta name=\"twitter:data1\" content=\"7 minutes\" \/>\n<script type=\"application\/ld+json\" class=\"yoast-schema-graph\">{\"@context\":\"https:\\\/\\\/schema.org\",\"@graph\":[{\"@type\":\"WebPage\",\"@id\":\"https:\\\/\\\/bcc.no\\\/fr\\\/a-propos-de-nous\\\/mission\\\/\",\"url\":\"https:\\\/\\\/bcc.no\\\/fr\\\/a-propos-de-nous\\\/mission\\\/\",\"name\":\"Mission - BCC\",\"isPartOf\":{\"@id\":\"https:\\\/\\\/bcc.no\\\/fr\\\/#website\"},\"primaryImageOfPage\":{\"@id\":\"https:\\\/\\\/bcc.no\\\/fr\\\/a-propos-de-nous\\\/mission\\\/#primaryimage\"},\"image\":{\"@id\":\"https:\\\/\\\/bcc.no\\\/fr\\\/a-propos-de-nous\\\/mission\\\/#primaryimage\"},\"thumbnailUrl\":\"https:\\\/\\\/bcc.no\\\/wp-content\\\/uploads\\\/2024\\\/10\\\/photo_2023-04-15_08-03-37-1024x768-1.jpg\",\"datePublished\":\"2024-09-17T08:11:51+00:00\",\"dateModified\":\"2025-08-19T07:27:11+00:00\",\"description\":\"Depuis de nombreuses ann\u00e9es, l\u2019assembl\u00e9e BCC est activement engag\u00e9e dans le travail missionnaire sur plusieurs continents. Que ce soit en ligne, en pr\u00e9sentiel ou en soutenant des centres de conf\u00e9rence r\u00e9gionaux, l'assembl\u00e9e a \u0153uvr\u00e9 pour diffuser l'\u00c9vangile aupr\u00e8s de tous les peuples.\",\"breadcrumb\":{\"@id\":\"https:\\\/\\\/bcc.no\\\/fr\\\/a-propos-de-nous\\\/mission\\\/#breadcrumb\"},\"inLanguage\":\"fr-FR\",\"potentialAction\":[{\"@type\":\"ReadAction\",\"target\":[\"https:\\\/\\\/bcc.no\\\/fr\\\/a-propos-de-nous\\\/mission\\\/\"]}]},{\"@type\":\"ImageObject\",\"inLanguage\":\"fr-FR\",\"@id\":\"https:\\\/\\\/bcc.no\\\/fr\\\/a-propos-de-nous\\\/mission\\\/#primaryimage\",\"url\":\"https:\\\/\\\/bcc.no\\\/wp-content\\\/uploads\\\/2024\\\/10\\\/photo_2023-04-15_08-03-37-1024x768-1.jpg\",\"contentUrl\":\"https:\\\/\\\/bcc.no\\\/wp-content\\\/uploads\\\/2024\\\/10\\\/photo_2023-04-15_08-03-37-1024x768-1.jpg\",\"width\":1024,\"height\":768},{\"@type\":\"WebSite\",\"@id\":\"https:\\\/\\\/bcc.no\\\/fr\\\/#website\",\"url\":\"https:\\\/\\\/bcc.no\\\/fr\\\/\",\"name\":\"BCC\",\"description\":\"et internasjonalt trossamfunn\",\"publisher\":{\"@id\":\"https:\\\/\\\/bcc.no\\\/fr\\\/#organization\"},\"potentialAction\":[{\"@type\":\"SearchAction\",\"target\":{\"@type\":\"EntryPoint\",\"urlTemplate\":\"https:\\\/\\\/bcc.no\\\/fr\\\/?s={search_term_string}\"},\"query-input\":{\"@type\":\"PropertyValueSpecification\",\"valueRequired\":true,\"valueName\":\"search_term_string\"}}],\"inLanguage\":\"fr-FR\"},{\"@type\":\"Organization\",\"@id\":\"https:\\\/\\\/bcc.no\\\/fr\\\/#organization\",\"name\":\"BCC\",\"url\":\"https:\\\/\\\/bcc.no\\\/fr\\\/\",\"logo\":{\"@type\":\"ImageObject\",\"inLanguage\":\"fr-FR\",\"@id\":\"https:\\\/\\\/bcc.no\\\/fr\\\/#\\\/schema\\\/logo\\\/image\\\/\",\"url\":\"https:\\\/\\\/bcc.no\\\/wp-content\\\/uploads\\\/2026\\\/04\\\/bcc_logo_full.svg\",\"contentUrl\":\"https:\\\/\\\/bcc.no\\\/wp-content\\\/uploads\\\/2026\\\/04\\\/bcc_logo_full.svg\",\"caption\":\"BCC\"},\"image\":{\"@id\":\"https:\\\/\\\/bcc.no\\\/fr\\\/#\\\/schema\\\/logo\\\/image\\\/\"}}]}<\/script>\n<!-- \/ Yoast SEO plugin. -->","yoast_head_json":{"title":"Mission - BCC","description":"Depuis de nombreuses ann\u00e9es, l\u2019assembl\u00e9e BCC est activement engag\u00e9e dans le travail missionnaire sur plusieurs continents. Que ce soit en ligne, en pr\u00e9sentiel ou en soutenant des centres de conf\u00e9rence r\u00e9gionaux, l'assembl\u00e9e a \u0153uvr\u00e9 pour diffuser l'\u00c9vangile aupr\u00e8s de tous les peuples.","robots":{"index":"index","follow":"follow","max-snippet":"max-snippet:-1","max-image-preview":"max-image-preview:large","max-video-preview":"max-video-preview:-1"},"canonical":"https:\/\/bcc.no\/fr\/a-propos-de-nous\/mission\/","og_locale":"fr_FR","og_type":"article","og_title":"Mission - BCC","og_description":"Depuis de nombreuses ann\u00e9es, l\u2019assembl\u00e9e BCC est activement engag\u00e9e dans le travail missionnaire sur plusieurs continents. Que ce soit en ligne, en pr\u00e9sentiel ou en soutenant des centres de conf\u00e9rence r\u00e9gionaux, l'assembl\u00e9e a \u0153uvr\u00e9 pour diffuser l'\u00c9vangile aupr\u00e8s de tous les peuples.","og_url":"https:\/\/bcc.no\/fr\/a-propos-de-nous\/mission\/","og_site_name":"BCC","article_modified_time":"2025-08-19T07:27:11+00:00","og_image":[{"width":1024,"height":768,"url":"https:\/\/bcc.no\/wp-content\/uploads\/2024\/10\/photo_2023-04-15_08-03-37-1024x768-1.jpg","type":"image\/jpeg"}],"twitter_card":"summary_large_image","twitter_misc":{"Dur\u00e9e de lecture estim\u00e9e":"7 minutes"},"schema":{"@context":"https:\/\/schema.org","@graph":[{"@type":"WebPage","@id":"https:\/\/bcc.no\/fr\/a-propos-de-nous\/mission\/","url":"https:\/\/bcc.no\/fr\/a-propos-de-nous\/mission\/","name":"Mission - BCC","isPartOf":{"@id":"https:\/\/bcc.no\/fr\/#website"},"primaryImageOfPage":{"@id":"https:\/\/bcc.no\/fr\/a-propos-de-nous\/mission\/#primaryimage"},"image":{"@id":"https:\/\/bcc.no\/fr\/a-propos-de-nous\/mission\/#primaryimage"},"thumbnailUrl":"https:\/\/bcc.no\/wp-content\/uploads\/2024\/10\/photo_2023-04-15_08-03-37-1024x768-1.jpg","datePublished":"2024-09-17T08:11:51+00:00","dateModified":"2025-08-19T07:27:11+00:00","description":"Depuis de nombreuses ann\u00e9es, l\u2019assembl\u00e9e BCC est activement engag\u00e9e dans le travail missionnaire sur plusieurs continents. Que ce soit en ligne, en pr\u00e9sentiel ou en soutenant des centres de conf\u00e9rence r\u00e9gionaux, l'assembl\u00e9e a \u0153uvr\u00e9 pour diffuser l'\u00c9vangile aupr\u00e8s de tous les peuples.","breadcrumb":{"@id":"https:\/\/bcc.no\/fr\/a-propos-de-nous\/mission\/#breadcrumb"},"inLanguage":"fr-FR","potentialAction":[{"@type":"ReadAction","target":["https:\/\/bcc.no\/fr\/a-propos-de-nous\/mission\/"]}]},{"@type":"ImageObject","inLanguage":"fr-FR","@id":"https:\/\/bcc.no\/fr\/a-propos-de-nous\/mission\/#primaryimage","url":"https:\/\/bcc.no\/wp-content\/uploads\/2024\/10\/photo_2023-04-15_08-03-37-1024x768-1.jpg","contentUrl":"https:\/\/bcc.no\/wp-content\/uploads\/2024\/10\/photo_2023-04-15_08-03-37-1024x768-1.jpg","width":1024,"height":768},{"@type":"WebSite","@id":"https:\/\/bcc.no\/fr\/#website","url":"https:\/\/bcc.no\/fr\/","name":"BCC","description":"et internasjonalt trossamfunn","publisher":{"@id":"https:\/\/bcc.no\/fr\/#organization"},"potentialAction":[{"@type":"SearchAction","target":{"@type":"EntryPoint","urlTemplate":"https:\/\/bcc.no\/fr\/?s={search_term_string}"},"query-input":{"@type":"PropertyValueSpecification","valueRequired":true,"valueName":"search_term_string"}}],"inLanguage":"fr-FR"},{"@type":"Organization","@id":"https:\/\/bcc.no\/fr\/#organization","name":"BCC","url":"https:\/\/bcc.no\/fr\/","logo":{"@type":"ImageObject","inLanguage":"fr-FR","@id":"https:\/\/bcc.no\/fr\/#\/schema\/logo\/image\/","url":"https:\/\/bcc.no\/wp-content\/uploads\/2026\/04\/bcc_logo_full.svg","contentUrl":"https:\/\/bcc.no\/wp-content\/uploads\/2026\/04\/bcc_logo_full.svg","caption":"BCC"},"image":{"@id":"https:\/\/bcc.no\/fr\/#\/schema\/logo\/image\/"}}]}},"uagb_featured_image_src":{"full":["https:\/\/bcc.no\/wp-content\/uploads\/2024\/10\/photo_2023-04-15_08-03-37-1024x768-1.jpg",1024,768,false],"thumbnail":["https:\/\/bcc.no\/wp-content\/uploads\/2024\/10\/photo_2023-04-15_08-03-37-1024x768-1-150x150.jpg",150,150,true],"medium":["https:\/\/bcc.no\/wp-content\/uploads\/2024\/10\/photo_2023-04-15_08-03-37-1024x768-1-300x225.jpg",300,225,true],"medium_large":["https:\/\/bcc.no\/wp-content\/uploads\/2024\/10\/photo_2023-04-15_08-03-37-1024x768-1-768x576.jpg",640,480,true],"large":["https:\/\/bcc.no\/wp-content\/uploads\/2024\/10\/photo_2023-04-15_08-03-37-1024x768-1.jpg",640,480,false],"1536x1536":["https:\/\/bcc.no\/wp-content\/uploads\/2024\/10\/photo_2023-04-15_08-03-37-1024x768-1.jpg",1024,768,false],"2048x2048":["https:\/\/bcc.no\/wp-content\/uploads\/2024\/10\/photo_2023-04-15_08-03-37-1024x768-1.jpg",1024,768,false]},"uagb_author_info":{"display_name":"Mathias Strand Kristiansen","author_link":"https:\/\/bcc.no\/fr\/author\/22801\/"},"uagb_comment_info":0,"uagb_excerpt":"Depuis ses d\u00e9buts dans les ann\u00e9es 1900, l&rsquo;assembl\u00e9e s&rsquo;efforce de mettre les individus en relation avec J\u00e9sus afin qu&rsquo;ils puissent saisir une foi personnelle en l&rsquo;\u00e9vangile. La Grande Commission de J\u00e9sus est la base C&rsquo;est la Grande Commission de J\u00e9sus qui est le point de d\u00e9part de notre travail pour faire conna\u00eetre les enseignements de\u2026","_links":{"self":[{"href":"https:\/\/bcc.no\/fr\/wp-json\/wp\/v2\/pages\/96664","targetHints":{"allow":["GET"]}}],"collection":[{"href":"https:\/\/bcc.no\/fr\/wp-json\/wp\/v2\/pages"}],"about":[{"href":"https:\/\/bcc.no\/fr\/wp-json\/wp\/v2\/types\/page"}],"author":[{"embeddable":true,"href":"https:\/\/bcc.no\/fr\/wp-json\/wp\/v2\/users\/6"}],"replies":[{"embeddable":true,"href":"https:\/\/bcc.no\/fr\/wp-json\/wp\/v2\/comments?post=96664"}],"version-history":[{"count":11,"href":"https:\/\/bcc.no\/fr\/wp-json\/wp\/v2\/pages\/96664\/revisions"}],"predecessor-version":[{"id":139579,"href":"https:\/\/bcc.no\/fr\/wp-json\/wp\/v2\/pages\/96664\/revisions\/139579"}],"up":[{"embeddable":true,"href":"https:\/\/bcc.no\/fr\/wp-json\/wp\/v2\/pages\/96705"}],"wp:featuredmedia":[{"embeddable":true,"href":"https:\/\/bcc.no\/fr\/wp-json\/wp\/v2\/media\/96368"}],"wp:attachment":[{"href":"https:\/\/bcc.no\/fr\/wp-json\/wp\/v2\/media?parent=96664"}],"curies":[{"name":"wp","href":"https:\/\/api.w.org\/{rel}","templated":true}]}}