{"id":96659,"date":"2024-09-10T07:25:26","date_gmt":"2024-09-10T06:25:26","guid":{"rendered":"https:\/\/bcc.no\/documents-cles\/"},"modified":"2025-05-02T14:01:36","modified_gmt":"2025-05-02T13:01:36","slug":"documents-cles","status":"publish","type":"page","link":"https:\/\/bcc.no\/fr\/organisation\/documents-cles\/","title":{"rendered":"Documents cl\u00e9s"},"content":{"rendered":"\n<div class=\"wp-block-group\"><div class=\"wp-block-group__inner-container is-layout-constrained wp-block-group-is-layout-constrained\"><div class=\"yoast-breadcrumbs\"><span><span>Page d&rsquo;accueil<\/span> \/ <span><a href=\"https:\/\/bcc.no\/fr\/organisation\/\">Organisation de la f\u00e9d\u00e9ration BCC<\/a><\/span> \/ <span class=\"breadcrumb_last\" aria-current=\"page\"><a href=\"https:\/\/bcc.no\/fr\/organisation\/documents-cles\/\">Documents cl\u00e9s<\/a><\/span><\/span><\/div>\n\n\n<h4 class=\"wp-block-heading featuredParagraph\">Vous trouverez ci-dessous des documents cl\u00e9s de la f\u00e9d\u00e9ration BCC.<\/h4>\n\n\n\n<hr class=\"wp-block-separator has-alpha-channel-opacity\"\/>\n<\/div><\/div>\n\n\n\n<section class=\"wp-block-group initiatives\"><div class=\"wp-block-group__inner-container is-layout-flow wp-block-group-is-layout-flow\">\n<div class=\"wp-block-group\"><div class=\"wp-block-group__inner-container is-layout-constrained wp-block-group-is-layout-constrained\">\n<div class=\"wp-block-cover doc-card-height has-pantone-neutral-black-color has-text-color has-link-color wp-elements-b998e539254b2c671af3663af0688f4c\" style=\"min-height:300px;aspect-ratio:unset;\"><span aria-hidden=\"true\" class=\"wp-block-cover__background has-background-dim-100 has-background-dim has-background-gradient\" style=\"background:linear-gradient(135deg,rgb(236,241,241) 0%,rgb(236,241,241) 97%)\"><\/span><div class=\"wp-block-cover__inner-container is-layout-flow wp-block-cover-is-layout-flow\">\n<h3 class=\"wp-block-heading\" id=\"2-media\">Statuts constitutifs<\/h3>\n\n\n\n<p>Les statuts constitutifs de la f\u00e9d\u00e9ration BCC d\u00e9crivent le but de la f\u00e9d\u00e9ration, son fondement doctrinal et ses organes centraux.<a href=\"https:\/\/bcc.media\/no\/\" target=\"_blank\" rel=\"noreferrer noopener\"><\/a><\/p>\n\n\n\n<div class=\"wp-block-buttons is-layout-flex wp-block-buttons-is-layout-flex\">\n<div class=\"wp-block-button\"><a class=\"wp-block-button__link wp-element-button arrow_right_alt\" rel=\"\">En savoir plus<\/a><\/div>\n<\/div>\n\n\n\n<a href=\"https:\/\/bcc.no\/fr\/organisation\/documents-cles\/statuts-constitutifs\/\" class=\"overlay-link\" rel=\"noopener\"><\/a>\n<\/div><\/div>\n\n\n\n<div class=\"wp-block-cover doc-card-height has-pantone-neutral-black-color has-text-color has-link-color wp-elements-ce4bf5ae346ae4340e5c262fb53ff24c\" style=\"min-height:300px;aspect-ratio:unset;\"><span aria-hidden=\"true\" class=\"wp-block-cover__background has-background-dim-100 has-background-dim has-background-gradient\" style=\"background:linear-gradient(135deg,rgb(236,241,241) 0%,rgb(236,241,241) 97%)\"><\/span><div class=\"wp-block-cover__inner-container is-layout-flow wp-block-cover-is-layout-flow\">\n<h3 class=\"wp-block-heading\" id=\"2-media\">Statuts de l&rsquo;association<\/h3>\n\n\n\n<p>Les statuts sont subordonn\u00e9s \u00e0 la constitution et d\u00e9crivent les activit\u00e9s, les membres, le secr\u00e9tariat et fixent les exigences en mati\u00e8re de finances et de comptabilit\u00e9.\u00a0<a href=\"https:\/\/bcc.media\/no\/\" target=\"_blank\" rel=\"noreferrer noopener\"><\/a><\/p>\n\n\n\n<div class=\"wp-block-buttons is-layout-flex wp-block-buttons-is-layout-flex\">\n<div class=\"wp-block-button\"><a class=\"wp-block-button__link wp-element-button arrow_right_alt\" rel=\"\">En savoir plus<\/a><\/div>\n<\/div>\n\n\n\n<a href=\"https:\/\/bcc.no\/organisering\/sentrale-dokumenter\/vedtekter\/\" class=\"overlay-link\" rel=\"noopener\"><\/a>\n<\/div><\/div>\n\n\n\n<div class=\"wp-block-cover doc-card-height has-pantone-neutral-black-color has-text-color has-link-color wp-elements-e54c871f0a298c049cc15ffaae8589f5\" style=\"min-height:300px;aspect-ratio:unset;\"><span aria-hidden=\"true\" class=\"wp-block-cover__background has-background-dim-100 has-background-dim has-background-gradient\" style=\"background:linear-gradient(135deg,rgb(236,241,241) 0%,rgb(236,241,241) 97%)\"><\/span><div class=\"wp-block-cover__inner-container is-layout-flow wp-block-cover-is-layout-flow\">\n<h3 class=\"wp-block-heading\" id=\"2-media\">Description du fondement doctrinal de BCC<\/h3>\n\n\n\n<p>Le fondement doctrinal de BCC est bas\u00e9 sur la Bible, et met l&rsquo;accent sur une vie o\u00f9 l\u2019on marche sur les traces de J\u00e9sus. Vous pouvez lire ici la description qu\u2019en fait la direction spirituelle de la f\u00e9d\u00e9ration BCC.<\/p>\n\n\n\n<div class=\"wp-block-buttons is-layout-flex wp-block-buttons-is-layout-flex\">\n<div class=\"wp-block-button\"><a class=\"wp-block-button__link wp-element-button arrow_right_alt\" rel=\"\">En savoir plus<\/a><\/div>\n<\/div>\n\n\n\n<a href=\"https:\/\/bcc.no\/fr\/organisation\/documents-cles\/fondement-doctrinal\/\" class=\"overlay-link\" rel=\"noopener\"><\/a>\n<\/div><\/div>\n\n\n\n<div class=\"wp-block-cover doc-card-height has-pantone-neutral-black-color has-text-color has-link-color wp-elements-2e107478df7a1977401093097375eb76\" style=\"min-height:300px;aspect-ratio:unset;\"><span aria-hidden=\"true\" class=\"wp-block-cover__background has-background-dim-100 has-background-dim has-background-gradient\" style=\"background:linear-gradient(135deg,rgb(236,241,241) 0%,rgb(236,241,241) 97%)\"><\/span><div class=\"wp-block-cover__inner-container is-layout-flow wp-block-cover-is-layout-flow\">\n<h3 class=\"wp-block-heading\" id=\"2-media\">Code d\u2019\u00e9thique<\/h3>\n\n\n\n<p>S&rsquo;applique aux employ\u00e9s des organisations de la f\u00e9d\u00e9ration BCC et d\u00e9crit nos normes en mati\u00e8re de responsabilit\u00e9 et de conformit\u00e9.<\/p>\n\n\n\n<div class=\"wp-block-buttons is-layout-flex wp-block-buttons-is-layout-flex\">\n<div class=\"wp-block-button\"><a class=\"wp-block-button__link wp-element-button arrow_right_alt\" rel=\"\">En savoir plus<\/a><\/div>\n<\/div>\n\n\n\n<a href=\"https:\/\/bcc.no\/fr\/organisation\/documents-cles\/code-dethique\/\" class=\"overlay-link\" rel=\"noopener\"><\/a>\n<\/div><\/div>\n<\/div><\/div>\n<\/div><\/section>\n\n\n\n<p><\/p>\n\n","protected":false},"excerpt":{"rendered":"<p>Vous trouverez ci-dessous des documents cl\u00e9s de la f\u00e9d\u00e9ration BCC.<\/p>\n","protected":false},"author":6,"featured_media":95176,"parent":97744,"menu_order":0,"comment_status":"closed","ping_status":"closed","template":"","meta":{"_acf_changed":false,"inline_featured_image":false,"_uag_custom_page_level_css":"","bcc_login_visibility":0,"bcc_groups":[],"bcc_groups_email":true,"bcc_visibility_groups":[],"bcc_visibility_groups_email":false,"sent_notifications":[],"footnotes":"","_links_to":"","_links_to_target":""},"class_list":["post-96659","page","type-page","status-publish","has-post-thumbnail","hentry"],"acf":{"rss_image":null},"featured_image_src":"https:\/\/bcc.no\/wp-content\/uploads\/2024\/09\/2024_Pinsestevne_Representantskapmote-20-scaled.jpg","yoast_head":"<!-- This site is optimized with the Yoast SEO plugin v27.4 - https:\/\/yoast.com\/product\/yoast-seo-wordpress\/ -->\n<title>Documents cl\u00e9s<\/title>\n<meta name=\"description\" content=\"Sur cette page, vous trouverez des rapports annuels, des communiqu\u00e9s de presse, des documents cl\u00e9s et d&#039;autres lignes directrices de la f\u00e9d\u00e9ration BCC.\" \/>\n<meta name=\"robots\" content=\"index, follow, max-snippet:-1, max-image-preview:large, max-video-preview:-1\" \/>\n<link rel=\"canonical\" href=\"https:\/\/bcc.no\/fr\/organisation\/documents-cles\/\" \/>\n<meta property=\"og:locale\" content=\"fr_FR\" \/>\n<meta property=\"og:type\" content=\"article\" \/>\n<meta property=\"og:title\" content=\"Documents cl\u00e9s\" \/>\n<meta property=\"og:description\" content=\"Sur cette page, vous trouverez des rapports annuels, des communiqu\u00e9s de presse, des documents cl\u00e9s et d&#039;autres lignes directrices de la f\u00e9d\u00e9ration BCC.\" \/>\n<meta property=\"og:url\" content=\"https:\/\/bcc.no\/fr\/organisation\/documents-cles\/\" \/>\n<meta property=\"og:site_name\" content=\"BCC\" \/>\n<meta property=\"article:modified_time\" content=\"2025-05-02T13:01:36+00:00\" \/>\n<meta property=\"og:image\" content=\"https:\/\/bcc.no\/wp-content\/uploads\/2024\/09\/2024_Pinsestevne_Representantskapmote-20-scaled.jpg\" \/>\n\t<meta property=\"og:image:width\" content=\"2560\" \/>\n\t<meta property=\"og:image:height\" content=\"1707\" \/>\n\t<meta property=\"og:image:type\" content=\"image\/jpeg\" \/>\n<meta name=\"twitter:card\" content=\"summary_large_image\" \/>\n<meta name=\"twitter:label1\" content=\"Dur\u00e9e de lecture estim\u00e9e\" \/>\n\t<meta name=\"twitter:data1\" content=\"1 minute\" \/>\n<script type=\"application\/ld+json\" class=\"yoast-schema-graph\">{\"@context\":\"https:\\\/\\\/schema.org\",\"@graph\":[{\"@type\":\"WebPage\",\"@id\":\"https:\\\/\\\/bcc.no\\\/fr\\\/organisation\\\/documents-cles\\\/\",\"url\":\"https:\\\/\\\/bcc.no\\\/fr\\\/organisation\\\/documents-cles\\\/\",\"name\":\"Documents cl\u00e9s\",\"isPartOf\":{\"@id\":\"https:\\\/\\\/bcc.no\\\/fr\\\/#website\"},\"primaryImageOfPage\":{\"@id\":\"https:\\\/\\\/bcc.no\\\/fr\\\/organisation\\\/documents-cles\\\/#primaryimage\"},\"image\":{\"@id\":\"https:\\\/\\\/bcc.no\\\/fr\\\/organisation\\\/documents-cles\\\/#primaryimage\"},\"thumbnailUrl\":\"https:\\\/\\\/bcc.no\\\/wp-content\\\/uploads\\\/2024\\\/09\\\/2024_Pinsestevne_Representantskapmote-20-scaled.jpg\",\"datePublished\":\"2024-09-10T06:25:26+00:00\",\"dateModified\":\"2025-05-02T13:01:36+00:00\",\"description\":\"Sur cette page, vous trouverez des rapports annuels, des communiqu\u00e9s de presse, des documents cl\u00e9s et d'autres lignes directrices de la f\u00e9d\u00e9ration BCC.\",\"breadcrumb\":{\"@id\":\"https:\\\/\\\/bcc.no\\\/fr\\\/organisation\\\/documents-cles\\\/#breadcrumb\"},\"inLanguage\":\"fr-FR\",\"potentialAction\":[{\"@type\":\"ReadAction\",\"target\":[\"https:\\\/\\\/bcc.no\\\/fr\\\/organisation\\\/documents-cles\\\/\"]}]},{\"@type\":\"ImageObject\",\"inLanguage\":\"fr-FR\",\"@id\":\"https:\\\/\\\/bcc.no\\\/fr\\\/organisation\\\/documents-cles\\\/#primaryimage\",\"url\":\"https:\\\/\\\/bcc.no\\\/wp-content\\\/uploads\\\/2024\\\/09\\\/2024_Pinsestevne_Representantskapmote-20-scaled.jpg\",\"contentUrl\":\"https:\\\/\\\/bcc.no\\\/wp-content\\\/uploads\\\/2024\\\/09\\\/2024_Pinsestevne_Representantskapmote-20-scaled.jpg\",\"width\":2560,\"height\":1707},{\"@type\":\"WebSite\",\"@id\":\"https:\\\/\\\/bcc.no\\\/fr\\\/#website\",\"url\":\"https:\\\/\\\/bcc.no\\\/fr\\\/\",\"name\":\"BCC\",\"description\":\"et internasjonalt trossamfunn\",\"publisher\":{\"@id\":\"https:\\\/\\\/bcc.no\\\/fr\\\/#organization\"},\"potentialAction\":[{\"@type\":\"SearchAction\",\"target\":{\"@type\":\"EntryPoint\",\"urlTemplate\":\"https:\\\/\\\/bcc.no\\\/fr\\\/?s={search_term_string}\"},\"query-input\":{\"@type\":\"PropertyValueSpecification\",\"valueRequired\":true,\"valueName\":\"search_term_string\"}}],\"inLanguage\":\"fr-FR\"},{\"@type\":\"Organization\",\"@id\":\"https:\\\/\\\/bcc.no\\\/fr\\\/#organization\",\"name\":\"BCC\",\"url\":\"https:\\\/\\\/bcc.no\\\/fr\\\/\",\"logo\":{\"@type\":\"ImageObject\",\"inLanguage\":\"fr-FR\",\"@id\":\"https:\\\/\\\/bcc.no\\\/fr\\\/#\\\/schema\\\/logo\\\/image\\\/\",\"url\":\"https:\\\/\\\/bcc.no\\\/wp-content\\\/uploads\\\/2026\\\/04\\\/bcc_logo_full.svg\",\"contentUrl\":\"https:\\\/\\\/bcc.no\\\/wp-content\\\/uploads\\\/2026\\\/04\\\/bcc_logo_full.svg\",\"caption\":\"BCC\"},\"image\":{\"@id\":\"https:\\\/\\\/bcc.no\\\/fr\\\/#\\\/schema\\\/logo\\\/image\\\/\"}}]}<\/script>\n<!-- \/ Yoast SEO plugin. -->","yoast_head_json":{"title":"Documents cl\u00e9s","description":"Sur cette page, vous trouverez des rapports annuels, des communiqu\u00e9s de presse, des documents cl\u00e9s et d'autres lignes directrices de la f\u00e9d\u00e9ration BCC.","robots":{"index":"index","follow":"follow","max-snippet":"max-snippet:-1","max-image-preview":"max-image-preview:large","max-video-preview":"max-video-preview:-1"},"canonical":"https:\/\/bcc.no\/fr\/organisation\/documents-cles\/","og_locale":"fr_FR","og_type":"article","og_title":"Documents cl\u00e9s","og_description":"Sur cette page, vous trouverez des rapports annuels, des communiqu\u00e9s de presse, des documents cl\u00e9s et d'autres lignes directrices de la f\u00e9d\u00e9ration BCC.","og_url":"https:\/\/bcc.no\/fr\/organisation\/documents-cles\/","og_site_name":"BCC","article_modified_time":"2025-05-02T13:01:36+00:00","og_image":[{"width":2560,"height":1707,"url":"https:\/\/bcc.no\/wp-content\/uploads\/2024\/09\/2024_Pinsestevne_Representantskapmote-20-scaled.jpg","type":"image\/jpeg"}],"twitter_card":"summary_large_image","twitter_misc":{"Dur\u00e9e de lecture estim\u00e9e":"1 minute"},"schema":{"@context":"https:\/\/schema.org","@graph":[{"@type":"WebPage","@id":"https:\/\/bcc.no\/fr\/organisation\/documents-cles\/","url":"https:\/\/bcc.no\/fr\/organisation\/documents-cles\/","name":"Documents cl\u00e9s","isPartOf":{"@id":"https:\/\/bcc.no\/fr\/#website"},"primaryImageOfPage":{"@id":"https:\/\/bcc.no\/fr\/organisation\/documents-cles\/#primaryimage"},"image":{"@id":"https:\/\/bcc.no\/fr\/organisation\/documents-cles\/#primaryimage"},"thumbnailUrl":"https:\/\/bcc.no\/wp-content\/uploads\/2024\/09\/2024_Pinsestevne_Representantskapmote-20-scaled.jpg","datePublished":"2024-09-10T06:25:26+00:00","dateModified":"2025-05-02T13:01:36+00:00","description":"Sur cette page, vous trouverez des rapports annuels, des communiqu\u00e9s de presse, des documents cl\u00e9s et d'autres lignes directrices de la f\u00e9d\u00e9ration BCC.","breadcrumb":{"@id":"https:\/\/bcc.no\/fr\/organisation\/documents-cles\/#breadcrumb"},"inLanguage":"fr-FR","potentialAction":[{"@type":"ReadAction","target":["https:\/\/bcc.no\/fr\/organisation\/documents-cles\/"]}]},{"@type":"ImageObject","inLanguage":"fr-FR","@id":"https:\/\/bcc.no\/fr\/organisation\/documents-cles\/#primaryimage","url":"https:\/\/bcc.no\/wp-content\/uploads\/2024\/09\/2024_Pinsestevne_Representantskapmote-20-scaled.jpg","contentUrl":"https:\/\/bcc.no\/wp-content\/uploads\/2024\/09\/2024_Pinsestevne_Representantskapmote-20-scaled.jpg","width":2560,"height":1707},{"@type":"WebSite","@id":"https:\/\/bcc.no\/fr\/#website","url":"https:\/\/bcc.no\/fr\/","name":"BCC","description":"et internasjonalt trossamfunn","publisher":{"@id":"https:\/\/bcc.no\/fr\/#organization"},"potentialAction":[{"@type":"SearchAction","target":{"@type":"EntryPoint","urlTemplate":"https:\/\/bcc.no\/fr\/?s={search_term_string}"},"query-input":{"@type":"PropertyValueSpecification","valueRequired":true,"valueName":"search_term_string"}}],"inLanguage":"fr-FR"},{"@type":"Organization","@id":"https:\/\/bcc.no\/fr\/#organization","name":"BCC","url":"https:\/\/bcc.no\/fr\/","logo":{"@type":"ImageObject","inLanguage":"fr-FR","@id":"https:\/\/bcc.no\/fr\/#\/schema\/logo\/image\/","url":"https:\/\/bcc.no\/wp-content\/uploads\/2026\/04\/bcc_logo_full.svg","contentUrl":"https:\/\/bcc.no\/wp-content\/uploads\/2026\/04\/bcc_logo_full.svg","caption":"BCC"},"image":{"@id":"https:\/\/bcc.no\/fr\/#\/schema\/logo\/image\/"}}]}},"uagb_featured_image_src":{"full":["https:\/\/bcc.no\/wp-content\/uploads\/2024\/09\/2024_Pinsestevne_Representantskapmote-20-scaled.jpg",2560,1707,false],"thumbnail":["https:\/\/bcc.no\/wp-content\/uploads\/2024\/09\/2024_Pinsestevne_Representantskapmote-20-150x150.jpg",150,150,true],"medium":["https:\/\/bcc.no\/wp-content\/uploads\/2024\/09\/2024_Pinsestevne_Representantskapmote-20-300x200.jpg",300,200,true],"medium_large":["https:\/\/bcc.no\/wp-content\/uploads\/2024\/09\/2024_Pinsestevne_Representantskapmote-20-768x512.jpg",640,427,true],"large":["https:\/\/bcc.no\/wp-content\/uploads\/2024\/09\/2024_Pinsestevne_Representantskapmote-20-1024x683.jpg",640,427,true],"1536x1536":["https:\/\/bcc.no\/wp-content\/uploads\/2024\/09\/2024_Pinsestevne_Representantskapmote-20-1536x1024.jpg",1536,1024,true],"2048x2048":["https:\/\/bcc.no\/wp-content\/uploads\/2024\/09\/2024_Pinsestevne_Representantskapmote-20-2048x1365.jpg",2048,1365,true]},"uagb_author_info":{"display_name":"Mathias Strand Kristiansen","author_link":"https:\/\/bcc.no\/fr\/author\/22801\/"},"uagb_comment_info":0,"uagb_excerpt":"Vous trouverez ci-dessous des documents cl\u00e9s de la f\u00e9d\u00e9ration BCC.","_links":{"self":[{"href":"https:\/\/bcc.no\/fr\/wp-json\/wp\/v2\/pages\/96659","targetHints":{"allow":["GET"]}}],"collection":[{"href":"https:\/\/bcc.no\/fr\/wp-json\/wp\/v2\/pages"}],"about":[{"href":"https:\/\/bcc.no\/fr\/wp-json\/wp\/v2\/types\/page"}],"author":[{"embeddable":true,"href":"https:\/\/bcc.no\/fr\/wp-json\/wp\/v2\/users\/6"}],"replies":[{"embeddable":true,"href":"https:\/\/bcc.no\/fr\/wp-json\/wp\/v2\/comments?post=96659"}],"version-history":[{"count":10,"href":"https:\/\/bcc.no\/fr\/wp-json\/wp\/v2\/pages\/96659\/revisions"}],"predecessor-version":[{"id":136369,"href":"https:\/\/bcc.no\/fr\/wp-json\/wp\/v2\/pages\/96659\/revisions\/136369"}],"up":[{"embeddable":true,"href":"https:\/\/bcc.no\/fr\/wp-json\/wp\/v2\/pages\/97744"}],"wp:featuredmedia":[{"embeddable":true,"href":"https:\/\/bcc.no\/fr\/wp-json\/wp\/v2\/media\/95176"}],"wp:attachment":[{"href":"https:\/\/bcc.no\/fr\/wp-json\/wp\/v2\/media?parent=96659"}],"curies":[{"name":"wp","href":"https:\/\/api.w.org\/{rel}","templated":true}]}}