{"id":96623,"date":"2024-09-10T07:24:03","date_gmt":"2024-09-10T06:24:03","guid":{"rendered":"https:\/\/bcc.no\/direction\/"},"modified":"2025-01-29T12:22:46","modified_gmt":"2025-01-29T11:22:46","slug":"direction","status":"publish","type":"page","link":"https:\/\/bcc.no\/fr\/organisation\/direction\/","title":{"rendered":"Direction"},"content":{"rendered":"\n<div class=\"wp-block-group\"><div class=\"wp-block-group__inner-container is-layout-constrained wp-block-group-is-layout-constrained\"><div class=\"yoast-breadcrumbs\"><span><span>Page d&rsquo;accueil<\/span> \/ <span><a href=\"https:\/\/bcc.no\/fr\/organisation\/\">Organisation de la f\u00e9d\u00e9ration BCC<\/a><\/span> \/ <span class=\"breadcrumb_last\" aria-current=\"page\"><a href=\"https:\/\/bcc.no\/fr\/organisation\/direction\/\">Direction<\/a><\/span><\/span><\/div>\n\n\n<h4 class=\"wp-block-heading featuredParagraph\" id=\"her-kan-du-lese-om-hvordan-den-internasjonale-organiseringen-av-bcc-rustes-for-framtiden\"><strong>La f\u00e9d\u00e9ration internationale BCC est r\u00e9gie par plusieurs organes. Les deux principaux sont l\u2019assembl\u00e9e des repr\u00e9sentants et la direction spirituelle.<\/strong><\/h4>\n\n\n\n<hr class=\"wp-block-separator has-css-opacity\"\/>\n<\/div><\/div>\n\n\n\n<div class=\"wp-block-group\"><div class=\"wp-block-group__inner-container is-layout-constrained wp-block-group-is-layout-constrained\">\n<h3 class=\"wp-block-heading\">L&rsquo;assembl\u00e9e des repr\u00e9sentants<\/h3>\n\n\n\n<p>L\u2019assembl\u00e9e des repr\u00e9sentants est l&rsquo;autorit\u00e9 supr\u00eame pour toutes les questions pratiques, juridiques et financi\u00e8res.<\/p>\n\n\n\n<p>L\u2019assembl\u00e9e des repr\u00e9sentants est compos\u00e9e d&rsquo;environ 180 repr\u00e9sentants \u00e9lus par et parmi les membres dans les pays o\u00f9 BCC a des assembl\u00e9es. Le nombre de repr\u00e9sentants d\u00e9pend du nombre de membres de chaque assembl\u00e9e locale. <\/p>\n\n\n\n<p>Des r\u00e9unions ordinaires de l\u2019assembl\u00e9e des repr\u00e9sentants ont lieu deux fois par an.<\/p>\n\n\n\n<p>Celle-ci d\u00e9cide des modifications \u00e0 apporter aux statuts, les enveloppes budg\u00e9taires annuelles, et est l&rsquo;autorit\u00e9 habilit\u00e9e \u00e0 allouer des fonds et des subventions pour promouvoir les objectifs de la f\u00e9d\u00e9ration.<\/p>\n\n\n\n<figure class=\"wp-block-image size-full\"><img loading=\"lazy\" decoding=\"async\" width=\"2520\" height=\"1080\" src=\"https:\/\/bcc.no\/wp-content\/uploads\/2024\/12\/2024_representantskapet_gruppebilde.jpg\" alt=\"\" class=\"wp-image-111985\"\/><\/figure>\n\n\n\n<p>Ni l\u2019assembl\u00e9e des repr\u00e9sentants ni la direction spirituelle ne peuvent prendre de r\u00e9solutions ayant un impact direct dans les organisations membres, sauf disposition contraire dans les r\u00e8glements int\u00e9rieurs de ces entit\u00e9s.<\/p>\n<\/div><\/div>\n\n\n\n<div class=\"wp-block-group\"><div class=\"wp-block-group__inner-container is-layout-constrained wp-block-group-is-layout-constrained\">\n<h3 class=\"wp-block-heading\">Secr\u00e9tariat de l\u2019assembl\u00e9e des repr\u00e9sentants<\/h3>\n\n\n\n<p>Le secr\u00e9tariat est \u00e9galement le conseil d&rsquo;administration de l&rsquo;organisation centrale et repr\u00e9sente la f\u00e9d\u00e9ration BCC vis-\u00e0-vis de l&rsquo;ext\u00e9rieur.<\/p>\n\n\n\n<p>La t\u00e2che du secr\u00e9tariat est de suivre les r\u00e9solutions adopt\u00e9es par l\u2019assembl\u00e9e des repr\u00e9sentants et de coordonner les divers prestataires de services tels que l&rsquo;informatique, le droit, la conformit\u00e9, les finances, l\u2019audit interne et la communication. <\/p>\n\n\n\n<p>En 2024, le secr\u00e9tariat est compos\u00e9 de :<\/p>\n\n\n\n<figure class=\"wp-block-image size-large\"><img loading=\"lazy\" decoding=\"async\" width=\"1024\" height=\"683\" src=\"http:\/\/bcc.no\/wp-content\/uploads\/2024\/12\/Sekretariatet_03-1024x683.jpg\" alt=\"\" class=\"wp-image-112065\"\/><figcaption class=\"wp-element-caption\">Tore Aslaksen, Thijs Flietstra et Berit Hustad Nilsen.<\/figcaption><\/figure>\n<\/div><\/div>\n\n\n\n<div class=\"wp-block-group\"><div class=\"wp-block-group__inner-container is-layout-constrained wp-block-group-is-layout-constrained\">\n<h2 class=\"wp-block-heading\">Direction spirituelle<\/h2>\n\n\n\n<p>La direction spirituelle assure la direction spirituelle et visionnaire. Elle est responsable de la promotion de la doctrine de l\u2019assembl\u00e9e, ainsi que du contenu chr\u00e9tien des \u00e9v\u00e9nements organis\u00e9s par l\u2019assembl\u00e9e. <\/p>\n\n\n\n<p>Les 120 responsables spirituels des divers pays se rassemblent une fois par an, et approuvent la composition de la direction spirituelle. Pour \u00eatre \u00e9lu membre de la direction spirituelle, il est crucial d&rsquo;avoir la confiance des responsables spirituels et des membres, sur la base d&rsquo;une vie pieuse, car l&rsquo;\u00e9lection suit le mod\u00e8le biblique. <\/p>\n\n\n\n<p>La direction spirituelle centrale est compos\u00e9e de quatre personnes :<\/p>\n\n\n\n<div class=\"wp-block-columns editorskit-no-mobile is-layout-flex wp-container-core-columns-is-layout-9d6595d7 wp-block-columns-is-layout-flex\">\n<div class=\"wp-block-column is-layout-flow wp-block-column-is-layout-flow\">\n<figure class=\"wp-block-image size-large\"><img loading=\"lazy\" decoding=\"async\" width=\"768\" height=\"1024\" src=\"http:\/\/bcc.no\/wp-content\/uploads\/2024\/09\/KareS-768x1024.jpg\" alt=\"\" class=\"wp-image-95365\"\/><figcaption class=\"wp-element-caption\">K\u00e5re Johan Smith<\/figcaption><\/figure>\n<\/div>\n\n\n\n<div class=\"wp-block-column is-layout-flow wp-block-column-is-layout-flow\">\n<figure class=\"wp-block-image size-full\"><img loading=\"lazy\" decoding=\"async\" width=\"768\" height=\"1023\" src=\"https:\/\/bcc.no\/wp-content\/uploads\/2024\/10\/HaraldK.jpg\" alt=\"\" class=\"wp-image-96953\"\/><figcaption class=\"wp-element-caption\">Harald Kronstad<\/figcaption><\/figure>\n<\/div>\n\n\n\n<div class=\"wp-block-column is-layout-flow wp-block-column-is-layout-flow\">\n<figure class=\"wp-block-image size-large\"><img loading=\"lazy\" decoding=\"async\" width=\"768\" height=\"1024\" src=\"http:\/\/bcc.no\/wp-content\/uploads\/2024\/09\/BjornN-768x1024.jpg\" alt=\"\" class=\"wp-image-95355\"\/><figcaption class=\"wp-element-caption\">Bj\u00f8rn Nilsen<\/figcaption><\/figure>\n<\/div>\n\n\n\n<div class=\"wp-block-column is-layout-flow wp-block-column-is-layout-flow\">\n<figure class=\"wp-block-image size-large\"><img loading=\"lazy\" decoding=\"async\" width=\"768\" height=\"1024\" src=\"http:\/\/bcc.no\/wp-content\/uploads\/2024\/09\/TrondE-768x1024.jpg\" alt=\"\" class=\"wp-image-95370\"\/><figcaption class=\"wp-element-caption\">Trond Eriksen<\/figcaption><\/figure>\n<\/div>\n<\/div>\n\n\n\n<div class=\"wp-block-group editorskit-no-desktop editorskit-no-tablet\"><div class=\"wp-block-group__inner-container is-layout-constrained wp-block-group-is-layout-constrained\">\n<div class=\"wp-block-columns is-not-stacked-on-mobile is-layout-flex wp-container-core-columns-is-layout-9d6595d7 wp-block-columns-is-layout-flex\">\n<div class=\"wp-block-column is-layout-flow wp-block-column-is-layout-flow\">\n<figure class=\"wp-block-image size-large\"><img loading=\"lazy\" decoding=\"async\" width=\"768\" height=\"1024\" src=\"http:\/\/bcc.no\/wp-content\/uploads\/2024\/09\/KareS-768x1024.jpg\" alt=\"\" class=\"wp-image-95365\"\/><figcaption class=\"wp-element-caption\">K\u00e5re Johan Smith<\/figcaption><\/figure>\n<\/div>\n\n\n\n<div class=\"wp-block-column is-layout-flow wp-block-column-is-layout-flow\">\n<figure class=\"wp-block-image size-full\"><img loading=\"lazy\" decoding=\"async\" width=\"768\" height=\"1023\" src=\"https:\/\/bcc.no\/wp-content\/uploads\/2024\/10\/HaraldK-1.jpg\" alt=\"\" class=\"wp-image-96958\"\/><figcaption class=\"wp-element-caption\">Harald Kronstad<\/figcaption><\/figure>\n<\/div>\n<\/div>\n\n\n\n<div class=\"wp-block-columns is-not-stacked-on-mobile is-layout-flex wp-container-core-columns-is-layout-9d6595d7 wp-block-columns-is-layout-flex\">\n<div class=\"wp-block-column is-layout-flow wp-block-column-is-layout-flow\">\n<figure class=\"wp-block-image size-large\"><img loading=\"lazy\" decoding=\"async\" width=\"768\" height=\"1024\" src=\"http:\/\/bcc.no\/wp-content\/uploads\/2024\/09\/BjornN-768x1024.jpg\" alt=\"\" class=\"wp-image-95355\"\/><figcaption class=\"wp-element-caption\">Bj\u00f8rn Nilsen<\/figcaption><\/figure>\n<\/div>\n\n\n\n<div class=\"wp-block-column is-layout-flow wp-block-column-is-layout-flow\">\n<figure class=\"wp-block-image size-large\"><img loading=\"lazy\" decoding=\"async\" width=\"768\" height=\"1024\" src=\"http:\/\/bcc.no\/wp-content\/uploads\/2024\/09\/TrondE-768x1024.jpg\" alt=\"\" class=\"wp-image-95370\"\/><figcaption class=\"wp-element-caption\">Trond Eriksen<\/figcaption><\/figure>\n<\/div>\n<\/div>\n<\/div><\/div>\n<\/div><\/div>\n\n\n\n<div class=\"wp-block-group\"><div class=\"wp-block-group__inner-container is-layout-constrained wp-block-group-is-layout-constrained\">\n<h4 class=\"wp-block-heading\">Pr\u00e9sident de la direction spirituelle &#8211; K\u00e5re Johan Smith<\/h4>\n\n\n\n<p>Depuis que K\u00e5re J. Smith a pris la direction spirituelle de l\u2019assembl\u00e9e dans les ann\u00e9es 1990, il l&rsquo;a constamment men\u00e9e vers une nouvelle \u00e8re. Il a contribu\u00e9 \u00e0 l&rsquo;innovation et au d\u00e9veloppement, notamment en ce qui concerne les activit\u00e9s pour les enfants et les jeunes et l&rsquo;utilisation de la technologie pour annoncer le message. \u00a0<\/p>\n\n\n\n<p>Il n&rsquo;est pas r\u00e9mun\u00e9r\u00e9 par l\u2019assembl\u00e9e.<\/p>\n<\/div><\/div>\n\n\n\n<div class=\"wp-block-group\"><div class=\"wp-block-group__inner-container is-layout-constrained wp-block-group-is-layout-constrained\">\n<h2 class=\"wp-block-heading\">Initiatives communes<\/h2>\n\n\n\n<p>Les initiatives communes qui sont affili\u00e9es \u00e0 la f\u00e9d\u00e9ration BCC ont des conseils d&rsquo;administration et des dirigeants qui assument leur responsabilit\u00e9 de mani\u00e8re ind\u00e9pendante. Les membres de ces conseils d&rsquo;administration sont \u00e9lus par l\u2019assembl\u00e9e des repr\u00e9sentants. Les plans d&rsquo;activit\u00e9s et les budgets sont adopt\u00e9s par les conseils d&rsquo;administration respectifs, qui font ensuite des demandes de subventions et de soutien aupr\u00e8s de l\u2019assembl\u00e9e des repr\u00e9sentants.<\/p>\n\n\n\n<h2 class=\"wp-block-heading\">Au niveau local<\/h2>\n\n\n\n<p>Dans les assembl\u00e9es locales qui font partie de la f\u00e9d\u00e9ration BCC, il est obligatoire d&rsquo;avoir des conseils d\u2019administration et une bonne direction. <\/p>\n\n\n\n<p>En outre, la f\u00e9d\u00e9ration a fix\u00e9 des exigences minimales dans des domaines tels que l&rsquo;organisation, les assembl\u00e9es g\u00e9n\u00e9rales, la budg\u00e9tisation et la comptabilit\u00e9, afin de garantir que les activit\u00e9s de BCC sont fond\u00e9es sur la justice \u00e0 tous les niveaux.<\/p>\n\n\n\n<div class=\"wp-block-buttons is-layout-flex wp-block-buttons-is-layout-flex\">\n<div class=\"wp-block-button\"><a class=\"wp-block-button__link wp-element-button arrow_right_alt\" href=\"https:\/\/bcc.no\/fr\/organisation\/\" rel=\"\">En savoir plus sur l&rsquo;organisation<\/a><\/div>\n<\/div>\n<\/div><\/div>\n\n\n\n<div class=\"wp-block-group\"><div class=\"wp-block-group__inner-container is-layout-constrained wp-block-group-is-layout-constrained\">\n    <section class=\"related-articles\" data-columns=\"3\">\n        <h2>Lire aussi<\/h2>\n        <div class=\"related-articles-items\">\n                            <div id=\"post-143086\" class=\"article has-image\">\n                    <div class=\"article-card no-content\">No post available.<\/div>                <\/div>\n                            <div id=\"post-137968\" class=\"article has-image\">\n                    <div class=\"article-card no-content\">No post available.<\/div>                <\/div>\n                            <div id=\"post-137680\" class=\"article has-image\">\n                    <div class=\"article-card no-content\">No post available.<\/div>                <\/div>\n                                <\/div>\n    <\/section>\n<\/div><\/div>\n\n","protected":false},"excerpt":{"rendered":"<p>La f\u00e9d\u00e9ration internationale BCC est r\u00e9gie par plusieurs organes. Les deux principaux sont l\u2019assembl\u00e9e des repr\u00e9sentants et la direction spirituelle. L&rsquo;assembl\u00e9e des repr\u00e9sentants L\u2019assembl\u00e9e des repr\u00e9sentants est l&rsquo;autorit\u00e9 supr\u00eame pour toutes les questions pratiques, juridiques et financi\u00e8res. L\u2019assembl\u00e9e des repr\u00e9sentants est compos\u00e9e d&rsquo;environ 180 repr\u00e9sentants \u00e9lus par et parmi les membres dans les pays o\u00f9 [&hellip;]<\/p>\n","protected":false},"author":6,"featured_media":95727,"parent":97744,"menu_order":0,"comment_status":"closed","ping_status":"closed","template":"","meta":{"_acf_changed":false,"inline_featured_image":false,"_uag_custom_page_level_css":"","bcc_login_visibility":0,"bcc_groups":[],"bcc_groups_email":true,"bcc_visibility_groups":[],"bcc_visibility_groups_email":false,"sent_notifications":[],"footnotes":"","_links_to":"","_links_to_target":""},"class_list":["post-96623","page","type-page","status-publish","has-post-thumbnail","hentry"],"acf":{"rss_image":null},"featured_image_src":"https:\/\/bcc.no\/wp-content\/uploads\/2024\/09\/Landskapsmote-Representantskapsmote-2023-19-1-scaled.jpg","yoast_head":"<!-- This site is optimized with the Yoast SEO plugin v27.4 - https:\/\/yoast.com\/product\/yoast-seo-wordpress\/ -->\n<title>Direction - BCC<\/title>\n<meta name=\"description\" content=\"Pour mieux comprendre la direction de Brunstad Christian Church, notamment les r\u00f4les et les responsabilit\u00e9s de l\u2019assembl\u00e9e des repr\u00e9sentants et la direction spirituelle.\" \/>\n<meta name=\"robots\" content=\"index, follow, max-snippet:-1, max-image-preview:large, max-video-preview:-1\" \/>\n<link rel=\"canonical\" href=\"https:\/\/bcc.no\/fr\/organisation\/direction\/\" \/>\n<meta property=\"og:locale\" content=\"fr_FR\" \/>\n<meta property=\"og:type\" content=\"article\" \/>\n<meta property=\"og:title\" content=\"Direction - BCC\" \/>\n<meta property=\"og:description\" content=\"Pour mieux comprendre la direction de Brunstad Christian Church, notamment les r\u00f4les et les responsabilit\u00e9s de l\u2019assembl\u00e9e des repr\u00e9sentants et la direction spirituelle.\" \/>\n<meta property=\"og:url\" content=\"https:\/\/bcc.no\/fr\/organisation\/direction\/\" \/>\n<meta property=\"og:site_name\" content=\"BCC\" \/>\n<meta property=\"article:modified_time\" content=\"2025-01-29T11:22:46+00:00\" \/>\n<meta property=\"og:image\" content=\"https:\/\/bcc.no\/wp-content\/uploads\/2024\/09\/Landskapsmote-Representantskapsmote-2023-19-1-scaled.jpg\" \/>\n\t<meta property=\"og:image:width\" content=\"2560\" \/>\n\t<meta property=\"og:image:height\" content=\"695\" \/>\n\t<meta property=\"og:image:type\" content=\"image\/jpeg\" \/>\n<meta name=\"twitter:card\" content=\"summary_large_image\" \/>\n<meta name=\"twitter:label1\" content=\"Dur\u00e9e de lecture estim\u00e9e\" \/>\n\t<meta name=\"twitter:data1\" content=\"6 minutes\" \/>\n<script type=\"application\/ld+json\" class=\"yoast-schema-graph\">{\"@context\":\"https:\\\/\\\/schema.org\",\"@graph\":[{\"@type\":\"WebPage\",\"@id\":\"https:\\\/\\\/bcc.no\\\/fr\\\/organisation\\\/direction\\\/\",\"url\":\"https:\\\/\\\/bcc.no\\\/fr\\\/organisation\\\/direction\\\/\",\"name\":\"Direction - BCC\",\"isPartOf\":{\"@id\":\"https:\\\/\\\/bcc.no\\\/fr\\\/#website\"},\"primaryImageOfPage\":{\"@id\":\"https:\\\/\\\/bcc.no\\\/fr\\\/organisation\\\/direction\\\/#primaryimage\"},\"image\":{\"@id\":\"https:\\\/\\\/bcc.no\\\/fr\\\/organisation\\\/direction\\\/#primaryimage\"},\"thumbnailUrl\":\"https:\\\/\\\/bcc.no\\\/wp-content\\\/uploads\\\/2024\\\/09\\\/Landskapsmote-Representantskapsmote-2023-19-1-scaled.jpg\",\"datePublished\":\"2024-09-10T06:24:03+00:00\",\"dateModified\":\"2025-01-29T11:22:46+00:00\",\"description\":\"Pour mieux comprendre la direction de Brunstad Christian Church, notamment les r\u00f4les et les responsabilit\u00e9s de l\u2019assembl\u00e9e des repr\u00e9sentants et la direction spirituelle.\",\"breadcrumb\":{\"@id\":\"https:\\\/\\\/bcc.no\\\/fr\\\/organisation\\\/direction\\\/#breadcrumb\"},\"inLanguage\":\"fr-FR\",\"potentialAction\":[{\"@type\":\"ReadAction\",\"target\":[\"https:\\\/\\\/bcc.no\\\/fr\\\/organisation\\\/direction\\\/\"]}]},{\"@type\":\"ImageObject\",\"inLanguage\":\"fr-FR\",\"@id\":\"https:\\\/\\\/bcc.no\\\/fr\\\/organisation\\\/direction\\\/#primaryimage\",\"url\":\"https:\\\/\\\/bcc.no\\\/wp-content\\\/uploads\\\/2024\\\/09\\\/Landskapsmote-Representantskapsmote-2023-19-1-scaled.jpg\",\"contentUrl\":\"https:\\\/\\\/bcc.no\\\/wp-content\\\/uploads\\\/2024\\\/09\\\/Landskapsmote-Representantskapsmote-2023-19-1-scaled.jpg\",\"width\":2560,\"height\":695},{\"@type\":\"WebSite\",\"@id\":\"https:\\\/\\\/bcc.no\\\/fr\\\/#website\",\"url\":\"https:\\\/\\\/bcc.no\\\/fr\\\/\",\"name\":\"BCC\",\"description\":\"et internasjonalt trossamfunn\",\"publisher\":{\"@id\":\"https:\\\/\\\/bcc.no\\\/fr\\\/#organization\"},\"potentialAction\":[{\"@type\":\"SearchAction\",\"target\":{\"@type\":\"EntryPoint\",\"urlTemplate\":\"https:\\\/\\\/bcc.no\\\/fr\\\/?s={search_term_string}\"},\"query-input\":{\"@type\":\"PropertyValueSpecification\",\"valueRequired\":true,\"valueName\":\"search_term_string\"}}],\"inLanguage\":\"fr-FR\"},{\"@type\":\"Organization\",\"@id\":\"https:\\\/\\\/bcc.no\\\/fr\\\/#organization\",\"name\":\"BCC\",\"url\":\"https:\\\/\\\/bcc.no\\\/fr\\\/\",\"logo\":{\"@type\":\"ImageObject\",\"inLanguage\":\"fr-FR\",\"@id\":\"https:\\\/\\\/bcc.no\\\/fr\\\/#\\\/schema\\\/logo\\\/image\\\/\",\"url\":\"https:\\\/\\\/bcc.no\\\/wp-content\\\/uploads\\\/2026\\\/04\\\/bcc_logo_full.svg\",\"contentUrl\":\"https:\\\/\\\/bcc.no\\\/wp-content\\\/uploads\\\/2026\\\/04\\\/bcc_logo_full.svg\",\"caption\":\"BCC\"},\"image\":{\"@id\":\"https:\\\/\\\/bcc.no\\\/fr\\\/#\\\/schema\\\/logo\\\/image\\\/\"}}]}<\/script>\n<!-- \/ Yoast SEO plugin. -->","yoast_head_json":{"title":"Direction - BCC","description":"Pour mieux comprendre la direction de Brunstad Christian Church, notamment les r\u00f4les et les responsabilit\u00e9s de l\u2019assembl\u00e9e des repr\u00e9sentants et la direction spirituelle.","robots":{"index":"index","follow":"follow","max-snippet":"max-snippet:-1","max-image-preview":"max-image-preview:large","max-video-preview":"max-video-preview:-1"},"canonical":"https:\/\/bcc.no\/fr\/organisation\/direction\/","og_locale":"fr_FR","og_type":"article","og_title":"Direction - BCC","og_description":"Pour mieux comprendre la direction de Brunstad Christian Church, notamment les r\u00f4les et les responsabilit\u00e9s de l\u2019assembl\u00e9e des repr\u00e9sentants et la direction spirituelle.","og_url":"https:\/\/bcc.no\/fr\/organisation\/direction\/","og_site_name":"BCC","article_modified_time":"2025-01-29T11:22:46+00:00","og_image":[{"width":2560,"height":695,"url":"https:\/\/bcc.no\/wp-content\/uploads\/2024\/09\/Landskapsmote-Representantskapsmote-2023-19-1-scaled.jpg","type":"image\/jpeg"}],"twitter_card":"summary_large_image","twitter_misc":{"Dur\u00e9e de lecture estim\u00e9e":"6 minutes"},"schema":{"@context":"https:\/\/schema.org","@graph":[{"@type":"WebPage","@id":"https:\/\/bcc.no\/fr\/organisation\/direction\/","url":"https:\/\/bcc.no\/fr\/organisation\/direction\/","name":"Direction - BCC","isPartOf":{"@id":"https:\/\/bcc.no\/fr\/#website"},"primaryImageOfPage":{"@id":"https:\/\/bcc.no\/fr\/organisation\/direction\/#primaryimage"},"image":{"@id":"https:\/\/bcc.no\/fr\/organisation\/direction\/#primaryimage"},"thumbnailUrl":"https:\/\/bcc.no\/wp-content\/uploads\/2024\/09\/Landskapsmote-Representantskapsmote-2023-19-1-scaled.jpg","datePublished":"2024-09-10T06:24:03+00:00","dateModified":"2025-01-29T11:22:46+00:00","description":"Pour mieux comprendre la direction de Brunstad Christian Church, notamment les r\u00f4les et les responsabilit\u00e9s de l\u2019assembl\u00e9e des repr\u00e9sentants et la direction spirituelle.","breadcrumb":{"@id":"https:\/\/bcc.no\/fr\/organisation\/direction\/#breadcrumb"},"inLanguage":"fr-FR","potentialAction":[{"@type":"ReadAction","target":["https:\/\/bcc.no\/fr\/organisation\/direction\/"]}]},{"@type":"ImageObject","inLanguage":"fr-FR","@id":"https:\/\/bcc.no\/fr\/organisation\/direction\/#primaryimage","url":"https:\/\/bcc.no\/wp-content\/uploads\/2024\/09\/Landskapsmote-Representantskapsmote-2023-19-1-scaled.jpg","contentUrl":"https:\/\/bcc.no\/wp-content\/uploads\/2024\/09\/Landskapsmote-Representantskapsmote-2023-19-1-scaled.jpg","width":2560,"height":695},{"@type":"WebSite","@id":"https:\/\/bcc.no\/fr\/#website","url":"https:\/\/bcc.no\/fr\/","name":"BCC","description":"et internasjonalt trossamfunn","publisher":{"@id":"https:\/\/bcc.no\/fr\/#organization"},"potentialAction":[{"@type":"SearchAction","target":{"@type":"EntryPoint","urlTemplate":"https:\/\/bcc.no\/fr\/?s={search_term_string}"},"query-input":{"@type":"PropertyValueSpecification","valueRequired":true,"valueName":"search_term_string"}}],"inLanguage":"fr-FR"},{"@type":"Organization","@id":"https:\/\/bcc.no\/fr\/#organization","name":"BCC","url":"https:\/\/bcc.no\/fr\/","logo":{"@type":"ImageObject","inLanguage":"fr-FR","@id":"https:\/\/bcc.no\/fr\/#\/schema\/logo\/image\/","url":"https:\/\/bcc.no\/wp-content\/uploads\/2026\/04\/bcc_logo_full.svg","contentUrl":"https:\/\/bcc.no\/wp-content\/uploads\/2026\/04\/bcc_logo_full.svg","caption":"BCC"},"image":{"@id":"https:\/\/bcc.no\/fr\/#\/schema\/logo\/image\/"}}]}},"uagb_featured_image_src":{"full":["https:\/\/bcc.no\/wp-content\/uploads\/2024\/09\/Landskapsmote-Representantskapsmote-2023-19-1-scaled.jpg",2560,695,false],"thumbnail":["https:\/\/bcc.no\/wp-content\/uploads\/2024\/09\/Landskapsmote-Representantskapsmote-2023-19-1-150x150.jpg",150,150,true],"medium":["https:\/\/bcc.no\/wp-content\/uploads\/2024\/09\/Landskapsmote-Representantskapsmote-2023-19-1-300x81.jpg",300,81,true],"medium_large":["https:\/\/bcc.no\/wp-content\/uploads\/2024\/09\/Landskapsmote-Representantskapsmote-2023-19-1-768x208.jpg",640,173,true],"large":["https:\/\/bcc.no\/wp-content\/uploads\/2024\/09\/Landskapsmote-Representantskapsmote-2023-19-1-1024x278.jpg",640,174,true],"1536x1536":["https:\/\/bcc.no\/wp-content\/uploads\/2024\/09\/Landskapsmote-Representantskapsmote-2023-19-1-1536x417.jpg",1536,417,true],"2048x2048":["https:\/\/bcc.no\/wp-content\/uploads\/2024\/09\/Landskapsmote-Representantskapsmote-2023-19-1-2048x556.jpg",2048,556,true]},"uagb_author_info":{"display_name":"Mathias Strand Kristiansen","author_link":"https:\/\/bcc.no\/fr\/author\/22801\/"},"uagb_comment_info":0,"uagb_excerpt":"La f\u00e9d\u00e9ration internationale BCC est r\u00e9gie par plusieurs organes. Les deux principaux sont l\u2019assembl\u00e9e des repr\u00e9sentants et la direction spirituelle. L&rsquo;assembl\u00e9e des repr\u00e9sentants L\u2019assembl\u00e9e des repr\u00e9sentants est l&rsquo;autorit\u00e9 supr\u00eame pour toutes les questions pratiques, juridiques et financi\u00e8res. L\u2019assembl\u00e9e des repr\u00e9sentants est compos\u00e9e d&rsquo;environ 180 repr\u00e9sentants \u00e9lus par et parmi les membres dans les pays o\u00f9\u2026","_links":{"self":[{"href":"https:\/\/bcc.no\/fr\/wp-json\/wp\/v2\/pages\/96623","targetHints":{"allow":["GET"]}}],"collection":[{"href":"https:\/\/bcc.no\/fr\/wp-json\/wp\/v2\/pages"}],"about":[{"href":"https:\/\/bcc.no\/fr\/wp-json\/wp\/v2\/types\/page"}],"author":[{"embeddable":true,"href":"https:\/\/bcc.no\/fr\/wp-json\/wp\/v2\/users\/6"}],"replies":[{"embeddable":true,"href":"https:\/\/bcc.no\/fr\/wp-json\/wp\/v2\/comments?post=96623"}],"version-history":[{"count":16,"href":"https:\/\/bcc.no\/fr\/wp-json\/wp\/v2\/pages\/96623\/revisions"}],"predecessor-version":[{"id":128718,"href":"https:\/\/bcc.no\/fr\/wp-json\/wp\/v2\/pages\/96623\/revisions\/128718"}],"up":[{"embeddable":true,"href":"https:\/\/bcc.no\/fr\/wp-json\/wp\/v2\/pages\/97744"}],"wp:featuredmedia":[{"embeddable":true,"href":"https:\/\/bcc.no\/fr\/wp-json\/wp\/v2\/media\/95727"}],"wp:attachment":[{"href":"https:\/\/bcc.no\/fr\/wp-json\/wp\/v2\/media?parent=96623"}],"curies":[{"name":"wp","href":"https:\/\/api.w.org\/{rel}","templated":true}]}}