{"id":96618,"date":"2024-09-10T07:25:02","date_gmt":"2024-09-10T06:25:02","guid":{"rendered":"https:\/\/bcc.no\/organisations-associees\/"},"modified":"2025-01-29T12:23:04","modified_gmt":"2025-01-29T11:23:04","slug":"organisations-associees","status":"publish","type":"page","link":"https:\/\/bcc.no\/fr\/organisation\/organisations-associees\/","title":{"rendered":"Organisations associ\u00e9es"},"content":{"rendered":"\n<div class=\"wp-block-group\"><div class=\"wp-block-group__inner-container is-layout-constrained wp-block-group-is-layout-constrained\"><div class=\"yoast-breadcrumbs\"><span><span><a href=\"https:\/\/bcc.no\/fr\/page-daccueil\/\">Page d&rsquo;accueil<\/a><\/span> \/ <span><a href=\"https:\/\/bcc.no\/fr\/organisation\/\">Organisation de la f\u00e9d\u00e9ration BCC<\/a><\/span> \/ <span class=\"breadcrumb_last\" aria-current=\"page\"><a href=\"https:\/\/bcc.no\/fr\/organisation\/organisations-associees\/\">Organisations associ\u00e9es<\/a><\/span><\/span><\/div>\n\n\n<h4 class=\"wp-block-heading featuredParagraph\" id=\"barn-og-ungdom-er-hoyt-prioritert-i-trossamfunnet-og-hver-uke-jobber-hundrevis-av-frivillige-med-a-gi-et-godt-tilbud-til-disse-i-2022-ble-tre-barne-og-ungdomsforeninger-tatt-opp-som-assosierte-medlemmer-i-bcc-forbundet\">Le statut de membre associ\u00e9 suppose que l&rsquo;organisation travaille avec le m\u00eame objectif et souhaite adh\u00e9rer \u00e0 la f\u00e9d\u00e9ration BCC.<\/h4>\n\n\n\n<hr class=\"wp-block-separator has-alpha-channel-opacity\"\/>\n<\/div><\/div>\n\n\n\n<div class=\"wp-block-group\"><div class=\"wp-block-group__inner-container is-layout-constrained wp-block-group-is-layout-constrained\">\n<h3 class=\"wp-block-heading\">Enfants et jeunes<\/h3>\n\n\n\n<p>La communaut\u00e9 accorde une grande importance aux enfants et aux jeunes, et un travail consid\u00e9rable est men\u00e9 en faveur de ce groupe cible dans de nombreuses assembl\u00e9es locales \u00e0 travers le monde. La plupart du temps, ce travail est organis\u00e9 au sein d&rsquo;associations b\u00e9n\u00e9voles sp\u00e9cifiques qui visent \u00e0 cr\u00e9er un cadre sain et propice au d\u00e9veloppement personnel, spirituel et social des enfants et des jeunes. \u00c0 ce jour, trois organisations norv\u00e9giennes en faveur de l&rsquo;enfance et de la jeunesse ont \u00e9t\u00e9 admises en tant que membres associ\u00e9s de la f\u00e9d\u00e9ration BCC : Le Club d\u2019activit\u00e9s, Le Club Jeunesse de Brunstad (BUK) et Xercize.<\/p>\n\n\n\n<div style=\"height:30px\" aria-hidden=\"true\" class=\"wp-block-spacer\"><\/div>\n<\/div><\/div>\n\n\n\n<div class=\"wp-block-group is-style-default\"><div class=\"wp-block-group__inner-container is-layout-constrained wp-block-group-is-layout-constrained\">\n<figure class=\"wp-block-image size-full is-resized\"><img loading=\"lazy\" decoding=\"async\" width=\"1000\" height=\"603\" src=\"https:\/\/bcc.no\/wp-content\/uploads\/2024\/09\/BUK_logo_02.png\" alt=\"\" class=\"wp-image-94058\" style=\"width:200px\"\/><\/figure>\n\n\n\n<p>Le Club Jeunesse de Brunstad (BUK) fait partie du programme chr\u00e9tien de BCC en faveur des jeunes, et organise des activit\u00e9s et des camps pour les jeunes \u00e0 partir de 13 ans. Cette association vise notamment \u00e0 promouvoir la foi chr\u00e9tienne, la communion et l&rsquo;\u00e9change d&rsquo;exp\u00e9riences entre jeunes du monde entier, et \u00e0 les pr\u00e9server d&rsquo;environnements destructeurs et n\u00e9fastes.<\/p>\n\n\n\n<p>BUK est implant\u00e9 dans 20 localit\u00e9s norv\u00e9giennes. Au niveau mondial, on recense environ 80 associations de jeunesse qui poursuivent le m\u00eame objectif ou un objectif similaire, sans pour autant \u00eatre officiellement affili\u00e9es \u00e0 la f\u00e9d\u00e9ration.<\/p>\n\n\n\n<div class=\"wp-block-buttons is-layout-flex wp-block-buttons-is-layout-flex\">\n<div class=\"wp-block-button\"><a class=\"wp-block-button__link wp-element-button arrow_right_alt\" href=\"https:\/\/buk.no\/\" target=\"_blank\" rel=\"noopener\">Plus d&rsquo;informations sur bcc.no<\/a><\/div>\n<\/div>\n<\/div><\/div>\n\n\n\n<div style=\"height:49px\" aria-hidden=\"true\" class=\"wp-block-spacer\"><\/div>\n\n\n\n<div class=\"wp-block-group is-style-default\"><div class=\"wp-block-group__inner-container is-layout-constrained wp-block-group-is-layout-constrained\">\n<figure class=\"wp-block-image size-full is-resized\"><img loading=\"lazy\" decoding=\"async\" width=\"1000\" height=\"603\" src=\"http:\/\/bcc.no\/wp-content\/uploads\/2024\/09\/Xercize_logo_02.png\" alt=\"\" class=\"wp-image-94063\" style=\"width:200px\"\/><\/figure>\n\n\n\n<p>Xercize est une association b\u00e9n\u00e9vole dont l\u2019objectif est de mener un travail chr\u00e9tien aupr\u00e8s des enfants et des jeunes qui font du sport, en se basant sur les valeurs et le fondement doctrinal de BCC. Cette action est men\u00e9e par le biais d&rsquo;activit\u00e9s, de camps, de comp\u00e9titions et d&rsquo;\u00e9v\u00e9nements alliant le sport \u00e0 un contenu chr\u00e9tien. Xercize organise des activit\u00e9s hebdomadaires au sein d&rsquo;\u00e9quipes locales dans toute la Norv\u00e8ge.<\/p>\n\n\n\n<div class=\"wp-block-buttons is-layout-flex wp-block-buttons-is-layout-flex\">\n<div class=\"wp-block-button\"><a class=\"wp-block-button__link wp-element-button arrow_right_alt\" href=\"http:\/\/xercize.org\/\" target=\"_blank\" rel=\"noopener\">Plus d&rsquo;informations sur xercize.org<\/a><\/div>\n<\/div>\n<\/div><\/div>\n\n\n\n<div style=\"height:49px\" aria-hidden=\"true\" class=\"wp-block-spacer\"><\/div>\n\n\n\n<div class=\"wp-block-group is-style-default\"><div class=\"wp-block-group__inner-container is-layout-constrained wp-block-group-is-layout-constrained\">\n<figure class=\"wp-block-image size-full is-resized\"><img loading=\"lazy\" decoding=\"async\" width=\"1000\" height=\"731\" src=\"http:\/\/bcc.no\/wp-content\/uploads\/2024\/09\/AK_logo_03.png\" alt=\"\" class=\"wp-image-94086\" style=\"width:200px\"\/><\/figure>\n\n\n\n<p>Le Club d&rsquo;activit\u00e9s (AK) est une association b\u00e9n\u00e9vole qui propose des activit\u00e9s de loisirs aux enfants jusqu&rsquo;\u00e0 l&rsquo;\u00e2ge de 13 ans, en se basant sur les valeurs et le fondement doctrinal de BCC. L&rsquo;association compte 22 antennes locales en Norv\u00e8ge, qui proposent des activit\u00e9s hebdomadaires adapt\u00e9es \u00e0 l&rsquo;\u00e2ge, aux int\u00e9r\u00eats et aux aptitudes des membres.<\/p>\n\n\n\n<div class=\"wp-block-buttons is-layout-flex wp-block-buttons-is-layout-flex\">\n<div class=\"wp-block-button\"><a class=\"wp-block-button__link wp-element-button arrow_right_alt\" href=\"https:\/\/aktivitetsklubben.org\/\" target=\"_blank\" rel=\"noopener\">Plus d&rsquo;informations sur aktivitetsklubben.org<\/a><\/div>\n<\/div>\n<\/div><\/div>\n\n\n\n<div style=\"height:49px\" aria-hidden=\"true\" class=\"wp-block-spacer\"><\/div>\n\n\n\n<div class=\"wp-block-group is-style-default\"><div class=\"wp-block-group__inner-container is-layout-constrained wp-block-group-is-layout-constrained\">\n<h3 class=\"wp-block-heading\">Services mutualis\u00e9s au sein de la f\u00e9d\u00e9ration BCC<\/h3>\n\n\n\n<p>Les services mutualis\u00e9s de la f\u00e9d\u00e9ration BCC sont regroup\u00e9s dans une association qui est elle-m\u00eame membre associ\u00e9 de la f\u00e9d\u00e9ration ; elle se charge des prestations de services en interne. \u00c0 savoir aupr\u00e8s de l&rsquo;organisation centrale, des initiatives communes et des associations locales. Ces services sont propos\u00e9s dans des domaines tels que l&rsquo;informatique, la traduction et l&rsquo;interpr\u00e9tation, les finances et les ressources humaines, afin d&rsquo;harmoniser les proc\u00e9dures au sein des diff\u00e9rentes associations de la f\u00e9d\u00e9ration BCC.<\/p>\n<\/div><\/div>\n\n\n\n<div style=\"height:49px\" aria-hidden=\"true\" class=\"wp-block-spacer\"><\/div>\n\n\n\n<div class=\"wp-block-group\"><div class=\"wp-block-group__inner-container is-layout-constrained wp-block-group-is-layout-constrained\">\n<figure class=\"wp-block-gallery has-nested-images columns-default is-cropped wp-block-gallery-1 is-layout-flex wp-block-gallery-is-layout-flex\">\n<figure class=\"wp-block-image size-full\"><img loading=\"lazy\" decoding=\"async\" width=\"770\" height=\"513\" data-id=\"94094\" src=\"https:\/\/bcc.no\/wp-content\/uploads\/2024\/09\/1-galleri-assosierte-barne-og.jpg\" alt=\"\" class=\"wp-image-94094\"\/><figcaption class=\"wp-element-caption\">Photo : Club d&rsquo;activit\u00e9s<\/figcaption><\/figure>\n\n\n\n<figure class=\"wp-block-image size-full\"><img loading=\"lazy\" decoding=\"async\" width=\"770\" height=\"513\" data-id=\"94099\" src=\"https:\/\/bcc.no\/wp-content\/uploads\/2024\/09\/2-galleri-assosierte-barne-og.jpg\" alt=\"\" class=\"wp-image-94099\"\/><figcaption class=\"wp-element-caption\">Photo : BCC<\/figcaption><\/figure>\n\n\n\n<figure class=\"wp-block-image size-full\"><img loading=\"lazy\" decoding=\"async\" width=\"770\" height=\"513\" data-id=\"94104\" src=\"https:\/\/bcc.no\/wp-content\/uploads\/2024\/09\/3-galleri-assosierte-barne-og.jpg\" alt=\"\" class=\"wp-image-94104\"\/><figcaption class=\"wp-element-caption\">Photo : Club d&rsquo;activit\u00e9s<\/figcaption><\/figure>\n<\/figure>\n<\/div><\/div>\n\n","protected":false},"excerpt":{"rendered":"<p>Le statut de membre associ\u00e9 suppose que l&rsquo;organisation travaille avec le m\u00eame objectif et souhaite adh\u00e9rer \u00e0 la f\u00e9d\u00e9ration BCC. Enfants et jeunes La communaut\u00e9 accorde une grande importance aux enfants et aux jeunes, et un travail consid\u00e9rable est men\u00e9 en faveur de ce groupe cible dans de nombreuses assembl\u00e9es locales \u00e0 travers le monde. [&hellip;]<\/p>\n","protected":false},"author":6,"featured_media":95520,"parent":97744,"menu_order":0,"comment_status":"closed","ping_status":"closed","template":"","meta":{"_acf_changed":false,"inline_featured_image":false,"_uag_custom_page_level_css":"","bcc_login_visibility":0,"bcc_groups":[],"bcc_groups_email":true,"bcc_visibility_groups":[],"bcc_visibility_groups_email":false,"sent_notifications":[],"footnotes":"","_links_to":"","_links_to_target":""},"class_list":["post-96618","page","type-page","status-publish","has-post-thumbnail","hentry"],"acf":{"rss_image":""},"featured_image_src":"https:\/\/bcc.no\/wp-content\/uploads\/2024\/09\/2024_Sommercamp_Balkveld-14-scaled.jpg","yoast_head":"<!-- This site is optimized with the Yoast SEO plugin v27.2 - https:\/\/yoast.com\/product\/yoast-seo-wordpress\/ -->\n<title>Organisations associ\u00e9es - BCC<\/title>\n<meta name=\"description\" content=\"Les enfants et les jeunes repr\u00e9sentent une grande part des membres de BCC, et l&#039;essentiel des activit\u00e9s qui leur sont destin\u00e9es s&#039;effectue au sein d&#039;associations partageant les m\u00eames valeurs et le m\u00eame fondement doctrinal.\" \/>\n<meta name=\"robots\" content=\"index, follow, max-snippet:-1, max-image-preview:large, max-video-preview:-1\" \/>\n<link rel=\"canonical\" href=\"https:\/\/bcc.no\/fr\/organisation\/organisations-associees\/\" \/>\n<meta property=\"og:locale\" content=\"fr_FR\" \/>\n<meta property=\"og:type\" content=\"article\" \/>\n<meta property=\"og:title\" content=\"Organisations associ\u00e9es - BCC\" \/>\n<meta property=\"og:description\" content=\"Les enfants et les jeunes repr\u00e9sentent une grande part des membres de BCC, et l&#039;essentiel des activit\u00e9s qui leur sont destin\u00e9es s&#039;effectue au sein d&#039;associations partageant les m\u00eames valeurs et le m\u00eame fondement doctrinal.\" \/>\n<meta property=\"og:url\" content=\"https:\/\/bcc.no\/fr\/organisation\/organisations-associees\/\" \/>\n<meta property=\"og:site_name\" content=\"BCC\" \/>\n<meta property=\"article:modified_time\" content=\"2025-01-29T11:23:04+00:00\" \/>\n<meta property=\"og:image\" content=\"https:\/\/bcc.no\/wp-content\/uploads\/2024\/09\/2024_Sommercamp_Balkveld-14-scaled.jpg\" \/>\n\t<meta property=\"og:image:width\" content=\"2560\" \/>\n\t<meta property=\"og:image:height\" content=\"1707\" \/>\n\t<meta property=\"og:image:type\" content=\"image\/jpeg\" \/>\n<meta name=\"twitter:card\" content=\"summary_large_image\" \/>\n<meta name=\"twitter:label1\" content=\"Dur\u00e9e de lecture estim\u00e9e\" \/>\n\t<meta name=\"twitter:data1\" content=\"3 minutes\" \/>\n<script type=\"application\/ld+json\" class=\"yoast-schema-graph\">{\"@context\":\"https:\/\/schema.org\",\"@graph\":[{\"@type\":\"WebPage\",\"@id\":\"https:\/\/bcc.no\/fr\/organisation\/organisations-associees\/\",\"url\":\"https:\/\/bcc.no\/fr\/organisation\/organisations-associees\/\",\"name\":\"Organisations associ\u00e9es - BCC\",\"isPartOf\":{\"@id\":\"https:\/\/bcc.no\/fr\/#website\"},\"primaryImageOfPage\":{\"@id\":\"https:\/\/bcc.no\/fr\/organisation\/organisations-associees\/#primaryimage\"},\"image\":{\"@id\":\"https:\/\/bcc.no\/fr\/organisation\/organisations-associees\/#primaryimage\"},\"thumbnailUrl\":\"https:\/\/bcc.no\/wp-content\/uploads\/2024\/09\/2024_Sommercamp_Balkveld-14-scaled.jpg\",\"datePublished\":\"2024-09-10T06:25:02+00:00\",\"dateModified\":\"2025-01-29T11:23:04+00:00\",\"description\":\"Les enfants et les jeunes repr\u00e9sentent une grande part des membres de BCC, et l'essentiel des activit\u00e9s qui leur sont destin\u00e9es s'effectue au sein d'associations partageant les m\u00eames valeurs et le m\u00eame fondement doctrinal.\",\"breadcrumb\":{\"@id\":\"https:\/\/bcc.no\/fr\/organisation\/organisations-associees\/#breadcrumb\"},\"inLanguage\":\"fr-FR\",\"potentialAction\":[{\"@type\":\"ReadAction\",\"target\":[\"https:\/\/bcc.no\/fr\/organisation\/organisations-associees\/\"]}]},{\"@type\":\"ImageObject\",\"inLanguage\":\"fr-FR\",\"@id\":\"https:\/\/bcc.no\/fr\/organisation\/organisations-associees\/#primaryimage\",\"url\":\"https:\/\/bcc.no\/wp-content\/uploads\/2024\/09\/2024_Sommercamp_Balkveld-14-scaled.jpg\",\"contentUrl\":\"https:\/\/bcc.no\/wp-content\/uploads\/2024\/09\/2024_Sommercamp_Balkveld-14-scaled.jpg\",\"width\":2560,\"height\":1707},{\"@type\":\"BreadcrumbList\",\"@id\":\"https:\/\/bcc.no\/fr\/organisation\/organisations-associees\/#breadcrumb\",\"itemListElement\":[{\"@type\":\"ListItem\",\"position\":1,\"name\":\"Page d'accueil\",\"item\":\"https:\/\/bcc.no\/fr\/page-daccueil\/\"},{\"@type\":\"ListItem\",\"position\":2,\"name\":\"Organisation de la f\u00e9d\u00e9ration BCC\",\"item\":\"https:\/\/bcc.no\/fr\/organisation\/\"},{\"@type\":\"ListItem\",\"position\":3,\"name\":\"Organisations associ\u00e9es\"}]},{\"@type\":\"WebSite\",\"@id\":\"https:\/\/bcc.no\/fr\/#website\",\"url\":\"https:\/\/bcc.no\/fr\/\",\"name\":\"BCC\",\"description\":\"et internasjonalt trossamfunn\",\"publisher\":{\"@id\":\"https:\/\/bcc.no\/fr\/#organization\"},\"potentialAction\":[{\"@type\":\"SearchAction\",\"target\":{\"@type\":\"EntryPoint\",\"urlTemplate\":\"https:\/\/bcc.no\/fr\/?s={search_term_string}\"},\"query-input\":{\"@type\":\"PropertyValueSpecification\",\"valueRequired\":true,\"valueName\":\"search_term_string\"}}],\"inLanguage\":\"fr-FR\"},{\"@type\":\"Organization\",\"@id\":\"https:\/\/bcc.no\/fr\/#organization\",\"name\":\"BCC\",\"url\":\"https:\/\/bcc.no\/fr\/\",\"logo\":{\"@type\":\"ImageObject\",\"inLanguage\":\"fr-FR\",\"@id\":\"https:\/\/bcc.no\/fr\/#\/schema\/logo\/image\/\",\"url\":\"https:\/\/bcc.no\/wp-content\/uploads\/2024\/09\/BCC-logo_RGB.svg\",\"contentUrl\":\"https:\/\/bcc.no\/wp-content\/uploads\/2024\/09\/BCC-logo_RGB.svg\",\"caption\":\"BCC\"},\"image\":{\"@id\":\"https:\/\/bcc.no\/fr\/#\/schema\/logo\/image\/\"}}]}<\/script>\n<!-- \/ Yoast SEO plugin. -->","yoast_head_json":{"title":"Organisations associ\u00e9es - BCC","description":"Les enfants et les jeunes repr\u00e9sentent une grande part des membres de BCC, et l'essentiel des activit\u00e9s qui leur sont destin\u00e9es s'effectue au sein d'associations partageant les m\u00eames valeurs et le m\u00eame fondement doctrinal.","robots":{"index":"index","follow":"follow","max-snippet":"max-snippet:-1","max-image-preview":"max-image-preview:large","max-video-preview":"max-video-preview:-1"},"canonical":"https:\/\/bcc.no\/fr\/organisation\/organisations-associees\/","og_locale":"fr_FR","og_type":"article","og_title":"Organisations associ\u00e9es - BCC","og_description":"Les enfants et les jeunes repr\u00e9sentent une grande part des membres de BCC, et l'essentiel des activit\u00e9s qui leur sont destin\u00e9es s'effectue au sein d'associations partageant les m\u00eames valeurs et le m\u00eame fondement doctrinal.","og_url":"https:\/\/bcc.no\/fr\/organisation\/organisations-associees\/","og_site_name":"BCC","article_modified_time":"2025-01-29T11:23:04+00:00","og_image":[{"width":2560,"height":1707,"url":"https:\/\/bcc.no\/wp-content\/uploads\/2024\/09\/2024_Sommercamp_Balkveld-14-scaled.jpg","type":"image\/jpeg"}],"twitter_card":"summary_large_image","twitter_misc":{"Dur\u00e9e de lecture estim\u00e9e":"3 minutes"},"schema":{"@context":"https:\/\/schema.org","@graph":[{"@type":"WebPage","@id":"https:\/\/bcc.no\/fr\/organisation\/organisations-associees\/","url":"https:\/\/bcc.no\/fr\/organisation\/organisations-associees\/","name":"Organisations associ\u00e9es - BCC","isPartOf":{"@id":"https:\/\/bcc.no\/fr\/#website"},"primaryImageOfPage":{"@id":"https:\/\/bcc.no\/fr\/organisation\/organisations-associees\/#primaryimage"},"image":{"@id":"https:\/\/bcc.no\/fr\/organisation\/organisations-associees\/#primaryimage"},"thumbnailUrl":"https:\/\/bcc.no\/wp-content\/uploads\/2024\/09\/2024_Sommercamp_Balkveld-14-scaled.jpg","datePublished":"2024-09-10T06:25:02+00:00","dateModified":"2025-01-29T11:23:04+00:00","description":"Les enfants et les jeunes repr\u00e9sentent une grande part des membres de BCC, et l'essentiel des activit\u00e9s qui leur sont destin\u00e9es s'effectue au sein d'associations partageant les m\u00eames valeurs et le m\u00eame fondement doctrinal.","breadcrumb":{"@id":"https:\/\/bcc.no\/fr\/organisation\/organisations-associees\/#breadcrumb"},"inLanguage":"fr-FR","potentialAction":[{"@type":"ReadAction","target":["https:\/\/bcc.no\/fr\/organisation\/organisations-associees\/"]}]},{"@type":"ImageObject","inLanguage":"fr-FR","@id":"https:\/\/bcc.no\/fr\/organisation\/organisations-associees\/#primaryimage","url":"https:\/\/bcc.no\/wp-content\/uploads\/2024\/09\/2024_Sommercamp_Balkveld-14-scaled.jpg","contentUrl":"https:\/\/bcc.no\/wp-content\/uploads\/2024\/09\/2024_Sommercamp_Balkveld-14-scaled.jpg","width":2560,"height":1707},{"@type":"BreadcrumbList","@id":"https:\/\/bcc.no\/fr\/organisation\/organisations-associees\/#breadcrumb","itemListElement":[{"@type":"ListItem","position":1,"name":"Page d'accueil","item":"https:\/\/bcc.no\/fr\/page-daccueil\/"},{"@type":"ListItem","position":2,"name":"Organisation de la f\u00e9d\u00e9ration BCC","item":"https:\/\/bcc.no\/fr\/organisation\/"},{"@type":"ListItem","position":3,"name":"Organisations associ\u00e9es"}]},{"@type":"WebSite","@id":"https:\/\/bcc.no\/fr\/#website","url":"https:\/\/bcc.no\/fr\/","name":"BCC","description":"et internasjonalt trossamfunn","publisher":{"@id":"https:\/\/bcc.no\/fr\/#organization"},"potentialAction":[{"@type":"SearchAction","target":{"@type":"EntryPoint","urlTemplate":"https:\/\/bcc.no\/fr\/?s={search_term_string}"},"query-input":{"@type":"PropertyValueSpecification","valueRequired":true,"valueName":"search_term_string"}}],"inLanguage":"fr-FR"},{"@type":"Organization","@id":"https:\/\/bcc.no\/fr\/#organization","name":"BCC","url":"https:\/\/bcc.no\/fr\/","logo":{"@type":"ImageObject","inLanguage":"fr-FR","@id":"https:\/\/bcc.no\/fr\/#\/schema\/logo\/image\/","url":"https:\/\/bcc.no\/wp-content\/uploads\/2024\/09\/BCC-logo_RGB.svg","contentUrl":"https:\/\/bcc.no\/wp-content\/uploads\/2024\/09\/BCC-logo_RGB.svg","caption":"BCC"},"image":{"@id":"https:\/\/bcc.no\/fr\/#\/schema\/logo\/image\/"}}]}},"uagb_featured_image_src":{"full":["https:\/\/bcc.no\/wp-content\/uploads\/2024\/09\/2024_Sommercamp_Balkveld-14-scaled.jpg",2560,1707,false],"thumbnail":["https:\/\/bcc.no\/wp-content\/uploads\/2024\/09\/2024_Sommercamp_Balkveld-14-150x150.jpg",150,150,true],"medium":["https:\/\/bcc.no\/wp-content\/uploads\/2024\/09\/2024_Sommercamp_Balkveld-14-300x200.jpg",300,200,true],"medium_large":["https:\/\/bcc.no\/wp-content\/uploads\/2024\/09\/2024_Sommercamp_Balkveld-14-768x512.jpg",640,427,true],"large":["https:\/\/bcc.no\/wp-content\/uploads\/2024\/09\/2024_Sommercamp_Balkveld-14-1024x683.jpg",640,427,true],"1536x1536":["https:\/\/bcc.no\/wp-content\/uploads\/2024\/09\/2024_Sommercamp_Balkveld-14-1536x1024.jpg",1536,1024,true],"2048x2048":["https:\/\/bcc.no\/wp-content\/uploads\/2024\/09\/2024_Sommercamp_Balkveld-14-scaled.jpg",2048,1366,false]},"uagb_author_info":{"display_name":"Mathias Strand Kristiansen","author_link":"https:\/\/bcc.no\/fr\/author\/22801\/"},"uagb_comment_info":0,"uagb_excerpt":"Le statut de membre associ\u00e9 suppose que l&rsquo;organisation travaille avec le m\u00eame objectif et souhaite adh\u00e9rer \u00e0 la f\u00e9d\u00e9ration BCC. Enfants et jeunes La communaut\u00e9 accorde une grande importance aux enfants et aux jeunes, et un travail consid\u00e9rable est men\u00e9 en faveur de ce groupe cible dans de nombreuses assembl\u00e9es locales \u00e0 travers le monde.\u2026","_links":{"self":[{"href":"https:\/\/bcc.no\/fr\/wp-json\/wp\/v2\/pages\/96618","targetHints":{"allow":["GET"]}}],"collection":[{"href":"https:\/\/bcc.no\/fr\/wp-json\/wp\/v2\/pages"}],"about":[{"href":"https:\/\/bcc.no\/fr\/wp-json\/wp\/v2\/types\/page"}],"author":[{"embeddable":true,"href":"https:\/\/bcc.no\/fr\/wp-json\/wp\/v2\/users\/6"}],"replies":[{"embeddable":true,"href":"https:\/\/bcc.no\/fr\/wp-json\/wp\/v2\/comments?post=96618"}],"version-history":[{"count":11,"href":"https:\/\/bcc.no\/fr\/wp-json\/wp\/v2\/pages\/96618\/revisions"}],"predecessor-version":[{"id":128725,"href":"https:\/\/bcc.no\/fr\/wp-json\/wp\/v2\/pages\/96618\/revisions\/128725"}],"up":[{"embeddable":true,"href":"https:\/\/bcc.no\/fr\/wp-json\/wp\/v2\/pages\/97744"}],"wp:featuredmedia":[{"embeddable":true,"href":"https:\/\/bcc.no\/fr\/wp-json\/wp\/v2\/media\/95520"}],"wp:attachment":[{"href":"https:\/\/bcc.no\/fr\/wp-json\/wp\/v2\/media?parent=96618"}],"curies":[{"name":"wp","href":"https:\/\/api.w.org\/{rel}","templated":true}]}}