{"id":96328,"date":"2024-09-10T07:16:18","date_gmt":"2024-09-10T06:16:18","guid":{"rendered":"https:\/\/bcc.no\/nous-contacter\/"},"modified":"2025-09-01T14:13:20","modified_gmt":"2025-09-01T13:13:20","slug":"nous-contacter","status":"publish","type":"page","link":"https:\/\/bcc.no\/fr\/nous-contacter\/","title":{"rendered":"Nous contacter"},"content":{"rendered":"\n<div class=\"wp-block-group\"><div class=\"wp-block-group__inner-container is-layout-constrained wp-block-group-is-layout-constrained\"><div class=\"yoast-breadcrumbs\"><span><span>Page d&rsquo;accueil<\/span> \/ <span class=\"breadcrumb_last\" aria-current=\"page\"><a href=\"https:\/\/bcc.no\/fr\/nous-contacter\/\">Nous contacter<\/a><\/span><\/span><\/div><\/div><\/div>\n\n\n\n<div class=\"wp-block-group\"><div class=\"wp-block-group__inner-container is-layout-constrained wp-block-group-is-layout-constrained\">\n<div class=\"wp-block-columns are-vertically-aligned-center is-layout-flex wp-container-core-columns-is-layout-9d6595d7 wp-block-columns-is-layout-flex\">\n<div class=\"wp-block-column is-vertically-aligned-center is-layout-flow wp-block-column-is-layout-flow\">\n<h2 class=\"wp-block-heading\" id=\"0-bcc-forbundet\">La f\u00e9d\u00e9ration BCC<\/h2>\n\n\n\n<p><strong>Adresse :<\/strong> V\u00e5lerveien 159, 1599 Moss &#8211; Norv\u00e8ge<br><strong>Mail :<\/strong> <a href=\"mailto:kontakt@bcc.no\">kontakt@bcc.no<\/a><br><strong>Org. nr:<\/strong> 828 408 712<\/p>\n<\/div>\n\n\n\n<div class=\"wp-block-column is-vertically-aligned-center is-layout-flow wp-block-column-is-layout-flow\">\n<figure class=\"wp-block-image size-large\"><img loading=\"lazy\" decoding=\"async\" width=\"1024\" height=\"683\" src=\"https:\/\/bcc.no\/wp-content\/uploads\/2024\/09\/BCC-hovedkontor_Moss-3-scaled-1-1024x683.jpg\" alt=\"\" class=\"wp-image-93437\"\/><\/figure>\n<\/div>\n<\/div>\n<\/div><\/div>\n\n\n\n<div class=\"wp-block-group\"><div class=\"wp-block-group__inner-container is-layout-constrained wp-block-group-is-layout-constrained\">\n<div class=\"wp-block-pb-accordion-item c-accordion__item js-accordion-item no-js\" data-initially-open=\"false\" data-click-to-close=\"true\" data-auto-close=\"true\" data-scroll=\"false\" data-scroll-offset=\"0\"><h3 id=\"at-830\" class=\"c-accordion__title js-accordion-controller\" role=\"button\">Les organisations au sein de la f\u00e9d\u00e9ration BCC<\/h3><div id=\"ac-830\" class=\"c-accordion__content\">\n<div class=\"wp-block-columns is-layout-flex wp-container-core-columns-is-layout-9d6595d7 wp-block-columns-is-layout-flex\">\n<div class=\"wp-block-column is-layout-flow wp-block-column-is-layout-flow\">\n<div class=\"wp-block-group is-style-office\"><div class=\"wp-block-group__inner-container is-layout-constrained wp-block-group-is-layout-constrained\">\n<h4 class=\"wp-block-heading\" id=\"1-bcc-a-team\">L&rsquo;\u00e9quipe A de BCC<\/h4>\n\n\n\n<p><a href=\"mailto:ateam@bcc.no\">ateam@bcc.no<\/a><br>Org. nr. 928 860 019<br><br>V\u00e5lerveien 159, <br>N-1599 Moss<\/p>\n<\/div><\/div>\n<\/div>\n\n\n\n<div class=\"wp-block-column is-layout-flow wp-block-column-is-layout-flow\">\n<div class=\"wp-block-group is-style-office\"><div class=\"wp-block-group__inner-container is-layout-constrained wp-block-group-is-layout-constrained\">\n<h4 class=\"wp-block-heading\" id=\"2-bcc-connect\">BCC Connect<\/h4>\n\n\n\n<p><a href=\"mailto:support@bcc-connect.org\">support@bcc-connect.org<\/a><br>Org. nr. 6017305<br><br>1753 Technology Dr Ste 410, <br>San Jose CA95110<\/p>\n<\/div><\/div>\n<\/div>\n<\/div>\n\n\n\n<div class=\"wp-block-columns is-layout-flex wp-container-core-columns-is-layout-9d6595d7 wp-block-columns-is-layout-flex\">\n<div class=\"wp-block-column is-layout-flow wp-block-column-is-layout-flow\">\n<div class=\"wp-block-group is-style-office\"><div class=\"wp-block-group__inner-container is-layout-constrained wp-block-group-is-layout-constrained\">\n<h4 class=\"wp-block-heading\" id=\"3-bcc-event\">BCC Event<\/h4>\n\n\n\n<p><a href=\"event@bcc.no\">event@bcc.no<br><\/a>N\u00b0 d&rsquo;org. 928 207\u00a0641<br><br>V\u00e5lerveien 159, <br>N-1599 Moss<\/p>\n<\/div><\/div>\n<\/div>\n\n\n\n<div class=\"wp-block-column is-layout-flow wp-block-column-is-layout-flow\">\n<div class=\"wp-block-group is-style-office\"><div class=\"wp-block-group__inner-container is-layout-constrained wp-block-group-is-layout-constrained\">\n<h4 class=\"wp-block-heading\" id=\"1-bcc-a-team\">BCC Facilities<\/h4>\n\n\n\n<p><a href=\"mailto:kontakt@bcc.no\">kontakt@bcc.no<\/a><br>Org. nr. 929 165 454<br><br>V\u00e5lerveien 159, <br>N-1599 Moss<\/p>\n<\/div><\/div>\n<\/div>\n<\/div>\n\n\n\n<div class=\"wp-block-columns is-layout-flex wp-container-core-columns-is-layout-9d6595d7 wp-block-columns-is-layout-flex\">\n<div class=\"wp-block-column is-layout-flow wp-block-column-is-layout-flow\">\n<div class=\"wp-block-group is-style-office\"><div class=\"wp-block-group__inner-container is-layout-constrained wp-block-group-is-layout-constrained\">\n<h4 class=\"wp-block-heading\" id=\"2-bcc-connect\">BCC Fund<\/h4>\n\n\n\n<p><a href=\"mailto:fund@bcc.no\">fund@bcc.no<\/a><br>Org. nr. 828 431 692<br><br>V\u00e5lerveien 159, <br>N-1599 Moss<\/p>\n<\/div><\/div>\n<\/div>\n\n\n\n<div class=\"wp-block-column is-layout-flow wp-block-column-is-layout-flow\">\n<div class=\"wp-block-group is-style-office\"><div class=\"wp-block-group__inner-container is-layout-constrained wp-block-group-is-layout-constrained\">\n<h4 class=\"wp-block-heading\" id=\"3-bcc-event\">BCC Media<\/h4>\n\n\n\n<p><a href=\"mailto:info@bcc.media\">info@bcc.media<\/a><br>Org. nr. 925 564 257<br><br>V\u00e5lerveien 159, <br>N-1599 Moss<\/p>\n<\/div><\/div>\n<\/div>\n<\/div>\n\n\n\n<div class=\"wp-block-columns is-layout-flex wp-container-core-columns-is-layout-9d6595d7 wp-block-columns-is-layout-flex\">\n<div class=\"wp-block-column is-layout-flow wp-block-column-is-layout-flow\">\n<div class=\"wp-block-group is-style-office\"><div class=\"wp-block-group__inner-container is-layout-constrained wp-block-group-is-layout-constrained\">\n<h4 class=\"wp-block-heading\" id=\"1-bcc-a-team\">BCC Music<\/h4>\n\n\n\n<p><a href=\"mailto:kontakt@bcc.no\">kontakt@bcc.no<\/a><br>Org. nr. 928 859 967<br><br>V\u00e5lerveien 159,<br>N-1599 Moss<\/p>\n<\/div><\/div>\n<\/div>\n\n\n\n<div class=\"wp-block-column is-layout-flow wp-block-column-is-layout-flow\">\n<div class=\"wp-block-group is-style-office\"><div class=\"wp-block-group__inner-container is-layout-constrained wp-block-group-is-layout-constrained\">\n<h4 class=\"wp-block-heading\" id=\"2-bcc-connect\">BMS International<\/h4>\n\n\n\n<p><a href=\"mailto:contact@bms-intl.org\">contact@bms-intl.org<\/a><br><br><br>V\u00e5lerveien 159,<br>N-1599 Moss<\/p>\n<\/div><\/div>\n<\/div>\n<\/div>\n\n\n\n<div class=\"wp-block-columns is-layout-flex wp-container-core-columns-is-layout-9d6595d7 wp-block-columns-is-layout-flex\">\n<div class=\"wp-block-column is-layout-flow wp-block-column-is-layout-flow\">\n<div class=\"wp-block-group is-style-office\"><div class=\"wp-block-group__inner-container is-layout-constrained wp-block-group-is-layout-constrained\">\n<h4 class=\"wp-block-heading\" id=\"3-bcc-event\">Brunstad Ungdomsklubb (Club jeunes Brunstad)<\/h4>\n\n\n\n<p><a href=\"mailto:info@buk.no\">info@buk.no<\/a><br>Org. nr. 913 669 479<br><br>V\u00e5lerveien 159,<br>N-1599 Moss<\/p>\n<\/div><\/div>\n<\/div>\n\n\n\n<div class=\"wp-block-column is-layout-flow wp-block-column-is-layout-flow\"><\/div>\n<\/div>\n<\/div><\/div>\n<\/div><\/div>\n\n\n\n\n\n\n\n<div style=\"height:30px\" aria-hidden=\"true\" class=\"wp-block-spacer\"><\/div>\n\n\n\n<div class=\"wp-block-group\"><div class=\"wp-block-group__inner-container is-layout-constrained wp-block-group-is-layout-constrained\">\n<div class=\"wp-block-columns are-vertically-aligned-center is-layout-flex wp-container-core-columns-is-layout-9d6595d7 wp-block-columns-is-layout-flex\">\n<div class=\"wp-block-column is-vertically-aligned-center is-layout-flow wp-block-column-is-layout-flow\">\n<h2 class=\"wp-block-heading\" id=\"0-bcc-forbundet\">Contact presse<\/h2>\n\n\n\n<p>Berit Hustad Nilsen<br><strong>Mail :<\/strong> <a href=\"mailto:berit.nilsen@bcc.no\">berit.nilsen@bcc.no<\/a><br><strong>T\u00e9l :<\/strong> +47 93 40 97 35<\/p>\n\n\n\n<div class=\"wp-block-buttons is-layout-flex wp-block-buttons-is-layout-flex\">\n<div class=\"wp-block-button\"><a class=\"wp-block-button__link wp-element-button arrow_right_alt\" href=\"https:\/\/bcc.no\/fr\/articles-de-presse\/\" rel=\"\">Voir les informations de presse ici<\/a><\/div>\n<\/div>\n<\/div>\n\n\n\n<div class=\"wp-block-column is-vertically-aligned-center is-layout-flow wp-block-column-is-layout-flow\">\n<figure class=\"wp-block-image size-full\"><img loading=\"lazy\" decoding=\"async\" width=\"1920\" height=\"1280\" src=\"https:\/\/bcc.no\/wp-content\/uploads\/2024\/09\/BCC_Berit-Hustad-Nilsen_1920x1280.jpg\" alt=\"\" class=\"wp-image-93771\"\/><\/figure>\n<\/div>\n<\/div>\n<\/div><\/div>\n\n","protected":false},"excerpt":{"rendered":"<p>La f\u00e9d\u00e9ration BCC Adresse : V\u00e5lerveien 159, 1599 Moss &#8211; Norv\u00e8geMail : kontakt@bcc.noOrg. nr: 828 408 712 Nous contacter BCC est une f\u00e9d\u00e9ration qui regroupe de nombreuses organisations. Si tu as des questions, des commentaires ou des id\u00e9es qui peuvent aider au d\u00e9veloppement de l\u2019assembl\u00e9e, n&rsquo;h\u00e9site pas \u00e0 nous contacter. \u00c9cris ton commentaire dans le [&hellip;]<\/p>\n","protected":false},"author":6,"featured_media":93450,"parent":0,"menu_order":0,"comment_status":"closed","ping_status":"closed","template":"","meta":{"_acf_changed":false,"inline_featured_image":false,"_uag_custom_page_level_css":"","bcc_login_visibility":0,"bcc_groups":[],"bcc_groups_email":true,"bcc_visibility_groups":[],"bcc_visibility_groups_email":false,"sent_notifications":[],"footnotes":"","_links_to":"","_links_to_target":""},"class_list":["post-96328","page","type-page","status-publish","has-post-thumbnail","hentry"],"acf":{"rss_image":null},"featured_image_src":"https:\/\/bcc.no\/wp-content\/uploads\/2024\/09\/BCC-hovedkontor_Moss_banner_1.jpg","yoast_head":"<!-- This site is optimized with the Yoast SEO plugin v27.4 - https:\/\/yoast.com\/product\/yoast-seo-wordpress\/ -->\n<title>Nous contacter - BCC<\/title>\n<meta name=\"description\" content=\"Le si\u00e8ge de BCC se trouve \u00e0 Moss, en Norv\u00e8ge. Si tu as des questions ou des interrogations, tu trouveras sur cette page des indications pour contacter la personne qu\u2019il te faut.\" \/>\n<meta name=\"robots\" content=\"index, follow, max-snippet:-1, max-image-preview:large, max-video-preview:-1\" \/>\n<link rel=\"canonical\" href=\"https:\/\/bcc.no\/fr\/nous-contacter\/\" \/>\n<meta property=\"og:locale\" content=\"fr_FR\" \/>\n<meta property=\"og:type\" content=\"article\" \/>\n<meta property=\"og:title\" content=\"Nous contacter - BCC\" \/>\n<meta property=\"og:description\" content=\"Le si\u00e8ge de BCC se trouve \u00e0 Moss, en Norv\u00e8ge. Si tu as des questions ou des interrogations, tu trouveras sur cette page des indications pour contacter la personne qu\u2019il te faut.\" \/>\n<meta property=\"og:url\" content=\"https:\/\/bcc.no\/fr\/nous-contacter\/\" \/>\n<meta property=\"og:site_name\" content=\"BCC\" \/>\n<meta property=\"article:modified_time\" content=\"2025-09-01T13:13:20+00:00\" \/>\n<meta property=\"og:image\" content=\"https:\/\/bcc.no\/wp-content\/uploads\/2024\/09\/BCC-hovedkontor_Moss_banner_1.jpg\" \/>\n\t<meta property=\"og:image:width\" content=\"1920\" \/>\n\t<meta property=\"og:image:height\" content=\"328\" \/>\n\t<meta property=\"og:image:type\" content=\"image\/jpeg\" \/>\n<meta name=\"twitter:card\" content=\"summary_large_image\" \/>\n<meta name=\"twitter:label1\" content=\"Dur\u00e9e de lecture estim\u00e9e\" \/>\n\t<meta name=\"twitter:data1\" content=\"2 minutes\" \/>\n<script type=\"application\/ld+json\" class=\"yoast-schema-graph\">{\"@context\":\"https:\\\/\\\/schema.org\",\"@graph\":[{\"@type\":\"WebPage\",\"@id\":\"https:\\\/\\\/bcc.no\\\/fr\\\/nous-contacter\\\/\",\"url\":\"https:\\\/\\\/bcc.no\\\/fr\\\/nous-contacter\\\/\",\"name\":\"Nous contacter - BCC\",\"isPartOf\":{\"@id\":\"https:\\\/\\\/bcc.no\\\/fr\\\/#website\"},\"primaryImageOfPage\":{\"@id\":\"https:\\\/\\\/bcc.no\\\/fr\\\/nous-contacter\\\/#primaryimage\"},\"image\":{\"@id\":\"https:\\\/\\\/bcc.no\\\/fr\\\/nous-contacter\\\/#primaryimage\"},\"thumbnailUrl\":\"https:\\\/\\\/bcc.no\\\/wp-content\\\/uploads\\\/2024\\\/09\\\/BCC-hovedkontor_Moss_banner_1.jpg\",\"datePublished\":\"2024-09-10T06:16:18+00:00\",\"dateModified\":\"2025-09-01T13:13:20+00:00\",\"description\":\"Le si\u00e8ge de BCC se trouve \u00e0 Moss, en Norv\u00e8ge. Si tu as des questions ou des interrogations, tu trouveras sur cette page des indications pour contacter la personne qu\u2019il te faut.\",\"breadcrumb\":{\"@id\":\"https:\\\/\\\/bcc.no\\\/fr\\\/nous-contacter\\\/#breadcrumb\"},\"inLanguage\":\"fr-FR\",\"potentialAction\":[{\"@type\":\"ReadAction\",\"target\":[\"https:\\\/\\\/bcc.no\\\/fr\\\/nous-contacter\\\/\"]}]},{\"@type\":\"ImageObject\",\"inLanguage\":\"fr-FR\",\"@id\":\"https:\\\/\\\/bcc.no\\\/fr\\\/nous-contacter\\\/#primaryimage\",\"url\":\"https:\\\/\\\/bcc.no\\\/wp-content\\\/uploads\\\/2024\\\/09\\\/BCC-hovedkontor_Moss_banner_1.jpg\",\"contentUrl\":\"https:\\\/\\\/bcc.no\\\/wp-content\\\/uploads\\\/2024\\\/09\\\/BCC-hovedkontor_Moss_banner_1.jpg\",\"width\":1920,\"height\":328},{\"@type\":\"WebSite\",\"@id\":\"https:\\\/\\\/bcc.no\\\/fr\\\/#website\",\"url\":\"https:\\\/\\\/bcc.no\\\/fr\\\/\",\"name\":\"BCC\",\"description\":\"et internasjonalt trossamfunn\",\"publisher\":{\"@id\":\"https:\\\/\\\/bcc.no\\\/fr\\\/#organization\"},\"potentialAction\":[{\"@type\":\"SearchAction\",\"target\":{\"@type\":\"EntryPoint\",\"urlTemplate\":\"https:\\\/\\\/bcc.no\\\/fr\\\/?s={search_term_string}\"},\"query-input\":{\"@type\":\"PropertyValueSpecification\",\"valueRequired\":true,\"valueName\":\"search_term_string\"}}],\"inLanguage\":\"fr-FR\"},{\"@type\":\"Organization\",\"@id\":\"https:\\\/\\\/bcc.no\\\/fr\\\/#organization\",\"name\":\"BCC\",\"url\":\"https:\\\/\\\/bcc.no\\\/fr\\\/\",\"logo\":{\"@type\":\"ImageObject\",\"inLanguage\":\"fr-FR\",\"@id\":\"https:\\\/\\\/bcc.no\\\/fr\\\/#\\\/schema\\\/logo\\\/image\\\/\",\"url\":\"https:\\\/\\\/bcc.no\\\/wp-content\\\/uploads\\\/2026\\\/04\\\/bcc_logo_full.svg\",\"contentUrl\":\"https:\\\/\\\/bcc.no\\\/wp-content\\\/uploads\\\/2026\\\/04\\\/bcc_logo_full.svg\",\"caption\":\"BCC\"},\"image\":{\"@id\":\"https:\\\/\\\/bcc.no\\\/fr\\\/#\\\/schema\\\/logo\\\/image\\\/\"}}]}<\/script>\n<!-- \/ Yoast SEO plugin. -->","yoast_head_json":{"title":"Nous contacter - BCC","description":"Le si\u00e8ge de BCC se trouve \u00e0 Moss, en Norv\u00e8ge. Si tu as des questions ou des interrogations, tu trouveras sur cette page des indications pour contacter la personne qu\u2019il te faut.","robots":{"index":"index","follow":"follow","max-snippet":"max-snippet:-1","max-image-preview":"max-image-preview:large","max-video-preview":"max-video-preview:-1"},"canonical":"https:\/\/bcc.no\/fr\/nous-contacter\/","og_locale":"fr_FR","og_type":"article","og_title":"Nous contacter - BCC","og_description":"Le si\u00e8ge de BCC se trouve \u00e0 Moss, en Norv\u00e8ge. Si tu as des questions ou des interrogations, tu trouveras sur cette page des indications pour contacter la personne qu\u2019il te faut.","og_url":"https:\/\/bcc.no\/fr\/nous-contacter\/","og_site_name":"BCC","article_modified_time":"2025-09-01T13:13:20+00:00","og_image":[{"width":1920,"height":328,"url":"https:\/\/bcc.no\/wp-content\/uploads\/2024\/09\/BCC-hovedkontor_Moss_banner_1.jpg","type":"image\/jpeg"}],"twitter_card":"summary_large_image","twitter_misc":{"Dur\u00e9e de lecture estim\u00e9e":"2 minutes"},"schema":{"@context":"https:\/\/schema.org","@graph":[{"@type":"WebPage","@id":"https:\/\/bcc.no\/fr\/nous-contacter\/","url":"https:\/\/bcc.no\/fr\/nous-contacter\/","name":"Nous contacter - BCC","isPartOf":{"@id":"https:\/\/bcc.no\/fr\/#website"},"primaryImageOfPage":{"@id":"https:\/\/bcc.no\/fr\/nous-contacter\/#primaryimage"},"image":{"@id":"https:\/\/bcc.no\/fr\/nous-contacter\/#primaryimage"},"thumbnailUrl":"https:\/\/bcc.no\/wp-content\/uploads\/2024\/09\/BCC-hovedkontor_Moss_banner_1.jpg","datePublished":"2024-09-10T06:16:18+00:00","dateModified":"2025-09-01T13:13:20+00:00","description":"Le si\u00e8ge de BCC se trouve \u00e0 Moss, en Norv\u00e8ge. Si tu as des questions ou des interrogations, tu trouveras sur cette page des indications pour contacter la personne qu\u2019il te faut.","breadcrumb":{"@id":"https:\/\/bcc.no\/fr\/nous-contacter\/#breadcrumb"},"inLanguage":"fr-FR","potentialAction":[{"@type":"ReadAction","target":["https:\/\/bcc.no\/fr\/nous-contacter\/"]}]},{"@type":"ImageObject","inLanguage":"fr-FR","@id":"https:\/\/bcc.no\/fr\/nous-contacter\/#primaryimage","url":"https:\/\/bcc.no\/wp-content\/uploads\/2024\/09\/BCC-hovedkontor_Moss_banner_1.jpg","contentUrl":"https:\/\/bcc.no\/wp-content\/uploads\/2024\/09\/BCC-hovedkontor_Moss_banner_1.jpg","width":1920,"height":328},{"@type":"WebSite","@id":"https:\/\/bcc.no\/fr\/#website","url":"https:\/\/bcc.no\/fr\/","name":"BCC","description":"et internasjonalt trossamfunn","publisher":{"@id":"https:\/\/bcc.no\/fr\/#organization"},"potentialAction":[{"@type":"SearchAction","target":{"@type":"EntryPoint","urlTemplate":"https:\/\/bcc.no\/fr\/?s={search_term_string}"},"query-input":{"@type":"PropertyValueSpecification","valueRequired":true,"valueName":"search_term_string"}}],"inLanguage":"fr-FR"},{"@type":"Organization","@id":"https:\/\/bcc.no\/fr\/#organization","name":"BCC","url":"https:\/\/bcc.no\/fr\/","logo":{"@type":"ImageObject","inLanguage":"fr-FR","@id":"https:\/\/bcc.no\/fr\/#\/schema\/logo\/image\/","url":"https:\/\/bcc.no\/wp-content\/uploads\/2026\/04\/bcc_logo_full.svg","contentUrl":"https:\/\/bcc.no\/wp-content\/uploads\/2026\/04\/bcc_logo_full.svg","caption":"BCC"},"image":{"@id":"https:\/\/bcc.no\/fr\/#\/schema\/logo\/image\/"}}]}},"uagb_featured_image_src":{"full":["https:\/\/bcc.no\/wp-content\/uploads\/2024\/09\/BCC-hovedkontor_Moss_banner_1.jpg",1920,328,false],"thumbnail":["https:\/\/bcc.no\/wp-content\/uploads\/2024\/09\/BCC-hovedkontor_Moss_banner_1-150x150.jpg",150,150,true],"medium":["https:\/\/bcc.no\/wp-content\/uploads\/2024\/09\/BCC-hovedkontor_Moss_banner_1-300x51.jpg",300,51,true],"medium_large":["https:\/\/bcc.no\/wp-content\/uploads\/2024\/09\/BCC-hovedkontor_Moss_banner_1-768x131.jpg",640,109,true],"large":["https:\/\/bcc.no\/wp-content\/uploads\/2024\/09\/BCC-hovedkontor_Moss_banner_1-1024x175.jpg",640,109,true],"1536x1536":["https:\/\/bcc.no\/wp-content\/uploads\/2024\/09\/BCC-hovedkontor_Moss_banner_1-1536x262.jpg",1536,262,true],"2048x2048":["https:\/\/bcc.no\/wp-content\/uploads\/2024\/09\/BCC-hovedkontor_Moss_banner_1.jpg",1920,328,false]},"uagb_author_info":{"display_name":"Mathias Strand Kristiansen","author_link":"https:\/\/bcc.no\/fr\/author\/22801\/"},"uagb_comment_info":0,"uagb_excerpt":"La f\u00e9d\u00e9ration BCC Adresse : V\u00e5lerveien 159, 1599 Moss &#8211; Norv\u00e8geMail : kontakt@bcc.noOrg. nr: 828 408 712 Nous contacter BCC est une f\u00e9d\u00e9ration qui regroupe de nombreuses organisations. Si tu as des questions, des commentaires ou des id\u00e9es qui peuvent aider au d\u00e9veloppement de l\u2019assembl\u00e9e, n&rsquo;h\u00e9site pas \u00e0 nous contacter. \u00c9cris ton commentaire dans le\u2026","_links":{"self":[{"href":"https:\/\/bcc.no\/fr\/wp-json\/wp\/v2\/pages\/96328","targetHints":{"allow":["GET"]}}],"collection":[{"href":"https:\/\/bcc.no\/fr\/wp-json\/wp\/v2\/pages"}],"about":[{"href":"https:\/\/bcc.no\/fr\/wp-json\/wp\/v2\/types\/page"}],"author":[{"embeddable":true,"href":"https:\/\/bcc.no\/fr\/wp-json\/wp\/v2\/users\/6"}],"replies":[{"embeddable":true,"href":"https:\/\/bcc.no\/fr\/wp-json\/wp\/v2\/comments?post=96328"}],"version-history":[{"count":9,"href":"https:\/\/bcc.no\/fr\/wp-json\/wp\/v2\/pages\/96328\/revisions"}],"predecessor-version":[{"id":140331,"href":"https:\/\/bcc.no\/fr\/wp-json\/wp\/v2\/pages\/96328\/revisions\/140331"}],"wp:featuredmedia":[{"embeddable":true,"href":"https:\/\/bcc.no\/fr\/wp-json\/wp\/v2\/media\/93450"}],"wp:attachment":[{"href":"https:\/\/bcc.no\/fr\/wp-json\/wp\/v2\/media?parent=96328"}],"curies":[{"name":"wp","href":"https:\/\/api.w.org\/{rel}","templated":true}]}}