{"id":140538,"date":"2025-09-15T17:19:44","date_gmt":"2025-09-15T16:19:44","guid":{"rendered":"https:\/\/bcc.no\/?page_id=140538"},"modified":"2025-09-29T15:09:01","modified_gmt":"2025-09-29T14:09:01","slug":"collecte-de-la-mission","status":"publish","type":"page","link":"https:\/\/bcc.no\/fr\/collecte-de-la-mission\/","title":{"rendered":"Collecte de la mission"},"content":{"rendered":"\n<div class=\"wp-block-group\"><div class=\"wp-block-group__inner-container is-layout-constrained wp-block-group-is-layout-constrained\">\n<p><strong>Bien avant que BCC ne soit \u00e9tabli en tant que communaut\u00e9 de foi, la maison d&rsquo;\u00e9dition Skjulte Skatters Forlag a \u00e9t\u00e9 cr\u00e9\u00e9e, d\u00e8s le mois de janvier 1912. C&rsquo;est Johan Oscar Smith et son fr\u00e8re Aksel qui ont lanc\u00e9 ce journal, anim\u00e9s par un d\u00e9sir profond de diffuser le message chr\u00e9tien de la sanctification.<\/strong><\/p>\n\n\n\n<hr class=\"wp-block-separator has-alpha-channel-opacity\"\/>\n\n\n\n<p>Aujourd&rsquo;hui, le journal Skjulte Skatter (Tr\u00e9sors Cach\u00e9s) est publi\u00e9 sous forme num\u00e9rique, mais son objectif reste le m\u00eame. En plus des textes \u00e9difiants et instructifs, la maison d&rsquo;\u00e9dition se pr\u00e9pare maintenant \u00e0 diffuser son message sous diff\u00e9rents formats, notamment des podcasts, de la musique et des films.<\/p>\n\n\n\n<p>L&rsquo;engagement en faveur de la mission num\u00e9rique s&rsquo;intensifie, et le budget pr\u00e9vu est d&rsquo;environ 55 millions de couronnes norv\u00e9giennes par an, r\u00e9parties sur deux collectes. L\u2019\u00e9mission \u00ab Le Magazine \u00bb sert \u00e0 encourager les membres de BCC \u00e0 contribuer aux collectes.<\/p>\n\n\n\n<div style=\"height:28px\" aria-hidden=\"true\" class=\"wp-block-spacer\"><\/div>\n\n\n\n<div class=\"wp-block-cover\"><img loading=\"lazy\" decoding=\"async\" width=\"1168\" height=\"400\" class=\"wp-block-cover__image-background wp-image-140367\" alt=\"\" src=\"https:\/\/bcc.no\/wp-content\/uploads\/2025\/09\/Skjermbilde-2025-09-03-kl.-16.03.21.png\" style=\"object-position:54% 100%\" data-object-fit=\"cover\" data-object-position=\"54% 100%\"\/><span aria-hidden=\"true\" class=\"wp-block-cover__background has-background-dim\"><\/span><div class=\"wp-block-cover__inner-container is-layout-flow wp-block-cover-is-layout-flow\">\n<p class=\"has-text-align-center\"> Nous souhaitons mettre en avant l&rsquo;appel de J\u00e9sus \u00e0 le suivre et \u00e0 devenir ses disciples,<br>mettre l&rsquo;accent sur ce que cela signifie pour un Homme, <br>et montrer comment un Homme peut vivre en tant que disciple de J\u00e9sus<br>dans la vie pratique de tous les jours.<\/p>\n\n\n\n<div style=\"height:32px\" aria-hidden=\"true\" class=\"wp-block-spacer\"><\/div>\n\n\n\n<div class=\"wp-block-buttons is-content-justification-center is-layout-flex wp-container-core-buttons-is-layout-51f7783f wp-block-buttons-is-layout-flex\">\n<div class=\"wp-block-button\"><a class=\"wp-block-button__link wp-element-button open_in_new\" href=\"https:\/\/hiddentreasures.org\/nb\/\" rel=\"\">Pour en savoir plus : hiddentreasures.org<\/a><\/div>\n<\/div>\n<\/div><\/div>\n\n\n\n<div style=\"height:57px\" aria-hidden=\"true\" class=\"wp-block-spacer\"><\/div>\n\n\n\n<div class=\"wp-block-group is-style-faktaboks\"><div class=\"wp-block-group__inner-container is-layout-constrained wp-block-group-is-layout-constrained\">\n<h3 class=\"wp-block-heading\">Objectif de Skjulte Skatter<\/h3>\n\n\n\n<p>La maison d&rsquo;\u00e9dition Skjulte Skatters Forlag a pour mission de promouvoir et de clarifier les enseignements chr\u00e9tiens, les valeurs et le contenu d\u00e9fendus par Johan O. Smith et que BCC continue de d\u00e9fendre aujourd&rsquo;hui. Cela sera rendu accessible au public, de mani\u00e8re pertinente et inspirante, dans le monde entier.<\/p>\n<\/div><\/div>\n\n\n\n<\/div><\/div>\n\n","protected":false},"excerpt":{"rendered":"<p>Bien avant que BCC ne soit \u00e9tabli en tant que communaut\u00e9 de foi, la maison d&rsquo;\u00e9dition Skjulte Skatters Forlag a \u00e9t\u00e9 cr\u00e9\u00e9e, d\u00e8s le mois de janvier 1912. C&rsquo;est Johan Oscar Smith et son fr\u00e8re Aksel qui ont lanc\u00e9 ce journal, anim\u00e9s par un d\u00e9sir profond de diffuser le message chr\u00e9tien de la sanctification. Aujourd&rsquo;hui, [&hellip;]<\/p>\n","protected":false},"author":9,"featured_media":140360,"parent":0,"menu_order":0,"comment_status":"closed","ping_status":"closed","template":"","meta":{"_acf_changed":false,"inline_featured_image":false,"_uag_custom_page_level_css":"","bcc_login_visibility":0,"bcc_groups":[],"bcc_groups_email":true,"bcc_visibility_groups":[],"bcc_visibility_groups_email":false,"sent_notifications":[],"footnotes":"","_links_to":"","_links_to_target":""},"class_list":["post-140538","page","type-page","status-publish","has-post-thumbnail","hentry"],"acf":{"rss_image":""},"featured_image_src":"https:\/\/bcc.no\/wp-content\/uploads\/2025\/09\/2024_Festhelg_Konserten_180626.jpg","yoast_head":"<!-- This site is optimized with the Yoast SEO plugin v27.4 - https:\/\/yoast.com\/product\/yoast-seo-wordpress\/ -->\n<title>Collecte de la mission - BCC<\/title>\n<meta name=\"robots\" content=\"index, follow, max-snippet:-1, max-image-preview:large, max-video-preview:-1\" \/>\n<link rel=\"canonical\" href=\"https:\/\/bcc.no\/fr\/collecte-de-la-mission\/\" \/>\n<meta property=\"og:locale\" content=\"fr_FR\" \/>\n<meta property=\"og:type\" content=\"article\" \/>\n<meta property=\"og:title\" content=\"Collecte de la mission - BCC\" \/>\n<meta property=\"og:description\" content=\"Bien avant que BCC ne soit \u00e9tabli en tant que communaut\u00e9 de foi, la maison d&rsquo;\u00e9dition Skjulte Skatters Forlag a \u00e9t\u00e9 cr\u00e9\u00e9e, d\u00e8s le mois de janvier 1912. C&rsquo;est Johan Oscar Smith et son fr\u00e8re Aksel qui ont lanc\u00e9 ce journal, anim\u00e9s par un d\u00e9sir profond de diffuser le message chr\u00e9tien de la sanctification. Aujourd&rsquo;hui, [&hellip;]\" \/>\n<meta property=\"og:url\" content=\"https:\/\/bcc.no\/fr\/collecte-de-la-mission\/\" \/>\n<meta property=\"og:site_name\" content=\"BCC\" \/>\n<meta property=\"article:modified_time\" content=\"2025-09-29T14:09:01+00:00\" \/>\n<meta property=\"og:image\" content=\"https:\/\/bcc.no\/wp-content\/uploads\/2025\/09\/2024_Festhelg_Konserten_180626.jpg\" \/>\n\t<meta property=\"og:image:width\" content=\"2048\" \/>\n\t<meta property=\"og:image:height\" content=\"1366\" \/>\n\t<meta property=\"og:image:type\" content=\"image\/jpeg\" \/>\n<meta name=\"twitter:card\" content=\"summary_large_image\" \/>\n<meta name=\"twitter:label1\" content=\"Dur\u00e9e de lecture estim\u00e9e\" \/>\n\t<meta name=\"twitter:data1\" content=\"2 minutes\" \/>\n<script type=\"application\/ld+json\" class=\"yoast-schema-graph\">{\"@context\":\"https:\\\/\\\/schema.org\",\"@graph\":[{\"@type\":\"WebPage\",\"@id\":\"https:\\\/\\\/bcc.no\\\/fr\\\/collecte-de-la-mission\\\/\",\"url\":\"https:\\\/\\\/bcc.no\\\/fr\\\/collecte-de-la-mission\\\/\",\"name\":\"Collecte de la mission - BCC\",\"isPartOf\":{\"@id\":\"https:\\\/\\\/bcc.no\\\/fr\\\/#website\"},\"primaryImageOfPage\":{\"@id\":\"https:\\\/\\\/bcc.no\\\/fr\\\/collecte-de-la-mission\\\/#primaryimage\"},\"image\":{\"@id\":\"https:\\\/\\\/bcc.no\\\/fr\\\/collecte-de-la-mission\\\/#primaryimage\"},\"thumbnailUrl\":\"https:\\\/\\\/bcc.no\\\/wp-content\\\/uploads\\\/2025\\\/09\\\/2024_Festhelg_Konserten_180626.jpg\",\"datePublished\":\"2025-09-15T16:19:44+00:00\",\"dateModified\":\"2025-09-29T14:09:01+00:00\",\"breadcrumb\":{\"@id\":\"https:\\\/\\\/bcc.no\\\/fr\\\/collecte-de-la-mission\\\/#breadcrumb\"},\"inLanguage\":\"fr-FR\",\"potentialAction\":[{\"@type\":\"ReadAction\",\"target\":[\"https:\\\/\\\/bcc.no\\\/fr\\\/collecte-de-la-mission\\\/\"]}]},{\"@type\":\"ImageObject\",\"inLanguage\":\"fr-FR\",\"@id\":\"https:\\\/\\\/bcc.no\\\/fr\\\/collecte-de-la-mission\\\/#primaryimage\",\"url\":\"https:\\\/\\\/bcc.no\\\/wp-content\\\/uploads\\\/2025\\\/09\\\/2024_Festhelg_Konserten_180626.jpg\",\"contentUrl\":\"https:\\\/\\\/bcc.no\\\/wp-content\\\/uploads\\\/2025\\\/09\\\/2024_Festhelg_Konserten_180626.jpg\",\"width\":2048,\"height\":1366},{\"@type\":\"WebSite\",\"@id\":\"https:\\\/\\\/bcc.no\\\/fr\\\/#website\",\"url\":\"https:\\\/\\\/bcc.no\\\/fr\\\/\",\"name\":\"BCC\",\"description\":\"et internasjonalt trossamfunn\",\"publisher\":{\"@id\":\"https:\\\/\\\/bcc.no\\\/fr\\\/#organization\"},\"potentialAction\":[{\"@type\":\"SearchAction\",\"target\":{\"@type\":\"EntryPoint\",\"urlTemplate\":\"https:\\\/\\\/bcc.no\\\/fr\\\/?s={search_term_string}\"},\"query-input\":{\"@type\":\"PropertyValueSpecification\",\"valueRequired\":true,\"valueName\":\"search_term_string\"}}],\"inLanguage\":\"fr-FR\"},{\"@type\":\"Organization\",\"@id\":\"https:\\\/\\\/bcc.no\\\/fr\\\/#organization\",\"name\":\"BCC\",\"url\":\"https:\\\/\\\/bcc.no\\\/fr\\\/\",\"logo\":{\"@type\":\"ImageObject\",\"inLanguage\":\"fr-FR\",\"@id\":\"https:\\\/\\\/bcc.no\\\/fr\\\/#\\\/schema\\\/logo\\\/image\\\/\",\"url\":\"https:\\\/\\\/bcc.no\\\/wp-content\\\/uploads\\\/2024\\\/09\\\/BCC-logo_RGB.svg\",\"contentUrl\":\"https:\\\/\\\/bcc.no\\\/wp-content\\\/uploads\\\/2024\\\/09\\\/BCC-logo_RGB.svg\",\"caption\":\"BCC\"},\"image\":{\"@id\":\"https:\\\/\\\/bcc.no\\\/fr\\\/#\\\/schema\\\/logo\\\/image\\\/\"}}]}<\/script>\n<!-- \/ Yoast SEO plugin. -->","yoast_head_json":{"title":"Collecte de la mission - BCC","robots":{"index":"index","follow":"follow","max-snippet":"max-snippet:-1","max-image-preview":"max-image-preview:large","max-video-preview":"max-video-preview:-1"},"canonical":"https:\/\/bcc.no\/fr\/collecte-de-la-mission\/","og_locale":"fr_FR","og_type":"article","og_title":"Collecte de la mission - BCC","og_description":"Bien avant que BCC ne soit \u00e9tabli en tant que communaut\u00e9 de foi, la maison d&rsquo;\u00e9dition Skjulte Skatters Forlag a \u00e9t\u00e9 cr\u00e9\u00e9e, d\u00e8s le mois de janvier 1912. C&rsquo;est Johan Oscar Smith et son fr\u00e8re Aksel qui ont lanc\u00e9 ce journal, anim\u00e9s par un d\u00e9sir profond de diffuser le message chr\u00e9tien de la sanctification. Aujourd&rsquo;hui, [&hellip;]","og_url":"https:\/\/bcc.no\/fr\/collecte-de-la-mission\/","og_site_name":"BCC","article_modified_time":"2025-09-29T14:09:01+00:00","og_image":[{"width":2048,"height":1366,"url":"https:\/\/bcc.no\/wp-content\/uploads\/2025\/09\/2024_Festhelg_Konserten_180626.jpg","type":"image\/jpeg"}],"twitter_card":"summary_large_image","twitter_misc":{"Dur\u00e9e de lecture estim\u00e9e":"2 minutes"},"schema":{"@context":"https:\/\/schema.org","@graph":[{"@type":"WebPage","@id":"https:\/\/bcc.no\/fr\/collecte-de-la-mission\/","url":"https:\/\/bcc.no\/fr\/collecte-de-la-mission\/","name":"Collecte de la mission - BCC","isPartOf":{"@id":"https:\/\/bcc.no\/fr\/#website"},"primaryImageOfPage":{"@id":"https:\/\/bcc.no\/fr\/collecte-de-la-mission\/#primaryimage"},"image":{"@id":"https:\/\/bcc.no\/fr\/collecte-de-la-mission\/#primaryimage"},"thumbnailUrl":"https:\/\/bcc.no\/wp-content\/uploads\/2025\/09\/2024_Festhelg_Konserten_180626.jpg","datePublished":"2025-09-15T16:19:44+00:00","dateModified":"2025-09-29T14:09:01+00:00","breadcrumb":{"@id":"https:\/\/bcc.no\/fr\/collecte-de-la-mission\/#breadcrumb"},"inLanguage":"fr-FR","potentialAction":[{"@type":"ReadAction","target":["https:\/\/bcc.no\/fr\/collecte-de-la-mission\/"]}]},{"@type":"ImageObject","inLanguage":"fr-FR","@id":"https:\/\/bcc.no\/fr\/collecte-de-la-mission\/#primaryimage","url":"https:\/\/bcc.no\/wp-content\/uploads\/2025\/09\/2024_Festhelg_Konserten_180626.jpg","contentUrl":"https:\/\/bcc.no\/wp-content\/uploads\/2025\/09\/2024_Festhelg_Konserten_180626.jpg","width":2048,"height":1366},{"@type":"WebSite","@id":"https:\/\/bcc.no\/fr\/#website","url":"https:\/\/bcc.no\/fr\/","name":"BCC","description":"et internasjonalt trossamfunn","publisher":{"@id":"https:\/\/bcc.no\/fr\/#organization"},"potentialAction":[{"@type":"SearchAction","target":{"@type":"EntryPoint","urlTemplate":"https:\/\/bcc.no\/fr\/?s={search_term_string}"},"query-input":{"@type":"PropertyValueSpecification","valueRequired":true,"valueName":"search_term_string"}}],"inLanguage":"fr-FR"},{"@type":"Organization","@id":"https:\/\/bcc.no\/fr\/#organization","name":"BCC","url":"https:\/\/bcc.no\/fr\/","logo":{"@type":"ImageObject","inLanguage":"fr-FR","@id":"https:\/\/bcc.no\/fr\/#\/schema\/logo\/image\/","url":"https:\/\/bcc.no\/wp-content\/uploads\/2024\/09\/BCC-logo_RGB.svg","contentUrl":"https:\/\/bcc.no\/wp-content\/uploads\/2024\/09\/BCC-logo_RGB.svg","caption":"BCC"},"image":{"@id":"https:\/\/bcc.no\/fr\/#\/schema\/logo\/image\/"}}]}},"uagb_featured_image_src":{"full":["https:\/\/bcc.no\/wp-content\/uploads\/2025\/09\/2024_Festhelg_Konserten_180626.jpg",2048,1366,false],"thumbnail":["https:\/\/bcc.no\/wp-content\/uploads\/2025\/09\/2024_Festhelg_Konserten_180626-150x150.jpg",150,150,true],"medium":["https:\/\/bcc.no\/wp-content\/uploads\/2025\/09\/2024_Festhelg_Konserten_180626-300x200.jpg",300,200,true],"medium_large":["https:\/\/bcc.no\/wp-content\/uploads\/2025\/09\/2024_Festhelg_Konserten_180626-768x512.jpg",640,427,true],"large":["https:\/\/bcc.no\/wp-content\/uploads\/2025\/09\/2024_Festhelg_Konserten_180626-1024x683.jpg",640,427,true],"1536x1536":["https:\/\/bcc.no\/wp-content\/uploads\/2025\/09\/2024_Festhelg_Konserten_180626-1536x1025.jpg",1536,1025,true],"2048x2048":["https:\/\/bcc.no\/wp-content\/uploads\/2025\/09\/2024_Festhelg_Konserten_180626.jpg",2048,1366,false]},"uagb_author_info":{"display_name":"Anne Lea Krarup Nielsen","author_link":"https:\/\/bcc.no\/fr\/author\/17609\/"},"uagb_comment_info":0,"uagb_excerpt":"Bien avant que BCC ne soit \u00e9tabli en tant que communaut\u00e9 de foi, la maison d&rsquo;\u00e9dition Skjulte Skatters Forlag a \u00e9t\u00e9 cr\u00e9\u00e9e, d\u00e8s le mois de janvier 1912. C&rsquo;est Johan Oscar Smith et son fr\u00e8re Aksel qui ont lanc\u00e9 ce journal, anim\u00e9s par un d\u00e9sir profond de diffuser le message chr\u00e9tien de la sanctification. Aujourd&rsquo;hui,\u2026","_links":{"self":[{"href":"https:\/\/bcc.no\/fr\/wp-json\/wp\/v2\/pages\/140538","targetHints":{"allow":["GET"]}}],"collection":[{"href":"https:\/\/bcc.no\/fr\/wp-json\/wp\/v2\/pages"}],"about":[{"href":"https:\/\/bcc.no\/fr\/wp-json\/wp\/v2\/types\/page"}],"author":[{"embeddable":true,"href":"https:\/\/bcc.no\/fr\/wp-json\/wp\/v2\/users\/9"}],"replies":[{"embeddable":true,"href":"https:\/\/bcc.no\/fr\/wp-json\/wp\/v2\/comments?post=140538"}],"version-history":[{"count":1,"href":"https:\/\/bcc.no\/fr\/wp-json\/wp\/v2\/pages\/140538\/revisions"}],"predecessor-version":[{"id":140758,"href":"https:\/\/bcc.no\/fr\/wp-json\/wp\/v2\/pages\/140538\/revisions\/140758"}],"wp:featuredmedia":[{"embeddable":true,"href":"https:\/\/bcc.no\/fr\/wp-json\/wp\/v2\/media\/140360"}],"wp:attachment":[{"href":"https:\/\/bcc.no\/fr\/wp-json\/wp\/v2\/media?parent=140538"}],"curies":[{"name":"wp","href":"https:\/\/api.w.org\/{rel}","templated":true}]}}