{"id":132885,"date":"2025-03-28T17:06:16","date_gmt":"2025-03-28T16:06:16","guid":{"rendered":"https:\/\/bcc.no\/?page_id=132885"},"modified":"2025-04-09T15:07:37","modified_gmt":"2025-04-09T14:07:37","slug":"politique-en-matiere-de-cookies","status":"publish","type":"page","link":"https:\/\/bcc.no\/fr\/politique-en-matiere-de-cookies\/","title":{"rendered":"Politique en mati\u00e8re de cookies"},"content":{"rendered":"\n<div class=\"wp-block-group\"><div class=\"wp-block-group__inner-container is-layout-constrained wp-block-group-is-layout-constrained\">\n<h3 class=\"wp-block-heading\"><strong>Votre consentement s&rsquo;applique aux sites web suivants :<\/strong><\/h3>\n\n\n\n<p>bcc.no<\/p>\n<\/div><\/div>\n\n\n\n<div class=\"wp-block-group\"><div class=\"wp-block-group__inner-container is-layout-constrained wp-block-group-is-layout-constrained\">\n<h3 class=\"wp-block-heading\">Qu&rsquo;est-ce qu&rsquo;un cookie ?<\/h3>\n\n\n\n<p>Un cookie est un petit fichier qui est stock\u00e9 sur votre ordinateur, tablette ou smartphone. Un cookie n&rsquo;est pas un programme qui contient des processus malveillants ou des virus.<\/p>\n\n\n\n<h3 class=\"wp-block-heading\">Comment le site Internet utilise-t-il les cookies ?<\/h3>\n\n\n\n<p>Certains cookies remplissent des fonctions essentielles pour le site web. Les cookies nous aident \u00e9galement \u00e0 comprendre pourquoi vous visitez le site Web afin que nous puissions continuellement l&rsquo;optimiser et l&rsquo;adapter \u00e0 vos besoins et int\u00e9r\u00eats sp\u00e9cifiques. Les cookies se souviennent de choses comme les articles ajout\u00e9s \u00e0 votre panier, si vous avez d\u00e9j\u00e0 visit\u00e9 le site Web, si vous \u00eates connect\u00e9, quelle langue et quelle devise vous voulez afficher sur le site Web. En g\u00e9n\u00e9ral, nous utilisons des cookies dans le cadre de nos services, et pour pouvoir vous pr\u00e9senter un contenu aussi pertinent que possible pour vous.<\/p>\n\n\n\n<p>Vous pouvez voir <a href=\"#\" class=\"show-first-layer\">ici<\/a> les services sp\u00e9cifiques qui stockent des cookies et pourquoi ils sont stock\u00e9s dans les diff\u00e9rentes cat\u00e9gories.<\/p>\n\n\n\n<h3 class=\"wp-block-heading\">Combien de temps les cookies sont-ils conserv\u00e9s ?<\/h3>\n\n\n\n<p>La dur\u00e9e de stockage d&rsquo;un cookie sur l&rsquo;appareil et dans les navigateurs varie. La dur\u00e9e de vie d&rsquo;un cookie est calcul\u00e9e en fonction de votre derni\u00e8re visite sur le site Internet. Lorsque la dur\u00e9e de vie d&rsquo;un cookie est termin\u00e9e, il est automatiquement supprim\u00e9.<\/p>\n\n\n\n<h3 class=\"wp-block-heading\">Refuser ou supprimer les cookies<\/h3>\n\n\n\n<p>Vous pouvez refuser tous les cookies, y compris les cookies tiers, en modifiant les param\u00e8tres de votre navigateur sur votre ordinateur, tablette ou smartphone. L&#8217;emplacement de ces param\u00e8tres d\u00e9pend du navigateur que vous utilisez. Cependant, vous devez savoir qu\u2019en refusant tous les cookies de tiers, il y aura des fonctionnalit\u00e9s et des services que vous ne pourrez plus utiliser sur les sites Internet (car ceux-ci reposent sur des cookies).<\/p>\n\n\n\n<h3 class=\"wp-block-heading\">Comment supprimer les cookies ?<\/h3>\n\n\n\n<p>Il est facile de supprimer les cookies que vous avez pr\u00e9c\u00e9demment accept\u00e9s. Le processus de suppression d\u00e9pend du navigateur et de l&rsquo;appareil que vous utilisez.<br>Vous le trouvez habituellement sous Param\u00e8tres &#8211; S\u00e9curit\u00e9 et confidentialit\u00e9 &#8211; mais cela varie d&rsquo;un navigateur \u00e0 l&rsquo;autre.<\/p>\n\n\n\n<h3 class=\"wp-block-heading\">Modifier votre consentement<\/h3>\n\n\n\n<p>Vous pouvez modifier votre consentement soit en supprimant les cookies de votre navigateur, soit <strong><a href=\"#\" class=\"show-first-layer\"><u>en cliquant ici<\/u><\/a><\/strong>.<\/p>\n\n\n\n<p>N\u2019oubliez pas : Si vous utilisez plusieurs navigateurs, vous devrez supprimer les cookies de chacun d&rsquo;entre eux.<\/p>\n\n\n\n<h2 class=\"wp-block-heading\">Des questions ?<\/h2>\n\n\n\n<p>Si vous avez des commentaires ou des questions li\u00e9s \u00e0 l&rsquo;information ou au traitement des donn\u00e9es personnelles, contactez-nous.<\/p>\n\n\n\n<p><em>Derni\u00e8re mise \u00e0 jour : 28.03.25<\/em><\/p>\n<\/div><\/div>\n\n","protected":false},"excerpt":{"rendered":"<p>Votre consentement s&rsquo;applique aux sites web suivants : bcc.no Qu&rsquo;est-ce qu&rsquo;un cookie ? Un cookie est un petit fichier qui est stock\u00e9 sur votre ordinateur, tablette ou smartphone. Un cookie n&rsquo;est pas un programme qui contient des processus malveillants ou des virus. Comment le site Internet utilise-t-il les cookies ? Certains cookies remplissent des fonctions [&hellip;]<\/p>\n","protected":false},"author":9,"featured_media":96688,"parent":0,"menu_order":0,"comment_status":"closed","ping_status":"closed","template":"","meta":{"_acf_changed":false,"inline_featured_image":false,"_uag_custom_page_level_css":"","bcc_login_visibility":0,"bcc_groups":[],"bcc_groups_email":true,"bcc_visibility_groups":[],"bcc_visibility_groups_email":false,"sent_notifications":[],"footnotes":"","_links_to":"","_links_to_target":""},"class_list":["post-132885","page","type-page","status-publish","has-post-thumbnail","hentry"],"acf":{"rss_image":null},"featured_image_src":"https:\/\/bcc.no\/wp-content\/uploads\/2024\/10\/Topographic_BG_white_17.svg","yoast_head":"<!-- This site is optimized with the Yoast SEO plugin v27.2 - https:\/\/yoast.com\/product\/yoast-seo-wordpress\/ -->\n<title>Politique en mati\u00e8re de cookies - BCC<\/title>\n<meta name=\"robots\" content=\"index, follow, max-snippet:-1, max-image-preview:large, max-video-preview:-1\" \/>\n<link rel=\"canonical\" href=\"https:\/\/bcc.no\/fr\/politique-en-matiere-de-cookies\/\" \/>\n<meta property=\"og:locale\" content=\"fr_FR\" \/>\n<meta property=\"og:type\" content=\"article\" \/>\n<meta property=\"og:title\" content=\"Politique en mati\u00e8re de cookies - BCC\" \/>\n<meta property=\"og:description\" content=\"Votre consentement s&rsquo;applique aux sites web suivants : bcc.no Qu&rsquo;est-ce qu&rsquo;un cookie ? Un cookie est un petit fichier qui est stock\u00e9 sur votre ordinateur, tablette ou smartphone. Un cookie n&rsquo;est pas un programme qui contient des processus malveillants ou des virus. Comment le site Internet utilise-t-il les cookies ? Certains cookies remplissent des fonctions [&hellip;]\" \/>\n<meta property=\"og:url\" content=\"https:\/\/bcc.no\/fr\/politique-en-matiere-de-cookies\/\" \/>\n<meta property=\"og:site_name\" content=\"BCC\" \/>\n<meta property=\"article:modified_time\" content=\"2025-04-09T14:07:37+00:00\" \/>\n<meta name=\"twitter:card\" content=\"summary_large_image\" \/>\n<meta name=\"twitter:label1\" content=\"Dur\u00e9e de lecture estim\u00e9e\" \/>\n\t<meta name=\"twitter:data1\" content=\"3 minutes\" \/>\n<script type=\"application\/ld+json\" class=\"yoast-schema-graph\">{\"@context\":\"https:\/\/schema.org\",\"@graph\":[{\"@type\":\"WebPage\",\"@id\":\"https:\/\/bcc.no\/fr\/politique-en-matiere-de-cookies\/\",\"url\":\"https:\/\/bcc.no\/fr\/politique-en-matiere-de-cookies\/\",\"name\":\"Politique en mati\u00e8re de cookies - BCC\",\"isPartOf\":{\"@id\":\"https:\/\/bcc.no\/fr\/#website\"},\"primaryImageOfPage\":{\"@id\":\"https:\/\/bcc.no\/fr\/politique-en-matiere-de-cookies\/#primaryimage\"},\"image\":{\"@id\":\"https:\/\/bcc.no\/fr\/politique-en-matiere-de-cookies\/#primaryimage\"},\"thumbnailUrl\":\"https:\/\/bcc.no\/wp-content\/uploads\/2024\/10\/Topographic_BG_white_17.svg\",\"datePublished\":\"2025-03-28T16:06:16+00:00\",\"dateModified\":\"2025-04-09T14:07:37+00:00\",\"breadcrumb\":{\"@id\":\"https:\/\/bcc.no\/fr\/politique-en-matiere-de-cookies\/#breadcrumb\"},\"inLanguage\":\"fr-FR\",\"potentialAction\":[{\"@type\":\"ReadAction\",\"target\":[\"https:\/\/bcc.no\/fr\/politique-en-matiere-de-cookies\/\"]}]},{\"@type\":\"ImageObject\",\"inLanguage\":\"fr-FR\",\"@id\":\"https:\/\/bcc.no\/fr\/politique-en-matiere-de-cookies\/#primaryimage\",\"url\":\"https:\/\/bcc.no\/wp-content\/uploads\/2024\/10\/Topographic_BG_white_17.svg\",\"contentUrl\":\"https:\/\/bcc.no\/wp-content\/uploads\/2024\/10\/Topographic_BG_white_17.svg\"},{\"@type\":\"BreadcrumbList\",\"@id\":\"https:\/\/bcc.no\/fr\/politique-en-matiere-de-cookies\/#breadcrumb\",\"itemListElement\":[{\"@type\":\"ListItem\",\"position\":1,\"name\":\"Page d'accueil\",\"item\":\"https:\/\/bcc.no\/fr\/page-daccueil\/\"},{\"@type\":\"ListItem\",\"position\":2,\"name\":\"Politique en mati\u00e8re de cookies\"}]},{\"@type\":\"WebSite\",\"@id\":\"https:\/\/bcc.no\/fr\/#website\",\"url\":\"https:\/\/bcc.no\/fr\/\",\"name\":\"BCC\",\"description\":\"et internasjonalt trossamfunn\",\"publisher\":{\"@id\":\"https:\/\/bcc.no\/fr\/#organization\"},\"potentialAction\":[{\"@type\":\"SearchAction\",\"target\":{\"@type\":\"EntryPoint\",\"urlTemplate\":\"https:\/\/bcc.no\/fr\/?s={search_term_string}\"},\"query-input\":{\"@type\":\"PropertyValueSpecification\",\"valueRequired\":true,\"valueName\":\"search_term_string\"}}],\"inLanguage\":\"fr-FR\"},{\"@type\":\"Organization\",\"@id\":\"https:\/\/bcc.no\/fr\/#organization\",\"name\":\"BCC\",\"url\":\"https:\/\/bcc.no\/fr\/\",\"logo\":{\"@type\":\"ImageObject\",\"inLanguage\":\"fr-FR\",\"@id\":\"https:\/\/bcc.no\/fr\/#\/schema\/logo\/image\/\",\"url\":\"https:\/\/bcc.no\/wp-content\/uploads\/2024\/09\/BCC-logo_RGB.svg\",\"contentUrl\":\"https:\/\/bcc.no\/wp-content\/uploads\/2024\/09\/BCC-logo_RGB.svg\",\"caption\":\"BCC\"},\"image\":{\"@id\":\"https:\/\/bcc.no\/fr\/#\/schema\/logo\/image\/\"}}]}<\/script>\n<!-- \/ Yoast SEO plugin. -->","yoast_head_json":{"title":"Politique en mati\u00e8re de cookies - BCC","robots":{"index":"index","follow":"follow","max-snippet":"max-snippet:-1","max-image-preview":"max-image-preview:large","max-video-preview":"max-video-preview:-1"},"canonical":"https:\/\/bcc.no\/fr\/politique-en-matiere-de-cookies\/","og_locale":"fr_FR","og_type":"article","og_title":"Politique en mati\u00e8re de cookies - BCC","og_description":"Votre consentement s&rsquo;applique aux sites web suivants : bcc.no Qu&rsquo;est-ce qu&rsquo;un cookie ? Un cookie est un petit fichier qui est stock\u00e9 sur votre ordinateur, tablette ou smartphone. Un cookie n&rsquo;est pas un programme qui contient des processus malveillants ou des virus. Comment le site Internet utilise-t-il les cookies ? Certains cookies remplissent des fonctions [&hellip;]","og_url":"https:\/\/bcc.no\/fr\/politique-en-matiere-de-cookies\/","og_site_name":"BCC","article_modified_time":"2025-04-09T14:07:37+00:00","twitter_card":"summary_large_image","twitter_misc":{"Dur\u00e9e de lecture estim\u00e9e":"3 minutes"},"schema":{"@context":"https:\/\/schema.org","@graph":[{"@type":"WebPage","@id":"https:\/\/bcc.no\/fr\/politique-en-matiere-de-cookies\/","url":"https:\/\/bcc.no\/fr\/politique-en-matiere-de-cookies\/","name":"Politique en mati\u00e8re de cookies - BCC","isPartOf":{"@id":"https:\/\/bcc.no\/fr\/#website"},"primaryImageOfPage":{"@id":"https:\/\/bcc.no\/fr\/politique-en-matiere-de-cookies\/#primaryimage"},"image":{"@id":"https:\/\/bcc.no\/fr\/politique-en-matiere-de-cookies\/#primaryimage"},"thumbnailUrl":"https:\/\/bcc.no\/wp-content\/uploads\/2024\/10\/Topographic_BG_white_17.svg","datePublished":"2025-03-28T16:06:16+00:00","dateModified":"2025-04-09T14:07:37+00:00","breadcrumb":{"@id":"https:\/\/bcc.no\/fr\/politique-en-matiere-de-cookies\/#breadcrumb"},"inLanguage":"fr-FR","potentialAction":[{"@type":"ReadAction","target":["https:\/\/bcc.no\/fr\/politique-en-matiere-de-cookies\/"]}]},{"@type":"ImageObject","inLanguage":"fr-FR","@id":"https:\/\/bcc.no\/fr\/politique-en-matiere-de-cookies\/#primaryimage","url":"https:\/\/bcc.no\/wp-content\/uploads\/2024\/10\/Topographic_BG_white_17.svg","contentUrl":"https:\/\/bcc.no\/wp-content\/uploads\/2024\/10\/Topographic_BG_white_17.svg"},{"@type":"BreadcrumbList","@id":"https:\/\/bcc.no\/fr\/politique-en-matiere-de-cookies\/#breadcrumb","itemListElement":[{"@type":"ListItem","position":1,"name":"Page d'accueil","item":"https:\/\/bcc.no\/fr\/page-daccueil\/"},{"@type":"ListItem","position":2,"name":"Politique en mati\u00e8re de cookies"}]},{"@type":"WebSite","@id":"https:\/\/bcc.no\/fr\/#website","url":"https:\/\/bcc.no\/fr\/","name":"BCC","description":"et internasjonalt trossamfunn","publisher":{"@id":"https:\/\/bcc.no\/fr\/#organization"},"potentialAction":[{"@type":"SearchAction","target":{"@type":"EntryPoint","urlTemplate":"https:\/\/bcc.no\/fr\/?s={search_term_string}"},"query-input":{"@type":"PropertyValueSpecification","valueRequired":true,"valueName":"search_term_string"}}],"inLanguage":"fr-FR"},{"@type":"Organization","@id":"https:\/\/bcc.no\/fr\/#organization","name":"BCC","url":"https:\/\/bcc.no\/fr\/","logo":{"@type":"ImageObject","inLanguage":"fr-FR","@id":"https:\/\/bcc.no\/fr\/#\/schema\/logo\/image\/","url":"https:\/\/bcc.no\/wp-content\/uploads\/2024\/09\/BCC-logo_RGB.svg","contentUrl":"https:\/\/bcc.no\/wp-content\/uploads\/2024\/09\/BCC-logo_RGB.svg","caption":"BCC"},"image":{"@id":"https:\/\/bcc.no\/fr\/#\/schema\/logo\/image\/"}}]}},"uagb_featured_image_src":{"full":["https:\/\/bcc.no\/wp-content\/uploads\/2024\/10\/Topographic_BG_white_17.svg",1,1,false],"thumbnail":["https:\/\/bcc.no\/wp-content\/uploads\/2024\/10\/Topographic_BG_white_17.svg",150,150,true],"medium":["https:\/\/bcc.no\/wp-content\/uploads\/2024\/10\/Topographic_BG_white_17.svg",300,300,true],"medium_large":["https:\/\/bcc.no\/wp-content\/uploads\/2024\/10\/Topographic_BG_white_17.svg",640,1,true],"large":["https:\/\/bcc.no\/wp-content\/uploads\/2024\/10\/Topographic_BG_white_17.svg",640,640,true],"1536x1536":["https:\/\/bcc.no\/wp-content\/uploads\/2024\/10\/Topographic_BG_white_17.svg",1,1,true],"2048x2048":["https:\/\/bcc.no\/wp-content\/uploads\/2024\/10\/Topographic_BG_white_17.svg",1,1,true]},"uagb_author_info":{"display_name":"Anne Lea Krarup Nielsen","author_link":"https:\/\/bcc.no\/fr\/author\/17609\/"},"uagb_comment_info":0,"uagb_excerpt":"Votre consentement s&rsquo;applique aux sites web suivants : bcc.no Qu&rsquo;est-ce qu&rsquo;un cookie ? Un cookie est un petit fichier qui est stock\u00e9 sur votre ordinateur, tablette ou smartphone. Un cookie n&rsquo;est pas un programme qui contient des processus malveillants ou des virus. Comment le site Internet utilise-t-il les cookies ? Certains cookies remplissent des fonctions\u2026","_links":{"self":[{"href":"https:\/\/bcc.no\/fr\/wp-json\/wp\/v2\/pages\/132885","targetHints":{"allow":["GET"]}}],"collection":[{"href":"https:\/\/bcc.no\/fr\/wp-json\/wp\/v2\/pages"}],"about":[{"href":"https:\/\/bcc.no\/fr\/wp-json\/wp\/v2\/types\/page"}],"author":[{"embeddable":true,"href":"https:\/\/bcc.no\/fr\/wp-json\/wp\/v2\/users\/9"}],"replies":[{"embeddable":true,"href":"https:\/\/bcc.no\/fr\/wp-json\/wp\/v2\/comments?post=132885"}],"version-history":[{"count":1,"href":"https:\/\/bcc.no\/fr\/wp-json\/wp\/v2\/pages\/132885\/revisions"}],"predecessor-version":[{"id":132909,"href":"https:\/\/bcc.no\/fr\/wp-json\/wp\/v2\/pages\/132885\/revisions\/132909"}],"wp:featuredmedia":[{"embeddable":true,"href":"https:\/\/bcc.no\/fr\/wp-json\/wp\/v2\/media\/96688"}],"wp:attachment":[{"href":"https:\/\/bcc.no\/fr\/wp-json\/wp\/v2\/media?parent=132885"}],"curies":[{"name":"wp","href":"https:\/\/api.w.org\/{rel}","templated":true}]}}