{"id":128975,"date":"2025-01-07T11:38:42","date_gmt":"2025-01-07T10:38:42","guid":{"rendered":"https:\/\/bcc.no\/code-dethique\/"},"modified":"2025-03-13T12:25:38","modified_gmt":"2025-03-13T11:25:38","slug":"code-dethique","status":"publish","type":"page","link":"https:\/\/bcc.no\/fr\/organisation\/documents-cles\/code-dethique\/","title":{"rendered":"Code d\u2019\u00e9thique"},"content":{"rendered":"\n<div class=\"wp-block-group\"><div class=\"wp-block-group__inner-container is-layout-constrained wp-block-group-is-layout-constrained\"><div class=\"yoast-breadcrumbs\"><span><span>Page d&rsquo;accueil<\/span> \/ <span><a href=\"https:\/\/bcc.no\/fr\/organisation\/\">Organisation de la f\u00e9d\u00e9ration BCC<\/a><\/span> \/ <span><a href=\"https:\/\/bcc.no\/fr\/organisation\/documents-cles\/\">Documents cl\u00e9s<\/a><\/span> \/ <span class=\"breadcrumb_last\" aria-current=\"page\"><a href=\"https:\/\/bcc.no\/fr\/organisation\/documents-cles\/code-dethique\/\">Code d\u2019\u00e9thique<\/a><\/span><\/span><\/div>\n\n\n<h4 class=\"wp-block-heading featuredParagraph\">S&rsquo;applique aux employ\u00e9s des organisations de la f\u00e9d\u00e9ration BCC et d\u00e9crit nos normes en mati\u00e8re de responsabilit\u00e9 et de conformit\u00e9.<\/h4>\n\n\n\n<hr class=\"wp-block-separator has-alpha-channel-opacity\"\/>\n<\/div><\/div>\n\n\n\n<div class=\"wp-block-group is-style-content-width\"><div class=\"wp-block-group__inner-container is-layout-constrained wp-block-group-is-layout-constrained\"><!-- wp:file {\"href\":\"\/wp-content\/uploads\/2024\/09\/CO_2021_Code-of-Ethics-for-BCC-Federation_adopted.pdf\",\"displayPreview\":true,\"previewHeight\":950,\"className\":\"\",\"bccLoginVisibility\":1} --><div class=\"wp-block-file\"><object class=\"wp-block-file__embed\" data=\"\/wp-content\/uploads\/2024\/09\/CO_2021_Code-of-Ethics-for-BCC-Federation_adopted.pdf\" type=\"application\/pdf\" style=\"width:100%;height:950px\"><\/object><div class=\"wp-block-buttons\"><div class=\"wp-block-button is-style-bcc-button-secondary\"><a class=\"wp-block-button__link wp-element-button\" href=\"\/wp-content\/uploads\/2024\/09\/CO_2021_Code-of-Ethics-for-BCC-Federation_adopted.pdf\" aria-label=\"Last ned\" download>Last ned<\/a><\/div><\/div><\/div><!-- \/wp:file -->\n\n<\/div><\/div>\n\n","protected":false},"excerpt":{"rendered":"<p>S&rsquo;applique aux employ\u00e9s des organisations de la f\u00e9d\u00e9ration BCC et d\u00e9crit nos normes en mati\u00e8re de responsabilit\u00e9 et de conformit\u00e9.<\/p>\n","protected":false},"author":6,"featured_media":95284,"parent":96659,"menu_order":0,"comment_status":"closed","ping_status":"closed","template":"","meta":{"_acf_changed":false,"inline_featured_image":false,"_uag_custom_page_level_css":"","bcc_login_visibility":0,"bcc_groups":[],"bcc_groups_email":true,"bcc_visibility_groups":[],"bcc_visibility_groups_email":false,"sent_notifications":[],"footnotes":"","_links_to":"","_links_to_target":""},"class_list":["post-128975","page","type-page","status-publish","has-post-thumbnail","hentry"],"acf":{"rss_image":null},"featured_image_src":"https:\/\/bcc.no\/wp-content\/uploads\/2024\/09\/Banner_BG_01.jpg","yoast_head":"<!-- This site is optimized with the Yoast SEO plugin v27.4 - https:\/\/yoast.com\/product\/yoast-seo-wordpress\/ -->\n<title>Code d\u2019\u00e9thique - BCC<\/title>\n<meta name=\"description\" content=\"Le code de conduite de BCC \u00e9tablit des normes en mati\u00e8re de comportement responsable, d&#039;int\u00e9grit\u00e9, de conformit\u00e9 l\u00e9gale et d&#039;environnement de travail respectueux.\" \/>\n<meta name=\"robots\" content=\"index, follow, max-snippet:-1, max-image-preview:large, max-video-preview:-1\" \/>\n<link rel=\"canonical\" href=\"https:\/\/bcc.no\/fr\/organisation\/documents-cles\/code-dethique\/\" \/>\n<meta property=\"og:locale\" content=\"fr_FR\" \/>\n<meta property=\"og:type\" content=\"article\" \/>\n<meta property=\"og:title\" content=\"Code d\u2019\u00e9thique - BCC\" \/>\n<meta property=\"og:description\" content=\"Le code de conduite de BCC \u00e9tablit des normes en mati\u00e8re de comportement responsable, d&#039;int\u00e9grit\u00e9, de conformit\u00e9 l\u00e9gale et d&#039;environnement de travail respectueux.\" \/>\n<meta property=\"og:url\" content=\"https:\/\/bcc.no\/fr\/organisation\/documents-cles\/code-dethique\/\" \/>\n<meta property=\"og:site_name\" content=\"BCC\" \/>\n<meta property=\"article:modified_time\" content=\"2025-03-13T11:25:38+00:00\" \/>\n<meta property=\"og:image\" content=\"https:\/\/bcc.no\/wp-content\/uploads\/2024\/09\/Banner_BG_01.jpg\" \/>\n\t<meta property=\"og:image:width\" content=\"2160\" \/>\n\t<meta property=\"og:image:height\" content=\"1080\" \/>\n\t<meta property=\"og:image:type\" content=\"image\/jpeg\" \/>\n<meta name=\"twitter:card\" content=\"summary_large_image\" \/>\n<script type=\"application\/ld+json\" class=\"yoast-schema-graph\">{\"@context\":\"https:\\\/\\\/schema.org\",\"@graph\":[{\"@type\":\"WebPage\",\"@id\":\"https:\\\/\\\/bcc.no\\\/fr\\\/organisation\\\/documents-cles\\\/code-dethique\\\/\",\"url\":\"https:\\\/\\\/bcc.no\\\/fr\\\/organisation\\\/documents-cles\\\/code-dethique\\\/\",\"name\":\"Code d\u2019\u00e9thique - BCC\",\"isPartOf\":{\"@id\":\"https:\\\/\\\/bcc.no\\\/fr\\\/#website\"},\"primaryImageOfPage\":{\"@id\":\"https:\\\/\\\/bcc.no\\\/fr\\\/organisation\\\/documents-cles\\\/code-dethique\\\/#primaryimage\"},\"image\":{\"@id\":\"https:\\\/\\\/bcc.no\\\/fr\\\/organisation\\\/documents-cles\\\/code-dethique\\\/#primaryimage\"},\"thumbnailUrl\":\"https:\\\/\\\/bcc.no\\\/wp-content\\\/uploads\\\/2024\\\/09\\\/Banner_BG_01.jpg\",\"datePublished\":\"2025-01-07T10:38:42+00:00\",\"dateModified\":\"2025-03-13T11:25:38+00:00\",\"description\":\"Le code de conduite de BCC \u00e9tablit des normes en mati\u00e8re de comportement responsable, d'int\u00e9grit\u00e9, de conformit\u00e9 l\u00e9gale et d'environnement de travail respectueux.\",\"breadcrumb\":{\"@id\":\"https:\\\/\\\/bcc.no\\\/fr\\\/organisation\\\/documents-cles\\\/code-dethique\\\/#breadcrumb\"},\"inLanguage\":\"fr-FR\",\"potentialAction\":[{\"@type\":\"ReadAction\",\"target\":[\"https:\\\/\\\/bcc.no\\\/fr\\\/organisation\\\/documents-cles\\\/code-dethique\\\/\"]}]},{\"@type\":\"ImageObject\",\"inLanguage\":\"fr-FR\",\"@id\":\"https:\\\/\\\/bcc.no\\\/fr\\\/organisation\\\/documents-cles\\\/code-dethique\\\/#primaryimage\",\"url\":\"https:\\\/\\\/bcc.no\\\/wp-content\\\/uploads\\\/2024\\\/09\\\/Banner_BG_01.jpg\",\"contentUrl\":\"https:\\\/\\\/bcc.no\\\/wp-content\\\/uploads\\\/2024\\\/09\\\/Banner_BG_01.jpg\",\"width\":2160,\"height\":1080},{\"@type\":\"WebSite\",\"@id\":\"https:\\\/\\\/bcc.no\\\/fr\\\/#website\",\"url\":\"https:\\\/\\\/bcc.no\\\/fr\\\/\",\"name\":\"BCC\",\"description\":\"et internasjonalt trossamfunn\",\"publisher\":{\"@id\":\"https:\\\/\\\/bcc.no\\\/fr\\\/#organization\"},\"potentialAction\":[{\"@type\":\"SearchAction\",\"target\":{\"@type\":\"EntryPoint\",\"urlTemplate\":\"https:\\\/\\\/bcc.no\\\/fr\\\/?s={search_term_string}\"},\"query-input\":{\"@type\":\"PropertyValueSpecification\",\"valueRequired\":true,\"valueName\":\"search_term_string\"}}],\"inLanguage\":\"fr-FR\"},{\"@type\":\"Organization\",\"@id\":\"https:\\\/\\\/bcc.no\\\/fr\\\/#organization\",\"name\":\"BCC\",\"url\":\"https:\\\/\\\/bcc.no\\\/fr\\\/\",\"logo\":{\"@type\":\"ImageObject\",\"inLanguage\":\"fr-FR\",\"@id\":\"https:\\\/\\\/bcc.no\\\/fr\\\/#\\\/schema\\\/logo\\\/image\\\/\",\"url\":\"https:\\\/\\\/bcc.no\\\/wp-content\\\/uploads\\\/2026\\\/04\\\/bcc_logo_full.svg\",\"contentUrl\":\"https:\\\/\\\/bcc.no\\\/wp-content\\\/uploads\\\/2026\\\/04\\\/bcc_logo_full.svg\",\"caption\":\"BCC\"},\"image\":{\"@id\":\"https:\\\/\\\/bcc.no\\\/fr\\\/#\\\/schema\\\/logo\\\/image\\\/\"}}]}<\/script>\n<!-- \/ Yoast SEO plugin. -->","yoast_head_json":{"title":"Code d\u2019\u00e9thique - BCC","description":"Le code de conduite de BCC \u00e9tablit des normes en mati\u00e8re de comportement responsable, d'int\u00e9grit\u00e9, de conformit\u00e9 l\u00e9gale et d'environnement de travail respectueux.","robots":{"index":"index","follow":"follow","max-snippet":"max-snippet:-1","max-image-preview":"max-image-preview:large","max-video-preview":"max-video-preview:-1"},"canonical":"https:\/\/bcc.no\/fr\/organisation\/documents-cles\/code-dethique\/","og_locale":"fr_FR","og_type":"article","og_title":"Code d\u2019\u00e9thique - BCC","og_description":"Le code de conduite de BCC \u00e9tablit des normes en mati\u00e8re de comportement responsable, d'int\u00e9grit\u00e9, de conformit\u00e9 l\u00e9gale et d'environnement de travail respectueux.","og_url":"https:\/\/bcc.no\/fr\/organisation\/documents-cles\/code-dethique\/","og_site_name":"BCC","article_modified_time":"2025-03-13T11:25:38+00:00","og_image":[{"width":2160,"height":1080,"url":"https:\/\/bcc.no\/wp-content\/uploads\/2024\/09\/Banner_BG_01.jpg","type":"image\/jpeg"}],"twitter_card":"summary_large_image","schema":{"@context":"https:\/\/schema.org","@graph":[{"@type":"WebPage","@id":"https:\/\/bcc.no\/fr\/organisation\/documents-cles\/code-dethique\/","url":"https:\/\/bcc.no\/fr\/organisation\/documents-cles\/code-dethique\/","name":"Code d\u2019\u00e9thique - BCC","isPartOf":{"@id":"https:\/\/bcc.no\/fr\/#website"},"primaryImageOfPage":{"@id":"https:\/\/bcc.no\/fr\/organisation\/documents-cles\/code-dethique\/#primaryimage"},"image":{"@id":"https:\/\/bcc.no\/fr\/organisation\/documents-cles\/code-dethique\/#primaryimage"},"thumbnailUrl":"https:\/\/bcc.no\/wp-content\/uploads\/2024\/09\/Banner_BG_01.jpg","datePublished":"2025-01-07T10:38:42+00:00","dateModified":"2025-03-13T11:25:38+00:00","description":"Le code de conduite de BCC \u00e9tablit des normes en mati\u00e8re de comportement responsable, d'int\u00e9grit\u00e9, de conformit\u00e9 l\u00e9gale et d'environnement de travail respectueux.","breadcrumb":{"@id":"https:\/\/bcc.no\/fr\/organisation\/documents-cles\/code-dethique\/#breadcrumb"},"inLanguage":"fr-FR","potentialAction":[{"@type":"ReadAction","target":["https:\/\/bcc.no\/fr\/organisation\/documents-cles\/code-dethique\/"]}]},{"@type":"ImageObject","inLanguage":"fr-FR","@id":"https:\/\/bcc.no\/fr\/organisation\/documents-cles\/code-dethique\/#primaryimage","url":"https:\/\/bcc.no\/wp-content\/uploads\/2024\/09\/Banner_BG_01.jpg","contentUrl":"https:\/\/bcc.no\/wp-content\/uploads\/2024\/09\/Banner_BG_01.jpg","width":2160,"height":1080},{"@type":"WebSite","@id":"https:\/\/bcc.no\/fr\/#website","url":"https:\/\/bcc.no\/fr\/","name":"BCC","description":"et internasjonalt trossamfunn","publisher":{"@id":"https:\/\/bcc.no\/fr\/#organization"},"potentialAction":[{"@type":"SearchAction","target":{"@type":"EntryPoint","urlTemplate":"https:\/\/bcc.no\/fr\/?s={search_term_string}"},"query-input":{"@type":"PropertyValueSpecification","valueRequired":true,"valueName":"search_term_string"}}],"inLanguage":"fr-FR"},{"@type":"Organization","@id":"https:\/\/bcc.no\/fr\/#organization","name":"BCC","url":"https:\/\/bcc.no\/fr\/","logo":{"@type":"ImageObject","inLanguage":"fr-FR","@id":"https:\/\/bcc.no\/fr\/#\/schema\/logo\/image\/","url":"https:\/\/bcc.no\/wp-content\/uploads\/2026\/04\/bcc_logo_full.svg","contentUrl":"https:\/\/bcc.no\/wp-content\/uploads\/2026\/04\/bcc_logo_full.svg","caption":"BCC"},"image":{"@id":"https:\/\/bcc.no\/fr\/#\/schema\/logo\/image\/"}}]}},"uagb_featured_image_src":{"full":["https:\/\/bcc.no\/wp-content\/uploads\/2024\/09\/Banner_BG_01.jpg",2160,1080,false],"thumbnail":["https:\/\/bcc.no\/wp-content\/uploads\/2024\/09\/Banner_BG_01-150x150.jpg",150,150,true],"medium":["https:\/\/bcc.no\/wp-content\/uploads\/2024\/09\/Banner_BG_01-300x150.jpg",300,150,true],"medium_large":["https:\/\/bcc.no\/wp-content\/uploads\/2024\/09\/Banner_BG_01-768x384.jpg",640,320,true],"large":["https:\/\/bcc.no\/wp-content\/uploads\/2024\/09\/Banner_BG_01-1024x512.jpg",640,320,true],"1536x1536":["https:\/\/bcc.no\/wp-content\/uploads\/2024\/09\/Banner_BG_01-1536x768.jpg",1536,768,true],"2048x2048":["https:\/\/bcc.no\/wp-content\/uploads\/2024\/09\/Banner_BG_01-2048x1024.jpg",2048,1024,true]},"uagb_author_info":{"display_name":"Mathias Strand Kristiansen","author_link":"https:\/\/bcc.no\/fr\/author\/22801\/"},"uagb_comment_info":0,"uagb_excerpt":"S&rsquo;applique aux employ\u00e9s des organisations de la f\u00e9d\u00e9ration BCC et d\u00e9crit nos normes en mati\u00e8re de responsabilit\u00e9 et de conformit\u00e9.","_links":{"self":[{"href":"https:\/\/bcc.no\/fr\/wp-json\/wp\/v2\/pages\/128975","targetHints":{"allow":["GET"]}}],"collection":[{"href":"https:\/\/bcc.no\/fr\/wp-json\/wp\/v2\/pages"}],"about":[{"href":"https:\/\/bcc.no\/fr\/wp-json\/wp\/v2\/types\/page"}],"author":[{"embeddable":true,"href":"https:\/\/bcc.no\/fr\/wp-json\/wp\/v2\/users\/6"}],"replies":[{"embeddable":true,"href":"https:\/\/bcc.no\/fr\/wp-json\/wp\/v2\/comments?post=128975"}],"version-history":[{"count":1,"href":"https:\/\/bcc.no\/fr\/wp-json\/wp\/v2\/pages\/128975\/revisions"}],"predecessor-version":[{"id":131983,"href":"https:\/\/bcc.no\/fr\/wp-json\/wp\/v2\/pages\/128975\/revisions\/131983"}],"up":[{"embeddable":true,"href":"https:\/\/bcc.no\/fr\/wp-json\/wp\/v2\/pages\/96659"}],"wp:featuredmedia":[{"embeddable":true,"href":"https:\/\/bcc.no\/fr\/wp-json\/wp\/v2\/media\/95284"}],"wp:attachment":[{"href":"https:\/\/bcc.no\/fr\/wp-json\/wp\/v2\/media?parent=128975"}],"curies":[{"name":"wp","href":"https:\/\/api.w.org\/{rel}","templated":true}]}}