{"id":128966,"date":"2025-01-06T15:38:38","date_gmt":"2025-01-06T14:38:38","guid":{"rendered":"https:\/\/bcc.no\/statuts-constitutifs\/"},"modified":"2025-02-11T14:36:36","modified_gmt":"2025-02-11T13:36:36","slug":"statuts-constitutifs","status":"publish","type":"page","link":"https:\/\/bcc.no\/fr\/organisation\/documents-cles\/statuts-constitutifs\/","title":{"rendered":"Statuts constitutifs"},"content":{"rendered":"\n<div class=\"wp-block-group\"><div class=\"wp-block-group__inner-container is-layout-constrained wp-block-group-is-layout-constrained\"><div class=\"yoast-breadcrumbs\"><span><span>Page d&rsquo;accueil<\/span> \/ <span><a href=\"https:\/\/bcc.no\/fr\/organisation\/\">Organisation de la f\u00e9d\u00e9ration BCC<\/a><\/span> \/ <span><a href=\"https:\/\/bcc.no\/fr\/organisation\/documents-cles\/\">Documents cl\u00e9s<\/a><\/span> \/ <span class=\"breadcrumb_last\" aria-current=\"page\"><a href=\"https:\/\/bcc.no\/fr\/organisation\/documents-cles\/statuts-constitutifs\/\">Statuts constitutifs<\/a><\/span><\/span><\/div>\n\n\n<h4 class=\"wp-block-heading featuredParagraph\">Les statuts constitutifs de la f\u00e9d\u00e9ration BCC d\u00e9crivent le but de la f\u00e9d\u00e9ration, son fondement doctrinal et ses organes centraux.<\/h4>\n\n\n\n<hr class=\"wp-block-separator has-alpha-channel-opacity\"\/>\n<\/div><\/div>\n\n\n\n<div class=\"wp-block-group is-style-content-width\"><div class=\"wp-block-group__inner-container is-layout-constrained wp-block-group-is-layout-constrained\"><!-- wp:file {\"href\":\"\/wp-content\/uploads\/2024\/10\/2024-05-20_Constitution-of-the-BCC-Federation_ENG.pdf\",\"displayPreview\":true,\"previewHeight\":950,\"className\":\"\",\"bccLoginVisibility\":1} --><div class=\"wp-block-file\"><object class=\"wp-block-file__embed\" data=\"\/wp-content\/uploads\/2024\/10\/2024-05-20_Constitution-of-the-BCC-Federation_ENG.pdf\" type=\"application\/pdf\" style=\"width:100%;height:950px\"><\/object><div class=\"wp-block-buttons\"><div class=\"wp-block-button is-style-bcc-button-secondary\"><a class=\"wp-block-button__link wp-element-button\" href=\"\/wp-content\/uploads\/2024\/10\/2024-05-20_Constitution-of-the-BCC-Federation_ENG.pdf\" aria-label=\"Last ned\" download>Last ned<\/a><\/div><\/div><\/div><!-- \/wp:file -->\n\n<\/div><\/div>\n","protected":false},"excerpt":{"rendered":"<p>Les statuts constitutifs de la f\u00e9d\u00e9ration BCC d\u00e9crivent le but de la f\u00e9d\u00e9ration, son fondement doctrinal et ses organes centraux.<\/p>\n","protected":false},"author":6,"featured_media":96691,"parent":96659,"menu_order":0,"comment_status":"closed","ping_status":"closed","template":"","meta":{"_acf_changed":false,"inline_featured_image":false,"_uag_custom_page_level_css":"","bcc_login_visibility":0,"bcc_groups":[],"bcc_groups_email":true,"bcc_visibility_groups":[],"bcc_visibility_groups_email":false,"sent_notifications":[],"footnotes":"","_links_to":"","_links_to_target":""},"class_list":["post-128966","page","type-page","status-publish","has-post-thumbnail","hentry"],"acf":{"rss_image":null},"featured_image_src":"https:\/\/bcc.no\/wp-content\/uploads\/2024\/10\/Topographic_BG_white_17.svg","yoast_head":"<!-- This site is optimized with the Yoast SEO plugin v27.4 - https:\/\/yoast.com\/product\/yoast-seo-wordpress\/ -->\n<title>Statuts constitutifs - BCC<\/title>\n<meta name=\"description\" content=\"Lire les statuts constitutifs de la f\u00e9d\u00e9ration BCC, qui d\u00e9crivent son but, sa foi et ses valeurs, en mettant l&#039;accent sur le travail avec les jeunes et la libert\u00e9 religieuse.\" \/>\n<meta name=\"robots\" content=\"index, follow, max-snippet:-1, max-image-preview:large, max-video-preview:-1\" \/>\n<link rel=\"canonical\" href=\"https:\/\/bcc.no\/fr\/organisation\/documents-cles\/statuts-constitutifs\/\" \/>\n<meta property=\"og:locale\" content=\"fr_FR\" \/>\n<meta property=\"og:type\" content=\"article\" \/>\n<meta property=\"og:title\" content=\"Statuts constitutifs - BCC\" \/>\n<meta property=\"og:description\" content=\"Lire les statuts constitutifs de la f\u00e9d\u00e9ration BCC, qui d\u00e9crivent son but, sa foi et ses valeurs, en mettant l&#039;accent sur le travail avec les jeunes et la libert\u00e9 religieuse.\" \/>\n<meta property=\"og:url\" content=\"https:\/\/bcc.no\/fr\/organisation\/documents-cles\/statuts-constitutifs\/\" \/>\n<meta property=\"og:site_name\" content=\"BCC\" \/>\n<meta property=\"article:modified_time\" content=\"2025-02-11T13:36:36+00:00\" \/>\n<meta name=\"twitter:card\" content=\"summary_large_image\" \/>\n<meta name=\"twitter:label1\" content=\"Dur\u00e9e de lecture estim\u00e9e\" \/>\n\t<meta name=\"twitter:data1\" content=\"1 minute\" \/>\n<script type=\"application\/ld+json\" class=\"yoast-schema-graph\">{\"@context\":\"https:\\\/\\\/schema.org\",\"@graph\":[{\"@type\":\"WebPage\",\"@id\":\"https:\\\/\\\/bcc.no\\\/fr\\\/organisation\\\/documents-cles\\\/statuts-constitutifs\\\/\",\"url\":\"https:\\\/\\\/bcc.no\\\/fr\\\/organisation\\\/documents-cles\\\/statuts-constitutifs\\\/\",\"name\":\"Statuts constitutifs - BCC\",\"isPartOf\":{\"@id\":\"https:\\\/\\\/bcc.no\\\/fr\\\/#website\"},\"primaryImageOfPage\":{\"@id\":\"https:\\\/\\\/bcc.no\\\/fr\\\/organisation\\\/documents-cles\\\/statuts-constitutifs\\\/#primaryimage\"},\"image\":{\"@id\":\"https:\\\/\\\/bcc.no\\\/fr\\\/organisation\\\/documents-cles\\\/statuts-constitutifs\\\/#primaryimage\"},\"thumbnailUrl\":\"https:\\\/\\\/bcc.no\\\/wp-content\\\/uploads\\\/2024\\\/10\\\/Topographic_BG_white_17.svg\",\"datePublished\":\"2025-01-06T14:38:38+00:00\",\"dateModified\":\"2025-02-11T13:36:36+00:00\",\"description\":\"Lire les statuts constitutifs de la f\u00e9d\u00e9ration BCC, qui d\u00e9crivent son but, sa foi et ses valeurs, en mettant l'accent sur le travail avec les jeunes et la libert\u00e9 religieuse.\",\"breadcrumb\":{\"@id\":\"https:\\\/\\\/bcc.no\\\/fr\\\/organisation\\\/documents-cles\\\/statuts-constitutifs\\\/#breadcrumb\"},\"inLanguage\":\"fr-FR\",\"potentialAction\":[{\"@type\":\"ReadAction\",\"target\":[\"https:\\\/\\\/bcc.no\\\/fr\\\/organisation\\\/documents-cles\\\/statuts-constitutifs\\\/\"]}]},{\"@type\":\"ImageObject\",\"inLanguage\":\"fr-FR\",\"@id\":\"https:\\\/\\\/bcc.no\\\/fr\\\/organisation\\\/documents-cles\\\/statuts-constitutifs\\\/#primaryimage\",\"url\":\"https:\\\/\\\/bcc.no\\\/wp-content\\\/uploads\\\/2024\\\/10\\\/Topographic_BG_white_17.svg\",\"contentUrl\":\"https:\\\/\\\/bcc.no\\\/wp-content\\\/uploads\\\/2024\\\/10\\\/Topographic_BG_white_17.svg\"},{\"@type\":\"WebSite\",\"@id\":\"https:\\\/\\\/bcc.no\\\/fr\\\/#website\",\"url\":\"https:\\\/\\\/bcc.no\\\/fr\\\/\",\"name\":\"BCC\",\"description\":\"et internasjonalt trossamfunn\",\"publisher\":{\"@id\":\"https:\\\/\\\/bcc.no\\\/fr\\\/#organization\"},\"potentialAction\":[{\"@type\":\"SearchAction\",\"target\":{\"@type\":\"EntryPoint\",\"urlTemplate\":\"https:\\\/\\\/bcc.no\\\/fr\\\/?s={search_term_string}\"},\"query-input\":{\"@type\":\"PropertyValueSpecification\",\"valueRequired\":true,\"valueName\":\"search_term_string\"}}],\"inLanguage\":\"fr-FR\"},{\"@type\":\"Organization\",\"@id\":\"https:\\\/\\\/bcc.no\\\/fr\\\/#organization\",\"name\":\"BCC\",\"url\":\"https:\\\/\\\/bcc.no\\\/fr\\\/\",\"logo\":{\"@type\":\"ImageObject\",\"inLanguage\":\"fr-FR\",\"@id\":\"https:\\\/\\\/bcc.no\\\/fr\\\/#\\\/schema\\\/logo\\\/image\\\/\",\"url\":\"https:\\\/\\\/bcc.no\\\/wp-content\\\/uploads\\\/2026\\\/04\\\/bcc_logo_full.svg\",\"contentUrl\":\"https:\\\/\\\/bcc.no\\\/wp-content\\\/uploads\\\/2026\\\/04\\\/bcc_logo_full.svg\",\"caption\":\"BCC\"},\"image\":{\"@id\":\"https:\\\/\\\/bcc.no\\\/fr\\\/#\\\/schema\\\/logo\\\/image\\\/\"}}]}<\/script>\n<!-- \/ Yoast SEO plugin. -->","yoast_head_json":{"title":"Statuts constitutifs - BCC","description":"Lire les statuts constitutifs de la f\u00e9d\u00e9ration BCC, qui d\u00e9crivent son but, sa foi et ses valeurs, en mettant l'accent sur le travail avec les jeunes et la libert\u00e9 religieuse.","robots":{"index":"index","follow":"follow","max-snippet":"max-snippet:-1","max-image-preview":"max-image-preview:large","max-video-preview":"max-video-preview:-1"},"canonical":"https:\/\/bcc.no\/fr\/organisation\/documents-cles\/statuts-constitutifs\/","og_locale":"fr_FR","og_type":"article","og_title":"Statuts constitutifs - BCC","og_description":"Lire les statuts constitutifs de la f\u00e9d\u00e9ration BCC, qui d\u00e9crivent son but, sa foi et ses valeurs, en mettant l'accent sur le travail avec les jeunes et la libert\u00e9 religieuse.","og_url":"https:\/\/bcc.no\/fr\/organisation\/documents-cles\/statuts-constitutifs\/","og_site_name":"BCC","article_modified_time":"2025-02-11T13:36:36+00:00","twitter_card":"summary_large_image","twitter_misc":{"Dur\u00e9e de lecture estim\u00e9e":"1 minute"},"schema":{"@context":"https:\/\/schema.org","@graph":[{"@type":"WebPage","@id":"https:\/\/bcc.no\/fr\/organisation\/documents-cles\/statuts-constitutifs\/","url":"https:\/\/bcc.no\/fr\/organisation\/documents-cles\/statuts-constitutifs\/","name":"Statuts constitutifs - BCC","isPartOf":{"@id":"https:\/\/bcc.no\/fr\/#website"},"primaryImageOfPage":{"@id":"https:\/\/bcc.no\/fr\/organisation\/documents-cles\/statuts-constitutifs\/#primaryimage"},"image":{"@id":"https:\/\/bcc.no\/fr\/organisation\/documents-cles\/statuts-constitutifs\/#primaryimage"},"thumbnailUrl":"https:\/\/bcc.no\/wp-content\/uploads\/2024\/10\/Topographic_BG_white_17.svg","datePublished":"2025-01-06T14:38:38+00:00","dateModified":"2025-02-11T13:36:36+00:00","description":"Lire les statuts constitutifs de la f\u00e9d\u00e9ration BCC, qui d\u00e9crivent son but, sa foi et ses valeurs, en mettant l'accent sur le travail avec les jeunes et la libert\u00e9 religieuse.","breadcrumb":{"@id":"https:\/\/bcc.no\/fr\/organisation\/documents-cles\/statuts-constitutifs\/#breadcrumb"},"inLanguage":"fr-FR","potentialAction":[{"@type":"ReadAction","target":["https:\/\/bcc.no\/fr\/organisation\/documents-cles\/statuts-constitutifs\/"]}]},{"@type":"ImageObject","inLanguage":"fr-FR","@id":"https:\/\/bcc.no\/fr\/organisation\/documents-cles\/statuts-constitutifs\/#primaryimage","url":"https:\/\/bcc.no\/wp-content\/uploads\/2024\/10\/Topographic_BG_white_17.svg","contentUrl":"https:\/\/bcc.no\/wp-content\/uploads\/2024\/10\/Topographic_BG_white_17.svg"},{"@type":"WebSite","@id":"https:\/\/bcc.no\/fr\/#website","url":"https:\/\/bcc.no\/fr\/","name":"BCC","description":"et internasjonalt trossamfunn","publisher":{"@id":"https:\/\/bcc.no\/fr\/#organization"},"potentialAction":[{"@type":"SearchAction","target":{"@type":"EntryPoint","urlTemplate":"https:\/\/bcc.no\/fr\/?s={search_term_string}"},"query-input":{"@type":"PropertyValueSpecification","valueRequired":true,"valueName":"search_term_string"}}],"inLanguage":"fr-FR"},{"@type":"Organization","@id":"https:\/\/bcc.no\/fr\/#organization","name":"BCC","url":"https:\/\/bcc.no\/fr\/","logo":{"@type":"ImageObject","inLanguage":"fr-FR","@id":"https:\/\/bcc.no\/fr\/#\/schema\/logo\/image\/","url":"https:\/\/bcc.no\/wp-content\/uploads\/2026\/04\/bcc_logo_full.svg","contentUrl":"https:\/\/bcc.no\/wp-content\/uploads\/2026\/04\/bcc_logo_full.svg","caption":"BCC"},"image":{"@id":"https:\/\/bcc.no\/fr\/#\/schema\/logo\/image\/"}}]}},"uagb_featured_image_src":{"full":["https:\/\/bcc.no\/wp-content\/uploads\/2024\/10\/Topographic_BG_white_17.svg",1,1,false],"thumbnail":["https:\/\/bcc.no\/wp-content\/uploads\/2024\/10\/Topographic_BG_white_17.svg",1,1,false],"medium":["https:\/\/bcc.no\/wp-content\/uploads\/2024\/10\/Topographic_BG_white_17.svg",1,1,false],"medium_large":["https:\/\/bcc.no\/wp-content\/uploads\/2024\/10\/Topographic_BG_white_17.svg",1,1,false],"large":["https:\/\/bcc.no\/wp-content\/uploads\/2024\/10\/Topographic_BG_white_17.svg",1,1,false],"1536x1536":["https:\/\/bcc.no\/wp-content\/uploads\/2024\/10\/Topographic_BG_white_17.svg",1,1,false],"2048x2048":["https:\/\/bcc.no\/wp-content\/uploads\/2024\/10\/Topographic_BG_white_17.svg",1,1,false]},"uagb_author_info":{"display_name":"Mathias Strand Kristiansen","author_link":"https:\/\/bcc.no\/fr\/author\/22801\/"},"uagb_comment_info":0,"uagb_excerpt":"Les statuts constitutifs de la f\u00e9d\u00e9ration BCC d\u00e9crivent le but de la f\u00e9d\u00e9ration, son fondement doctrinal et ses organes centraux.","_links":{"self":[{"href":"https:\/\/bcc.no\/fr\/wp-json\/wp\/v2\/pages\/128966","targetHints":{"allow":["GET"]}}],"collection":[{"href":"https:\/\/bcc.no\/fr\/wp-json\/wp\/v2\/pages"}],"about":[{"href":"https:\/\/bcc.no\/fr\/wp-json\/wp\/v2\/types\/page"}],"author":[{"embeddable":true,"href":"https:\/\/bcc.no\/fr\/wp-json\/wp\/v2\/users\/6"}],"replies":[{"embeddable":true,"href":"https:\/\/bcc.no\/fr\/wp-json\/wp\/v2\/comments?post=128966"}],"version-history":[{"count":1,"href":"https:\/\/bcc.no\/fr\/wp-json\/wp\/v2\/pages\/128966\/revisions"}],"predecessor-version":[{"id":130149,"href":"https:\/\/bcc.no\/fr\/wp-json\/wp\/v2\/pages\/128966\/revisions\/130149"}],"up":[{"embeddable":true,"href":"https:\/\/bcc.no\/fr\/wp-json\/wp\/v2\/pages\/96659"}],"wp:featuredmedia":[{"embeddable":true,"href":"https:\/\/bcc.no\/fr\/wp-json\/wp\/v2\/media\/96691"}],"wp:attachment":[{"href":"https:\/\/bcc.no\/fr\/wp-json\/wp\/v2\/media?parent=128966"}],"curies":[{"name":"wp","href":"https:\/\/api.w.org\/{rel}","templated":true}]}}