{"id":96472,"date":"2024-09-10T07:19:10","date_gmt":"2024-09-10T06:19:10","guid":{"rendered":"https:\/\/bcc.no\/objectives-and-values\/"},"modified":"2025-09-29T15:16:31","modified_gmt":"2025-09-29T14:16:31","slug":"objectives-and-values","status":"publish","type":"page","link":"https:\/\/bcc.no\/en\/about-us\/objectives-and-values\/","title":{"rendered":"Objectives and values"},"content":{"rendered":"\n<div class=\"wp-block-group\"><div class=\"wp-block-group__inner-container is-layout-constrained wp-block-group-is-layout-constrained\"><div class=\"yoast-breadcrumbs\"><span><span>Home<\/span> \/ <span><a href=\"https:\/\/bcc.no\/en\/about-us\/\">About Brunstad Christian Church<\/a><\/span> \/ <span class=\"breadcrumb_last\" aria-current=\"page\"><a href=\"https:\/\/bcc.no\/en\/about-us\/objectives-and-values\/\">Objectives and values<\/a><\/span><\/span><\/div>\n\n\n<h4 class=\"wp-block-heading featuredParagraph\" id=\"under-stevnene-pa-brunstad-har-flere-generasjoner-opplevd-fellesskap-hoytider-og-tatt-viktige-beslutninger-vennskapsband-er-knyttet-pa-tvers-av-kulturer-nasjoner-og-aldersgrupper\">Form\u00e5let er basert p\u00e5 misjonsbefalingen i Matteusevangeliet kapittel 28,18-20.<\/h4>\n\n\n\n<hr class=\"wp-block-separator has-alpha-channel-opacity\"\/>\n<\/div><\/div>\n\n<div class=\"wp-block-group\"><div class=\"wp-block-group__inner-container is-layout-flow wp-block-group-is-layout-flow\">\n<blockquote class=\"wp-block-quote is-layout-flow wp-block-quote-is-layout-flow\">\n<p><em>\u00ab<\/em>Da tr\u00e5dte Jesus fram og talte til dem: \u00abJeg har f\u00e5tt all makt i himmelen og p\u00e5 jorden. G\u00e5 derfor og gj\u00f8r alle folkeslag til disipler: D\u00f8p dem til Faderens og S\u00f8nnens og Den hellige \u00e5nds navn\u00a0og l\u00e6r dem \u00e5 holde alt det jeg har befalt dere. Og se, jeg er med dere alle dager inntil verdens ende.<em>\u00bb<\/em> (Matt. 28, 18-20)<\/p>\n<\/blockquote>\n<\/div><\/div>\n\n<div class=\"wp-block-group\"><div class=\"wp-block-group__inner-container is-layout-constrained wp-block-group-is-layout-constrained\">\n<h2 class=\"wp-block-heading\">V\u00e5rt form\u00e5l<\/h2>\n\n\n\n<p>Konstitusjonen for BCC-forbundet beskriver form\u00e5let. Det er \u00e5:<\/p>\n\n\n\n<ul class=\"wp-block-list\">\n<li>Fremme den kristne tro slik den framkommer i v\u00e5rt trosgrunnlag, blant alle mennesker, og l\u00e6re dem \u00e5 holde alt det Jesus har befalt.<\/li>\n\n\n\n<li>Fremme kristendommens rammevilk\u00e5r og anseelse i samfunnet.<\/li>\n\n\n\n<li>Tilby barn og ungdom et positivt og sunt kristent milj\u00f8, og skape gode rammevilk\u00e5r for barn og ungdoms personlige, \u00e5ndelige og sosiale utvikling.<\/li>\n<\/ul>\n\n\n\n<div class=\"wp-block-buttons is-layout-flex wp-block-buttons-is-layout-flex\">\n<div class=\"wp-block-button\"><a class=\"wp-block-button__link wp-element-button arrow_right_alt\" href=\"https:\/\/bcc.no\/en\/organization\/key-documents\/the-constitution\/\" rel=\"\">Les mer i BCCs konstitusjon<\/a><\/div>\n<\/div>\n<\/div><\/div>\n\n<div class=\"wp-block-group\"><div class=\"wp-block-group__inner-container is-layout-constrained wp-block-group-is-layout-constrained\">\n<h2 class=\"wp-block-heading\">V\u00e5re verdier<\/h2>\n\n\n\n<div class=\"wp-block-group is-style-faktaboks\"><div class=\"wp-block-group__inner-container is-layout-constrained wp-block-group-is-layout-constrained\">\n<h3 class=\"wp-block-heading\">Kj\u00e6rlighet<\/h3>\n\n\n\n<p>Kj\u00e6rligheten er det sentrale i kristendommen. Jesus sa: Det dere gjorde mot \u00e9n av disse mine minste s\u00f8sken, har dere gjort mot meg. \u00c5 utvise nestekj\u00e6rlighet, omsorg og raushet overfor enkeltindividet med dets ulike forutsetninger og livssituasjon er derfor \u00e5 elske Jesus med den samme kj\u00e6rlighet som han har elsket oss med. N\u00e5r kj\u00e6rligheten til han blir en indre drivkraft, vil godheten kunne kjennes av alle mennesker.<\/p>\n<\/div><\/div>\n\n\n\n<div class=\"wp-block-group is-style-faktaboks\"><div class=\"wp-block-group__inner-container is-layout-constrained wp-block-group-is-layout-constrained\">\n<h3 class=\"wp-block-heading\">Respekt<\/h3>\n\n\n\n<p>Som trossamfunn respekterer BCC fullt ut menneskets rett til \u00e5 ta personlige valg i henhold til de rettigheter samfunnet har fastsatt, for eksempel n\u00e5r det gjelder religi\u00f8s og politisk frihet, seksuell legning og familieliv.<\/p>\n\n\n\n<p>Den troendes holdninger og livsf\u00f8rsel b\u00f8r gjenspeile at alle mennesker m\u00f8tes med respekt og aktelse, uavhengig av hvilket livssyn eller trosgrunnlag de har.<\/p>\n<\/div><\/div>\n\n\n\n<div class=\"wp-block-group is-style-faktaboks\"><div class=\"wp-block-group__inner-container is-layout-constrained wp-block-group-is-layout-constrained\">\n<h3 class=\"wp-block-heading\">Rettferdighet<\/h3>\n\n\n\n<p>Som kristen b\u00f8r det v\u00e6re en selvf\u00f8lge at man er rettferdig i pengesaker og f\u00f8lger landets lover. Dette er utgangspunktet for den dypere rettferdighet, hvor man erkjenner sitt utgangspunkt som selvisk menneske og ved Kristi kors kan nekte onde tanker og gjerninger. P\u00e5 denne m\u00e5ten kan det gode f\u00e5 vokse fram i oss, noe som blir til v\u00e5rt eget, v\u00e5r nestes, og samfunnets beste.<\/p>\n<\/div><\/div>\n\n\n\n<div class=\"wp-block-group is-style-faktaboks\"><div class=\"wp-block-group__inner-container is-layout-constrained wp-block-group-is-layout-constrained\">\n<h3 class=\"wp-block-heading\">Trofasthet<\/h3>\n\n\n\n<p>Trofastheten vises gjennom v\u00e5rt forhold til Gud, men, avspeiles ogs\u00e5 i v\u00e5re mellommenneskelige relasjoner og forpliktelser. Som troende s\u00f8ker vi alltid at disse er i harmoni med Guds ord. Besluttsomhet og utholdenhet i troen settes h\u00f8yt i BCC, for den f\u00f8rer menneskene inn i et liv i vekst og utvikling.<\/p>\n<\/div><\/div>\n\n\n\n<div class=\"wp-block-buttons is-layout-flex wp-block-buttons-is-layout-flex\"><\/div>\n\n\n\n    <section class=\"related-articles\" data-columns=\"3\">\n        <h2>Also read<\/h2>\n        <div class=\"related-articles-items\">\n                            <div id=\"post-128270\" class=\"article has-image\">\n                    <div class=\"article-card no-content\">No post available.<\/div>                <\/div>\n                            <div id=\"post-111535\" class=\"article has-image\">\n                    <div class=\"article-card no-content\">No post available.<\/div>                <\/div>\n                            <div id=\"post-110221\" class=\"article has-image\">\n                    <div class=\"article-card no-content\">No post available.<\/div>                <\/div>\n                                <\/div>\n    <\/section>\n<\/div><\/div>\n\n<p><\/p>\n","protected":false},"excerpt":{"rendered":"<p>Form\u00e5let er basert p\u00e5 misjonsbefalingen i Matteusevangeliet kapittel 28,18-20. \u00abDa tr\u00e5dte Jesus fram og talte til dem: \u00abJeg har f\u00e5tt all makt i himmelen og p\u00e5 jorden. G\u00e5 derfor og gj\u00f8r alle folkeslag til disipler: D\u00f8p dem til Faderens og S\u00f8nnens og Den hellige \u00e5nds navn\u00a0og l\u00e6r dem \u00e5 holde alt det jeg har befalt [&hellip;]<\/p>\n","protected":false},"author":6,"featured_media":95599,"parent":96485,"menu_order":0,"comment_status":"closed","ping_status":"closed","template":"","meta":{"_acf_changed":false,"inline_featured_image":false,"_uag_custom_page_level_css":"","bcc_login_visibility":0,"bcc_groups":[],"bcc_groups_email":true,"bcc_visibility_groups":[],"bcc_visibility_groups_email":false,"sent_notifications":[],"footnotes":"","_links_to":"","_links_to_target":""},"class_list":["post-96472","page","type-page","status-publish","has-post-thumbnail","hentry"],"acf":{"rss_image":null},"featured_image_src":"https:\/\/bcc.no\/wp-content\/uploads\/2024\/09\/Banner_Formal-og-Verdier_03.jpg","yoast_head":"<!-- This site is optimized with the Yoast SEO plugin v27.2 - https:\/\/yoast.com\/product\/yoast-seo-wordpress\/ -->\n<title>Objectives and values<\/title>\n<meta name=\"description\" content=\"Brunstad Christian Church&#039;s objectives and values include love, respect, and righteousness, to promote a healthy and inclusive faith.\" \/>\n<meta name=\"robots\" content=\"index, follow, max-snippet:-1, max-image-preview:large, max-video-preview:-1\" \/>\n<link rel=\"canonical\" href=\"https:\/\/bcc.no\/en\/about-us\/objectives-and-values\/\" \/>\n<meta property=\"og:locale\" content=\"en_US\" \/>\n<meta property=\"og:type\" content=\"article\" \/>\n<meta property=\"og:title\" content=\"Objectives and values\" \/>\n<meta property=\"og:description\" content=\"Brunstad Christian Church&#039;s objectives and values include love, respect, and righteousness, to promote a healthy and inclusive faith.\" \/>\n<meta property=\"og:url\" content=\"https:\/\/bcc.no\/en\/about-us\/objectives-and-values\/\" \/>\n<meta property=\"og:site_name\" content=\"BCC\" \/>\n<meta property=\"article:modified_time\" content=\"2025-09-29T14:16:31+00:00\" \/>\n<meta property=\"og:image\" content=\"https:\/\/bcc.no\/wp-content\/uploads\/2024\/09\/Banner_Formal-og-Verdier_03.jpg\" \/>\n\t<meta property=\"og:image:width\" content=\"2520\" \/>\n\t<meta property=\"og:image:height\" content=\"1080\" \/>\n\t<meta property=\"og:image:type\" content=\"image\/jpeg\" \/>\n<meta name=\"twitter:card\" content=\"summary_large_image\" \/>\n<meta name=\"twitter:label1\" content=\"Est. reading time\" \/>\n\t<meta name=\"twitter:data1\" content=\"3 minutes\" \/>\n<script type=\"application\/ld+json\" class=\"yoast-schema-graph\">{\"@context\":\"https:\/\/schema.org\",\"@graph\":[{\"@type\":\"WebPage\",\"@id\":\"https:\/\/bcc.no\/en\/about-us\/objectives-and-values\/\",\"url\":\"https:\/\/bcc.no\/en\/about-us\/objectives-and-values\/\",\"name\":\"Objectives and values\",\"isPartOf\":{\"@id\":\"https:\/\/bcc.no\/en\/#website\"},\"primaryImageOfPage\":{\"@id\":\"https:\/\/bcc.no\/en\/about-us\/objectives-and-values\/#primaryimage\"},\"image\":{\"@id\":\"https:\/\/bcc.no\/en\/about-us\/objectives-and-values\/#primaryimage\"},\"thumbnailUrl\":\"https:\/\/bcc.no\/wp-content\/uploads\/2024\/09\/Banner_Formal-og-Verdier_03.jpg\",\"datePublished\":\"2024-09-10T06:19:10+00:00\",\"dateModified\":\"2025-09-29T14:16:31+00:00\",\"description\":\"Brunstad Christian Church's objectives and values include love, respect, and righteousness, to promote a healthy and inclusive faith.\",\"breadcrumb\":{\"@id\":\"https:\/\/bcc.no\/en\/about-us\/objectives-and-values\/#breadcrumb\"},\"inLanguage\":\"en-US\",\"potentialAction\":[{\"@type\":\"ReadAction\",\"target\":[\"https:\/\/bcc.no\/en\/about-us\/objectives-and-values\/\"]}]},{\"@type\":\"ImageObject\",\"inLanguage\":\"en-US\",\"@id\":\"https:\/\/bcc.no\/en\/about-us\/objectives-and-values\/#primaryimage\",\"url\":\"https:\/\/bcc.no\/wp-content\/uploads\/2024\/09\/Banner_Formal-og-Verdier_03.jpg\",\"contentUrl\":\"https:\/\/bcc.no\/wp-content\/uploads\/2024\/09\/Banner_Formal-og-Verdier_03.jpg\",\"width\":2520,\"height\":1080},{\"@type\":\"WebSite\",\"@id\":\"https:\/\/bcc.no\/en\/#website\",\"url\":\"https:\/\/bcc.no\/en\/\",\"name\":\"BCC\",\"description\":\"et internasjonalt trossamfunn\",\"publisher\":{\"@id\":\"https:\/\/bcc.no\/en\/#organization\"},\"potentialAction\":[{\"@type\":\"SearchAction\",\"target\":{\"@type\":\"EntryPoint\",\"urlTemplate\":\"https:\/\/bcc.no\/en\/?s={search_term_string}\"},\"query-input\":{\"@type\":\"PropertyValueSpecification\",\"valueRequired\":true,\"valueName\":\"search_term_string\"}}],\"inLanguage\":\"en-US\"},{\"@type\":\"Organization\",\"@id\":\"https:\/\/bcc.no\/en\/#organization\",\"name\":\"BCC\",\"url\":\"https:\/\/bcc.no\/en\/\",\"logo\":{\"@type\":\"ImageObject\",\"inLanguage\":\"en-US\",\"@id\":\"https:\/\/bcc.no\/en\/#\/schema\/logo\/image\/\",\"url\":\"https:\/\/bcc.no\/wp-content\/uploads\/2024\/09\/BCC-logo_RGB.svg\",\"contentUrl\":\"https:\/\/bcc.no\/wp-content\/uploads\/2024\/09\/BCC-logo_RGB.svg\",\"caption\":\"BCC\"},\"image\":{\"@id\":\"https:\/\/bcc.no\/en\/#\/schema\/logo\/image\/\"}}]}<\/script>\n<!-- \/ Yoast SEO plugin. -->","yoast_head_json":{"title":"Objectives and values","description":"Brunstad Christian Church's objectives and values include love, respect, and righteousness, to promote a healthy and inclusive faith.","robots":{"index":"index","follow":"follow","max-snippet":"max-snippet:-1","max-image-preview":"max-image-preview:large","max-video-preview":"max-video-preview:-1"},"canonical":"https:\/\/bcc.no\/en\/about-us\/objectives-and-values\/","og_locale":"en_US","og_type":"article","og_title":"Objectives and values","og_description":"Brunstad Christian Church's objectives and values include love, respect, and righteousness, to promote a healthy and inclusive faith.","og_url":"https:\/\/bcc.no\/en\/about-us\/objectives-and-values\/","og_site_name":"BCC","article_modified_time":"2025-09-29T14:16:31+00:00","og_image":[{"width":2520,"height":1080,"url":"https:\/\/bcc.no\/wp-content\/uploads\/2024\/09\/Banner_Formal-og-Verdier_03.jpg","type":"image\/jpeg"}],"twitter_card":"summary_large_image","twitter_misc":{"Est. reading time":"3 minutes"},"schema":{"@context":"https:\/\/schema.org","@graph":[{"@type":"WebPage","@id":"https:\/\/bcc.no\/en\/about-us\/objectives-and-values\/","url":"https:\/\/bcc.no\/en\/about-us\/objectives-and-values\/","name":"Objectives and values","isPartOf":{"@id":"https:\/\/bcc.no\/en\/#website"},"primaryImageOfPage":{"@id":"https:\/\/bcc.no\/en\/about-us\/objectives-and-values\/#primaryimage"},"image":{"@id":"https:\/\/bcc.no\/en\/about-us\/objectives-and-values\/#primaryimage"},"thumbnailUrl":"https:\/\/bcc.no\/wp-content\/uploads\/2024\/09\/Banner_Formal-og-Verdier_03.jpg","datePublished":"2024-09-10T06:19:10+00:00","dateModified":"2025-09-29T14:16:31+00:00","description":"Brunstad Christian Church's objectives and values include love, respect, and righteousness, to promote a healthy and inclusive faith.","breadcrumb":{"@id":"https:\/\/bcc.no\/en\/about-us\/objectives-and-values\/#breadcrumb"},"inLanguage":"en-US","potentialAction":[{"@type":"ReadAction","target":["https:\/\/bcc.no\/en\/about-us\/objectives-and-values\/"]}]},{"@type":"ImageObject","inLanguage":"en-US","@id":"https:\/\/bcc.no\/en\/about-us\/objectives-and-values\/#primaryimage","url":"https:\/\/bcc.no\/wp-content\/uploads\/2024\/09\/Banner_Formal-og-Verdier_03.jpg","contentUrl":"https:\/\/bcc.no\/wp-content\/uploads\/2024\/09\/Banner_Formal-og-Verdier_03.jpg","width":2520,"height":1080},{"@type":"WebSite","@id":"https:\/\/bcc.no\/en\/#website","url":"https:\/\/bcc.no\/en\/","name":"BCC","description":"et internasjonalt trossamfunn","publisher":{"@id":"https:\/\/bcc.no\/en\/#organization"},"potentialAction":[{"@type":"SearchAction","target":{"@type":"EntryPoint","urlTemplate":"https:\/\/bcc.no\/en\/?s={search_term_string}"},"query-input":{"@type":"PropertyValueSpecification","valueRequired":true,"valueName":"search_term_string"}}],"inLanguage":"en-US"},{"@type":"Organization","@id":"https:\/\/bcc.no\/en\/#organization","name":"BCC","url":"https:\/\/bcc.no\/en\/","logo":{"@type":"ImageObject","inLanguage":"en-US","@id":"https:\/\/bcc.no\/en\/#\/schema\/logo\/image\/","url":"https:\/\/bcc.no\/wp-content\/uploads\/2024\/09\/BCC-logo_RGB.svg","contentUrl":"https:\/\/bcc.no\/wp-content\/uploads\/2024\/09\/BCC-logo_RGB.svg","caption":"BCC"},"image":{"@id":"https:\/\/bcc.no\/en\/#\/schema\/logo\/image\/"}}]}},"uagb_featured_image_src":{"full":["https:\/\/bcc.no\/wp-content\/uploads\/2024\/09\/Banner_Formal-og-Verdier_03.jpg",2520,1080,false],"thumbnail":["https:\/\/bcc.no\/wp-content\/uploads\/2024\/09\/Banner_Formal-og-Verdier_03-150x150.jpg",150,150,true],"medium":["https:\/\/bcc.no\/wp-content\/uploads\/2024\/09\/Banner_Formal-og-Verdier_03-300x129.jpg",300,129,true],"medium_large":["https:\/\/bcc.no\/wp-content\/uploads\/2024\/09\/Banner_Formal-og-Verdier_03-768x329.jpg",640,274,true],"large":["https:\/\/bcc.no\/wp-content\/uploads\/2024\/09\/Banner_Formal-og-Verdier_03-1024x439.jpg",640,274,true],"1536x1536":["https:\/\/bcc.no\/wp-content\/uploads\/2024\/09\/Banner_Formal-og-Verdier_03-1536x658.jpg",1536,658,true],"2048x2048":["https:\/\/bcc.no\/wp-content\/uploads\/2024\/09\/Banner_Formal-og-Verdier_03-2048x878.jpg",2048,878,true]},"uagb_author_info":{"display_name":"Mathias Strand Kristiansen","author_link":"https:\/\/bcc.no\/en\/author\/22801\/"},"uagb_comment_info":0,"uagb_excerpt":"Form\u00e5let er basert p\u00e5 misjonsbefalingen i Matteusevangeliet kapittel 28,18-20. \u00abDa tr\u00e5dte Jesus fram og talte til dem: \u00abJeg har f\u00e5tt all makt i himmelen og p\u00e5 jorden. G\u00e5 derfor og gj\u00f8r alle folkeslag til disipler: D\u00f8p dem til Faderens og S\u00f8nnens og Den hellige \u00e5nds navn\u00a0og l\u00e6r dem \u00e5 holde alt det jeg har befalt&hellip;","_links":{"self":[{"href":"https:\/\/bcc.no\/en\/wp-json\/wp\/v2\/pages\/96472","targetHints":{"allow":["GET"]}}],"collection":[{"href":"https:\/\/bcc.no\/en\/wp-json\/wp\/v2\/pages"}],"about":[{"href":"https:\/\/bcc.no\/en\/wp-json\/wp\/v2\/types\/page"}],"author":[{"embeddable":true,"href":"https:\/\/bcc.no\/en\/wp-json\/wp\/v2\/users\/6"}],"replies":[{"embeddable":true,"href":"https:\/\/bcc.no\/en\/wp-json\/wp\/v2\/comments?post=96472"}],"version-history":[{"count":15,"href":"https:\/\/bcc.no\/en\/wp-json\/wp\/v2\/pages\/96472\/revisions"}],"predecessor-version":[{"id":140772,"href":"https:\/\/bcc.no\/en\/wp-json\/wp\/v2\/pages\/96472\/revisions\/140772"}],"up":[{"embeddable":true,"href":"https:\/\/bcc.no\/en\/wp-json\/wp\/v2\/pages\/96485"}],"wp:featuredmedia":[{"embeddable":true,"href":"https:\/\/bcc.no\/en\/wp-json\/wp\/v2\/media\/95599"}],"wp:attachment":[{"href":"https:\/\/bcc.no\/en\/wp-json\/wp\/v2\/media?parent=96472"}],"curies":[{"name":"wp","href":"https:\/\/api.w.org\/{rel}","templated":true}]}}