{"id":98000,"date":"2024-09-10T07:25:02","date_gmt":"2024-09-10T06:25:02","guid":{"rendered":"https:\/\/bcc.no\/assoziierte-organisationen\/"},"modified":"2025-01-29T12:22:59","modified_gmt":"2025-01-29T11:22:59","slug":"assoziierte-organisationen","status":"publish","type":"page","link":"https:\/\/bcc.no\/de\/organisation\/assoziierte-organisationen\/","title":{"rendered":"Assoziierte Organisationen"},"content":{"rendered":"\n<div class=\"wp-block-group\"><div class=\"wp-block-group__inner-container is-layout-constrained wp-block-group-is-layout-constrained\"><div class=\"yoast-breadcrumbs\"><span><span>Startseite<\/span> \/ <span><a href=\"https:\/\/bcc.no\/de\/organisation\/\">Organisation des BCC-Verbunds<\/a><\/span> \/ <span class=\"breadcrumb_last\" aria-current=\"page\"><a href=\"https:\/\/bcc.no\/de\/organisation\/assoziierte-organisationen\/\">Assoziierte Organisationen<\/a><\/span><\/span><\/div>\n\n\n<h4 class=\"wp-block-heading featuredParagraph\" id=\"barn-og-ungdom-er-hoyt-prioritert-i-trossamfunnet-og-hver-uke-jobber-hundrevis-av-frivillige-med-a-gi-et-godt-tilbud-til-disse-i-2022-ble-tre-barne-og-ungdomsforeninger-tatt-opp-som-assosierte-medlemmer-i-bcc-forbundet\">Bei assoziierten Mitgliedern handelt es sich Organisationen, die f\u00fcr denselben Zweck aktiv sind und dem BCC-Verbund angeh\u00f6ren m\u00f6chten. <\/h4>\n\n\n\n<hr class=\"wp-block-separator has-alpha-channel-opacity\"\/>\n<\/div><\/div>\n\n\n\n<div class=\"wp-block-group\"><div class=\"wp-block-group__inner-container is-layout-constrained wp-block-group-is-layout-constrained\">\n<h3 class=\"wp-block-heading\">Kinder und Jugendliche<\/h3>\n\n\n\n<p>Kinder und Jugendliche erfahren in der Freikirche eine gro\u00dfe Wertsch\u00e4tzung, und in vielen Ortsgemeinden auf der ganzen Welt wird eine umfangreiche Arbeit f\u00fcr diese Zielgruppe geleistet. Diese Arbeit wird vielerorts von eigenst\u00e4ndigen, ehrenamtlichen Vereinen organisiert, deren Aufgabe es ist,  gesunde und gute Rahmenbedingungen f\u00fcr die pers\u00f6nliche geistliche und soziale Entwicklung von Kindern und Jugendlichen zu schaffen. Stand 2024 sind drei norwegische Kinder- und Jugendorganisationen als assoziierte Mitglieder in den BCC-Verbund aufgenommen: Aktivitetsklubben (insbesondere f\u00fcr Kinder im Jungscharalter), Brunstad Ungdomsklubb (BUK; Brunstad Jugendclub) und Xercize (f\u00fcr Sportangebote).<\/p>\n\n\n\n<div style=\"height:30px\" aria-hidden=\"true\" class=\"wp-block-spacer\"><\/div>\n<\/div><\/div>\n\n\n\n<div class=\"wp-block-group is-style-default\"><div class=\"wp-block-group__inner-container is-layout-constrained wp-block-group-is-layout-constrained\">\n<figure class=\"wp-block-image size-full is-resized\"><img loading=\"lazy\" decoding=\"async\" width=\"1000\" height=\"603\" src=\"https:\/\/bcc.no\/wp-content\/uploads\/2024\/09\/BUK_logo_02.png\" alt=\"\" class=\"wp-image-94058\" style=\"width:200px\"\/><\/figure>\n\n\n\n<p>Brunstad Ungdomsklubb (BUK) ist Teil der christlichen Jugendarbeit der BCC und organisiert Aktivit\u00e4ten und Camps f\u00fcr junge Menschen ab 13 Jahren. Ziel des Vereins ist es unter anderem, den christlichen Glauben, die Gemeinschaft und den Erfahrungsaustausch unter jungen Menschen aus aller Welt zu f\u00f6rdern und sie vor zerst\u00f6rerischen und sch\u00e4dlichen Milieus zu sch\u00fctzen.<\/p>\n\n\n\n<p>BUK ist in Norwegen an 20 Orten vertreten. Weltweit gibt es rund 80 Jugendvereine, die denselben oder einen \u00e4hnlichen Zweck verfolgen, jedoch ohne rechtliche Verbindung.<\/p>\n\n\n\n<div class=\"wp-block-buttons is-layout-flex wp-block-buttons-is-layout-flex\">\n<div class=\"wp-block-button\"><a class=\"wp-block-button__link wp-element-button arrow_right_alt\" href=\"https:\/\/buk.no\/\" target=\"_blank\" rel=\"noopener\">Lies mehr auf bcc.no<\/a><\/div>\n<\/div>\n<\/div><\/div>\n\n\n\n<div style=\"height:49px\" aria-hidden=\"true\" class=\"wp-block-spacer\"><\/div>\n\n\n\n<div class=\"wp-block-group is-style-default\"><div class=\"wp-block-group__inner-container is-layout-constrained wp-block-group-is-layout-constrained\">\n<figure class=\"wp-block-image size-full is-resized\"><img loading=\"lazy\" decoding=\"async\" width=\"1000\" height=\"603\" src=\"http:\/\/bcc.no\/wp-content\/uploads\/2024\/09\/Xercize_logo_02.png\" alt=\"\" class=\"wp-image-94063\" style=\"width:200px\"\/><\/figure>\n\n\n\n<p>Xercize ist ein\u00a0ehrenamtlicher Verein, der christliche Arbeit unter sportlich engagierten Kindern und Jugendlichen auf der Grundlage der Werte und des Glaubens der BCC f\u00f6rdert. Dies geschieht durch Aktivit\u00e4ten, Camps, Wettbewerbe und Veranstaltungen mit christlichen und sportbezogenen Inhalten. Xercize bietet w\u00f6chentliche Aktivit\u00e4ten in Ortsgruppen in ganz Norwegen an.<\/p>\n\n\n\n<div class=\"wp-block-buttons is-layout-flex wp-block-buttons-is-layout-flex\">\n<div class=\"wp-block-button\"><a class=\"wp-block-button__link wp-element-button arrow_right_alt\" href=\"http:\/\/xercize.org\/\" target=\"_blank\" rel=\"noopener\">Lies mehr auf xercize.org<\/a><\/div>\n<\/div>\n<\/div><\/div>\n\n\n\n<div style=\"height:49px\" aria-hidden=\"true\" class=\"wp-block-spacer\"><\/div>\n\n\n\n<div class=\"wp-block-group is-style-default\"><div class=\"wp-block-group__inner-container is-layout-constrained wp-block-group-is-layout-constrained\">\n<figure class=\"wp-block-image size-full is-resized\"><img loading=\"lazy\" decoding=\"async\" width=\"1000\" height=\"731\" src=\"http:\/\/bcc.no\/wp-content\/uploads\/2024\/09\/AK_logo_03.png\" alt=\"\" class=\"wp-image-94086\" style=\"width:200px\"\/><\/figure>\n\n\n\n<p>Aktivitetsklubben (AK) ist ein ehrenamtlicher Verein, der Freizeitaktivit\u00e4ten f\u00fcr Kinder bis zu 13 Jahren anbietet, basierend auf den christlichen Glaubens- und Wertegrundlagen der BCC. Die Organisation hat 22 \u00f6rtliche Mitgliedsorganisationen in Norwegen und bietet w\u00f6chentlich, organisierte Aktivit\u00e4ten an, die jeweils zum Alter sowie zu den Interessen und Begabungen der Mitglieder passen.<\/p>\n\n\n\n<div class=\"wp-block-buttons is-layout-flex wp-block-buttons-is-layout-flex\">\n<div class=\"wp-block-button\"><a class=\"wp-block-button__link wp-element-button arrow_right_alt\" href=\"https:\/\/aktivitetsklubben.org\/\" target=\"_blank\" rel=\"noopener\">Lies mehr auf aktivitetsklubben.org<\/a><\/div>\n<\/div>\n<\/div><\/div>\n\n\n\n<div style=\"height:49px\" aria-hidden=\"true\" class=\"wp-block-spacer\"><\/div>\n\n\n\n<div class=\"wp-block-group is-style-default\"><div class=\"wp-block-group__inner-container is-layout-constrained wp-block-group-is-layout-constrained\">\n<h3 class=\"wp-block-heading\">\u201eFellestjenester\u201c im BCC-Verbund<\/h3>\n\n\n\n<p>\u201eFellestjenester\u201c im BCC-Verbund ist ein Verein, der ein assoziiertes Mitglied des Verbunds ist und intern Dienstleistungen erbringt; d. h. f\u00fcr die zentrale Organisation, Teilorganisationen und nationale Verbindungen. Die Dienstleistungen k\u00f6nnen in Bereichen wie IT, Dolmetscherdienste, Finanzen und Personalwesen erbracht werden, um die Effizienz in den Organisationen des BCC-Bundes +orts\u00fcbergreifend? zu steigern.<\/p>\n<\/div><\/div>\n\n\n\n<div style=\"height:49px\" aria-hidden=\"true\" class=\"wp-block-spacer\"><\/div>\n\n\n\n<div class=\"wp-block-group\"><div class=\"wp-block-group__inner-container is-layout-constrained wp-block-group-is-layout-constrained\">\n<figure class=\"wp-block-gallery has-nested-images columns-default is-cropped wp-block-gallery-1 is-layout-flex wp-block-gallery-is-layout-flex\">\n<figure class=\"wp-block-image size-full\"><img loading=\"lazy\" decoding=\"async\" width=\"770\" height=\"513\" data-id=\"94094\" src=\"https:\/\/bcc.no\/wp-content\/uploads\/2024\/09\/1-galleri-assosierte-barne-og.jpg\" alt=\"\" class=\"wp-image-94094\"\/><figcaption class=\"wp-element-caption\">Foto: Aktivitetsklubben<\/figcaption><\/figure>\n\n\n\n<figure class=\"wp-block-image size-full\"><img loading=\"lazy\" decoding=\"async\" width=\"770\" height=\"513\" data-id=\"94099\" src=\"https:\/\/bcc.no\/wp-content\/uploads\/2024\/09\/2-galleri-assosierte-barne-og.jpg\" alt=\"\" class=\"wp-image-94099\"\/><figcaption class=\"wp-element-caption\">Foto: BCC<\/figcaption><\/figure>\n\n\n\n<figure class=\"wp-block-image size-full\"><img loading=\"lazy\" decoding=\"async\" width=\"770\" height=\"513\" data-id=\"94104\" src=\"https:\/\/bcc.no\/wp-content\/uploads\/2024\/09\/3-galleri-assosierte-barne-og.jpg\" alt=\"\" class=\"wp-image-94104\"\/><figcaption class=\"wp-element-caption\">Foto: Aktivitetsklubben<\/figcaption><\/figure>\n<\/figure>\n<\/div><\/div>\n\n","protected":false},"excerpt":{"rendered":"<p>Bei assoziierten Mitgliedern handelt es sich Organisationen, die f\u00fcr denselben Zweck aktiv sind und dem BCC-Verbund angeh\u00f6ren m\u00f6chten. Kinder und Jugendliche Kinder und Jugendliche erfahren in der Freikirche eine gro\u00dfe Wertsch\u00e4tzung, und in vielen Ortsgemeinden auf der ganzen Welt wird eine umfangreiche Arbeit f\u00fcr diese Zielgruppe geleistet. Diese Arbeit wird vielerorts von eigenst\u00e4ndigen, ehrenamtlichen Vereinen [&hellip;]<\/p>\n","protected":false},"author":6,"featured_media":95520,"parent":97738,"menu_order":0,"comment_status":"closed","ping_status":"closed","template":"","meta":{"_acf_changed":false,"inline_featured_image":false,"_uag_custom_page_level_css":"","bcc_login_visibility":0,"bcc_groups":[],"bcc_groups_email":true,"bcc_visibility_groups":[],"bcc_visibility_groups_email":false,"sent_notifications":[],"footnotes":"","_links_to":"","_links_to_target":""},"class_list":["post-98000","page","type-page","status-publish","has-post-thumbnail","hentry"],"acf":{"rss_image":""},"featured_image_src":"https:\/\/bcc.no\/wp-content\/uploads\/2024\/09\/2024_Sommercamp_Balkveld-14-scaled.jpg","yoast_head":"<!-- This site is optimized with the Yoast SEO plugin v27.5 - https:\/\/yoast.com\/product\/yoast-seo-wordpress\/ -->\n<title>Assoziierte Organisationen - BCC<\/title>\n<meta name=\"description\" content=\"Kinder und Jugendliche machen einen gro\u00dfen Teil der BCC aus, und viele der Aktivit\u00e4ten f\u00fcr diese Zielgruppen werden in assoziierten Vereinen durchgef\u00fchrt, die dieselben Werte- und Glaubensgrundlagen teilen.\" \/>\n<meta name=\"robots\" content=\"index, follow, max-snippet:-1, max-image-preview:large, max-video-preview:-1\" \/>\n<link rel=\"canonical\" href=\"https:\/\/bcc.no\/de\/organisation\/assoziierte-organisationen\/\" \/>\n<meta property=\"og:locale\" content=\"de_DE\" \/>\n<meta property=\"og:type\" content=\"article\" \/>\n<meta property=\"og:title\" content=\"Assoziierte Organisationen - BCC\" \/>\n<meta property=\"og:description\" content=\"Kinder und Jugendliche machen einen gro\u00dfen Teil der BCC aus, und viele der Aktivit\u00e4ten f\u00fcr diese Zielgruppen werden in assoziierten Vereinen durchgef\u00fchrt, die dieselben Werte- und Glaubensgrundlagen teilen.\" \/>\n<meta property=\"og:url\" content=\"https:\/\/bcc.no\/de\/organisation\/assoziierte-organisationen\/\" \/>\n<meta property=\"og:site_name\" content=\"BCC\" \/>\n<meta property=\"article:modified_time\" content=\"2025-01-29T11:22:59+00:00\" \/>\n<meta property=\"og:image\" content=\"https:\/\/bcc.no\/wp-content\/uploads\/2024\/09\/2024_Sommercamp_Balkveld-14-scaled.jpg\" \/>\n\t<meta property=\"og:image:width\" content=\"2560\" \/>\n\t<meta property=\"og:image:height\" content=\"1707\" \/>\n\t<meta property=\"og:image:type\" content=\"image\/jpeg\" \/>\n<meta name=\"twitter:card\" content=\"summary_large_image\" \/>\n<meta name=\"twitter:label1\" content=\"Gesch\u00e4tzte Lesezeit\" \/>\n\t<meta name=\"twitter:data1\" content=\"2\u00a0Minuten\" \/>\n<script type=\"application\/ld+json\" class=\"yoast-schema-graph\">{\"@context\":\"https:\\\/\\\/schema.org\",\"@graph\":[{\"@type\":\"WebPage\",\"@id\":\"https:\\\/\\\/bcc.no\\\/de\\\/organisation\\\/assoziierte-organisationen\\\/\",\"url\":\"https:\\\/\\\/bcc.no\\\/de\\\/organisation\\\/assoziierte-organisationen\\\/\",\"name\":\"Assoziierte Organisationen - BCC\",\"isPartOf\":{\"@id\":\"https:\\\/\\\/bcc.no\\\/de\\\/#website\"},\"primaryImageOfPage\":{\"@id\":\"https:\\\/\\\/bcc.no\\\/de\\\/organisation\\\/assoziierte-organisationen\\\/#primaryimage\"},\"image\":{\"@id\":\"https:\\\/\\\/bcc.no\\\/de\\\/organisation\\\/assoziierte-organisationen\\\/#primaryimage\"},\"thumbnailUrl\":\"https:\\\/\\\/bcc.no\\\/wp-content\\\/uploads\\\/2024\\\/09\\\/2024_Sommercamp_Balkveld-14-scaled.jpg\",\"datePublished\":\"2024-09-10T06:25:02+00:00\",\"dateModified\":\"2025-01-29T11:22:59+00:00\",\"description\":\"Kinder und Jugendliche machen einen gro\u00dfen Teil der BCC aus, und viele der Aktivit\u00e4ten f\u00fcr diese Zielgruppen werden in assoziierten Vereinen durchgef\u00fchrt, die dieselben Werte- und Glaubensgrundlagen teilen.\",\"breadcrumb\":{\"@id\":\"https:\\\/\\\/bcc.no\\\/de\\\/organisation\\\/assoziierte-organisationen\\\/#breadcrumb\"},\"inLanguage\":\"de\",\"potentialAction\":[{\"@type\":\"ReadAction\",\"target\":[\"https:\\\/\\\/bcc.no\\\/de\\\/organisation\\\/assoziierte-organisationen\\\/\"]}]},{\"@type\":\"ImageObject\",\"inLanguage\":\"de\",\"@id\":\"https:\\\/\\\/bcc.no\\\/de\\\/organisation\\\/assoziierte-organisationen\\\/#primaryimage\",\"url\":\"https:\\\/\\\/bcc.no\\\/wp-content\\\/uploads\\\/2024\\\/09\\\/2024_Sommercamp_Balkveld-14-scaled.jpg\",\"contentUrl\":\"https:\\\/\\\/bcc.no\\\/wp-content\\\/uploads\\\/2024\\\/09\\\/2024_Sommercamp_Balkveld-14-scaled.jpg\",\"width\":2560,\"height\":1707},{\"@type\":\"WebSite\",\"@id\":\"https:\\\/\\\/bcc.no\\\/de\\\/#website\",\"url\":\"https:\\\/\\\/bcc.no\\\/de\\\/\",\"name\":\"BCC\",\"description\":\"et internasjonalt trossamfunn\",\"publisher\":{\"@id\":\"https:\\\/\\\/bcc.no\\\/de\\\/#organization\"},\"potentialAction\":[{\"@type\":\"SearchAction\",\"target\":{\"@type\":\"EntryPoint\",\"urlTemplate\":\"https:\\\/\\\/bcc.no\\\/de\\\/?s={search_term_string}\"},\"query-input\":{\"@type\":\"PropertyValueSpecification\",\"valueRequired\":true,\"valueName\":\"search_term_string\"}}],\"inLanguage\":\"de\"},{\"@type\":\"Organization\",\"@id\":\"https:\\\/\\\/bcc.no\\\/de\\\/#organization\",\"name\":\"BCC\",\"url\":\"https:\\\/\\\/bcc.no\\\/de\\\/\",\"logo\":{\"@type\":\"ImageObject\",\"inLanguage\":\"de\",\"@id\":\"https:\\\/\\\/bcc.no\\\/de\\\/#\\\/schema\\\/logo\\\/image\\\/\",\"url\":\"https:\\\/\\\/bcc.no\\\/wp-content\\\/uploads\\\/2026\\\/04\\\/bcc_logo_full.svg\",\"contentUrl\":\"https:\\\/\\\/bcc.no\\\/wp-content\\\/uploads\\\/2026\\\/04\\\/bcc_logo_full.svg\",\"caption\":\"BCC\"},\"image\":{\"@id\":\"https:\\\/\\\/bcc.no\\\/de\\\/#\\\/schema\\\/logo\\\/image\\\/\"}}]}<\/script>\n<!-- \/ Yoast SEO plugin. -->","yoast_head_json":{"title":"Assoziierte Organisationen - BCC","description":"Kinder und Jugendliche machen einen gro\u00dfen Teil der BCC aus, und viele der Aktivit\u00e4ten f\u00fcr diese Zielgruppen werden in assoziierten Vereinen durchgef\u00fchrt, die dieselben Werte- und Glaubensgrundlagen teilen.","robots":{"index":"index","follow":"follow","max-snippet":"max-snippet:-1","max-image-preview":"max-image-preview:large","max-video-preview":"max-video-preview:-1"},"canonical":"https:\/\/bcc.no\/de\/organisation\/assoziierte-organisationen\/","og_locale":"de_DE","og_type":"article","og_title":"Assoziierte Organisationen - BCC","og_description":"Kinder und Jugendliche machen einen gro\u00dfen Teil der BCC aus, und viele der Aktivit\u00e4ten f\u00fcr diese Zielgruppen werden in assoziierten Vereinen durchgef\u00fchrt, die dieselben Werte- und Glaubensgrundlagen teilen.","og_url":"https:\/\/bcc.no\/de\/organisation\/assoziierte-organisationen\/","og_site_name":"BCC","article_modified_time":"2025-01-29T11:22:59+00:00","og_image":[{"width":2560,"height":1707,"url":"https:\/\/bcc.no\/wp-content\/uploads\/2024\/09\/2024_Sommercamp_Balkveld-14-scaled.jpg","type":"image\/jpeg"}],"twitter_card":"summary_large_image","twitter_misc":{"Gesch\u00e4tzte Lesezeit":"2\u00a0Minuten"},"schema":{"@context":"https:\/\/schema.org","@graph":[{"@type":"WebPage","@id":"https:\/\/bcc.no\/de\/organisation\/assoziierte-organisationen\/","url":"https:\/\/bcc.no\/de\/organisation\/assoziierte-organisationen\/","name":"Assoziierte Organisationen - BCC","isPartOf":{"@id":"https:\/\/bcc.no\/de\/#website"},"primaryImageOfPage":{"@id":"https:\/\/bcc.no\/de\/organisation\/assoziierte-organisationen\/#primaryimage"},"image":{"@id":"https:\/\/bcc.no\/de\/organisation\/assoziierte-organisationen\/#primaryimage"},"thumbnailUrl":"https:\/\/bcc.no\/wp-content\/uploads\/2024\/09\/2024_Sommercamp_Balkveld-14-scaled.jpg","datePublished":"2024-09-10T06:25:02+00:00","dateModified":"2025-01-29T11:22:59+00:00","description":"Kinder und Jugendliche machen einen gro\u00dfen Teil der BCC aus, und viele der Aktivit\u00e4ten f\u00fcr diese Zielgruppen werden in assoziierten Vereinen durchgef\u00fchrt, die dieselben Werte- und Glaubensgrundlagen teilen.","breadcrumb":{"@id":"https:\/\/bcc.no\/de\/organisation\/assoziierte-organisationen\/#breadcrumb"},"inLanguage":"de","potentialAction":[{"@type":"ReadAction","target":["https:\/\/bcc.no\/de\/organisation\/assoziierte-organisationen\/"]}]},{"@type":"ImageObject","inLanguage":"de","@id":"https:\/\/bcc.no\/de\/organisation\/assoziierte-organisationen\/#primaryimage","url":"https:\/\/bcc.no\/wp-content\/uploads\/2024\/09\/2024_Sommercamp_Balkveld-14-scaled.jpg","contentUrl":"https:\/\/bcc.no\/wp-content\/uploads\/2024\/09\/2024_Sommercamp_Balkveld-14-scaled.jpg","width":2560,"height":1707},{"@type":"WebSite","@id":"https:\/\/bcc.no\/de\/#website","url":"https:\/\/bcc.no\/de\/","name":"BCC","description":"et internasjonalt trossamfunn","publisher":{"@id":"https:\/\/bcc.no\/de\/#organization"},"potentialAction":[{"@type":"SearchAction","target":{"@type":"EntryPoint","urlTemplate":"https:\/\/bcc.no\/de\/?s={search_term_string}"},"query-input":{"@type":"PropertyValueSpecification","valueRequired":true,"valueName":"search_term_string"}}],"inLanguage":"de"},{"@type":"Organization","@id":"https:\/\/bcc.no\/de\/#organization","name":"BCC","url":"https:\/\/bcc.no\/de\/","logo":{"@type":"ImageObject","inLanguage":"de","@id":"https:\/\/bcc.no\/de\/#\/schema\/logo\/image\/","url":"https:\/\/bcc.no\/wp-content\/uploads\/2026\/04\/bcc_logo_full.svg","contentUrl":"https:\/\/bcc.no\/wp-content\/uploads\/2026\/04\/bcc_logo_full.svg","caption":"BCC"},"image":{"@id":"https:\/\/bcc.no\/de\/#\/schema\/logo\/image\/"}}]}},"uagb_featured_image_src":{"full":["https:\/\/bcc.no\/wp-content\/uploads\/2024\/09\/2024_Sommercamp_Balkveld-14-scaled.jpg",2560,1707,false],"thumbnail":["https:\/\/bcc.no\/wp-content\/uploads\/2024\/09\/2024_Sommercamp_Balkveld-14-150x150.jpg",150,150,true],"medium":["https:\/\/bcc.no\/wp-content\/uploads\/2024\/09\/2024_Sommercamp_Balkveld-14-300x200.jpg",300,200,true],"medium_large":["https:\/\/bcc.no\/wp-content\/uploads\/2024\/09\/2024_Sommercamp_Balkveld-14-768x512.jpg",640,427,true],"large":["https:\/\/bcc.no\/wp-content\/uploads\/2024\/09\/2024_Sommercamp_Balkveld-14-1024x683.jpg",640,427,true],"1536x1536":["https:\/\/bcc.no\/wp-content\/uploads\/2024\/09\/2024_Sommercamp_Balkveld-14-1536x1024.jpg",1536,1024,true],"2048x2048":["https:\/\/bcc.no\/wp-content\/uploads\/2024\/09\/2024_Sommercamp_Balkveld-14-scaled.jpg",2048,1366,false]},"uagb_author_info":{"display_name":"Mathias Strand Kristiansen","author_link":"https:\/\/bcc.no\/de\/author\/22801\/"},"uagb_comment_info":0,"uagb_excerpt":"Bei assoziierten Mitgliedern handelt es sich Organisationen, die f\u00fcr denselben Zweck aktiv sind und dem BCC-Verbund angeh\u00f6ren m\u00f6chten. Kinder und Jugendliche Kinder und Jugendliche erfahren in der Freikirche eine gro\u00dfe Wertsch\u00e4tzung, und in vielen Ortsgemeinden auf der ganzen Welt wird eine umfangreiche Arbeit f\u00fcr diese Zielgruppe geleistet. Diese Arbeit wird vielerorts von eigenst\u00e4ndigen, ehrenamtlichen Vereinen&hellip;","_links":{"self":[{"href":"https:\/\/bcc.no\/de\/wp-json\/wp\/v2\/pages\/98000","targetHints":{"allow":["GET"]}}],"collection":[{"href":"https:\/\/bcc.no\/de\/wp-json\/wp\/v2\/pages"}],"about":[{"href":"https:\/\/bcc.no\/de\/wp-json\/wp\/v2\/types\/page"}],"author":[{"embeddable":true,"href":"https:\/\/bcc.no\/de\/wp-json\/wp\/v2\/users\/6"}],"replies":[{"embeddable":true,"href":"https:\/\/bcc.no\/de\/wp-json\/wp\/v2\/comments?post=98000"}],"version-history":[{"count":2,"href":"https:\/\/bcc.no\/de\/wp-json\/wp\/v2\/pages\/98000\/revisions"}],"predecessor-version":[{"id":128723,"href":"https:\/\/bcc.no\/de\/wp-json\/wp\/v2\/pages\/98000\/revisions\/128723"}],"up":[{"embeddable":true,"href":"https:\/\/bcc.no\/de\/wp-json\/wp\/v2\/pages\/97738"}],"wp:featuredmedia":[{"embeddable":true,"href":"https:\/\/bcc.no\/de\/wp-json\/wp\/v2\/media\/95520"}],"wp:attachment":[{"href":"https:\/\/bcc.no\/de\/wp-json\/wp\/v2\/media?parent=98000"}],"curies":[{"name":"wp","href":"https:\/\/api.w.org\/{rel}","templated":true}]}}