{"id":97817,"date":"2024-09-17T09:11:51","date_gmt":"2024-09-17T08:11:51","guid":{"rendered":"https:\/\/bcc.no\/mission\/"},"modified":"2025-08-19T08:23:51","modified_gmt":"2025-08-19T07:23:51","slug":"mission","status":"publish","type":"page","link":"https:\/\/bcc.no\/de\/ueber-uns\/mission\/","title":{"rendered":"Mission"},"content":{"rendered":"\n<div class=\"wp-block-group\"><div class=\"wp-block-group__inner-container is-layout-constrained wp-block-group-is-layout-constrained\"><div class=\"yoast-breadcrumbs\"><span><span><a href=\"https:\/\/bcc.no\/de\/startseite\/\">Startseite<\/a><\/span> \/ <span><a href=\"https:\/\/bcc.no\/de\/ueber-uns\/\">\u00dcber Brunstad Christian Church<\/a><\/span> \/ <span class=\"breadcrumb_last\" aria-current=\"page\"><a href=\"https:\/\/bcc.no\/de\/ueber-uns\/mission\/\">Mission<\/a><\/span><\/span><\/div>\n\n\n<h4 class=\"wp-block-heading featuredParagraph\" id=\"ingress\">Seit den Anf\u00e4ngen im fr\u00fchen 20. Jahrhundert ging es in der Arbeit darum, Menschen pers\u00f6nlich mit Jesus in Verbindung zu bringen, sodass sie zu einem pers\u00f6nlichen Glauben an das Evangelium kommen k\u00f6nnen.<\/h4>\n\n\n\n<hr class=\"wp-block-separator has-alpha-channel-opacity\"\/>\n<\/div><\/div>\n\n\n\n<div class=\"wp-block-group\"><div class=\"wp-block-group__inner-container is-layout-constrained wp-block-group-is-layout-constrained\">\n<h3 class=\"wp-block-heading\" id=\"jesu-misjonsbefaling-ligger-til-grunn\">Grundlage ist der Missionsauftrag Jesu<\/h3>\n\n\n\n<p>Der Missionsauftrag Jesu ist die Grundlage f\u00fcr die Arbeit, die Lehre des Evangeliums allen V\u00f6lkern zu bringen. <\/p>\n\n\n\n<p>Hohe Mitgliederzahlen waren nie das Ziel.<\/p>\n\n\n\n<p>Von Anfang an sprach Johan Oscar Smith (1871-1943) mit Menschen, denen er im Zusammenhang mit seinem Beruf als Marineoffizier begegnete, und traf im Laufe der Zeit Glaubensgeschwister entlang der gesamten norwegischen K\u00fcste. Von Norwegen ausgehend entwickelten sich Kontakte in mehrere L\u00e4ndern, zun\u00e4chst in Nordeuropa. Nach Smiths Tod setzten andere damit fort, unterwegs zu sein und das Wort Gottes zu verk\u00fcndigen; auf diese Weise erreichte die Botschaft weitere Kontinente. <\/p>\n\n\n\n<p>Als Ergebnis dieser Arbeit sind Gemeinden in Europa, Nord- und S\u00fcdamerika, Afrika, Asien, Australien und Neuseeland entstanden.<\/p>\n\n\n\n<figure class=\"wp-block-gallery has-nested-images columns-default is-cropped wp-block-gallery-1 is-layout-flex wp-block-gallery-is-layout-flex\">\n<figure class=\"wp-block-image size-large\"><img loading=\"lazy\" decoding=\"async\" width=\"1024\" height=\"576\" data-id=\"93834\" src=\"https:\/\/bcc.no\/wp-content\/uploads\/2024\/09\/1_misjon-BCC-trossamfunn-web-70-tallet-1024x576-1.png\" alt=\"\" class=\"wp-image-93834\"\/><figcaption class=\"wp-element-caption\">In den 1970er Jahren: Aksel J. Smith und andere auf Missionsreise in Mexiko.<\/figcaption><\/figure>\n\n\n\n<figure class=\"wp-block-image size-large\"><img loading=\"lazy\" decoding=\"async\" width=\"1024\" height=\"576\" data-id=\"93839\" src=\"https:\/\/bcc.no\/wp-content\/uploads\/2024\/09\/2_misjon-BCC-trossamfunn-web-70-tallet-1024x576-1.png\" alt=\"\" class=\"wp-image-93839\"\/><figcaption class=\"wp-element-caption\">Von einer der Reisen von Sigurd Bratlie in Asien.<\/figcaption><\/figure>\n\n\n\n<figure class=\"wp-block-image size-large\"><img loading=\"lazy\" decoding=\"async\" width=\"1024\" height=\"576\" data-id=\"96392\" src=\"https:\/\/bcc.no\/wp-content\/uploads\/2024\/10\/IMG_9240-scaled-1-1024x576.jpg\" alt=\"\" class=\"wp-image-96392\"\/><figcaption class=\"wp-element-caption\">Arild Tombre auf einer seiner Reisen nach Kamerun.<\/figcaption><\/figure>\n\n\n\n<figure class=\"wp-block-image size-large\"><img loading=\"lazy\" decoding=\"async\" width=\"1024\" height=\"683\" data-id=\"96407\" src=\"https:\/\/bcc.no\/wp-content\/uploads\/2024\/10\/1-scaled-1-1024x683.jpg\" alt=\"\" class=\"wp-image-96407\"\/><figcaption class=\"wp-element-caption\">K\u00e5re Smith bei einer Sommerkonferenz in S\u00fcdafrika.<\/figcaption><\/figure>\n<\/figure>\n<\/div><\/div>\n\n\n\n<div class=\"wp-block-group\"><div class=\"wp-block-group__inner-container is-layout-constrained wp-block-group-is-layout-constrained\">\n<h3 class=\"wp-block-heading\" id=\"a-mote-mennesker-der-de-er\">Menschen dort begegnen, wo sie sind.<\/h3>\n\n\n\n<p>Das Profil der Gemeinde war immer, das Evangelium von Person zu Person weiterzugeben, durch offene Gespr\u00e4che und Glaubensst\u00e4rkung, wo immer Menschen sich begegnen. <\/p>\n\n\n\n<p>Um dies zu erm\u00f6glichen, hat die BCC in den letzten Jahrzehnten finanzielle und praktische Unterst\u00fctzung f\u00fcr den Bau und Betrieb von Dutzenden von Versammlungsst\u00e4tten auf mehreren Kontinenten bereitgestellt. Die Unterst\u00fctzung der Missionsarbeit ist seit vielen Jahren ein wichtiger Bestandteil des Spendenmodells und der Einsammlungsaktionen der Gemeinde.&nbsp;<\/p>\n\n\n\n<p>Missionsgeb\u00e4ude, deren Bau die BCC unterst\u00fctzt hat, haben im Laufe der Jahre verschiedene Eigentums- und Betriebsmodelle gehabt. Meistens waren sie im Besitz eigener gemeinn\u00fctziger Stiftungen, deren Zweck ganz oder teilweise mit dem von BCC \u00fcbereinstimmte. Seit der Gr\u00fcndung des BCC-Verbunds wurden sie in das Eigentum und die Verwaltung von BMS International \u00fcberf\u00fchrt.<\/p>\n\n\n\n<figure class=\"wp-block-gallery has-nested-images columns-default is-cropped wp-block-gallery-2 is-layout-flex wp-block-gallery-is-layout-flex\">\n<figure class=\"wp-block-image size-full\"><img loading=\"lazy\" decoding=\"async\" width=\"678\" height=\"381\" data-id=\"96413\" src=\"https:\/\/bcc.no\/wp-content\/uploads\/2024\/10\/Picture-3.png\" alt=\"\" class=\"wp-image-96413\"\/><figcaption class=\"wp-element-caption\">Jugendkonferenz auf dem Missionsgel\u00e4nde in Lubumbashi, DR Kongo<\/figcaption><\/figure>\n\n\n\n<figure class=\"wp-block-image size-large\"><img loading=\"lazy\" decoding=\"async\" width=\"1024\" height=\"575\" data-id=\"96418\" src=\"https:\/\/bcc.no\/wp-content\/uploads\/2024\/10\/Brazil-2-1024x575.png\" alt=\"\" class=\"wp-image-96418\"\/><figcaption class=\"wp-element-caption\">Aktivit\u00e4ten auf dem Missionsgel\u00e4nde in Brasilien<\/figcaption><\/figure>\n\n\n\n<figure class=\"wp-block-image size-large\"><img loading=\"lazy\" decoding=\"async\" width=\"1024\" height=\"682\" data-id=\"96423\" src=\"https:\/\/bcc.no\/wp-content\/uploads\/2024\/10\/6.-conference-7-scaled-1-1024x682.jpg\" alt=\"\" class=\"wp-image-96423\"\/><figcaption class=\"wp-element-caption\">Konferenz auf dem Missionsgel\u00e4nde in Mexiko<\/figcaption><\/figure>\n\n\n\n<figure class=\"wp-block-image size-large\"><img loading=\"lazy\" decoding=\"async\" width=\"1024\" height=\"768\" data-id=\"96430\" src=\"https:\/\/bcc.no\/wp-content\/uploads\/2024\/10\/New-Zealand-2-1024x768.jpg\" alt=\"\" class=\"wp-image-96430\"\/><figcaption class=\"wp-element-caption\">Sommerkonferenz auf dem Missionsgel\u00e4nde in Neuseeland<\/figcaption><\/figure>\n\n\n\n<figure class=\"wp-block-image size-large\"><img loading=\"lazy\" decoding=\"async\" width=\"1024\" height=\"768\" data-id=\"96441\" src=\"https:\/\/bcc.no\/wp-content\/uploads\/2024\/10\/KEN-Kisii-Meetings-scaled-1-1024x768.jpg\" alt=\"\" class=\"wp-image-96441\"\/><figcaption class=\"wp-element-caption\">Versammlungsaal in Kisii, Kenia<\/figcaption><\/figure>\n\n\n\n<figure class=\"wp-block-image size-large\"><img loading=\"lazy\" decoding=\"async\" width=\"1024\" height=\"768\" data-id=\"96447\" src=\"https:\/\/bcc.no\/wp-content\/uploads\/2024\/10\/IMG_20230319_102732-scaled-1-1024x768.jpg\" alt=\"\" class=\"wp-image-96447\"\/><figcaption class=\"wp-element-caption\">Sonntagsschulaktivit\u00e4ten auf dem Missionsgel\u00e4nde in Kisumu, Kenia<\/figcaption><\/figure>\n\n\n\n<figure class=\"wp-block-image size-large\"><img loading=\"lazy\" decoding=\"async\" width=\"1024\" height=\"768\" data-id=\"96452\" src=\"https:\/\/bcc.no\/wp-content\/uploads\/2024\/10\/Cameroon-Bafoussam-1-scaled-1-1024x768.jpg\" alt=\"\" class=\"wp-image-96452\"\/><figcaption class=\"wp-element-caption\">Missionsgrundst\u00fcck in Bafoussam, Kamerun<\/figcaption><\/figure>\n<\/figure>\n<\/div><\/div>\n\n\n\n<div class=\"wp-block-group\"><div class=\"wp-block-group__inner-container is-layout-constrained wp-block-group-is-layout-constrained\">\n<h3 class=\"wp-block-heading\" id=\"misjonsarbeid-skaper-nye-muligheter-i-fattige-deler-av-verden\">Missionsarbeit schafft neue M\u00f6glichkeiten in Entwicklungsl\u00e4ndern<\/h3>\n\n\n\n<p>Menschen mit einem Herz f\u00fcr die Mission haben durch Projekte in vielen L\u00e4ndern dazu beigetragen, dass Christen, die in Regionen mit geringer Kaufkraft leben, Versammlungsst\u00e4tten erhielten, in denen sie sich treffen k\u00f6nnen. Dar\u00fcber hinaus wurden viele Arbeitspl\u00e4tze geschaffen. Diese Form der indirekten humanit\u00e4ren Arbeit ist eine \u201eHilfe zur Selbsthilfe\u201c, und die Erfahrung zeigt, dass dies sowohl kurz- als auch langfristig die beste Hilfe ist, die man leisten kann.<\/p>\n\n\n\n<p>Durch christliche soziale Unternehmen, Berufsausbildung und die Schaffung neuer Arbeitspl\u00e4tze wurde jungen Menschen die Chance gegeben, f\u00fcr den eigenen Lebensunterhalt sorgen zu k\u00f6nnen. <\/p>\n\n\n\n<p>Die Missionsprojekte haben daher viele positive Auswirkungen mit sich gebracht: In ansonsten armen Regionen haben Menschen die F\u00e4higkeit und das Engagement entwickelt, ihr Umfeld positiv zu gestalten.<\/p>\n\n\n\n<p>Die gesamte Arbeit basiert auf dem Missionsauftrag Jesu, Menschen zu J\u00fcngern zu machen und sie zu lehren, Sein Wort zu halten.<\/p>\n\n\n\n<figure class=\"wp-block-image size-full\"><img loading=\"lazy\" decoding=\"async\" width=\"1280\" height=\"960\" src=\"https:\/\/bcc.no\/wp-content\/uploads\/2024\/10\/photo_2022-04-27_07-53.jpg\" alt=\"\" class=\"wp-image-96457\"\/><figcaption class=\"wp-element-caption\">In Malawi bauen Teilnehmer des afrikanischen Jugendprogramms CYDP ein Missionsgeb\u00e4ude.  <\/figcaption><\/figure>\n\n\n\n<div class=\"wp-block-group is-style-call-to-action\"><div class=\"wp-block-group__inner-container is-layout-flow wp-block-group-is-layout-flow\">\n<p>Lies mehr \u00fcber die Missionsorganisation<\/p>\n\n\n\n<div class=\"wp-block-buttons is-horizontal is-content-justification-left is-layout-flex wp-container-core-buttons-is-layout-7e5fce0a wp-block-buttons-is-layout-flex\">\n<div class=\"wp-block-button\"><a class=\"wp-block-button__link wp-element-button arrow_right_alt\" href=\"https:\/\/bms-intl.org\/\" target=\"_blank\" rel=\"noopener\">BMS International<\/a><\/div>\n<\/div>\n<\/div><\/div>\n\n\n\n    <section class=\"related-articles\" data-columns=\"3\">\n        <h2>Mehr hierzu:<\/h2>\n        <div class=\"related-articles-items\">\n                            <div id=\"post-140553\" class=\"article has-image\">\n                    <div class=\"article-card no-content\">No post available.<\/div>                <\/div>\n                                <\/div>\n    <\/section>\n<\/div><\/div>\n","protected":false},"excerpt":{"rendered":"<p>Seit den Anf\u00e4ngen im fr\u00fchen 20. Jahrhundert ging es in der Arbeit darum, Menschen pers\u00f6nlich mit Jesus in Verbindung zu bringen, sodass sie zu einem pers\u00f6nlichen Glauben an das Evangelium kommen k\u00f6nnen. Grundlage ist der Missionsauftrag Jesu Der Missionsauftrag Jesu ist die Grundlage f\u00fcr die Arbeit, die Lehre des Evangeliums allen V\u00f6lkern zu bringen. Hohe [&hellip;]<\/p>\n","protected":false},"author":6,"featured_media":96368,"parent":97443,"menu_order":0,"comment_status":"closed","ping_status":"closed","template":"","meta":{"_acf_changed":false,"inline_featured_image":false,"_uag_custom_page_level_css":"","bcc_login_visibility":0,"bcc_groups":[],"bcc_groups_email":true,"bcc_visibility_groups":[],"bcc_visibility_groups_email":false,"sent_notifications":[],"footnotes":"","_links_to":"","_links_to_target":""},"class_list":["post-97817","page","type-page","status-publish","has-post-thumbnail","hentry"],"acf":{"rss_image":null},"featured_image_src":"https:\/\/bcc.no\/wp-content\/uploads\/2024\/10\/photo_2023-04-15_08-03-37-1024x768-1.jpg","yoast_head":"<!-- This site is optimized with the Yoast SEO plugin v27.2 - https:\/\/yoast.com\/product\/yoast-seo-wordpress\/ -->\n<title>Mission - BCC<\/title>\n<meta name=\"description\" content=\"Seit vielen Jahren engagiert sich die Brunstad Christian Church auf mehreren Kontinenten aktiv in der Missionsarbeit. Sowohl online, durch pers\u00f6nliche Anwesenheit als auch durch die Unterst\u00fctzung regionaler Versammlungsst\u00e4tten hat die Gemeinde dazu beigetragen, das Evangelium unter allen V\u00f6lkern zu verbreiten.\" \/>\n<meta name=\"robots\" content=\"index, follow, max-snippet:-1, max-image-preview:large, max-video-preview:-1\" \/>\n<link rel=\"canonical\" href=\"https:\/\/bcc.no\/de\/ueber-uns\/mission\/\" \/>\n<meta property=\"og:locale\" content=\"de_DE\" \/>\n<meta property=\"og:type\" content=\"article\" \/>\n<meta property=\"og:title\" content=\"Mission - BCC\" \/>\n<meta property=\"og:description\" content=\"Seit vielen Jahren engagiert sich die Brunstad Christian Church auf mehreren Kontinenten aktiv in der Missionsarbeit. Sowohl online, durch pers\u00f6nliche Anwesenheit als auch durch die Unterst\u00fctzung regionaler Versammlungsst\u00e4tten hat die Gemeinde dazu beigetragen, das Evangelium unter allen V\u00f6lkern zu verbreiten.\" \/>\n<meta property=\"og:url\" content=\"https:\/\/bcc.no\/de\/ueber-uns\/mission\/\" \/>\n<meta property=\"og:site_name\" content=\"BCC\" \/>\n<meta property=\"article:modified_time\" content=\"2025-08-19T07:23:51+00:00\" \/>\n<meta property=\"og:image\" content=\"https:\/\/bcc.no\/wp-content\/uploads\/2024\/10\/photo_2023-04-15_08-03-37-1024x768-1.jpg\" \/>\n\t<meta property=\"og:image:width\" content=\"1024\" \/>\n\t<meta property=\"og:image:height\" content=\"768\" \/>\n\t<meta property=\"og:image:type\" content=\"image\/jpeg\" \/>\n<meta name=\"twitter:card\" content=\"summary_large_image\" \/>\n<meta name=\"twitter:label1\" content=\"Gesch\u00e4tzte Lesezeit\" \/>\n\t<meta name=\"twitter:data1\" content=\"6\u00a0Minuten\" \/>\n<script type=\"application\/ld+json\" class=\"yoast-schema-graph\">{\"@context\":\"https:\/\/schema.org\",\"@graph\":[{\"@type\":\"WebPage\",\"@id\":\"https:\/\/bcc.no\/de\/ueber-uns\/mission\/\",\"url\":\"https:\/\/bcc.no\/de\/ueber-uns\/mission\/\",\"name\":\"Mission - BCC\",\"isPartOf\":{\"@id\":\"https:\/\/bcc.no\/de\/#website\"},\"primaryImageOfPage\":{\"@id\":\"https:\/\/bcc.no\/de\/ueber-uns\/mission\/#primaryimage\"},\"image\":{\"@id\":\"https:\/\/bcc.no\/de\/ueber-uns\/mission\/#primaryimage\"},\"thumbnailUrl\":\"https:\/\/bcc.no\/wp-content\/uploads\/2024\/10\/photo_2023-04-15_08-03-37-1024x768-1.jpg\",\"datePublished\":\"2024-09-17T08:11:51+00:00\",\"dateModified\":\"2025-08-19T07:23:51+00:00\",\"description\":\"Seit vielen Jahren engagiert sich die Brunstad Christian Church auf mehreren Kontinenten aktiv in der Missionsarbeit. Sowohl online, durch pers\u00f6nliche Anwesenheit als auch durch die Unterst\u00fctzung regionaler Versammlungsst\u00e4tten hat die Gemeinde dazu beigetragen, das Evangelium unter allen V\u00f6lkern zu verbreiten.\",\"breadcrumb\":{\"@id\":\"https:\/\/bcc.no\/de\/ueber-uns\/mission\/#breadcrumb\"},\"inLanguage\":\"de\",\"potentialAction\":[{\"@type\":\"ReadAction\",\"target\":[\"https:\/\/bcc.no\/de\/ueber-uns\/mission\/\"]}]},{\"@type\":\"ImageObject\",\"inLanguage\":\"de\",\"@id\":\"https:\/\/bcc.no\/de\/ueber-uns\/mission\/#primaryimage\",\"url\":\"https:\/\/bcc.no\/wp-content\/uploads\/2024\/10\/photo_2023-04-15_08-03-37-1024x768-1.jpg\",\"contentUrl\":\"https:\/\/bcc.no\/wp-content\/uploads\/2024\/10\/photo_2023-04-15_08-03-37-1024x768-1.jpg\",\"width\":1024,\"height\":768},{\"@type\":\"BreadcrumbList\",\"@id\":\"https:\/\/bcc.no\/de\/ueber-uns\/mission\/#breadcrumb\",\"itemListElement\":[{\"@type\":\"ListItem\",\"position\":1,\"name\":\"Startseite\",\"item\":\"https:\/\/bcc.no\/de\/startseite\/\"},{\"@type\":\"ListItem\",\"position\":2,\"name\":\"\u00dcber Brunstad Christian Church\",\"item\":\"https:\/\/bcc.no\/de\/ueber-uns\/\"},{\"@type\":\"ListItem\",\"position\":3,\"name\":\"Mission\"}]},{\"@type\":\"WebSite\",\"@id\":\"https:\/\/bcc.no\/de\/#website\",\"url\":\"https:\/\/bcc.no\/de\/\",\"name\":\"BCC\",\"description\":\"et internasjonalt trossamfunn\",\"publisher\":{\"@id\":\"https:\/\/bcc.no\/de\/#organization\"},\"potentialAction\":[{\"@type\":\"SearchAction\",\"target\":{\"@type\":\"EntryPoint\",\"urlTemplate\":\"https:\/\/bcc.no\/de\/?s={search_term_string}\"},\"query-input\":{\"@type\":\"PropertyValueSpecification\",\"valueRequired\":true,\"valueName\":\"search_term_string\"}}],\"inLanguage\":\"de\"},{\"@type\":\"Organization\",\"@id\":\"https:\/\/bcc.no\/de\/#organization\",\"name\":\"BCC\",\"url\":\"https:\/\/bcc.no\/de\/\",\"logo\":{\"@type\":\"ImageObject\",\"inLanguage\":\"de\",\"@id\":\"https:\/\/bcc.no\/de\/#\/schema\/logo\/image\/\",\"url\":\"https:\/\/bcc.no\/wp-content\/uploads\/2024\/09\/BCC-logo_RGB.svg\",\"contentUrl\":\"https:\/\/bcc.no\/wp-content\/uploads\/2024\/09\/BCC-logo_RGB.svg\",\"caption\":\"BCC\"},\"image\":{\"@id\":\"https:\/\/bcc.no\/de\/#\/schema\/logo\/image\/\"}}]}<\/script>\n<!-- \/ Yoast SEO plugin. -->","yoast_head_json":{"title":"Mission - BCC","description":"Seit vielen Jahren engagiert sich die Brunstad Christian Church auf mehreren Kontinenten aktiv in der Missionsarbeit. Sowohl online, durch pers\u00f6nliche Anwesenheit als auch durch die Unterst\u00fctzung regionaler Versammlungsst\u00e4tten hat die Gemeinde dazu beigetragen, das Evangelium unter allen V\u00f6lkern zu verbreiten.","robots":{"index":"index","follow":"follow","max-snippet":"max-snippet:-1","max-image-preview":"max-image-preview:large","max-video-preview":"max-video-preview:-1"},"canonical":"https:\/\/bcc.no\/de\/ueber-uns\/mission\/","og_locale":"de_DE","og_type":"article","og_title":"Mission - BCC","og_description":"Seit vielen Jahren engagiert sich die Brunstad Christian Church auf mehreren Kontinenten aktiv in der Missionsarbeit. Sowohl online, durch pers\u00f6nliche Anwesenheit als auch durch die Unterst\u00fctzung regionaler Versammlungsst\u00e4tten hat die Gemeinde dazu beigetragen, das Evangelium unter allen V\u00f6lkern zu verbreiten.","og_url":"https:\/\/bcc.no\/de\/ueber-uns\/mission\/","og_site_name":"BCC","article_modified_time":"2025-08-19T07:23:51+00:00","og_image":[{"width":1024,"height":768,"url":"https:\/\/bcc.no\/wp-content\/uploads\/2024\/10\/photo_2023-04-15_08-03-37-1024x768-1.jpg","type":"image\/jpeg"}],"twitter_card":"summary_large_image","twitter_misc":{"Gesch\u00e4tzte Lesezeit":"6\u00a0Minuten"},"schema":{"@context":"https:\/\/schema.org","@graph":[{"@type":"WebPage","@id":"https:\/\/bcc.no\/de\/ueber-uns\/mission\/","url":"https:\/\/bcc.no\/de\/ueber-uns\/mission\/","name":"Mission - BCC","isPartOf":{"@id":"https:\/\/bcc.no\/de\/#website"},"primaryImageOfPage":{"@id":"https:\/\/bcc.no\/de\/ueber-uns\/mission\/#primaryimage"},"image":{"@id":"https:\/\/bcc.no\/de\/ueber-uns\/mission\/#primaryimage"},"thumbnailUrl":"https:\/\/bcc.no\/wp-content\/uploads\/2024\/10\/photo_2023-04-15_08-03-37-1024x768-1.jpg","datePublished":"2024-09-17T08:11:51+00:00","dateModified":"2025-08-19T07:23:51+00:00","description":"Seit vielen Jahren engagiert sich die Brunstad Christian Church auf mehreren Kontinenten aktiv in der Missionsarbeit. Sowohl online, durch pers\u00f6nliche Anwesenheit als auch durch die Unterst\u00fctzung regionaler Versammlungsst\u00e4tten hat die Gemeinde dazu beigetragen, das Evangelium unter allen V\u00f6lkern zu verbreiten.","breadcrumb":{"@id":"https:\/\/bcc.no\/de\/ueber-uns\/mission\/#breadcrumb"},"inLanguage":"de","potentialAction":[{"@type":"ReadAction","target":["https:\/\/bcc.no\/de\/ueber-uns\/mission\/"]}]},{"@type":"ImageObject","inLanguage":"de","@id":"https:\/\/bcc.no\/de\/ueber-uns\/mission\/#primaryimage","url":"https:\/\/bcc.no\/wp-content\/uploads\/2024\/10\/photo_2023-04-15_08-03-37-1024x768-1.jpg","contentUrl":"https:\/\/bcc.no\/wp-content\/uploads\/2024\/10\/photo_2023-04-15_08-03-37-1024x768-1.jpg","width":1024,"height":768},{"@type":"BreadcrumbList","@id":"https:\/\/bcc.no\/de\/ueber-uns\/mission\/#breadcrumb","itemListElement":[{"@type":"ListItem","position":1,"name":"Startseite","item":"https:\/\/bcc.no\/de\/startseite\/"},{"@type":"ListItem","position":2,"name":"\u00dcber Brunstad Christian Church","item":"https:\/\/bcc.no\/de\/ueber-uns\/"},{"@type":"ListItem","position":3,"name":"Mission"}]},{"@type":"WebSite","@id":"https:\/\/bcc.no\/de\/#website","url":"https:\/\/bcc.no\/de\/","name":"BCC","description":"et internasjonalt trossamfunn","publisher":{"@id":"https:\/\/bcc.no\/de\/#organization"},"potentialAction":[{"@type":"SearchAction","target":{"@type":"EntryPoint","urlTemplate":"https:\/\/bcc.no\/de\/?s={search_term_string}"},"query-input":{"@type":"PropertyValueSpecification","valueRequired":true,"valueName":"search_term_string"}}],"inLanguage":"de"},{"@type":"Organization","@id":"https:\/\/bcc.no\/de\/#organization","name":"BCC","url":"https:\/\/bcc.no\/de\/","logo":{"@type":"ImageObject","inLanguage":"de","@id":"https:\/\/bcc.no\/de\/#\/schema\/logo\/image\/","url":"https:\/\/bcc.no\/wp-content\/uploads\/2024\/09\/BCC-logo_RGB.svg","contentUrl":"https:\/\/bcc.no\/wp-content\/uploads\/2024\/09\/BCC-logo_RGB.svg","caption":"BCC"},"image":{"@id":"https:\/\/bcc.no\/de\/#\/schema\/logo\/image\/"}}]}},"uagb_featured_image_src":{"full":["https:\/\/bcc.no\/wp-content\/uploads\/2024\/10\/photo_2023-04-15_08-03-37-1024x768-1.jpg",1024,768,false],"thumbnail":["https:\/\/bcc.no\/wp-content\/uploads\/2024\/10\/photo_2023-04-15_08-03-37-1024x768-1-150x150.jpg",150,150,true],"medium":["https:\/\/bcc.no\/wp-content\/uploads\/2024\/10\/photo_2023-04-15_08-03-37-1024x768-1-300x225.jpg",300,225,true],"medium_large":["https:\/\/bcc.no\/wp-content\/uploads\/2024\/10\/photo_2023-04-15_08-03-37-1024x768-1-768x576.jpg",640,480,true],"large":["https:\/\/bcc.no\/wp-content\/uploads\/2024\/10\/photo_2023-04-15_08-03-37-1024x768-1.jpg",640,480,false],"1536x1536":["https:\/\/bcc.no\/wp-content\/uploads\/2024\/10\/photo_2023-04-15_08-03-37-1024x768-1.jpg",1024,768,false],"2048x2048":["https:\/\/bcc.no\/wp-content\/uploads\/2024\/10\/photo_2023-04-15_08-03-37-1024x768-1.jpg",1024,768,false]},"uagb_author_info":{"display_name":"Mathias Strand Kristiansen","author_link":"https:\/\/bcc.no\/de\/author\/22801\/"},"uagb_comment_info":0,"uagb_excerpt":"Seit den Anf\u00e4ngen im fr\u00fchen 20. Jahrhundert ging es in der Arbeit darum, Menschen pers\u00f6nlich mit Jesus in Verbindung zu bringen, sodass sie zu einem pers\u00f6nlichen Glauben an das Evangelium kommen k\u00f6nnen. Grundlage ist der Missionsauftrag Jesu Der Missionsauftrag Jesu ist die Grundlage f\u00fcr die Arbeit, die Lehre des Evangeliums allen V\u00f6lkern zu bringen. Hohe&hellip;","_links":{"self":[{"href":"https:\/\/bcc.no\/de\/wp-json\/wp\/v2\/pages\/97817","targetHints":{"allow":["GET"]}}],"collection":[{"href":"https:\/\/bcc.no\/de\/wp-json\/wp\/v2\/pages"}],"about":[{"href":"https:\/\/bcc.no\/de\/wp-json\/wp\/v2\/types\/page"}],"author":[{"embeddable":true,"href":"https:\/\/bcc.no\/de\/wp-json\/wp\/v2\/users\/6"}],"replies":[{"embeddable":true,"href":"https:\/\/bcc.no\/de\/wp-json\/wp\/v2\/comments?post=97817"}],"version-history":[{"count":12,"href":"https:\/\/bcc.no\/de\/wp-json\/wp\/v2\/pages\/97817\/revisions"}],"predecessor-version":[{"id":139576,"href":"https:\/\/bcc.no\/de\/wp-json\/wp\/v2\/pages\/97817\/revisions\/139576"}],"up":[{"embeddable":true,"href":"https:\/\/bcc.no\/de\/wp-json\/wp\/v2\/pages\/97443"}],"wp:featuredmedia":[{"embeddable":true,"href":"https:\/\/bcc.no\/de\/wp-json\/wp\/v2\/media\/96368"}],"wp:attachment":[{"href":"https:\/\/bcc.no\/de\/wp-json\/wp\/v2\/media?parent=97817"}],"curies":[{"name":"wp","href":"https:\/\/api.w.org\/{rel}","templated":true}]}}