{"id":97645,"date":"2024-09-10T07:25:57","date_gmt":"2024-09-10T06:25:57","guid":{"rendered":"https:\/\/bcc.no\/jahresbericht-des-bcc-verbunds\/"},"modified":"2025-06-18T09:54:08","modified_gmt":"2025-06-18T08:54:08","slug":"jahresbericht","status":"publish","type":"page","link":"https:\/\/bcc.no\/de\/organisation\/jahresbericht\/","title":{"rendered":"Jahresbericht des BCC-Verbunds"},"content":{"rendered":"\n<div class=\"wp-block-group\"><div class=\"wp-block-group__inner-container is-layout-constrained wp-block-group-is-layout-constrained\"><div class=\"yoast-breadcrumbs\"><span><span>Startseite<\/span> \/ <span><a href=\"https:\/\/bcc.no\/de\/organisation\/\">Organisation des BCC-Verbunds<\/a><\/span> \/ <span class=\"breadcrumb_last\" aria-current=\"page\"><a href=\"https:\/\/bcc.no\/de\/organisation\/jahresbericht\/\">Jahresbericht des BCC-Verbunds<\/a><\/span><\/span><\/div>\n\n\n<h4 class=\"wp-block-heading featuredParagraph\" id=\"bcc-er-et-trossamfunn-med-stor-internasjonal-virksomhet-her-pa-siden-kan-du-lese-bcc-forbundets-arsrapporter\">BCC ist eine Glaubensgemeinschaft mit umfangreicher internationaler Wirksamkeit. Hier kann man die Jahresberichte des BCC-Verbunds lesen.<\/h4>\n\n\n\n<hr class=\"wp-block-separator has-alpha-channel-opacity is-style-default\"\/>\n\n\n\n<p>BCC ist als ein Verbund verschiedener Organisationen mit umfangreicher internationaler Wirksamkeit organisiert. Die zentrale Organisation und die Teilorganisationen werden gemeinschaftlich finanziert.<\/p>\n\n\n\n<p>Der Jahresbericht beschreibt die Gesamtt\u00e4tigkeit des Verbunds und enth\u00e4lt die Jahresbilanz f\u00fcr die zentrale Organisation und die Teilorganisationen.<\/p>\n\n\n\n<div style=\"height:30px\" aria-hidden=\"true\" class=\"wp-block-spacer\"><\/div>\n<\/div><\/div>\n\n\n\n<div class=\"wp-block-group is-style-centered\"><div class=\"wp-block-group__inner-container is-layout-flow wp-block-group-is-layout-flow\">\n<div class=\"wp-block-group is-vertical is-content-justification-center is-layout-flex wp-container-core-group-is-layout-4b2eccd6 wp-block-group-is-layout-flex\">\n<h3 class=\"wp-block-heading has-text-align-center\" id=\"arsrapport-for-2021\">Jahresbericht f\u00fcr 2024<\/h3>\n\n\n\n<p><\/p>\n\n\n<div class=\"wp-block-image\">\n<figure class=\"aligncenter size-full is-resized\"><img loading=\"lazy\" decoding=\"async\" width=\"1810\" height=\"2560\" src=\"https:\/\/bcc.no\/wp-content\/uploads\/2025\/06\/EN-Arsrapport-BCC-forbundet-2024-scaled.jpg\" alt=\"\" class=\"wp-image-137589\" style=\"width:417px;height:auto\"\/><\/figure>\n<\/div>\n\n\n<div class=\"wp-block-buttons is-content-justification-center is-layout-flex wp-container-core-buttons-is-layout-16018d1d wp-block-buttons-is-layout-flex\">\n<div class=\"wp-block-button\"><a class=\"wp-block-button__link wp-element-button arrow_right_alt\" href=\"https:\/\/bcc.no\/wp-content\/uploads\/2025\/06\/EN-Arsrapport-BCC-forbundet-2024.pdf\" target=\"_blank\" rel=\"noopener\">Den Bericht herunterladen (Englisch)<\/a><\/div>\n<\/div>\n<\/div>\n\n\n\n<p><\/p>\n<\/div><\/div>\n\n\n\n<div class=\"wp-block-group\"><div class=\"wp-block-group__inner-container is-layout-constrained wp-block-group-is-layout-constrained\">\n<div class=\"wp-block-pb-accordion-item c-accordion__item js-accordion-item no-js\" data-initially-open=\"false\" data-click-to-close=\"true\" data-auto-close=\"true\" data-scroll=\"false\" data-scroll-offset=\"0\"><h3 id=\"at-976450\" class=\"c-accordion__title js-accordion-controller\" role=\"button\">Archiv f\u00fcr Jahresberichte<\/h3><div id=\"ac-976450\" class=\"c-accordion__content\">\n<div class=\"wp-block-buttons is-vertical is-content-justification-left is-layout-flex wp-container-core-buttons-is-layout-c0ca7d81 wp-block-buttons-is-layout-flex\">\n<div class=\"wp-block-button\"><a class=\"wp-block-button__link wp-element-button arrow_right_alt\" href=\"https:\/\/bcc.no\/wp-content\/uploads\/2025\/01\/EN-Arsrapport-BCC-forbundet-2023.pdf\" rel=\"\">2023 Jahresbericht (Englisch)<\/a><\/div>\n\n\n\n<div class=\"wp-block-button\"><a class=\"wp-block-button__link wp-element-button arrow_right_alt\" href=\"https:\/\/bcc.no\/wp-content\/uploads\/2025\/01\/2023-07-03-ENG-Arsrapport-BCC-forbundet-DIGITAL-1.pdf\" rel=\"\">2022 Jahresbericht (Englisch)<\/a><\/div>\n\n\n\n<div class=\"wp-block-button\"><a class=\"wp-block-button__link wp-element-button arrow_right_alt\" href=\"https:\/\/bcc.no\/wp-content\/uploads\/2025\/01\/BCC-annual-report-2021.pdf\" rel=\"\">2021 Jahresbericht (Englisch)<\/a><\/div>\n\n\n\n<div class=\"wp-block-button\"><a class=\"wp-block-button__link wp-element-button arrow_right_alt\" href=\"https:\/\/bcc.no\/wp-content\/uploads\/2025\/01\/THE-BCC-FEDERATION_ANNUAL-REPORT_2020.pdf\" rel=\"\">2020 Jahresbericht (Englisch)<\/a><\/div>\n<\/div>\n<\/div><\/div>\n\n\n\n<p><\/p>\n<\/div><\/div>\n\n\n\n<div class=\"wp-block-group\"><div class=\"wp-block-group__inner-container is-layout-constrained wp-block-group-is-layout-constrained\">\n    <section class=\"related-articles\" data-columns=\"3\">\n        <h2>Mehr hierzu:<\/h2>\n        <div class=\"related-articles-items\">\n                            <div id=\"post-143129\" class=\"article has-image\">\n                    <div class=\"article-card no-content\">No post available.<\/div>                <\/div>\n                            <div id=\"post-138353\" class=\"article has-image\">\n                    <div class=\"article-card no-content\">No post available.<\/div>                <\/div>\n                            <div id=\"post-130851\" class=\"article has-image\">\n                    <div class=\"article-card no-content\">No post available.<\/div>                <\/div>\n                                <\/div>\n    <\/section>\n<\/div><\/div>\n","protected":false},"excerpt":{"rendered":"<p>BCC ist eine Glaubensgemeinschaft mit umfangreicher internationaler Wirksamkeit. Hier kann man die Jahresberichte des BCC-Verbunds lesen. BCC ist als ein Verbund verschiedener Organisationen mit umfangreicher internationaler Wirksamkeit organisiert. Die zentrale Organisation und die Teilorganisationen werden gemeinschaftlich finanziert. Der Jahresbericht beschreibt die Gesamtt\u00e4tigkeit des Verbunds und enth\u00e4lt die Jahresbilanz f\u00fcr die zentrale Organisation und die Teilorganisationen. [&hellip;]<\/p>\n","protected":false},"author":6,"featured_media":93375,"parent":97738,"menu_order":0,"comment_status":"closed","ping_status":"closed","template":"","meta":{"_acf_changed":false,"inline_featured_image":false,"_uag_custom_page_level_css":"","bcc_login_visibility":0,"bcc_groups":[],"bcc_groups_email":true,"bcc_visibility_groups":[],"bcc_visibility_groups_email":false,"sent_notifications":[],"footnotes":"","_links_to":"","_links_to_target":""},"class_list":["post-97645","page","type-page","status-publish","has-post-thumbnail","hentry"],"acf":{"rss_image":null},"featured_image_src":"https:\/\/bcc.no\/wp-content\/uploads\/2024\/09\/2022-07-25_Arsrapport_Pressebilder_Redigert-20-sc.jpg","yoast_head":"<!-- This site is optimized with the Yoast SEO plugin v27.4 - https:\/\/yoast.com\/product\/yoast-seo-wordpress\/ -->\n<title>Jahresbericht des BCC-Verbunds - BCC<\/title>\n<meta name=\"description\" content=\"BCC ist eine Glaubensgemeinschaft mit umfangreicher internationaler Wirksamkeit. Hier kann man die Jahresberichte des BCC-Verbunds lesen.\" \/>\n<meta name=\"robots\" content=\"index, follow, max-snippet:-1, max-image-preview:large, max-video-preview:-1\" \/>\n<link rel=\"canonical\" href=\"https:\/\/bcc.no\/de\/organisation\/jahresbericht\/\" \/>\n<meta property=\"og:locale\" content=\"de_DE\" \/>\n<meta property=\"og:type\" content=\"article\" \/>\n<meta property=\"og:title\" content=\"Jahresbericht des BCC-Verbunds\" \/>\n<meta property=\"og:description\" content=\"BCC ist eine Glaubensgemeinschaft mit umfangreicher internationaler Wirksamkeit. Hier kann man die Jahresberichte des BCC-Verbunds lesen.\" \/>\n<meta property=\"og:url\" content=\"https:\/\/bcc.no\/de\/organisation\/jahresbericht\/\" \/>\n<meta property=\"og:site_name\" content=\"BCC\" \/>\n<meta property=\"article:modified_time\" content=\"2025-06-18T08:54:08+00:00\" \/>\n<meta property=\"og:image\" content=\"https:\/\/bcc.no\/wp-content\/uploads\/2024\/09\/Artikkelbilde-1024x683.jpg\" \/>\n<meta name=\"twitter:card\" content=\"summary_large_image\" \/>\n<meta name=\"twitter:title\" content=\"Jahresbericht des BCC-Verbunds\" \/>\n<meta name=\"twitter:description\" content=\"BCC ist eine Glaubensgemeinschaft mit umfangreicher internationaler Wirksamkeit. Hier kann man die Jahresberichte des BCC-Verbunds lesen.\" \/>\n<meta name=\"twitter:image\" content=\"https:\/\/bcc.no\/wp-content\/uploads\/2024\/09\/Artikkelbilde-1024x683.jpg\" \/>\n<meta name=\"twitter:label1\" content=\"Gesch\u00e4tzte Lesezeit\" \/>\n\t<meta name=\"twitter:data1\" content=\"1\u00a0Minute\" \/>\n<script type=\"application\/ld+json\" class=\"yoast-schema-graph\">{\"@context\":\"https:\\\/\\\/schema.org\",\"@graph\":[{\"@type\":\"WebPage\",\"@id\":\"https:\\\/\\\/bcc.no\\\/de\\\/organisation\\\/jahresbericht\\\/\",\"url\":\"https:\\\/\\\/bcc.no\\\/de\\\/organisation\\\/jahresbericht\\\/\",\"name\":\"Jahresbericht des BCC-Verbunds - BCC\",\"isPartOf\":{\"@id\":\"https:\\\/\\\/bcc.no\\\/de\\\/#website\"},\"primaryImageOfPage\":{\"@id\":\"https:\\\/\\\/bcc.no\\\/de\\\/organisation\\\/jahresbericht\\\/#primaryimage\"},\"image\":{\"@id\":\"https:\\\/\\\/bcc.no\\\/de\\\/organisation\\\/jahresbericht\\\/#primaryimage\"},\"thumbnailUrl\":\"https:\\\/\\\/bcc.no\\\/wp-content\\\/uploads\\\/2024\\\/09\\\/2022-07-25_Arsrapport_Pressebilder_Redigert-20-sc.jpg\",\"datePublished\":\"2024-09-10T06:25:57+00:00\",\"dateModified\":\"2025-06-18T08:54:08+00:00\",\"description\":\"BCC ist eine Glaubensgemeinschaft mit umfangreicher internationaler Wirksamkeit. Hier kann man die Jahresberichte des BCC-Verbunds lesen.\",\"breadcrumb\":{\"@id\":\"https:\\\/\\\/bcc.no\\\/de\\\/organisation\\\/jahresbericht\\\/#breadcrumb\"},\"inLanguage\":\"de\",\"potentialAction\":[{\"@type\":\"ReadAction\",\"target\":[\"https:\\\/\\\/bcc.no\\\/de\\\/organisation\\\/jahresbericht\\\/\"]}]},{\"@type\":\"ImageObject\",\"inLanguage\":\"de\",\"@id\":\"https:\\\/\\\/bcc.no\\\/de\\\/organisation\\\/jahresbericht\\\/#primaryimage\",\"url\":\"https:\\\/\\\/bcc.no\\\/wp-content\\\/uploads\\\/2024\\\/09\\\/2022-07-25_Arsrapport_Pressebilder_Redigert-20-sc.jpg\",\"contentUrl\":\"https:\\\/\\\/bcc.no\\\/wp-content\\\/uploads\\\/2024\\\/09\\\/2022-07-25_Arsrapport_Pressebilder_Redigert-20-sc.jpg\",\"width\":2560,\"height\":1707},{\"@type\":\"WebSite\",\"@id\":\"https:\\\/\\\/bcc.no\\\/de\\\/#website\",\"url\":\"https:\\\/\\\/bcc.no\\\/de\\\/\",\"name\":\"BCC\",\"description\":\"et internasjonalt trossamfunn\",\"publisher\":{\"@id\":\"https:\\\/\\\/bcc.no\\\/de\\\/#organization\"},\"potentialAction\":[{\"@type\":\"SearchAction\",\"target\":{\"@type\":\"EntryPoint\",\"urlTemplate\":\"https:\\\/\\\/bcc.no\\\/de\\\/?s={search_term_string}\"},\"query-input\":{\"@type\":\"PropertyValueSpecification\",\"valueRequired\":true,\"valueName\":\"search_term_string\"}}],\"inLanguage\":\"de\"},{\"@type\":\"Organization\",\"@id\":\"https:\\\/\\\/bcc.no\\\/de\\\/#organization\",\"name\":\"BCC\",\"url\":\"https:\\\/\\\/bcc.no\\\/de\\\/\",\"logo\":{\"@type\":\"ImageObject\",\"inLanguage\":\"de\",\"@id\":\"https:\\\/\\\/bcc.no\\\/de\\\/#\\\/schema\\\/logo\\\/image\\\/\",\"url\":\"https:\\\/\\\/bcc.no\\\/wp-content\\\/uploads\\\/2026\\\/04\\\/bcc_logo_full.svg\",\"contentUrl\":\"https:\\\/\\\/bcc.no\\\/wp-content\\\/uploads\\\/2026\\\/04\\\/bcc_logo_full.svg\",\"caption\":\"BCC\"},\"image\":{\"@id\":\"https:\\\/\\\/bcc.no\\\/de\\\/#\\\/schema\\\/logo\\\/image\\\/\"}}]}<\/script>\n<!-- \/ Yoast SEO plugin. -->","yoast_head_json":{"title":"Jahresbericht des BCC-Verbunds - BCC","description":"BCC ist eine Glaubensgemeinschaft mit umfangreicher internationaler Wirksamkeit. Hier kann man die Jahresberichte des BCC-Verbunds lesen.","robots":{"index":"index","follow":"follow","max-snippet":"max-snippet:-1","max-image-preview":"max-image-preview:large","max-video-preview":"max-video-preview:-1"},"canonical":"https:\/\/bcc.no\/de\/organisation\/jahresbericht\/","og_locale":"de_DE","og_type":"article","og_title":"Jahresbericht des BCC-Verbunds","og_description":"BCC ist eine Glaubensgemeinschaft mit umfangreicher internationaler Wirksamkeit. Hier kann man die Jahresberichte des BCC-Verbunds lesen.","og_url":"https:\/\/bcc.no\/de\/organisation\/jahresbericht\/","og_site_name":"BCC","article_modified_time":"2025-06-18T08:54:08+00:00","og_image":[{"url":"https:\/\/bcc.no\/wp-content\/uploads\/2024\/09\/Artikkelbilde-1024x683.jpg","type":"","width":"","height":""}],"twitter_card":"summary_large_image","twitter_title":"Jahresbericht des BCC-Verbunds","twitter_description":"BCC ist eine Glaubensgemeinschaft mit umfangreicher internationaler Wirksamkeit. Hier kann man die Jahresberichte des BCC-Verbunds lesen.","twitter_image":"https:\/\/bcc.no\/wp-content\/uploads\/2024\/09\/Artikkelbilde-1024x683.jpg","twitter_misc":{"Gesch\u00e4tzte Lesezeit":"1\u00a0Minute"},"schema":{"@context":"https:\/\/schema.org","@graph":[{"@type":"WebPage","@id":"https:\/\/bcc.no\/de\/organisation\/jahresbericht\/","url":"https:\/\/bcc.no\/de\/organisation\/jahresbericht\/","name":"Jahresbericht des BCC-Verbunds - BCC","isPartOf":{"@id":"https:\/\/bcc.no\/de\/#website"},"primaryImageOfPage":{"@id":"https:\/\/bcc.no\/de\/organisation\/jahresbericht\/#primaryimage"},"image":{"@id":"https:\/\/bcc.no\/de\/organisation\/jahresbericht\/#primaryimage"},"thumbnailUrl":"https:\/\/bcc.no\/wp-content\/uploads\/2024\/09\/2022-07-25_Arsrapport_Pressebilder_Redigert-20-sc.jpg","datePublished":"2024-09-10T06:25:57+00:00","dateModified":"2025-06-18T08:54:08+00:00","description":"BCC ist eine Glaubensgemeinschaft mit umfangreicher internationaler Wirksamkeit. Hier kann man die Jahresberichte des BCC-Verbunds lesen.","breadcrumb":{"@id":"https:\/\/bcc.no\/de\/organisation\/jahresbericht\/#breadcrumb"},"inLanguage":"de","potentialAction":[{"@type":"ReadAction","target":["https:\/\/bcc.no\/de\/organisation\/jahresbericht\/"]}]},{"@type":"ImageObject","inLanguage":"de","@id":"https:\/\/bcc.no\/de\/organisation\/jahresbericht\/#primaryimage","url":"https:\/\/bcc.no\/wp-content\/uploads\/2024\/09\/2022-07-25_Arsrapport_Pressebilder_Redigert-20-sc.jpg","contentUrl":"https:\/\/bcc.no\/wp-content\/uploads\/2024\/09\/2022-07-25_Arsrapport_Pressebilder_Redigert-20-sc.jpg","width":2560,"height":1707},{"@type":"WebSite","@id":"https:\/\/bcc.no\/de\/#website","url":"https:\/\/bcc.no\/de\/","name":"BCC","description":"et internasjonalt trossamfunn","publisher":{"@id":"https:\/\/bcc.no\/de\/#organization"},"potentialAction":[{"@type":"SearchAction","target":{"@type":"EntryPoint","urlTemplate":"https:\/\/bcc.no\/de\/?s={search_term_string}"},"query-input":{"@type":"PropertyValueSpecification","valueRequired":true,"valueName":"search_term_string"}}],"inLanguage":"de"},{"@type":"Organization","@id":"https:\/\/bcc.no\/de\/#organization","name":"BCC","url":"https:\/\/bcc.no\/de\/","logo":{"@type":"ImageObject","inLanguage":"de","@id":"https:\/\/bcc.no\/de\/#\/schema\/logo\/image\/","url":"https:\/\/bcc.no\/wp-content\/uploads\/2026\/04\/bcc_logo_full.svg","contentUrl":"https:\/\/bcc.no\/wp-content\/uploads\/2026\/04\/bcc_logo_full.svg","caption":"BCC"},"image":{"@id":"https:\/\/bcc.no\/de\/#\/schema\/logo\/image\/"}}]}},"uagb_featured_image_src":{"full":["https:\/\/bcc.no\/wp-content\/uploads\/2024\/09\/2022-07-25_Arsrapport_Pressebilder_Redigert-20-sc.jpg",2560,1707,false],"thumbnail":["https:\/\/bcc.no\/wp-content\/uploads\/2024\/09\/2022-07-25_Arsrapport_Pressebilder_Redigert-20-sc-150x150.jpg",150,150,true],"medium":["https:\/\/bcc.no\/wp-content\/uploads\/2024\/09\/2022-07-25_Arsrapport_Pressebilder_Redigert-20-sc-300x200.jpg",300,200,true],"medium_large":["https:\/\/bcc.no\/wp-content\/uploads\/2024\/09\/2022-07-25_Arsrapport_Pressebilder_Redigert-20-sc-768x512.jpg",640,427,true],"large":["https:\/\/bcc.no\/wp-content\/uploads\/2024\/09\/2022-07-25_Arsrapport_Pressebilder_Redigert-20-sc-1024x683.jpg",640,427,true],"1536x1536":["https:\/\/bcc.no\/wp-content\/uploads\/2024\/09\/2022-07-25_Arsrapport_Pressebilder_Redigert-20-sc-1536x1024.jpg",1536,1024,true],"2048x2048":["https:\/\/bcc.no\/wp-content\/uploads\/2024\/09\/2022-07-25_Arsrapport_Pressebilder_Redigert-20-sc-2048x1366.jpg",2048,1366,true]},"uagb_author_info":{"display_name":"Mathias Strand Kristiansen","author_link":"https:\/\/bcc.no\/de\/author\/22801\/"},"uagb_comment_info":0,"uagb_excerpt":"BCC ist eine Glaubensgemeinschaft mit umfangreicher internationaler Wirksamkeit. Hier kann man die Jahresberichte des BCC-Verbunds lesen. BCC ist als ein Verbund verschiedener Organisationen mit umfangreicher internationaler Wirksamkeit organisiert. Die zentrale Organisation und die Teilorganisationen werden gemeinschaftlich finanziert. Der Jahresbericht beschreibt die Gesamtt\u00e4tigkeit des Verbunds und enth\u00e4lt die Jahresbilanz f\u00fcr die zentrale Organisation und die Teilorganisationen.&hellip;","_links":{"self":[{"href":"https:\/\/bcc.no\/de\/wp-json\/wp\/v2\/pages\/97645","targetHints":{"allow":["GET"]}}],"collection":[{"href":"https:\/\/bcc.no\/de\/wp-json\/wp\/v2\/pages"}],"about":[{"href":"https:\/\/bcc.no\/de\/wp-json\/wp\/v2\/types\/page"}],"author":[{"embeddable":true,"href":"https:\/\/bcc.no\/de\/wp-json\/wp\/v2\/users\/6"}],"replies":[{"embeddable":true,"href":"https:\/\/bcc.no\/de\/wp-json\/wp\/v2\/comments?post=97645"}],"version-history":[{"count":11,"href":"https:\/\/bcc.no\/de\/wp-json\/wp\/v2\/pages\/97645\/revisions"}],"predecessor-version":[{"id":137814,"href":"https:\/\/bcc.no\/de\/wp-json\/wp\/v2\/pages\/97645\/revisions\/137814"}],"up":[{"embeddable":true,"href":"https:\/\/bcc.no\/de\/wp-json\/wp\/v2\/pages\/97738"}],"wp:featuredmedia":[{"embeddable":true,"href":"https:\/\/bcc.no\/de\/wp-json\/wp\/v2\/media\/93375"}],"wp:attachment":[{"href":"https:\/\/bcc.no\/de\/wp-json\/wp\/v2\/media?parent=97645"}],"curies":[{"name":"wp","href":"https:\/\/api.w.org\/{rel}","templated":true}]}}