{"id":97595,"date":"2024-09-10T07:25:26","date_gmt":"2024-09-10T06:25:26","guid":{"rendered":"https:\/\/bcc.no\/wichtige-dokumente\/"},"modified":"2025-04-07T19:46:12","modified_gmt":"2025-04-07T18:46:12","slug":"wichtige-dokumente","status":"publish","type":"page","link":"https:\/\/bcc.no\/de\/organisation\/wichtige-dokumente\/","title":{"rendered":"Zentrale Dokumente"},"content":{"rendered":"\n<div class=\"wp-block-group\"><div class=\"wp-block-group__inner-container is-layout-constrained wp-block-group-is-layout-constrained\"><div class=\"yoast-breadcrumbs\"><span><span>Startseite<\/span> \/ <span><a href=\"https:\/\/bcc.no\/de\/organisation\/\">Organisation des BCC-Verbunds<\/a><\/span> \/ <span class=\"breadcrumb_last\" aria-current=\"page\"><a href=\"https:\/\/bcc.no\/de\/organisation\/wichtige-dokumente\/\">Zentrale Dokumente<\/a><\/span><\/span><\/div>\n\n\n<h4 class=\"wp-block-heading featuredParagraph\">Hier findet man die zentralen Dokumente des BCC-Verbunds<\/h4>\n\n\n\n<hr class=\"wp-block-separator has-alpha-channel-opacity\"\/>\n<\/div><\/div>\n\n\n\n<section class=\"wp-block-group initiatives\"><div class=\"wp-block-group__inner-container is-layout-flow wp-block-group-is-layout-flow\">\n<div class=\"wp-block-group\"><div class=\"wp-block-group__inner-container is-layout-constrained wp-block-group-is-layout-constrained\">\n<div class=\"wp-block-cover doc-card-height has-pantone-neutral-black-color has-text-color has-link-color wp-elements-12885a3c07a03da625ce3a1111da9b46\" style=\"min-height:300px;aspect-ratio:unset;\"><span aria-hidden=\"true\" class=\"wp-block-cover__background has-background-dim-100 has-background-dim has-background-gradient\" style=\"background:linear-gradient(135deg,rgb(236,241,241) 0%,rgb(236,241,241) 97%)\"><\/span><div class=\"wp-block-cover__inner-container is-layout-flow wp-block-cover-is-layout-flow\">\n<h3 class=\"wp-block-heading\" id=\"2-media\">Verfassung<\/h3>\n\n\n\n<p>Die Verfassung des BCC-Vereins beschreibt den Zweck, die Glaubensgrundlage und die zentralen Organe des Vereins.<a href=\"https:\/\/bcc.media\/no\/\" target=\"_blank\" rel=\"noreferrer noopener\"><\/a><\/p>\n\n\n\n<div class=\"wp-block-buttons is-layout-flex wp-block-buttons-is-layout-flex\">\n<div class=\"wp-block-button\"><a class=\"wp-block-button__link wp-element-button arrow_right_alt\" rel=\"\">Weiterlesen<\/a><\/div>\n<\/div>\n\n\n\n<a href=\"https:\/\/bcc.no\/de\/organisation\/wichtige-dokumente\/verfassung\/\" class=\"overlay-link\" rel=\"noopener\"><\/a>\n<\/div><\/div>\n\n\n\n<div class=\"wp-block-cover doc-card-height has-pantone-neutral-black-color has-text-color has-link-color wp-elements-cddbe2b5b89172e0ae848011ffcb39fc\" style=\"min-height:300px;aspect-ratio:unset;\"><span aria-hidden=\"true\" class=\"wp-block-cover__background has-background-dim-100 has-background-dim has-background-gradient\" style=\"background:linear-gradient(135deg,rgb(236,241,241) 0%,rgb(236,241,241) 97%)\"><\/span><div class=\"wp-block-cover__inner-container is-layout-flow wp-block-cover-is-layout-flow\">\n<h3 class=\"wp-block-heading\" id=\"2-media\">Satzungen<\/h3>\n\n\n\n<p>Die Satzungen sind der Verfassung untergeordnet und beschreiben die Aktivit\u00e4ten, die Mitgliedschaft, die Gesch\u00e4ftsstelle und legen die Anforderungen an die Finanzen und die Buchf\u00fchrung fest.\u00a0<a href=\"https:\/\/bcc.media\/no\/\" target=\"_blank\" rel=\"noreferrer noopener\"><\/a><\/p>\n\n\n\n<div class=\"wp-block-buttons is-layout-flex wp-block-buttons-is-layout-flex\">\n<div class=\"wp-block-button\"><a class=\"wp-block-button__link wp-element-button arrow_right_alt\" rel=\"\">Weiterlesen<\/a><\/div>\n<\/div>\n\n\n\n<a href=\"\/organisering\/sentrale-dokumenter\/vedtekter\/\" class=\"overlay-link\" rel=\"noopener\"><\/a>\n<\/div><\/div>\n\n\n\n<div class=\"wp-block-cover doc-card-height has-pantone-neutral-black-color has-text-color has-link-color wp-elements-f727c9714abaab2f54b9adfb6f3ebb99\" style=\"min-height:300px;aspect-ratio:unset;\"><span aria-hidden=\"true\" class=\"wp-block-cover__background has-background-dim-100 has-background-dim has-background-gradient\" style=\"background:linear-gradient(135deg,rgb(236,241,241) 0%,rgb(236,241,241) 97%)\"><\/span><div class=\"wp-block-cover__inner-container is-layout-flow wp-block-cover-is-layout-flow\">\n<h3 class=\"wp-block-heading\" id=\"2-media\">Beschreibung der Glaubensgrundlage<\/h3>\n\n\n\n<p>Die Glaubensgrundlage von BCC basiert auf der Bibel, wobei der Schwerpunkt auf einem Leben in der Nachfolge Jesu liegt. Hier kannst du die von der Geistlichen Leitung verfasste Beschreibung lesen.<\/p>\n\n\n\n<div class=\"wp-block-buttons is-layout-flex wp-block-buttons-is-layout-flex\">\n<div class=\"wp-block-button\"><a class=\"wp-block-button__link wp-element-button arrow_right_alt\" rel=\"\">Weiterlesen<\/a><\/div>\n<\/div>\n\n\n\n<a href=\"https:\/\/bcc.no\/de\/organisation\/wichtige-dokumente\/glaubensgrundlage\/\" class=\"overlay-link\" rel=\"noopener\"><\/a>\n<\/div><\/div>\n\n\n\n<div class=\"wp-block-cover doc-card-height has-pantone-neutral-black-color has-text-color has-link-color wp-elements-6dc4f2a9047d23b94a7a64c2562d8bff\" style=\"min-height:300px;aspect-ratio:unset;\"><span aria-hidden=\"true\" class=\"wp-block-cover__background has-background-dim-100 has-background-dim has-background-gradient\" style=\"background:linear-gradient(135deg,rgb(236,241,241) 0%,rgb(236,241,241) 97%)\"><\/span><div class=\"wp-block-cover__inner-container is-layout-flow wp-block-cover-is-layout-flow\">\n<h3 class=\"wp-block-heading\" id=\"2-media\">Ethische Richtlinien<\/h3>\n\n\n\n<p>Gilt f\u00fcr Mitarbeiter in den BCC-Organisationen und beschreibt unsere Standards f\u00fcr Verantwortung und Compliance.<\/p>\n\n\n\n<div class=\"wp-block-buttons is-layout-flex wp-block-buttons-is-layout-flex\">\n<div class=\"wp-block-button\"><a class=\"wp-block-button__link wp-element-button arrow_right_alt\" rel=\"\">Weiterlesen<\/a><\/div>\n<\/div>\n\n\n\n<a href=\"https:\/\/bcc.no\/de\/organisation\/wichtige-dokumente\/ethische-richtlinien\/\" class=\"overlay-link\" rel=\"noopener\"><\/a>\n<\/div><\/div>\n<\/div><\/div>\n<\/div><\/section>\n\n\n\n<p><\/p>\n\n","protected":false},"excerpt":{"rendered":"<p>Hier findet man die zentralen Dokumente des BCC-Verbunds<\/p>\n","protected":false},"author":6,"featured_media":95176,"parent":97738,"menu_order":0,"comment_status":"closed","ping_status":"closed","template":"","meta":{"_acf_changed":false,"inline_featured_image":false,"_uag_custom_page_level_css":"","bcc_login_visibility":0,"bcc_groups":[],"bcc_groups_email":true,"bcc_visibility_groups":[],"bcc_visibility_groups_email":false,"sent_notifications":[],"footnotes":"","_links_to":"","_links_to_target":""},"class_list":["post-97595","page","type-page","status-publish","has-post-thumbnail","hentry"],"acf":{"rss_image":null},"featured_image_src":"https:\/\/bcc.no\/wp-content\/uploads\/2024\/09\/2024_Pinsestevne_Representantskapmote-20-scaled.jpg","yoast_head":"<!-- This site is optimized with the Yoast SEO plugin v27.4 - https:\/\/yoast.com\/product\/yoast-seo-wordpress\/ -->\n<title>Zentrale Dokumente<\/title>\n<meta name=\"description\" content=\"Auf dieser Seite findest du Jahresberichte, Presseinformationen, wichtige Dokumente und andere Richtlinien des BCC-Verbunds.\" \/>\n<meta name=\"robots\" content=\"index, follow, max-snippet:-1, max-image-preview:large, max-video-preview:-1\" \/>\n<link rel=\"canonical\" href=\"https:\/\/bcc.no\/de\/organisation\/wichtige-dokumente\/\" \/>\n<meta property=\"og:locale\" content=\"de_DE\" \/>\n<meta property=\"og:type\" content=\"article\" \/>\n<meta property=\"og:title\" content=\"Zentrale Dokumente\" \/>\n<meta property=\"og:description\" content=\"Auf dieser Seite findest du Jahresberichte, Presseinformationen, wichtige Dokumente und andere Richtlinien des BCC-Verbunds.\" \/>\n<meta property=\"og:url\" content=\"https:\/\/bcc.no\/de\/organisation\/wichtige-dokumente\/\" \/>\n<meta property=\"og:site_name\" content=\"BCC\" \/>\n<meta property=\"article:modified_time\" content=\"2025-04-07T18:46:12+00:00\" \/>\n<meta property=\"og:image\" content=\"https:\/\/bcc.no\/wp-content\/uploads\/2024\/09\/2024_Pinsestevne_Representantskapmote-20-scaled.jpg\" \/>\n\t<meta property=\"og:image:width\" content=\"2560\" \/>\n\t<meta property=\"og:image:height\" content=\"1707\" \/>\n\t<meta property=\"og:image:type\" content=\"image\/jpeg\" \/>\n<meta name=\"twitter:card\" content=\"summary_large_image\" \/>\n<meta name=\"twitter:label1\" content=\"Gesch\u00e4tzte Lesezeit\" \/>\n\t<meta name=\"twitter:data1\" content=\"1\u00a0Minute\" \/>\n<script type=\"application\/ld+json\" class=\"yoast-schema-graph\">{\"@context\":\"https:\\\/\\\/schema.org\",\"@graph\":[{\"@type\":\"WebPage\",\"@id\":\"https:\\\/\\\/bcc.no\\\/de\\\/organisation\\\/wichtige-dokumente\\\/\",\"url\":\"https:\\\/\\\/bcc.no\\\/de\\\/organisation\\\/wichtige-dokumente\\\/\",\"name\":\"Zentrale Dokumente\",\"isPartOf\":{\"@id\":\"https:\\\/\\\/bcc.no\\\/de\\\/#website\"},\"primaryImageOfPage\":{\"@id\":\"https:\\\/\\\/bcc.no\\\/de\\\/organisation\\\/wichtige-dokumente\\\/#primaryimage\"},\"image\":{\"@id\":\"https:\\\/\\\/bcc.no\\\/de\\\/organisation\\\/wichtige-dokumente\\\/#primaryimage\"},\"thumbnailUrl\":\"https:\\\/\\\/bcc.no\\\/wp-content\\\/uploads\\\/2024\\\/09\\\/2024_Pinsestevne_Representantskapmote-20-scaled.jpg\",\"datePublished\":\"2024-09-10T06:25:26+00:00\",\"dateModified\":\"2025-04-07T18:46:12+00:00\",\"description\":\"Auf dieser Seite findest du Jahresberichte, Presseinformationen, wichtige Dokumente und andere Richtlinien des BCC-Verbunds.\",\"breadcrumb\":{\"@id\":\"https:\\\/\\\/bcc.no\\\/de\\\/organisation\\\/wichtige-dokumente\\\/#breadcrumb\"},\"inLanguage\":\"de\",\"potentialAction\":[{\"@type\":\"ReadAction\",\"target\":[\"https:\\\/\\\/bcc.no\\\/de\\\/organisation\\\/wichtige-dokumente\\\/\"]}]},{\"@type\":\"ImageObject\",\"inLanguage\":\"de\",\"@id\":\"https:\\\/\\\/bcc.no\\\/de\\\/organisation\\\/wichtige-dokumente\\\/#primaryimage\",\"url\":\"https:\\\/\\\/bcc.no\\\/wp-content\\\/uploads\\\/2024\\\/09\\\/2024_Pinsestevne_Representantskapmote-20-scaled.jpg\",\"contentUrl\":\"https:\\\/\\\/bcc.no\\\/wp-content\\\/uploads\\\/2024\\\/09\\\/2024_Pinsestevne_Representantskapmote-20-scaled.jpg\",\"width\":2560,\"height\":1707},{\"@type\":\"WebSite\",\"@id\":\"https:\\\/\\\/bcc.no\\\/de\\\/#website\",\"url\":\"https:\\\/\\\/bcc.no\\\/de\\\/\",\"name\":\"BCC\",\"description\":\"et internasjonalt trossamfunn\",\"publisher\":{\"@id\":\"https:\\\/\\\/bcc.no\\\/de\\\/#organization\"},\"potentialAction\":[{\"@type\":\"SearchAction\",\"target\":{\"@type\":\"EntryPoint\",\"urlTemplate\":\"https:\\\/\\\/bcc.no\\\/de\\\/?s={search_term_string}\"},\"query-input\":{\"@type\":\"PropertyValueSpecification\",\"valueRequired\":true,\"valueName\":\"search_term_string\"}}],\"inLanguage\":\"de\"},{\"@type\":\"Organization\",\"@id\":\"https:\\\/\\\/bcc.no\\\/de\\\/#organization\",\"name\":\"BCC\",\"url\":\"https:\\\/\\\/bcc.no\\\/de\\\/\",\"logo\":{\"@type\":\"ImageObject\",\"inLanguage\":\"de\",\"@id\":\"https:\\\/\\\/bcc.no\\\/de\\\/#\\\/schema\\\/logo\\\/image\\\/\",\"url\":\"https:\\\/\\\/bcc.no\\\/wp-content\\\/uploads\\\/2026\\\/04\\\/bcc_logo_full.svg\",\"contentUrl\":\"https:\\\/\\\/bcc.no\\\/wp-content\\\/uploads\\\/2026\\\/04\\\/bcc_logo_full.svg\",\"caption\":\"BCC\"},\"image\":{\"@id\":\"https:\\\/\\\/bcc.no\\\/de\\\/#\\\/schema\\\/logo\\\/image\\\/\"}}]}<\/script>\n<!-- \/ Yoast SEO plugin. -->","yoast_head_json":{"title":"Zentrale Dokumente","description":"Auf dieser Seite findest du Jahresberichte, Presseinformationen, wichtige Dokumente und andere Richtlinien des BCC-Verbunds.","robots":{"index":"index","follow":"follow","max-snippet":"max-snippet:-1","max-image-preview":"max-image-preview:large","max-video-preview":"max-video-preview:-1"},"canonical":"https:\/\/bcc.no\/de\/organisation\/wichtige-dokumente\/","og_locale":"de_DE","og_type":"article","og_title":"Zentrale Dokumente","og_description":"Auf dieser Seite findest du Jahresberichte, Presseinformationen, wichtige Dokumente und andere Richtlinien des BCC-Verbunds.","og_url":"https:\/\/bcc.no\/de\/organisation\/wichtige-dokumente\/","og_site_name":"BCC","article_modified_time":"2025-04-07T18:46:12+00:00","og_image":[{"width":2560,"height":1707,"url":"https:\/\/bcc.no\/wp-content\/uploads\/2024\/09\/2024_Pinsestevne_Representantskapmote-20-scaled.jpg","type":"image\/jpeg"}],"twitter_card":"summary_large_image","twitter_misc":{"Gesch\u00e4tzte Lesezeit":"1\u00a0Minute"},"schema":{"@context":"https:\/\/schema.org","@graph":[{"@type":"WebPage","@id":"https:\/\/bcc.no\/de\/organisation\/wichtige-dokumente\/","url":"https:\/\/bcc.no\/de\/organisation\/wichtige-dokumente\/","name":"Zentrale Dokumente","isPartOf":{"@id":"https:\/\/bcc.no\/de\/#website"},"primaryImageOfPage":{"@id":"https:\/\/bcc.no\/de\/organisation\/wichtige-dokumente\/#primaryimage"},"image":{"@id":"https:\/\/bcc.no\/de\/organisation\/wichtige-dokumente\/#primaryimage"},"thumbnailUrl":"https:\/\/bcc.no\/wp-content\/uploads\/2024\/09\/2024_Pinsestevne_Representantskapmote-20-scaled.jpg","datePublished":"2024-09-10T06:25:26+00:00","dateModified":"2025-04-07T18:46:12+00:00","description":"Auf dieser Seite findest du Jahresberichte, Presseinformationen, wichtige Dokumente und andere Richtlinien des BCC-Verbunds.","breadcrumb":{"@id":"https:\/\/bcc.no\/de\/organisation\/wichtige-dokumente\/#breadcrumb"},"inLanguage":"de","potentialAction":[{"@type":"ReadAction","target":["https:\/\/bcc.no\/de\/organisation\/wichtige-dokumente\/"]}]},{"@type":"ImageObject","inLanguage":"de","@id":"https:\/\/bcc.no\/de\/organisation\/wichtige-dokumente\/#primaryimage","url":"https:\/\/bcc.no\/wp-content\/uploads\/2024\/09\/2024_Pinsestevne_Representantskapmote-20-scaled.jpg","contentUrl":"https:\/\/bcc.no\/wp-content\/uploads\/2024\/09\/2024_Pinsestevne_Representantskapmote-20-scaled.jpg","width":2560,"height":1707},{"@type":"WebSite","@id":"https:\/\/bcc.no\/de\/#website","url":"https:\/\/bcc.no\/de\/","name":"BCC","description":"et internasjonalt trossamfunn","publisher":{"@id":"https:\/\/bcc.no\/de\/#organization"},"potentialAction":[{"@type":"SearchAction","target":{"@type":"EntryPoint","urlTemplate":"https:\/\/bcc.no\/de\/?s={search_term_string}"},"query-input":{"@type":"PropertyValueSpecification","valueRequired":true,"valueName":"search_term_string"}}],"inLanguage":"de"},{"@type":"Organization","@id":"https:\/\/bcc.no\/de\/#organization","name":"BCC","url":"https:\/\/bcc.no\/de\/","logo":{"@type":"ImageObject","inLanguage":"de","@id":"https:\/\/bcc.no\/de\/#\/schema\/logo\/image\/","url":"https:\/\/bcc.no\/wp-content\/uploads\/2026\/04\/bcc_logo_full.svg","contentUrl":"https:\/\/bcc.no\/wp-content\/uploads\/2026\/04\/bcc_logo_full.svg","caption":"BCC"},"image":{"@id":"https:\/\/bcc.no\/de\/#\/schema\/logo\/image\/"}}]}},"uagb_featured_image_src":{"full":["https:\/\/bcc.no\/wp-content\/uploads\/2024\/09\/2024_Pinsestevne_Representantskapmote-20-scaled.jpg",2560,1707,false],"thumbnail":["https:\/\/bcc.no\/wp-content\/uploads\/2024\/09\/2024_Pinsestevne_Representantskapmote-20-150x150.jpg",150,150,true],"medium":["https:\/\/bcc.no\/wp-content\/uploads\/2024\/09\/2024_Pinsestevne_Representantskapmote-20-300x200.jpg",300,200,true],"medium_large":["https:\/\/bcc.no\/wp-content\/uploads\/2024\/09\/2024_Pinsestevne_Representantskapmote-20-768x512.jpg",640,427,true],"large":["https:\/\/bcc.no\/wp-content\/uploads\/2024\/09\/2024_Pinsestevne_Representantskapmote-20-1024x683.jpg",640,427,true],"1536x1536":["https:\/\/bcc.no\/wp-content\/uploads\/2024\/09\/2024_Pinsestevne_Representantskapmote-20-1536x1024.jpg",1536,1024,true],"2048x2048":["https:\/\/bcc.no\/wp-content\/uploads\/2024\/09\/2024_Pinsestevne_Representantskapmote-20-2048x1365.jpg",2048,1365,true]},"uagb_author_info":{"display_name":"Mathias Strand Kristiansen","author_link":"https:\/\/bcc.no\/de\/author\/22801\/"},"uagb_comment_info":0,"uagb_excerpt":"Hier findet man die zentralen Dokumente des BCC-Verbunds","_links":{"self":[{"href":"https:\/\/bcc.no\/de\/wp-json\/wp\/v2\/pages\/97595","targetHints":{"allow":["GET"]}}],"collection":[{"href":"https:\/\/bcc.no\/de\/wp-json\/wp\/v2\/pages"}],"about":[{"href":"https:\/\/bcc.no\/de\/wp-json\/wp\/v2\/types\/page"}],"author":[{"embeddable":true,"href":"https:\/\/bcc.no\/de\/wp-json\/wp\/v2\/users\/6"}],"replies":[{"embeddable":true,"href":"https:\/\/bcc.no\/de\/wp-json\/wp\/v2\/comments?post=97595"}],"version-history":[{"count":8,"href":"https:\/\/bcc.no\/de\/wp-json\/wp\/v2\/pages\/97595\/revisions"}],"predecessor-version":[{"id":132669,"href":"https:\/\/bcc.no\/de\/wp-json\/wp\/v2\/pages\/97595\/revisions\/132669"}],"up":[{"embeddable":true,"href":"https:\/\/bcc.no\/de\/wp-json\/wp\/v2\/pages\/97738"}],"wp:featuredmedia":[{"embeddable":true,"href":"https:\/\/bcc.no\/de\/wp-json\/wp\/v2\/media\/95176"}],"wp:attachment":[{"href":"https:\/\/bcc.no\/de\/wp-json\/wp\/v2\/media?parent=97595"}],"curies":[{"name":"wp","href":"https:\/\/api.w.org\/{rel}","templated":true}]}}