{"id":97466,"date":"2024-09-10T07:24:03","date_gmt":"2024-09-10T06:24:03","guid":{"rendered":"https:\/\/bcc.no\/leitung\/"},"modified":"2025-01-29T12:22:49","modified_gmt":"2025-01-29T11:22:49","slug":"leitung","status":"publish","type":"page","link":"https:\/\/bcc.no\/de\/organisation\/leitung\/","title":{"rendered":"Leitung"},"content":{"rendered":"\n<div class=\"wp-block-group\"><div class=\"wp-block-group__inner-container is-layout-constrained wp-block-group-is-layout-constrained\"><div class=\"yoast-breadcrumbs\"><span><span><a href=\"https:\/\/bcc.no\/de\/startseite\/\">Startseite<\/a><\/span> \/ <span><a href=\"https:\/\/bcc.no\/de\/organisation\/\">Organisation des BCC-Verbunds<\/a><\/span> \/ <span class=\"breadcrumb_last\" aria-current=\"page\"><a href=\"https:\/\/bcc.no\/de\/organisation\/leitung\/\">Leitung<\/a><\/span><\/span><\/div>\n\n\n<h4 class=\"wp-block-heading featuredParagraph\" id=\"her-kan-du-lese-om-hvordan-den-internasjonale-organiseringen-av-bcc-rustes-for-framtiden\"><strong>Der internationale BCC-Verbund wird von mehreren Gremien geleitet. \u00dcbergeordnet stehen die Delegiertenversammlung und die Geistliche Leitung.<\/strong><\/h4>\n\n\n\n<hr class=\"wp-block-separator has-css-opacity\"\/>\n<\/div><\/div>\n\n\n\n<div class=\"wp-block-group\"><div class=\"wp-block-group__inner-container is-layout-constrained wp-block-group-is-layout-constrained\">\n<h3 class=\"wp-block-heading\">Die Delegiertenversammlung<\/h3>\n\n\n\n<p>Die Delegiertenversammlung ist das oberste Entscheidungsgremium in allen praktischen, rechtlichen und finanziellen Angelegenheiten.<\/p>\n\n\n\n<p>Die Delegiertenversammlung umfasst etwa 180 Vertreter, die in den L\u00e4ndern mit BCC-Gemeinden von den Mitgliedern aus deren eigenen Reihen gew\u00e4hlt werden. Die Anzahl der Delegierten h\u00e4ngt von der Anzahl der Mitglieder der jeweiligen Ortsgemeinden ab. <\/p>\n\n\n\n<p>Die Delegiertenversammlung tritt mindestens zwei Mal im Jahr zusammen.<\/p>\n\n\n\n<p>Die Delegiertenversammlung beschlie\u00dft Satzungs\u00e4nderungen und j\u00e4hrliche Budgetrahmen. Sie ist die bewilligende Instanz, die Mittel und Zusch\u00fcsse zur Erreichung der Zielsetzung zuteilt.<\/p>\n\n\n\n<figure class=\"wp-block-image size-full\"><img loading=\"lazy\" decoding=\"async\" width=\"2520\" height=\"1080\" src=\"https:\/\/bcc.no\/wp-content\/uploads\/2024\/12\/2024_representantskapet_gruppebilde.jpg\" alt=\"\" class=\"wp-image-111985\"\/><\/figure>\n\n\n\n<p>Weder die Delegiertenversammlung noch die geistliche Leitung k\u00f6nnen Beschl\u00fcsse fassen, die unmittelbare Auswirkungen auf die Mitgliedsorganisationen haben, es sei denn, dies ist in deren eigenen Satzungen so vorgesehen.<\/p>\n<\/div><\/div>\n\n\n\n<div class=\"wp-block-group\"><div class=\"wp-block-group__inner-container is-layout-constrained wp-block-group-is-layout-constrained\">\n<h3 class=\"wp-block-heading\">Gesch\u00e4ftsstelle der Delegiertenversammlung<\/h3>\n\n\n\n<p>Die Gesch\u00e4ftsstelle fungiert auch als Vorstand der Zentralorganisation und vertritt den BCC-Verbund nach au\u00dfen.<\/p>\n\n\n\n<p>Die Aufgabe der Gesch\u00e4ftsstelle ist es, die Beschl\u00fcsse der Delegiertenversammlung umzusetzen und die Bereiche IT, Recht, Compliance, Finanzen, Innenrevision und Kommunikation zu koordinieren. <\/p>\n\n\n\n<p>Mitglieder der Gesch\u00e4ftsstelle im Jahr 2024:<\/p>\n\n\n\n<figure class=\"wp-block-image size-large\"><img loading=\"lazy\" decoding=\"async\" width=\"1024\" height=\"683\" src=\"http:\/\/bcc.no\/wp-content\/uploads\/2024\/12\/Sekretariatet_03-1024x683.jpg\" alt=\"\" class=\"wp-image-112065\"\/><figcaption class=\"wp-element-caption\">Tore Aslaksen, Thijs Flietstra und Berit Hustad Nilsen.<\/figcaption><\/figure>\n<\/div><\/div>\n\n\n\n<div class=\"wp-block-group\"><div class=\"wp-block-group__inner-container is-layout-constrained wp-block-group-is-layout-constrained\">\n<h2 class=\"wp-block-heading\">Die Geistliche Leitung<\/h2>\n\n\n\n<p>Die Geistliche Leitung nimmt die geistliche und vision\u00e4re Leitung wahr. Sie tr\u00e4gt die Verantwortung f\u00fcr die Lehre und die christlichen Inhalte der Veranstaltungen der Freikirche. <\/p>\n\n\n\n<p>Die j\u00e4hrliche Versammlung der Gemeindevorsteher mit ca. 120 Vorstehern aus verschiedenen L\u00e4ndern best\u00e4tigt die Zusammensetzung der Geistlichen Leitung. Um als Mitglied der Geistlichen Leitung gew\u00e4hlt zu werden, muss man durch ein gottesf\u00fcrchtiges Leben sowohl das Vertrauen der leitenden Vorsteher als auch der Mitglieder genie\u00dfen; denn die Wahl erfolgt nach biblischem Vorbild. <\/p>\n\n\n\n<p>Die zentrale Geistliche Leitung besteht aus vier Personen:<\/p>\n\n\n\n<div class=\"wp-block-columns editorskit-no-mobile is-layout-flex wp-container-core-columns-is-layout-9d6595d7 wp-block-columns-is-layout-flex\">\n<div class=\"wp-block-column is-layout-flow wp-block-column-is-layout-flow\">\n<figure class=\"wp-block-image size-large\"><img loading=\"lazy\" decoding=\"async\" width=\"768\" height=\"1024\" src=\"http:\/\/bcc.no\/wp-content\/uploads\/2024\/09\/KareS-768x1024.jpg\" alt=\"\" class=\"wp-image-95365\"\/><figcaption class=\"wp-element-caption\">K\u00e5re Johan Smith<\/figcaption><\/figure>\n<\/div>\n\n\n\n<div class=\"wp-block-column is-layout-flow wp-block-column-is-layout-flow\">\n<figure class=\"wp-block-image size-full\"><img loading=\"lazy\" decoding=\"async\" width=\"768\" height=\"1023\" src=\"https:\/\/bcc.no\/wp-content\/uploads\/2024\/10\/HaraldK.jpg\" alt=\"\" class=\"wp-image-96953\"\/><figcaption class=\"wp-element-caption\">Harald Kronstad<\/figcaption><\/figure>\n<\/div>\n\n\n\n<div class=\"wp-block-column is-layout-flow wp-block-column-is-layout-flow\">\n<figure class=\"wp-block-image size-large\"><img loading=\"lazy\" decoding=\"async\" width=\"768\" height=\"1024\" src=\"http:\/\/bcc.no\/wp-content\/uploads\/2024\/09\/BjornN-768x1024.jpg\" alt=\"\" class=\"wp-image-95355\"\/><figcaption class=\"wp-element-caption\">Bj\u00f8rn Nilsen<\/figcaption><\/figure>\n<\/div>\n\n\n\n<div class=\"wp-block-column is-layout-flow wp-block-column-is-layout-flow\">\n<figure class=\"wp-block-image size-large\"><img loading=\"lazy\" decoding=\"async\" width=\"768\" height=\"1024\" src=\"http:\/\/bcc.no\/wp-content\/uploads\/2024\/09\/TrondE-768x1024.jpg\" alt=\"\" class=\"wp-image-95370\"\/><figcaption class=\"wp-element-caption\">Trond Eriksen<\/figcaption><\/figure>\n<\/div>\n<\/div>\n\n\n\n<div class=\"wp-block-group editorskit-no-desktop editorskit-no-tablet\"><div class=\"wp-block-group__inner-container is-layout-constrained wp-block-group-is-layout-constrained\">\n<div class=\"wp-block-columns is-not-stacked-on-mobile is-layout-flex wp-container-core-columns-is-layout-9d6595d7 wp-block-columns-is-layout-flex\">\n<div class=\"wp-block-column is-layout-flow wp-block-column-is-layout-flow\">\n<figure class=\"wp-block-image size-large\"><img loading=\"lazy\" decoding=\"async\" width=\"768\" height=\"1024\" src=\"http:\/\/bcc.no\/wp-content\/uploads\/2024\/09\/KareS-768x1024.jpg\" alt=\"\" class=\"wp-image-95365\"\/><figcaption class=\"wp-element-caption\">K\u00e5re Johan Smith<\/figcaption><\/figure>\n<\/div>\n\n\n\n<div class=\"wp-block-column is-layout-flow wp-block-column-is-layout-flow\">\n<figure class=\"wp-block-image size-full\"><img loading=\"lazy\" decoding=\"async\" width=\"768\" height=\"1023\" src=\"https:\/\/bcc.no\/wp-content\/uploads\/2024\/10\/HaraldK-1.jpg\" alt=\"\" class=\"wp-image-96958\"\/><figcaption class=\"wp-element-caption\">Harald Kronstad<\/figcaption><\/figure>\n<\/div>\n<\/div>\n\n\n\n<div class=\"wp-block-columns is-not-stacked-on-mobile is-layout-flex wp-container-core-columns-is-layout-9d6595d7 wp-block-columns-is-layout-flex\">\n<div class=\"wp-block-column is-layout-flow wp-block-column-is-layout-flow\">\n<figure class=\"wp-block-image size-large\"><img loading=\"lazy\" decoding=\"async\" width=\"768\" height=\"1024\" src=\"http:\/\/bcc.no\/wp-content\/uploads\/2024\/09\/BjornN-768x1024.jpg\" alt=\"\" class=\"wp-image-95355\"\/><figcaption class=\"wp-element-caption\">Bj\u00f8rn Nilsen<\/figcaption><\/figure>\n<\/div>\n\n\n\n<div class=\"wp-block-column is-layout-flow wp-block-column-is-layout-flow\">\n<figure class=\"wp-block-image size-large\"><img loading=\"lazy\" decoding=\"async\" width=\"768\" height=\"1024\" src=\"http:\/\/bcc.no\/wp-content\/uploads\/2024\/09\/TrondE-768x1024.jpg\" alt=\"\" class=\"wp-image-95370\"\/><figcaption class=\"wp-element-caption\">Trond Eriksen<\/figcaption><\/figure>\n<\/div>\n<\/div>\n<\/div><\/div>\n<\/div><\/div>\n\n\n\n<div class=\"wp-block-group\"><div class=\"wp-block-group__inner-container is-layout-constrained wp-block-group-is-layout-constrained\">\n<h4 class=\"wp-block-heading\">Vorsitzender der Geistlichen Leitung &#8211; K\u00e5re Johan Smith<\/h4>\n\n\n\n<p>Seit K\u00e5re J. Smith in den 1990er Jahren die geistliche Leitung der Freikirche \u00fcbernommen hat, hat er die Gemeinde mit sicherer Hand in eine neue Zeit gef\u00fchrt. Er hat zur Erneuerung und Entwicklung beigetragen, insbesondere in Bezug auf Aktivit\u00e4ten f\u00fcr Kinder und Jugendliche sowie der Nutzung von Technologien zur Vermittlung der christlichen Botschaft. \u00a0<\/p>\n\n\n\n<p>Er erh\u00e4lt kein Gehalt von der Freikirche.<\/p>\n<\/div><\/div>\n\n\n\n<div class=\"wp-block-group\"><div class=\"wp-block-group__inner-container is-layout-constrained wp-block-group-is-layout-constrained\">\n<h2 class=\"wp-block-heading\">Teilorganisationen<\/h2>\n\n\n\n<p>Die Teilorganisationen, die dem BCC-Verbund angeschlossen sind, haben Vorst\u00e4nde und Leiter, die eigenst\u00e4ndig Verantwortung f\u00fcr ihre Organisation tragen. Die Vorstandsmitglieder werden von der Delegiertenversammlung gew\u00e4hlt. Strategiepl\u00e4ne und Budgets werden in den jeweiligen Vorst\u00e4nden beschlossen; sie beantragen dann die ggf. notwendigen finanziellen Mittel bei der Delegiertenversammlung.<\/p>\n\n\n\n<h2 class=\"wp-block-heading\">Ortsgemeinden<\/h2>\n\n\n\n<p>Die Ortsgemeinden, die Teil der BCC-Verbunds sind, m\u00fcssen eigene Vorstandsgremien haben und ihren Gesch\u00e4ftsbetrieb ordnungsgem\u00e4\u00df organisieren. <\/p>\n\n\n\n<p>Dar\u00fcber hinaus hat der Verbund Mindestanforderungen f\u00fcr Themenbereiche wie Organisation, Mitgliederversammlungen, Budgetierung und Buchhaltung festgelegt, um sicherzustellen, dass die Arbeit der BCC auf allen Ebenen auf Gerechtigkeit gegr\u00fcndet ist.<\/p>\n\n\n\n<div class=\"wp-block-buttons is-layout-flex wp-block-buttons-is-layout-flex\">\n<div class=\"wp-block-button\"><a class=\"wp-block-button__link wp-element-button arrow_right_alt\" href=\"https:\/\/bcc.no\/de\/organisation\/\" rel=\"\">Mehr \u00fcber die Organisation lesen<\/a><\/div>\n<\/div>\n<\/div><\/div>\n\n\n\n<div class=\"wp-block-group\"><div class=\"wp-block-group__inner-container is-layout-constrained wp-block-group-is-layout-constrained\">\n    <section class=\"related-articles\" data-columns=\"3\">\n        <h2>Mehr hierzu:<\/h2>\n        <div class=\"related-articles-items\">\n                            <div id=\"post-143129\" class=\"article has-image\">\n                    <div class=\"article-card no-content\">No post available.<\/div>                <\/div>\n                            <div id=\"post-138353\" class=\"article has-image\">\n                    <div class=\"article-card no-content\">No post available.<\/div>                <\/div>\n                            <div id=\"post-130851\" class=\"article has-image\">\n                    <div class=\"article-card no-content\">No post available.<\/div>                <\/div>\n                                <\/div>\n    <\/section>\n<\/div><\/div>\n\n","protected":false},"excerpt":{"rendered":"<p>Der internationale BCC-Verbund wird von mehreren Gremien geleitet. \u00dcbergeordnet stehen die Delegiertenversammlung und die Geistliche Leitung. Die Delegiertenversammlung Die Delegiertenversammlung ist das oberste Entscheidungsgremium in allen praktischen, rechtlichen und finanziellen Angelegenheiten. Die Delegiertenversammlung umfasst etwa 180 Vertreter, die in den L\u00e4ndern mit BCC-Gemeinden von den Mitgliedern aus deren eigenen Reihen gew\u00e4hlt werden. Die Anzahl der [&hellip;]<\/p>\n","protected":false},"author":6,"featured_media":95727,"parent":97738,"menu_order":0,"comment_status":"closed","ping_status":"closed","template":"","meta":{"_acf_changed":false,"inline_featured_image":false,"_uag_custom_page_level_css":"","bcc_login_visibility":0,"bcc_groups":[],"bcc_groups_email":true,"bcc_visibility_groups":[],"bcc_visibility_groups_email":false,"sent_notifications":[],"footnotes":"","_links_to":"","_links_to_target":""},"class_list":["post-97466","page","type-page","status-publish","has-post-thumbnail","hentry"],"acf":{"rss_image":null},"featured_image_src":"https:\/\/bcc.no\/wp-content\/uploads\/2024\/09\/Landskapsmote-Representantskapsmote-2023-19-1-scaled.jpg","yoast_head":"<!-- This site is optimized with the Yoast SEO plugin v27.2 - https:\/\/yoast.com\/product\/yoast-seo-wordpress\/ -->\n<title>Leitung - BCC<\/title>\n<meta name=\"description\" content=\"Informationen \u00fcber die Leitungsstruktur der Brunstad Christian Church - einschlie\u00dflich der Aufgaben und Verantwortungsbereiche der Delegiertenversammlung und der Geistlichen Leitung der Freikirche.\" \/>\n<meta name=\"robots\" content=\"index, follow, max-snippet:-1, max-image-preview:large, max-video-preview:-1\" \/>\n<link rel=\"canonical\" href=\"https:\/\/bcc.no\/de\/organisation\/leitung\/\" \/>\n<meta property=\"og:locale\" content=\"de_DE\" \/>\n<meta property=\"og:type\" content=\"article\" \/>\n<meta property=\"og:title\" content=\"Leitung - BCC\" \/>\n<meta property=\"og:description\" content=\"Informationen \u00fcber die Leitungsstruktur der Brunstad Christian Church - einschlie\u00dflich der Aufgaben und Verantwortungsbereiche der Delegiertenversammlung und der Geistlichen Leitung der Freikirche.\" \/>\n<meta property=\"og:url\" content=\"https:\/\/bcc.no\/de\/organisation\/leitung\/\" \/>\n<meta property=\"og:site_name\" content=\"BCC\" \/>\n<meta property=\"article:modified_time\" content=\"2025-01-29T11:22:49+00:00\" \/>\n<meta property=\"og:image\" content=\"https:\/\/bcc.no\/wp-content\/uploads\/2024\/09\/Landskapsmote-Representantskapsmote-2023-19-1-scaled.jpg\" \/>\n\t<meta property=\"og:image:width\" content=\"2560\" \/>\n\t<meta property=\"og:image:height\" content=\"695\" \/>\n\t<meta property=\"og:image:type\" content=\"image\/jpeg\" \/>\n<meta name=\"twitter:card\" content=\"summary_large_image\" \/>\n<meta name=\"twitter:label1\" content=\"Gesch\u00e4tzte Lesezeit\" \/>\n\t<meta name=\"twitter:data1\" content=\"5\u00a0Minuten\" \/>\n<script type=\"application\/ld+json\" class=\"yoast-schema-graph\">{\"@context\":\"https:\/\/schema.org\",\"@graph\":[{\"@type\":\"WebPage\",\"@id\":\"https:\/\/bcc.no\/de\/organisation\/leitung\/\",\"url\":\"https:\/\/bcc.no\/de\/organisation\/leitung\/\",\"name\":\"Leitung - BCC\",\"isPartOf\":{\"@id\":\"https:\/\/bcc.no\/de\/#website\"},\"primaryImageOfPage\":{\"@id\":\"https:\/\/bcc.no\/de\/organisation\/leitung\/#primaryimage\"},\"image\":{\"@id\":\"https:\/\/bcc.no\/de\/organisation\/leitung\/#primaryimage\"},\"thumbnailUrl\":\"https:\/\/bcc.no\/wp-content\/uploads\/2024\/09\/Landskapsmote-Representantskapsmote-2023-19-1-scaled.jpg\",\"datePublished\":\"2024-09-10T06:24:03+00:00\",\"dateModified\":\"2025-01-29T11:22:49+00:00\",\"description\":\"Informationen \u00fcber die Leitungsstruktur der Brunstad Christian Church - einschlie\u00dflich der Aufgaben und Verantwortungsbereiche der Delegiertenversammlung und der Geistlichen Leitung der Freikirche.\",\"breadcrumb\":{\"@id\":\"https:\/\/bcc.no\/de\/organisation\/leitung\/#breadcrumb\"},\"inLanguage\":\"de\",\"potentialAction\":[{\"@type\":\"ReadAction\",\"target\":[\"https:\/\/bcc.no\/de\/organisation\/leitung\/\"]}]},{\"@type\":\"ImageObject\",\"inLanguage\":\"de\",\"@id\":\"https:\/\/bcc.no\/de\/organisation\/leitung\/#primaryimage\",\"url\":\"https:\/\/bcc.no\/wp-content\/uploads\/2024\/09\/Landskapsmote-Representantskapsmote-2023-19-1-scaled.jpg\",\"contentUrl\":\"https:\/\/bcc.no\/wp-content\/uploads\/2024\/09\/Landskapsmote-Representantskapsmote-2023-19-1-scaled.jpg\",\"width\":2560,\"height\":695},{\"@type\":\"BreadcrumbList\",\"@id\":\"https:\/\/bcc.no\/de\/organisation\/leitung\/#breadcrumb\",\"itemListElement\":[{\"@type\":\"ListItem\",\"position\":1,\"name\":\"Startseite\",\"item\":\"https:\/\/bcc.no\/de\/startseite\/\"},{\"@type\":\"ListItem\",\"position\":2,\"name\":\"Organisation des BCC-Verbunds\",\"item\":\"https:\/\/bcc.no\/de\/organisation\/\"},{\"@type\":\"ListItem\",\"position\":3,\"name\":\"Leitung\"}]},{\"@type\":\"WebSite\",\"@id\":\"https:\/\/bcc.no\/de\/#website\",\"url\":\"https:\/\/bcc.no\/de\/\",\"name\":\"BCC\",\"description\":\"et internasjonalt trossamfunn\",\"publisher\":{\"@id\":\"https:\/\/bcc.no\/de\/#organization\"},\"potentialAction\":[{\"@type\":\"SearchAction\",\"target\":{\"@type\":\"EntryPoint\",\"urlTemplate\":\"https:\/\/bcc.no\/de\/?s={search_term_string}\"},\"query-input\":{\"@type\":\"PropertyValueSpecification\",\"valueRequired\":true,\"valueName\":\"search_term_string\"}}],\"inLanguage\":\"de\"},{\"@type\":\"Organization\",\"@id\":\"https:\/\/bcc.no\/de\/#organization\",\"name\":\"BCC\",\"url\":\"https:\/\/bcc.no\/de\/\",\"logo\":{\"@type\":\"ImageObject\",\"inLanguage\":\"de\",\"@id\":\"https:\/\/bcc.no\/de\/#\/schema\/logo\/image\/\",\"url\":\"https:\/\/bcc.no\/wp-content\/uploads\/2024\/09\/BCC-logo_RGB.svg\",\"contentUrl\":\"https:\/\/bcc.no\/wp-content\/uploads\/2024\/09\/BCC-logo_RGB.svg\",\"caption\":\"BCC\"},\"image\":{\"@id\":\"https:\/\/bcc.no\/de\/#\/schema\/logo\/image\/\"}}]}<\/script>\n<!-- \/ Yoast SEO plugin. -->","yoast_head_json":{"title":"Leitung - BCC","description":"Informationen \u00fcber die Leitungsstruktur der Brunstad Christian Church - einschlie\u00dflich der Aufgaben und Verantwortungsbereiche der Delegiertenversammlung und der Geistlichen Leitung der Freikirche.","robots":{"index":"index","follow":"follow","max-snippet":"max-snippet:-1","max-image-preview":"max-image-preview:large","max-video-preview":"max-video-preview:-1"},"canonical":"https:\/\/bcc.no\/de\/organisation\/leitung\/","og_locale":"de_DE","og_type":"article","og_title":"Leitung - BCC","og_description":"Informationen \u00fcber die Leitungsstruktur der Brunstad Christian Church - einschlie\u00dflich der Aufgaben und Verantwortungsbereiche der Delegiertenversammlung und der Geistlichen Leitung der Freikirche.","og_url":"https:\/\/bcc.no\/de\/organisation\/leitung\/","og_site_name":"BCC","article_modified_time":"2025-01-29T11:22:49+00:00","og_image":[{"width":2560,"height":695,"url":"https:\/\/bcc.no\/wp-content\/uploads\/2024\/09\/Landskapsmote-Representantskapsmote-2023-19-1-scaled.jpg","type":"image\/jpeg"}],"twitter_card":"summary_large_image","twitter_misc":{"Gesch\u00e4tzte Lesezeit":"5\u00a0Minuten"},"schema":{"@context":"https:\/\/schema.org","@graph":[{"@type":"WebPage","@id":"https:\/\/bcc.no\/de\/organisation\/leitung\/","url":"https:\/\/bcc.no\/de\/organisation\/leitung\/","name":"Leitung - BCC","isPartOf":{"@id":"https:\/\/bcc.no\/de\/#website"},"primaryImageOfPage":{"@id":"https:\/\/bcc.no\/de\/organisation\/leitung\/#primaryimage"},"image":{"@id":"https:\/\/bcc.no\/de\/organisation\/leitung\/#primaryimage"},"thumbnailUrl":"https:\/\/bcc.no\/wp-content\/uploads\/2024\/09\/Landskapsmote-Representantskapsmote-2023-19-1-scaled.jpg","datePublished":"2024-09-10T06:24:03+00:00","dateModified":"2025-01-29T11:22:49+00:00","description":"Informationen \u00fcber die Leitungsstruktur der Brunstad Christian Church - einschlie\u00dflich der Aufgaben und Verantwortungsbereiche der Delegiertenversammlung und der Geistlichen Leitung der Freikirche.","breadcrumb":{"@id":"https:\/\/bcc.no\/de\/organisation\/leitung\/#breadcrumb"},"inLanguage":"de","potentialAction":[{"@type":"ReadAction","target":["https:\/\/bcc.no\/de\/organisation\/leitung\/"]}]},{"@type":"ImageObject","inLanguage":"de","@id":"https:\/\/bcc.no\/de\/organisation\/leitung\/#primaryimage","url":"https:\/\/bcc.no\/wp-content\/uploads\/2024\/09\/Landskapsmote-Representantskapsmote-2023-19-1-scaled.jpg","contentUrl":"https:\/\/bcc.no\/wp-content\/uploads\/2024\/09\/Landskapsmote-Representantskapsmote-2023-19-1-scaled.jpg","width":2560,"height":695},{"@type":"BreadcrumbList","@id":"https:\/\/bcc.no\/de\/organisation\/leitung\/#breadcrumb","itemListElement":[{"@type":"ListItem","position":1,"name":"Startseite","item":"https:\/\/bcc.no\/de\/startseite\/"},{"@type":"ListItem","position":2,"name":"Organisation des BCC-Verbunds","item":"https:\/\/bcc.no\/de\/organisation\/"},{"@type":"ListItem","position":3,"name":"Leitung"}]},{"@type":"WebSite","@id":"https:\/\/bcc.no\/de\/#website","url":"https:\/\/bcc.no\/de\/","name":"BCC","description":"et internasjonalt trossamfunn","publisher":{"@id":"https:\/\/bcc.no\/de\/#organization"},"potentialAction":[{"@type":"SearchAction","target":{"@type":"EntryPoint","urlTemplate":"https:\/\/bcc.no\/de\/?s={search_term_string}"},"query-input":{"@type":"PropertyValueSpecification","valueRequired":true,"valueName":"search_term_string"}}],"inLanguage":"de"},{"@type":"Organization","@id":"https:\/\/bcc.no\/de\/#organization","name":"BCC","url":"https:\/\/bcc.no\/de\/","logo":{"@type":"ImageObject","inLanguage":"de","@id":"https:\/\/bcc.no\/de\/#\/schema\/logo\/image\/","url":"https:\/\/bcc.no\/wp-content\/uploads\/2024\/09\/BCC-logo_RGB.svg","contentUrl":"https:\/\/bcc.no\/wp-content\/uploads\/2024\/09\/BCC-logo_RGB.svg","caption":"BCC"},"image":{"@id":"https:\/\/bcc.no\/de\/#\/schema\/logo\/image\/"}}]}},"uagb_featured_image_src":{"full":["https:\/\/bcc.no\/wp-content\/uploads\/2024\/09\/Landskapsmote-Representantskapsmote-2023-19-1-scaled.jpg",2560,695,false],"thumbnail":["https:\/\/bcc.no\/wp-content\/uploads\/2024\/09\/Landskapsmote-Representantskapsmote-2023-19-1-150x150.jpg",150,150,true],"medium":["https:\/\/bcc.no\/wp-content\/uploads\/2024\/09\/Landskapsmote-Representantskapsmote-2023-19-1-300x81.jpg",300,81,true],"medium_large":["https:\/\/bcc.no\/wp-content\/uploads\/2024\/09\/Landskapsmote-Representantskapsmote-2023-19-1-768x208.jpg",640,173,true],"large":["https:\/\/bcc.no\/wp-content\/uploads\/2024\/09\/Landskapsmote-Representantskapsmote-2023-19-1-1024x278.jpg",640,174,true],"1536x1536":["https:\/\/bcc.no\/wp-content\/uploads\/2024\/09\/Landskapsmote-Representantskapsmote-2023-19-1-1536x417.jpg",1536,417,true],"2048x2048":["https:\/\/bcc.no\/wp-content\/uploads\/2024\/09\/Landskapsmote-Representantskapsmote-2023-19-1-2048x556.jpg",2048,556,true]},"uagb_author_info":{"display_name":"Mathias Strand Kristiansen","author_link":"https:\/\/bcc.no\/de\/author\/22801\/"},"uagb_comment_info":0,"uagb_excerpt":"Der internationale BCC-Verbund wird von mehreren Gremien geleitet. \u00dcbergeordnet stehen die Delegiertenversammlung und die Geistliche Leitung. Die Delegiertenversammlung Die Delegiertenversammlung ist das oberste Entscheidungsgremium in allen praktischen, rechtlichen und finanziellen Angelegenheiten. Die Delegiertenversammlung umfasst etwa 180 Vertreter, die in den L\u00e4ndern mit BCC-Gemeinden von den Mitgliedern aus deren eigenen Reihen gew\u00e4hlt werden. Die Anzahl der&hellip;","_links":{"self":[{"href":"https:\/\/bcc.no\/de\/wp-json\/wp\/v2\/pages\/97466","targetHints":{"allow":["GET"]}}],"collection":[{"href":"https:\/\/bcc.no\/de\/wp-json\/wp\/v2\/pages"}],"about":[{"href":"https:\/\/bcc.no\/de\/wp-json\/wp\/v2\/types\/page"}],"author":[{"embeddable":true,"href":"https:\/\/bcc.no\/de\/wp-json\/wp\/v2\/users\/6"}],"replies":[{"embeddable":true,"href":"https:\/\/bcc.no\/de\/wp-json\/wp\/v2\/comments?post=97466"}],"version-history":[{"count":14,"href":"https:\/\/bcc.no\/de\/wp-json\/wp\/v2\/pages\/97466\/revisions"}],"predecessor-version":[{"id":128719,"href":"https:\/\/bcc.no\/de\/wp-json\/wp\/v2\/pages\/97466\/revisions\/128719"}],"up":[{"embeddable":true,"href":"https:\/\/bcc.no\/de\/wp-json\/wp\/v2\/pages\/97738"}],"wp:featuredmedia":[{"embeddable":true,"href":"https:\/\/bcc.no\/de\/wp-json\/wp\/v2\/media\/95727"}],"wp:attachment":[{"href":"https:\/\/bcc.no\/de\/wp-json\/wp\/v2\/media?parent=97466"}],"curies":[{"name":"wp","href":"https:\/\/api.w.org\/{rel}","templated":true}]}}