{"id":97463,"date":"2024-09-10T07:24:29","date_gmt":"2024-09-10T06:24:29","guid":{"rendered":"https:\/\/bcc.no\/unsere-initiativen\/"},"modified":"2025-09-29T15:13:19","modified_gmt":"2025-09-29T14:13:19","slug":"unsere-initiativen","status":"publish","type":"page","link":"https:\/\/bcc.no\/de\/organisation\/unsere-initiativen\/","title":{"rendered":"Unsere Schwerpunkte"},"content":{"rendered":"\n<div class=\"wp-block-group\"><div class=\"wp-block-group__inner-container is-layout-constrained wp-block-group-is-layout-constrained\"><div class=\"yoast-breadcrumbs\"><span><span><a href=\"https:\/\/bcc.no\/de\/startseite\/\">Startseite<\/a><\/span> \/ <span><a href=\"https:\/\/bcc.no\/de\/organisation\/\">Organisation des BCC-Verbunds<\/a><\/span> \/ <span class=\"breadcrumb_last\" aria-current=\"page\"><a href=\"https:\/\/bcc.no\/de\/organisation\/unsere-initiativen\/\">Unsere Schwerpunkte<\/a><\/span><\/span><\/div>\n\n\n<h4 class=\"wp-block-heading featuredParagraph\" id=\"her-kan-du-lese-om-hvordan-den-internasjonale-organiseringen-av-bcc-rustes-for-framtiden\"><strong>Der BCC-Verbund hat acht Teilorganisationen, welche die Schwerpunkte f\u00fcr die ganze Glaubensgemeinschaft abbilden. Jede Teilorganisation hat eine eigenst\u00e4ndige Leitung und einen eigenen Auftrag im Rahmen der Zielsetzung des Verbunds. Mehr dazu:<\/strong><\/h4>\n\n\n\n<hr class=\"wp-block-separator has-css-opacity is-style-default\"\/>\n\n\n\n<div style=\"height:10px\" aria-hidden=\"true\" class=\"wp-block-spacer\"><\/div>\n<\/div><\/div>\n\n\n\n<section class=\"wp-block-group initiatives\"><div class=\"wp-block-group__inner-container is-layout-flow wp-block-group-is-layout-flow\">\n<div class=\"wp-block-group\"><div class=\"wp-block-group__inner-container is-layout-constrained wp-block-group-is-layout-constrained\">\n<div class=\"wp-block-cover is-light has-background-dark\" style=\"min-height:120px;aspect-ratio:unset;\"><span aria-hidden=\"true\" class=\"wp-block-cover__background has-background-dim-100 has-background-dim\" style=\"background-color:#f3f1e1\"><\/span><div class=\"wp-block-cover__inner-container is-layout-flow wp-block-cover-is-layout-flow\">\n<figure class=\"wp-block-image size-large is-resized\"><img decoding=\"async\" src=\"https:\/\/bcc.no\/wp-content\/uploads\/2024\/07\/media.svg\" alt=\"\" style=\"object-fit:cover;width:40px;height:40px\"\/><\/figure>\n\n\n\n<h3 class=\"wp-block-heading\" id=\"2-media\">Media<\/h3>\n\n\n\n<p>Entwickelt Videospiele und produziert Medien f\u00fcr Camps, Konferenzen, Bibelstudien und Kindergottesdienste. <a href=\"https:\/\/bcc.media\/no\/\" target=\"_blank\" rel=\"noreferrer noopener\"><\/a><\/p>\n\n\n\n<div class=\"wp-block-buttons is-layout-flex wp-block-buttons-is-layout-flex\">\n<div class=\"wp-block-button\"><a class=\"wp-block-button__link wp-element-button open_in_new\" rel=\"\">Mehr dazu:<\/a><\/div>\n<\/div>\n\n\n\n<a href=\"https:\/\/bcc.media\/\" class=\"overlay-link\" target=\"_blank\" rel=\"noopener\"><\/a>\n<\/div><\/div>\n\n\n\n<div class=\"wp-block-cover is-light has-background-dark\" style=\"min-height:120px;aspect-ratio:unset;\"><span aria-hidden=\"true\" class=\"wp-block-cover__background has-background-dim-100 has-background-dim\" style=\"background-color:#ffe9d4\"><\/span><div class=\"wp-block-cover__inner-container is-layout-flow wp-block-cover-is-layout-flow\">\n<figure class=\"wp-block-image size-large is-resized\"><img decoding=\"async\" src=\"https:\/\/bcc.no\/wp-content\/uploads\/2024\/07\/music.svg\" alt=\"\" style=\"object-fit:cover;width:40px;height:40px\"\/><\/figure>\n\n\n\n<h3 class=\"wp-block-heading\" id=\"3-musikk\">Musik<\/h3>\n\n\n\n<p>Produziert Musik f\u00fcr Veranstaltungen, Medien und die Missionsarbeit.<\/p>\n\n\n\n<div class=\"wp-block-buttons is-layout-flex wp-block-buttons-is-layout-flex\">\n<div class=\"wp-block-button\"><a class=\"wp-block-button__link wp-element-button open_in_new\" rel=\"\">Mehr dazu:<\/a><\/div>\n<\/div>\n\n\n\n<a href=\"https:\/\/music.bcc.no\/\" class=\"overlay-link\" target=\"_blank\" rel=\"noopener\"><\/a>\n<\/div><\/div>\n\n\n\n<div class=\"wp-block-cover is-light has-background-dark\" style=\"min-height:120px;aspect-ratio:unset;\"><span aria-hidden=\"true\" class=\"wp-block-cover__background has-background-dim-100 has-background-dim\" style=\"background-color:#ffcfa9\"><\/span><div class=\"wp-block-cover__inner-container is-layout-flow wp-block-cover-is-layout-flow\">\n<figure class=\"wp-block-image size-large is-resized\"><img decoding=\"async\" src=\"https:\/\/bcc.no\/wp-content\/uploads\/2024\/07\/children-and-youth.svg\" alt=\"\" style=\"object-fit:cover;width:40px;height:40px\"\/><\/figure>\n\n\n\n<h3 class=\"wp-block-heading\" id=\"4-barn-og-ungdom\">Kinder und Jugend<\/h3>\n\n\n\n<p>W\u00f6chentliche Angebote f\u00fcr Kinder und Jugendliche werden durch breites ehrenamtliches Engagement in verschiedenen Organisationen erm\u00f6glicht.<\/p>\n\n\n\n<div class=\"wp-block-buttons is-layout-flex wp-block-buttons-is-layout-flex\">\n<div class=\"wp-block-button\"><a class=\"wp-block-button__link wp-element-button open_in_new\" rel=\"\">Mehr dazu:<\/a><\/div>\n<\/div>\n\n\n\n<a href=\"https:\/\/bcc.no\/de\/organisation\/assoziierte-organisationen\/\" class=\"overlay-link\"><\/a>\n<\/div><\/div>\n\n\n\n<div class=\"wp-block-cover is-light has-background-dark\" style=\"min-height:120px;aspect-ratio:unset;\"><span aria-hidden=\"true\" class=\"wp-block-cover__background has-background-dim-100 has-background-dim\" style=\"background-color:#dbbeac\"><\/span><div class=\"wp-block-cover__inner-container is-layout-flow wp-block-cover-is-layout-flow\">\n<figure class=\"wp-block-image size-large is-resized\"><img decoding=\"async\" src=\"https:\/\/bcc.no\/wp-content\/uploads\/2024\/07\/live-stream.svg\" alt=\"\" style=\"object-fit:cover;width:40px;height:40px\"\/><\/figure>\n\n\n\n<h3 class=\"wp-block-heading\" id=\"5-live-stream\">Live-Stream<\/h3>\n\n\n\n<p>Live-TV-\u00dcbertragungen von Konferenzen und Veranstaltungen.<\/p>\n\n\n\n<div class=\"wp-block-buttons is-layout-flex wp-block-buttons-is-layout-flex\">\n<div class=\"wp-block-button\"><a class=\"wp-block-button__link wp-element-button open_in_new\" rel=\"\">Mehr dazu:<\/a><\/div>\n<\/div>\n\n\n\n<a href=\"https:\/\/live.bcc-connect.org\/live\" class=\"overlay-link\" target=\"_blank\" rel=\"noopener\"><\/a>\n<\/div><\/div>\n\n\n\n<div class=\"wp-block-cover is-light has-background-dark\" style=\"min-height:120px;aspect-ratio:unset;\"><span aria-hidden=\"true\" class=\"wp-block-cover__background has-background-dim-100 has-background-dim\" style=\"background-color:#d8efe5\"><\/span><div class=\"wp-block-cover__inner-container is-layout-flow wp-block-cover-is-layout-flow\">\n<figure class=\"wp-block-image size-large is-resized\"><img decoding=\"async\" src=\"https:\/\/bcc.no\/wp-content\/uploads\/2024\/07\/event.svg\" alt=\"\" style=\"object-fit:cover;width:40px;height:40px\"\/><\/figure>\n\n\n\n<h3 class=\"wp-block-heading\" id=\"6-event\">Event<\/h3>\n\n\n\n<p>Planung internationaler Konferenzen und Camps f\u00fcr die Freikirche.<\/p>\n\n\n\n<div class=\"wp-block-buttons is-layout-flex wp-block-buttons-is-layout-flex\">\n<div class=\"wp-block-button\"><a class=\"wp-block-button__link wp-element-button open_in_new\" rel=\"\">Mehr dazu:<\/a><\/div>\n<\/div>\n\n\n\n<a href=\"https:\/\/event.bcc.no\/\" class=\"overlay-link\" target=\"_blank\" rel=\"noopener\"><\/a>\n<\/div><\/div>\n\n\n\n<div class=\"wp-block-cover is-light has-background-dark\" style=\"min-height:120px;aspect-ratio:unset;\"><span aria-hidden=\"true\" class=\"wp-block-cover__background has-background-dim-100 has-background-dim\" style=\"background-color:#e5e1c3\"><\/span><div class=\"wp-block-cover__inner-container is-layout-flow wp-block-cover-is-layout-flow\">\n<figure class=\"wp-block-image size-large is-resized\"><img decoding=\"async\" src=\"https:\/\/bcc.no\/wp-content\/uploads\/2024\/07\/a-team.svg\" alt=\"\" style=\"object-fit:cover;width:40px;height:40px\"\/><\/figure>\n\n\n\n<h3 class=\"wp-block-heading\" id=\"7-a-team\">A-Team<\/h3>\n\n\n\n<p>Einj\u00e4hriges Jugendprogramm mit Bibelunterricht, kulturellem Austausch und Arbeitsm\u00f6glichkeiten.<\/p>\n\n\n\n<div class=\"wp-block-buttons is-layout-flex wp-block-buttons-is-layout-flex\">\n<div class=\"wp-block-button\"><a class=\"wp-block-button__link wp-element-button open_in_new\" rel=\"\">Mehr dazu:<\/a><\/div>\n<\/div>\n\n\n\n<a href=\"https:\/\/bcc.no\/de\/a-team\/\" class=\"overlay-link\" target=\"_blank\" rel=\"noopener\"><\/a>\n<\/div><\/div>\n\n\n\n<div class=\"wp-block-cover is-light has-background-dark\" style=\"min-height:120px;aspect-ratio:unset;\"><span aria-hidden=\"true\" class=\"wp-block-cover__background has-background-dim-100 has-background-dim\" style=\"background-color:#d5cd9c\"><\/span><div class=\"wp-block-cover__inner-container is-layout-flow wp-block-cover-is-layout-flow\">\n<figure class=\"wp-block-image size-large is-resized\"><img decoding=\"async\" src=\"https:\/\/bcc.no\/wp-content\/uploads\/2024\/07\/mission.svg\" alt=\"\" style=\"object-fit:cover;width:40px;height:40px\"\/><\/figure>\n\n\n\n<h3 class=\"wp-block-heading\" id=\"8-misjon\">Mission<\/h3>\n\n\n\n<p>Missionsorganisation, die in vielen L\u00e4ndern Missionseinrichtungen und -projekte betreibt und unterst\u00fctzt.<\/p>\n\n\n\n<div class=\"wp-block-buttons is-layout-flex wp-block-buttons-is-layout-flex\">\n<div class=\"wp-block-button\"><a class=\"wp-block-button__link wp-element-button open_in_new\" rel=\"\">Mehr dazu:<\/a><\/div>\n<\/div>\n\n\n\n<a href=\"https:\/\/bms-intl.org\/\" class=\"overlay-link\" target=\"_blank\" rel=\"noopener\"><\/a>\n<\/div><\/div>\n\n\n\n<div class=\"wp-block-cover is-light has-background-dark\" style=\"min-height:120px;aspect-ratio:unset;\"><span aria-hidden=\"true\" class=\"wp-block-cover__background has-background-dim-100 has-background-dim\" style=\"background-color:#e4d9c4\"><\/span><div class=\"wp-block-cover__inner-container is-layout-flow wp-block-cover-is-layout-flow\">\n<figure class=\"wp-block-image size-large is-resized\"><img decoding=\"async\" src=\"https:\/\/bcc.no\/wp-content\/uploads\/2024\/07\/fond.svg\" alt=\"\" style=\"object-fit:cover;width:40px;height:40px\"\/><\/figure>\n\n\n\n<h3 class=\"wp-block-heading\" id=\"9-fond\">Fonds<\/h3>\n\n\n\n<p>Langfristige Verwirklichung des Zwecks durch Verwaltung von Kapital und Aussch\u00fcttungen.<\/p>\n<\/div><\/div>\n<\/div><\/div>\n<\/div><\/section>\n\n\n\n<div class=\"wp-block-group\"><div class=\"wp-block-group__inner-container is-layout-constrained wp-block-group-is-layout-constrained\"><\/div><\/div>\n\n","protected":false},"excerpt":{"rendered":"<p>Der BCC-Verbund hat acht Teilorganisationen, welche die Schwerpunkte f\u00fcr die ganze Glaubensgemeinschaft abbilden. Jede Teilorganisation hat eine eigenst\u00e4ndige Leitung und einen eigenen Auftrag im Rahmen der Zielsetzung des Verbunds. Mehr dazu:<\/p>\n","protected":false},"author":6,"featured_media":96688,"parent":97738,"menu_order":0,"comment_status":"closed","ping_status":"closed","template":"","meta":{"_acf_changed":false,"inline_featured_image":false,"_uag_custom_page_level_css":"","bcc_login_visibility":0,"bcc_groups":[],"bcc_groups_email":true,"bcc_visibility_groups":[],"bcc_visibility_groups_email":false,"sent_notifications":[],"footnotes":"","_links_to":"","_links_to_target":""},"class_list":["post-97463","page","type-page","status-publish","has-post-thumbnail","hentry"],"acf":{"rss_image":null},"featured_image_src":"https:\/\/bcc.no\/wp-content\/uploads\/2024\/10\/Topographic_BG_white_17.svg","yoast_head":"<!-- This site is optimized with the Yoast SEO plugin v27.4 - https:\/\/yoast.com\/product\/yoast-seo-wordpress\/ -->\n<title>Unsere Schwerpunkte<\/title>\n<meta name=\"description\" content=\"Die Schwerpunkte der Brunstad Christian Church umfassen Medien, Musik, Jugendprogramme und Mission, die das Gemeinschaftsleben und die Ziele der Glaubensgemeinschaft unterst\u00fctzen.\" \/>\n<meta name=\"robots\" content=\"index, follow, max-snippet:-1, max-image-preview:large, max-video-preview:-1\" \/>\n<link rel=\"canonical\" href=\"https:\/\/bcc.no\/de\/organisation\/unsere-initiativen\/\" \/>\n<meta property=\"og:locale\" content=\"de_DE\" \/>\n<meta property=\"og:type\" content=\"article\" \/>\n<meta property=\"og:title\" content=\"Unsere Schwerpunkte\" \/>\n<meta property=\"og:description\" content=\"Die Schwerpunkte der Brunstad Christian Church umfassen Medien, Musik, Jugendprogramme und Mission, die das Gemeinschaftsleben und die Ziele der Glaubensgemeinschaft unterst\u00fctzen.\" \/>\n<meta property=\"og:url\" content=\"https:\/\/bcc.no\/de\/organisation\/unsere-initiativen\/\" \/>\n<meta property=\"og:site_name\" content=\"BCC\" \/>\n<meta property=\"article:modified_time\" content=\"2025-09-29T14:13:19+00:00\" \/>\n<meta name=\"twitter:card\" content=\"summary_large_image\" \/>\n<meta name=\"twitter:label1\" content=\"Gesch\u00e4tzte Lesezeit\" \/>\n\t<meta name=\"twitter:data1\" content=\"3\u00a0Minuten\" \/>\n<script type=\"application\/ld+json\" class=\"yoast-schema-graph\">{\"@context\":\"https:\\\/\\\/schema.org\",\"@graph\":[{\"@type\":\"WebPage\",\"@id\":\"https:\\\/\\\/bcc.no\\\/de\\\/organisation\\\/unsere-initiativen\\\/\",\"url\":\"https:\\\/\\\/bcc.no\\\/de\\\/organisation\\\/unsere-initiativen\\\/\",\"name\":\"Unsere Schwerpunkte\",\"isPartOf\":{\"@id\":\"https:\\\/\\\/bcc.no\\\/de\\\/#website\"},\"primaryImageOfPage\":{\"@id\":\"https:\\\/\\\/bcc.no\\\/de\\\/organisation\\\/unsere-initiativen\\\/#primaryimage\"},\"image\":{\"@id\":\"https:\\\/\\\/bcc.no\\\/de\\\/organisation\\\/unsere-initiativen\\\/#primaryimage\"},\"thumbnailUrl\":\"https:\\\/\\\/bcc.no\\\/wp-content\\\/uploads\\\/2024\\\/10\\\/Topographic_BG_white_17.svg\",\"datePublished\":\"2024-09-10T06:24:29+00:00\",\"dateModified\":\"2025-09-29T14:13:19+00:00\",\"description\":\"Die Schwerpunkte der Brunstad Christian Church umfassen Medien, Musik, Jugendprogramme und Mission, die das Gemeinschaftsleben und die Ziele der Glaubensgemeinschaft unterst\u00fctzen.\",\"breadcrumb\":{\"@id\":\"https:\\\/\\\/bcc.no\\\/de\\\/organisation\\\/unsere-initiativen\\\/#breadcrumb\"},\"inLanguage\":\"de\",\"potentialAction\":[{\"@type\":\"ReadAction\",\"target\":[\"https:\\\/\\\/bcc.no\\\/de\\\/organisation\\\/unsere-initiativen\\\/\"]}]},{\"@type\":\"ImageObject\",\"inLanguage\":\"de\",\"@id\":\"https:\\\/\\\/bcc.no\\\/de\\\/organisation\\\/unsere-initiativen\\\/#primaryimage\",\"url\":\"https:\\\/\\\/bcc.no\\\/wp-content\\\/uploads\\\/2024\\\/10\\\/Topographic_BG_white_17.svg\",\"contentUrl\":\"https:\\\/\\\/bcc.no\\\/wp-content\\\/uploads\\\/2024\\\/10\\\/Topographic_BG_white_17.svg\"},{\"@type\":\"BreadcrumbList\",\"@id\":\"https:\\\/\\\/bcc.no\\\/de\\\/organisation\\\/unsere-initiativen\\\/#breadcrumb\",\"itemListElement\":[{\"@type\":\"ListItem\",\"position\":1,\"name\":\"Startseite\",\"item\":\"https:\\\/\\\/bcc.no\\\/de\\\/startseite\\\/\"},{\"@type\":\"ListItem\",\"position\":2,\"name\":\"Organisation des BCC-Verbunds\",\"item\":\"https:\\\/\\\/bcc.no\\\/de\\\/organisation\\\/\"},{\"@type\":\"ListItem\",\"position\":3,\"name\":\"Unsere Schwerpunkte\"}]},{\"@type\":\"WebSite\",\"@id\":\"https:\\\/\\\/bcc.no\\\/de\\\/#website\",\"url\":\"https:\\\/\\\/bcc.no\\\/de\\\/\",\"name\":\"BCC\",\"description\":\"et internasjonalt trossamfunn\",\"publisher\":{\"@id\":\"https:\\\/\\\/bcc.no\\\/de\\\/#organization\"},\"potentialAction\":[{\"@type\":\"SearchAction\",\"target\":{\"@type\":\"EntryPoint\",\"urlTemplate\":\"https:\\\/\\\/bcc.no\\\/de\\\/?s={search_term_string}\"},\"query-input\":{\"@type\":\"PropertyValueSpecification\",\"valueRequired\":true,\"valueName\":\"search_term_string\"}}],\"inLanguage\":\"de\"},{\"@type\":\"Organization\",\"@id\":\"https:\\\/\\\/bcc.no\\\/de\\\/#organization\",\"name\":\"BCC\",\"url\":\"https:\\\/\\\/bcc.no\\\/de\\\/\",\"logo\":{\"@type\":\"ImageObject\",\"inLanguage\":\"de\",\"@id\":\"https:\\\/\\\/bcc.no\\\/de\\\/#\\\/schema\\\/logo\\\/image\\\/\",\"url\":\"https:\\\/\\\/bcc.no\\\/wp-content\\\/uploads\\\/2024\\\/09\\\/BCC-logo_RGB.svg\",\"contentUrl\":\"https:\\\/\\\/bcc.no\\\/wp-content\\\/uploads\\\/2024\\\/09\\\/BCC-logo_RGB.svg\",\"caption\":\"BCC\"},\"image\":{\"@id\":\"https:\\\/\\\/bcc.no\\\/de\\\/#\\\/schema\\\/logo\\\/image\\\/\"}}]}<\/script>\n<!-- \/ Yoast SEO plugin. -->","yoast_head_json":{"title":"Unsere Schwerpunkte","description":"Die Schwerpunkte der Brunstad Christian Church umfassen Medien, Musik, Jugendprogramme und Mission, die das Gemeinschaftsleben und die Ziele der Glaubensgemeinschaft unterst\u00fctzen.","robots":{"index":"index","follow":"follow","max-snippet":"max-snippet:-1","max-image-preview":"max-image-preview:large","max-video-preview":"max-video-preview:-1"},"canonical":"https:\/\/bcc.no\/de\/organisation\/unsere-initiativen\/","og_locale":"de_DE","og_type":"article","og_title":"Unsere Schwerpunkte","og_description":"Die Schwerpunkte der Brunstad Christian Church umfassen Medien, Musik, Jugendprogramme und Mission, die das Gemeinschaftsleben und die Ziele der Glaubensgemeinschaft unterst\u00fctzen.","og_url":"https:\/\/bcc.no\/de\/organisation\/unsere-initiativen\/","og_site_name":"BCC","article_modified_time":"2025-09-29T14:13:19+00:00","twitter_card":"summary_large_image","twitter_misc":{"Gesch\u00e4tzte Lesezeit":"3\u00a0Minuten"},"schema":{"@context":"https:\/\/schema.org","@graph":[{"@type":"WebPage","@id":"https:\/\/bcc.no\/de\/organisation\/unsere-initiativen\/","url":"https:\/\/bcc.no\/de\/organisation\/unsere-initiativen\/","name":"Unsere Schwerpunkte","isPartOf":{"@id":"https:\/\/bcc.no\/de\/#website"},"primaryImageOfPage":{"@id":"https:\/\/bcc.no\/de\/organisation\/unsere-initiativen\/#primaryimage"},"image":{"@id":"https:\/\/bcc.no\/de\/organisation\/unsere-initiativen\/#primaryimage"},"thumbnailUrl":"https:\/\/bcc.no\/wp-content\/uploads\/2024\/10\/Topographic_BG_white_17.svg","datePublished":"2024-09-10T06:24:29+00:00","dateModified":"2025-09-29T14:13:19+00:00","description":"Die Schwerpunkte der Brunstad Christian Church umfassen Medien, Musik, Jugendprogramme und Mission, die das Gemeinschaftsleben und die Ziele der Glaubensgemeinschaft unterst\u00fctzen.","breadcrumb":{"@id":"https:\/\/bcc.no\/de\/organisation\/unsere-initiativen\/#breadcrumb"},"inLanguage":"de","potentialAction":[{"@type":"ReadAction","target":["https:\/\/bcc.no\/de\/organisation\/unsere-initiativen\/"]}]},{"@type":"ImageObject","inLanguage":"de","@id":"https:\/\/bcc.no\/de\/organisation\/unsere-initiativen\/#primaryimage","url":"https:\/\/bcc.no\/wp-content\/uploads\/2024\/10\/Topographic_BG_white_17.svg","contentUrl":"https:\/\/bcc.no\/wp-content\/uploads\/2024\/10\/Topographic_BG_white_17.svg"},{"@type":"BreadcrumbList","@id":"https:\/\/bcc.no\/de\/organisation\/unsere-initiativen\/#breadcrumb","itemListElement":[{"@type":"ListItem","position":1,"name":"Startseite","item":"https:\/\/bcc.no\/de\/startseite\/"},{"@type":"ListItem","position":2,"name":"Organisation des BCC-Verbunds","item":"https:\/\/bcc.no\/de\/organisation\/"},{"@type":"ListItem","position":3,"name":"Unsere Schwerpunkte"}]},{"@type":"WebSite","@id":"https:\/\/bcc.no\/de\/#website","url":"https:\/\/bcc.no\/de\/","name":"BCC","description":"et internasjonalt trossamfunn","publisher":{"@id":"https:\/\/bcc.no\/de\/#organization"},"potentialAction":[{"@type":"SearchAction","target":{"@type":"EntryPoint","urlTemplate":"https:\/\/bcc.no\/de\/?s={search_term_string}"},"query-input":{"@type":"PropertyValueSpecification","valueRequired":true,"valueName":"search_term_string"}}],"inLanguage":"de"},{"@type":"Organization","@id":"https:\/\/bcc.no\/de\/#organization","name":"BCC","url":"https:\/\/bcc.no\/de\/","logo":{"@type":"ImageObject","inLanguage":"de","@id":"https:\/\/bcc.no\/de\/#\/schema\/logo\/image\/","url":"https:\/\/bcc.no\/wp-content\/uploads\/2024\/09\/BCC-logo_RGB.svg","contentUrl":"https:\/\/bcc.no\/wp-content\/uploads\/2024\/09\/BCC-logo_RGB.svg","caption":"BCC"},"image":{"@id":"https:\/\/bcc.no\/de\/#\/schema\/logo\/image\/"}}]}},"uagb_featured_image_src":{"full":["https:\/\/bcc.no\/wp-content\/uploads\/2024\/10\/Topographic_BG_white_17.svg",1,1,false],"thumbnail":["https:\/\/bcc.no\/wp-content\/uploads\/2024\/10\/Topographic_BG_white_17.svg",150,150,true],"medium":["https:\/\/bcc.no\/wp-content\/uploads\/2024\/10\/Topographic_BG_white_17.svg",300,300,true],"medium_large":["https:\/\/bcc.no\/wp-content\/uploads\/2024\/10\/Topographic_BG_white_17.svg",640,1,true],"large":["https:\/\/bcc.no\/wp-content\/uploads\/2024\/10\/Topographic_BG_white_17.svg",640,640,true],"1536x1536":["https:\/\/bcc.no\/wp-content\/uploads\/2024\/10\/Topographic_BG_white_17.svg",1,1,true],"2048x2048":["https:\/\/bcc.no\/wp-content\/uploads\/2024\/10\/Topographic_BG_white_17.svg",1,1,true]},"uagb_author_info":{"display_name":"Mathias Strand Kristiansen","author_link":"https:\/\/bcc.no\/de\/author\/22801\/"},"uagb_comment_info":0,"uagb_excerpt":"Der BCC-Verbund hat acht Teilorganisationen, welche die Schwerpunkte f\u00fcr die ganze Glaubensgemeinschaft abbilden. Jede Teilorganisation hat eine eigenst\u00e4ndige Leitung und einen eigenen Auftrag im Rahmen der Zielsetzung des Verbunds. Mehr dazu:","_links":{"self":[{"href":"https:\/\/bcc.no\/de\/wp-json\/wp\/v2\/pages\/97463","targetHints":{"allow":["GET"]}}],"collection":[{"href":"https:\/\/bcc.no\/de\/wp-json\/wp\/v2\/pages"}],"about":[{"href":"https:\/\/bcc.no\/de\/wp-json\/wp\/v2\/types\/page"}],"author":[{"embeddable":true,"href":"https:\/\/bcc.no\/de\/wp-json\/wp\/v2\/users\/6"}],"replies":[{"embeddable":true,"href":"https:\/\/bcc.no\/de\/wp-json\/wp\/v2\/comments?post=97463"}],"version-history":[{"count":7,"href":"https:\/\/bcc.no\/de\/wp-json\/wp\/v2\/pages\/97463\/revisions"}],"predecessor-version":[{"id":140640,"href":"https:\/\/bcc.no\/de\/wp-json\/wp\/v2\/pages\/97463\/revisions\/140640"}],"up":[{"embeddable":true,"href":"https:\/\/bcc.no\/de\/wp-json\/wp\/v2\/pages\/97738"}],"wp:featuredmedia":[{"embeddable":true,"href":"https:\/\/bcc.no\/de\/wp-json\/wp\/v2\/media\/96688"}],"wp:attachment":[{"href":"https:\/\/bcc.no\/de\/wp-json\/wp\/v2\/media?parent=97463"}],"curies":[{"name":"wp","href":"https:\/\/api.w.org\/{rel}","templated":true}]}}