{"id":97460,"date":"2024-09-10T07:20:36","date_gmt":"2024-09-10T06:20:36","guid":{"rendered":"https:\/\/bcc.no\/was-ist-brunstad\/"},"modified":"2025-02-25T12:56:00","modified_gmt":"2025-02-25T11:56:00","slug":"was-ist-brunstad","status":"publish","type":"page","link":"https:\/\/bcc.no\/de\/ueber-uns\/was-ist-brunstad\/","title":{"rendered":"Was ist Brunstad?"},"content":{"rendered":"\n<div class=\"wp-block-group\"><div class=\"wp-block-group__inner-container is-layout-constrained wp-block-group-is-layout-constrained\"><div class=\"yoast-breadcrumbs\"><span><span>Startseite<\/span> \/ <span><a href=\"https:\/\/bcc.no\/de\/ueber-uns\/\">\u00dcber Brunstad Christian Church<\/a><\/span> \/ <span class=\"breadcrumb_last\" aria-current=\"page\"><a href=\"https:\/\/bcc.no\/de\/ueber-uns\/was-ist-brunstad\/\">Was ist Brunstad?<\/a><\/span><\/span><\/div>\n\n\n<h4 class=\"wp-block-heading featuredParagraph\" id=\"under-stevnene-pa-brunstad-har-flere-generasjoner-opplevd-fellesskap-hoytider-og-tatt-viktige-beslutninger-vennskapsband-er-knyttet-pa-tvers-av-kulturer-nasjoner-og-aldersgrupper\"><strong>Die internationalen Konferenzen der BCC finden in Brunstad, Norwegen, statt. Dies ist seit 1956 der Fall; die Mitglieder haben daf\u00fcr viel eingesetzt.<\/strong><\/h4>\n\n\n\n<hr class=\"wp-block-separator has-alpha-channel-opacity\"\/>\n\n\n\n<p>Die Konferenzen sind bei den Mitgliedern beliebt und sind ihnen sehr wichtig. Hier haben mehrere Generationen ihren pers\u00f6nlichen Glauben erneuert, Gemeinschaft erlebt, zusammen Feiertage begangen und wichtige Beschl\u00fcsse f\u00fcr ihr Leben gefasst.<\/p>\n<\/div><\/div>\n\n\n\n<div class=\"wp-block-group\"><div class=\"wp-block-group__inner-container is-layout-constrained wp-block-group-is-layout-constrained\">\n<h3 class=\"wp-block-heading\" id=\"stor-betydning-for-menighetens-utvikling\">Gro\u00dfe Bedeutung f\u00fcr die Entwicklung der Gemeinde<\/h3>\n\n\n\n<p>Generation f\u00fcr Generation haben die Glaubensgeschwister einen gro\u00dfen Einsatz daf\u00fcr gemacht, zu den Konferenzen reisen zu k\u00f6nnen und die Verk\u00fcndigung erleben zu k\u00f6nnen. \u00dcber Kulturen, Nationen und Altersgruppen hinweg wurden freundschaftliche Kontakte gekn\u00fcpft.<\/p>\n\n\n\n<p>Der Ort hat in unserer Entwicklung eine so zentrale Bedeutung , dass der Name der Freikirche \u201eBrunstad Christian Church (BCC)\u201c wurde.<\/p>\n\n\n\n<div class=\"wp-block-columns is-layout-flex wp-container-core-columns-is-layout-9d6595d7 wp-block-columns-is-layout-flex\">\n<div class=\"wp-block-column is-layout-flow wp-block-column-is-layout-flow\">\n<figure class=\"wp-block-image size-full\"><img loading=\"lazy\" decoding=\"async\" width=\"2048\" height=\"1367\" src=\"https:\/\/bcc.no\/wp-content\/uploads\/2024\/09\/2024_2Sommerstevne_-Grendefest_Samfunnsfest14.jpg\" alt=\"\" class=\"wp-image-95041\"\/><\/figure>\n<\/div>\n\n\n\n<div class=\"wp-block-column is-layout-flow wp-block-column-is-layout-flow\">\n<figure class=\"wp-block-image size-full is-style-hide-on-mobile\"><img loading=\"lazy\" decoding=\"async\" width=\"2048\" height=\"1367\" src=\"https:\/\/bcc.no\/wp-content\/uploads\/2024\/09\/2024_2Sommerstevne_-Grendefest_Samfunnsfest20.jpg\" alt=\"\" class=\"wp-image-95023\"\/><\/figure>\n<\/div>\n<\/div>\n<\/div><\/div>\n\n\n\n<div class=\"wp-block-group\"><div class=\"wp-block-group__inner-container is-layout-constrained wp-block-group-is-layout-constrained\">\n<h3 class=\"wp-block-heading\" id=\"et-sted-a-samles\">Ein Ort des Zusammenkommens<\/h3>\n\n\n\n<p>Zun\u00e4chst ein geschichtlicher R\u00fcckblick\u00a0<\/p>\n\n\n\n<p>Als die Gemeinde 1956 den Hof \u201eNedre Brunstad\u201c kaufte, war dies ein heruntergekommenes landwirtschaftliches Anwesen. Es herrschte gro\u00dfe Begeisterung f\u00fcr die M\u00f6glichkeiten, die vor uns liegen, und es wurde viel harte Arbeit geleistet.<br>um sich auf die Konferenz im folgenden Sommer vorzubereiten.\u00a0<\/p>\n\n\n\n<p>Brunstad wurde f\u00fcr die internationale Entwicklung der Gemeinde immer wichtiger, da man hier einen Ort hatte, zu dem man Menschen, die man in allerlei Regionen der Erde bei der Missionsarbeit kennenlernte, einladen konnte.<\/p>\n\n\n\n<figure class=\"wp-block-gallery has-nested-images columns-3 is-cropped wp-block-gallery-1 is-layout-flex wp-block-gallery-is-layout-flex\">\n<figure class=\"wp-block-image size-full\"><img loading=\"lazy\" decoding=\"async\" width=\"822\" height=\"462\" data-id=\"93554\" src=\"https:\/\/bcc.no\/wp-content\/uploads\/2024\/09\/1_Vaar-historie-paa-Brunstad-BCC-trossamfunn-.png\" alt=\"\" class=\"wp-image-93554\"\/><\/figure>\n\n\n\n<figure class=\"wp-block-image size-full\"><img loading=\"lazy\" decoding=\"async\" width=\"1024\" height=\"576\" data-id=\"93559\" src=\"https:\/\/bcc.no\/wp-content\/uploads\/2024\/09\/2_Vaar-historie-paa-Brunstad-BCC-trossamfunn-.png\" alt=\"\" class=\"wp-image-93559\"\/><\/figure>\n\n\n\n<figure class=\"wp-block-image size-full\"><img loading=\"lazy\" decoding=\"async\" width=\"1024\" height=\"576\" data-id=\"93565\" src=\"https:\/\/bcc.no\/wp-content\/uploads\/2024\/09\/3_Vaar-historie-paa-Brunstad-BCC-trossamfunn-.png\" alt=\"\" class=\"wp-image-93565\"\/><\/figure>\n\n\n\n<figure class=\"wp-block-image size-full\"><img loading=\"lazy\" decoding=\"async\" width=\"1024\" height=\"576\" data-id=\"93570\" src=\"https:\/\/bcc.no\/wp-content\/uploads\/2024\/09\/4_Vaar-historie-paa-Brunstad-BCC-trossamfunn-.png\" alt=\"\" class=\"wp-image-93570\"\/><\/figure>\n\n\n\n<figure class=\"wp-block-image size-full\"><img loading=\"lazy\" decoding=\"async\" width=\"1024\" height=\"576\" data-id=\"93575\" src=\"https:\/\/bcc.no\/wp-content\/uploads\/2024\/09\/5_Vaar-historie-paa-Brunstad-BCC-trossamfunn-.png\" alt=\"\" class=\"wp-image-93575\"\/><\/figure>\n\n\n\n<figure class=\"wp-block-image size-full\"><img loading=\"lazy\" decoding=\"async\" width=\"2560\" height=\"1707\" data-id=\"112261\" src=\"https:\/\/bcc.no\/wp-content\/uploads\/2024\/12\/2024_Sommerstevne_Grendefest-123-scaled.jpg\" alt=\"\" class=\"wp-image-112261\"\/><\/figure>\n\n\n\n<figure class=\"wp-block-image size-full\"><img loading=\"lazy\" decoding=\"async\" width=\"2560\" height=\"1707\" data-id=\"112266\" src=\"https:\/\/bcc.no\/wp-content\/uploads\/2024\/12\/2024_Sommerstevne_Grendefest-74-scaled.jpg\" alt=\"\" class=\"wp-image-112266\"\/><\/figure>\n\n\n\n<figure class=\"wp-block-image size-full\"><img loading=\"lazy\" decoding=\"async\" width=\"2560\" height=\"1707\" data-id=\"112271\" src=\"https:\/\/bcc.no\/wp-content\/uploads\/2024\/12\/2024_Sommerstevne_Grendefest-005-scaled.jpg\" alt=\"\" class=\"wp-image-112271\"\/><\/figure>\n\n\n\n<figure class=\"wp-block-image size-full\"><img loading=\"lazy\" decoding=\"async\" width=\"2560\" height=\"1707\" data-id=\"112312\" src=\"https:\/\/bcc.no\/wp-content\/uploads\/2024\/12\/2024_Sommerstevne_Grendefest-160-scaled.jpg\" alt=\"\" class=\"wp-image-112312\"\/><\/figure>\n\n\n\n<figure class=\"wp-block-image size-full\"><img loading=\"lazy\" decoding=\"async\" width=\"2048\" height=\"954\" data-id=\"112317\" src=\"https:\/\/bcc.no\/wp-content\/uploads\/2024\/12\/2024_2Sommerstevne_Apningsmote-27-1.jpg\" alt=\"\" class=\"wp-image-112317\"\/><\/figure>\n<\/figure>\n<\/div><\/div>\n\n\n\n<div class=\"wp-block-group\"><div class=\"wp-block-group__inner-container is-layout-constrained wp-block-group-is-layout-constrained\">\n<h3 class=\"wp-block-heading\" id=\"eierskap-ivaretas-i-egen-stiftelse\">Eigent\u00fcmerin ist eine eigens daf\u00fcr gegr\u00fcndete Stiftung.<\/h3>\n\n\n\n<p>Seit den 1950er Jahren hat sich viel ver\u00e4ndert. Sowohl die physische Umgebung als auch die Organisation und die Arbeitsweise. Brunstad hat sich von einem kleinen Zeltplatz zu einem modernen Konferenzzentrum entwickelt, das Platz f\u00fcr einige tausend G\u00e4ste bietet.<\/p>\n\n\n\n<p>BCC und deren Mitglieder besa\u00dfen und entwickelten das Gel\u00e4nde \u00fcber 50 Jahre lang.\u00a0<\/p>\n\n\n\n<p>2002-2006 wurde das Eigentum dann in eine Stiftung \u00fcberf\u00fchrt, um eine klare Trennung zwischen der Gemeinde als Freikirche und der Immobilienverwaltung zu schaffen.\u00a0<\/p>\n\n\n\n<p>Heutige Eigent\u00fcmerin ist die <a href=\"https:\/\/oslofjordstiftelsen.no\/\">Oslofjord-Stiftung<\/a> (norwegische Seite).<\/p>\n<\/div><\/div>\n\n\n\n<div class=\"wp-block-group\"><div class=\"wp-block-group__inner-container is-layout-constrained wp-block-group-is-layout-constrained\">\n<h3 class=\"wp-block-heading\" id=\"medlemmer-har-tegnet-private-avtaler\">Vertr\u00e4ge f\u00fcr \u00dcbernachtungen w\u00e4hrend der Konferenzen<\/h3>\n\n\n\n<p>Eines hat sich nicht ge\u00e4ndert: Die Mitglieder der BCC reisen immer wieder nach Brunstad, um an den Konferenzen teilzunehmen.\u00a0<\/p>\n\n\n\n<p>\u00dcbernachtungen werden \u00fcber die Verbrauchergenossenschaft \u201eSamvirk\u201c gebucht. Mehr als 6.800 Privatpersonen haben Vertr\u00e4ge f\u00fcr \u00dcbernachtungen w\u00e4hrend BCC-Konferenzen abgeschlossen. Die meisten Vertr\u00e4ge haben eine Laufzeit von 20 oder 50 Jahren und sind wichtig f\u00fcr die Finanzierung der Weiterentwicklung des Gel\u00e4ndes.\u00a0<\/p>\n\n\n\n<p>Samvirk vertritt als genossenschaftliche Kundenorganisation die Interessen der Mitglieder gegen\u00fcber Oslofjord, das kommerziell betrieben wird.\u00a0<\/p>\n\n\n\n<div class=\"wp-block-buttons is-layout-flex wp-block-buttons-is-layout-flex\">\n<div class=\"wp-block-button\"><a class=\"wp-block-button__link wp-element-button arrow_right_alt\" href=\"https:\/\/samvirk.com\/\" rel=\"\">Mehr \u00fcber Samvirk<\/a><\/div>\n<\/div>\n\n\n\n<p><\/p>\n\n\n\n<div class=\"wp-block-columns is-layout-flex wp-container-core-columns-is-layout-9d6595d7 wp-block-columns-is-layout-flex\">\n<div class=\"wp-block-column is-layout-flow wp-block-column-is-layout-flow\">\n<figure class=\"wp-block-image size-full\"><img loading=\"lazy\" decoding=\"async\" width=\"1713\" height=\"1141\" src=\"https:\/\/bcc.no\/wp-content\/uploads\/2024\/12\/20240730-sommerstevne-samfunnkveld-27-1.jpg\" alt=\"\" class=\"wp-image-112225\"\/><\/figure>\n<\/div>\n\n\n\n<div class=\"wp-block-column is-layout-flow wp-block-column-is-layout-flow\">\n<figure class=\"wp-block-image size-full is-style-hide-on-mobile\"><img loading=\"lazy\" decoding=\"async\" width=\"2048\" height=\"1365\" src=\"https:\/\/bcc.no\/wp-content\/uploads\/2024\/09\/20240730-sommerstevne-samfunnkveld-25.jpg\" alt=\"\" class=\"wp-image-95029\"\/><\/figure>\n<\/div>\n<\/div>\n<\/div><\/div>\n\n\n\n<div class=\"wp-block-group\"><div class=\"wp-block-group__inner-container is-layout-constrained wp-block-group-is-layout-constrained\">\n<h3 class=\"wp-block-heading\" id=\"framtidens-arrangementer\"><strong>Die Ortsgemeinden gestalten die Konferenzen gemeinsam<\/strong><\/h3>\n\n\n\n<p>Heute nehmen zwischen 4.000 und 12.000 Personen an den Veranstaltungen teil. Programm, Verpflegung, Logistik, Aktivit\u00e4ten, Informationen und Geb\u00e4udereinigung bed\u00fcrfen einer umfassenden Vorbereitung und Organisation. Die Konferenzen werden im Wesentlichen von Ehrenamtlichen aus allen Ortsgemeinden der BCC geplant und durchgef\u00fchrt. Die Koordination erfolgt durch Team von BCC Event.\u00a0<\/p>\n\n\n\n<div class=\"wp-block-buttons is-layout-flex wp-block-buttons-is-layout-flex\">\n<div class=\"wp-block-button\"><a class=\"wp-block-button__link wp-element-button arrow_right_alt\" href=\"https:\/\/event.bcc.no\" rel=\"\">Mehr \u00fcber BCC-Event<\/a><\/div>\n<\/div>\n\n\n\n<p><\/p>\n\n\n\n<p>Unabh\u00e4ngig davon, ob man in Pr\u00e4senz an den Konferenzen teilnimmt oder diese digital per Streaming verfolgt, sind die Konferenzen in Brunstad ein ganz zentraler Bestandteil des Gemeindelebens. <\/p>\n\n\n\n<p>So ist es seit Generationen.\u00a0<\/p>\n<\/div><\/div>\n\n\n\n<div class=\"wp-block-group\"><div class=\"wp-block-group__inner-container is-layout-constrained wp-block-group-is-layout-constrained\">\n<\/div><\/div>\n\n","protected":false},"excerpt":{"rendered":"<p>Die internationalen Konferenzen der BCC finden in Brunstad, Norwegen, statt. Dies ist seit 1956 der Fall; die Mitglieder haben daf\u00fcr viel eingesetzt. Die Konferenzen sind bei den Mitgliedern beliebt und sind ihnen sehr wichtig. Hier haben mehrere Generationen ihren pers\u00f6nlichen Glauben erneuert, Gemeinschaft erlebt, zusammen Feiertage begangen und wichtige Beschl\u00fcsse f\u00fcr ihr Leben gefasst. Gro\u00dfe [&hellip;]<\/p>\n","protected":false},"author":6,"featured_media":112517,"parent":97443,"menu_order":0,"comment_status":"closed","ping_status":"closed","template":"","meta":{"_acf_changed":false,"inline_featured_image":false,"_uag_custom_page_level_css":"","bcc_login_visibility":0,"bcc_groups":[],"bcc_groups_email":true,"bcc_visibility_groups":[],"bcc_visibility_groups_email":false,"sent_notifications":[],"footnotes":"","_links_to":"","_links_to_target":""},"class_list":["post-97460","page","type-page","status-publish","has-post-thumbnail","hentry"],"acf":{"rss_image":null},"featured_image_src":"https:\/\/bcc.no\/wp-content\/uploads\/2025\/01\/2024_Sommercamp_SommerkveldDel1-1.jpg","yoast_head":"<!-- This site is optimized with the Yoast SEO plugin v27.4 - https:\/\/yoast.com\/product\/yoast-seo-wordpress\/ -->\n<title>Was ist Brunstad? - BCC<\/title>\n<meta name=\"description\" content=\"1956 kaufte BCC den Hof \u201eNedre Brunstad\u201c auf Gemarkung Stokke. Das Gel\u00e4nde war 50 Jahre bis 2006 im Besitz von BCC. Dann wurde das Eigentum insgesamt an die Brunstad-Stiftung \u00fcbertragen.\" \/>\n<meta name=\"robots\" content=\"index, follow, max-snippet:-1, max-image-preview:large, max-video-preview:-1\" \/>\n<link rel=\"canonical\" href=\"https:\/\/bcc.no\/de\/ueber-uns\/was-ist-brunstad\/\" \/>\n<meta property=\"og:locale\" content=\"de_DE\" \/>\n<meta property=\"og:type\" content=\"article\" \/>\n<meta property=\"og:title\" content=\"Was ist Brunstad? - BCC\" \/>\n<meta property=\"og:description\" content=\"1956 kaufte BCC den Hof \u201eNedre Brunstad\u201c auf Gemarkung Stokke. Das Gel\u00e4nde war 50 Jahre bis 2006 im Besitz von BCC. Dann wurde das Eigentum insgesamt an die Brunstad-Stiftung \u00fcbertragen.\" \/>\n<meta property=\"og:url\" content=\"https:\/\/bcc.no\/de\/ueber-uns\/was-ist-brunstad\/\" \/>\n<meta property=\"og:site_name\" content=\"BCC\" \/>\n<meta property=\"article:modified_time\" content=\"2025-02-25T11:56:00+00:00\" \/>\n<meta property=\"og:image\" content=\"https:\/\/bcc.no\/wp-content\/uploads\/2025\/01\/2024_Sommercamp_SommerkveldDel1-1-1024x683.jpg\" \/>\n\t<meta property=\"og:image:width\" content=\"1024\" \/>\n\t<meta property=\"og:image:height\" content=\"683\" \/>\n\t<meta property=\"og:image:type\" content=\"image\/jpeg\" \/>\n<meta name=\"twitter:card\" content=\"summary_large_image\" \/>\n<meta name=\"twitter:label1\" content=\"Gesch\u00e4tzte Lesezeit\" \/>\n\t<meta name=\"twitter:data1\" content=\"2\u00a0Minuten\" \/>\n<script type=\"application\/ld+json\" class=\"yoast-schema-graph\">{\"@context\":\"https:\\\/\\\/schema.org\",\"@graph\":[{\"@type\":\"WebPage\",\"@id\":\"https:\\\/\\\/bcc.no\\\/de\\\/ueber-uns\\\/was-ist-brunstad\\\/\",\"url\":\"https:\\\/\\\/bcc.no\\\/de\\\/ueber-uns\\\/was-ist-brunstad\\\/\",\"name\":\"Was ist Brunstad? - BCC\",\"isPartOf\":{\"@id\":\"https:\\\/\\\/bcc.no\\\/de\\\/#website\"},\"primaryImageOfPage\":{\"@id\":\"https:\\\/\\\/bcc.no\\\/de\\\/ueber-uns\\\/was-ist-brunstad\\\/#primaryimage\"},\"image\":{\"@id\":\"https:\\\/\\\/bcc.no\\\/de\\\/ueber-uns\\\/was-ist-brunstad\\\/#primaryimage\"},\"thumbnailUrl\":\"https:\\\/\\\/bcc.no\\\/wp-content\\\/uploads\\\/2025\\\/01\\\/2024_Sommercamp_SommerkveldDel1-1.jpg\",\"datePublished\":\"2024-09-10T06:20:36+00:00\",\"dateModified\":\"2025-02-25T11:56:00+00:00\",\"description\":\"1956 kaufte BCC den Hof \u201eNedre Brunstad\u201c auf Gemarkung Stokke. Das Gel\u00e4nde war 50 Jahre bis 2006 im Besitz von BCC. Dann wurde das Eigentum insgesamt an die Brunstad-Stiftung \u00fcbertragen.\",\"breadcrumb\":{\"@id\":\"https:\\\/\\\/bcc.no\\\/de\\\/ueber-uns\\\/was-ist-brunstad\\\/#breadcrumb\"},\"inLanguage\":\"de\",\"potentialAction\":[{\"@type\":\"ReadAction\",\"target\":[\"https:\\\/\\\/bcc.no\\\/de\\\/ueber-uns\\\/was-ist-brunstad\\\/\"]}]},{\"@type\":\"ImageObject\",\"inLanguage\":\"de\",\"@id\":\"https:\\\/\\\/bcc.no\\\/de\\\/ueber-uns\\\/was-ist-brunstad\\\/#primaryimage\",\"url\":\"https:\\\/\\\/bcc.no\\\/wp-content\\\/uploads\\\/2025\\\/01\\\/2024_Sommercamp_SommerkveldDel1-1.jpg\",\"contentUrl\":\"https:\\\/\\\/bcc.no\\\/wp-content\\\/uploads\\\/2025\\\/01\\\/2024_Sommercamp_SommerkveldDel1-1.jpg\",\"width\":2160,\"height\":1440},{\"@type\":\"WebSite\",\"@id\":\"https:\\\/\\\/bcc.no\\\/de\\\/#website\",\"url\":\"https:\\\/\\\/bcc.no\\\/de\\\/\",\"name\":\"BCC\",\"description\":\"et internasjonalt trossamfunn\",\"publisher\":{\"@id\":\"https:\\\/\\\/bcc.no\\\/de\\\/#organization\"},\"potentialAction\":[{\"@type\":\"SearchAction\",\"target\":{\"@type\":\"EntryPoint\",\"urlTemplate\":\"https:\\\/\\\/bcc.no\\\/de\\\/?s={search_term_string}\"},\"query-input\":{\"@type\":\"PropertyValueSpecification\",\"valueRequired\":true,\"valueName\":\"search_term_string\"}}],\"inLanguage\":\"de\"},{\"@type\":\"Organization\",\"@id\":\"https:\\\/\\\/bcc.no\\\/de\\\/#organization\",\"name\":\"BCC\",\"url\":\"https:\\\/\\\/bcc.no\\\/de\\\/\",\"logo\":{\"@type\":\"ImageObject\",\"inLanguage\":\"de\",\"@id\":\"https:\\\/\\\/bcc.no\\\/de\\\/#\\\/schema\\\/logo\\\/image\\\/\",\"url\":\"https:\\\/\\\/bcc.no\\\/wp-content\\\/uploads\\\/2026\\\/04\\\/bcc_logo_full.svg\",\"contentUrl\":\"https:\\\/\\\/bcc.no\\\/wp-content\\\/uploads\\\/2026\\\/04\\\/bcc_logo_full.svg\",\"caption\":\"BCC\"},\"image\":{\"@id\":\"https:\\\/\\\/bcc.no\\\/de\\\/#\\\/schema\\\/logo\\\/image\\\/\"}}]}<\/script>\n<!-- \/ Yoast SEO plugin. -->","yoast_head_json":{"title":"Was ist Brunstad? - BCC","description":"1956 kaufte BCC den Hof \u201eNedre Brunstad\u201c auf Gemarkung Stokke. Das Gel\u00e4nde war 50 Jahre bis 2006 im Besitz von BCC. Dann wurde das Eigentum insgesamt an die Brunstad-Stiftung \u00fcbertragen.","robots":{"index":"index","follow":"follow","max-snippet":"max-snippet:-1","max-image-preview":"max-image-preview:large","max-video-preview":"max-video-preview:-1"},"canonical":"https:\/\/bcc.no\/de\/ueber-uns\/was-ist-brunstad\/","og_locale":"de_DE","og_type":"article","og_title":"Was ist Brunstad? - BCC","og_description":"1956 kaufte BCC den Hof \u201eNedre Brunstad\u201c auf Gemarkung Stokke. Das Gel\u00e4nde war 50 Jahre bis 2006 im Besitz von BCC. Dann wurde das Eigentum insgesamt an die Brunstad-Stiftung \u00fcbertragen.","og_url":"https:\/\/bcc.no\/de\/ueber-uns\/was-ist-brunstad\/","og_site_name":"BCC","article_modified_time":"2025-02-25T11:56:00+00:00","og_image":[{"width":1024,"height":683,"url":"https:\/\/bcc.no\/wp-content\/uploads\/2025\/01\/2024_Sommercamp_SommerkveldDel1-1-1024x683.jpg","type":"image\/jpeg"}],"twitter_card":"summary_large_image","twitter_misc":{"Gesch\u00e4tzte Lesezeit":"2\u00a0Minuten"},"schema":{"@context":"https:\/\/schema.org","@graph":[{"@type":"WebPage","@id":"https:\/\/bcc.no\/de\/ueber-uns\/was-ist-brunstad\/","url":"https:\/\/bcc.no\/de\/ueber-uns\/was-ist-brunstad\/","name":"Was ist Brunstad? - BCC","isPartOf":{"@id":"https:\/\/bcc.no\/de\/#website"},"primaryImageOfPage":{"@id":"https:\/\/bcc.no\/de\/ueber-uns\/was-ist-brunstad\/#primaryimage"},"image":{"@id":"https:\/\/bcc.no\/de\/ueber-uns\/was-ist-brunstad\/#primaryimage"},"thumbnailUrl":"https:\/\/bcc.no\/wp-content\/uploads\/2025\/01\/2024_Sommercamp_SommerkveldDel1-1.jpg","datePublished":"2024-09-10T06:20:36+00:00","dateModified":"2025-02-25T11:56:00+00:00","description":"1956 kaufte BCC den Hof \u201eNedre Brunstad\u201c auf Gemarkung Stokke. Das Gel\u00e4nde war 50 Jahre bis 2006 im Besitz von BCC. Dann wurde das Eigentum insgesamt an die Brunstad-Stiftung \u00fcbertragen.","breadcrumb":{"@id":"https:\/\/bcc.no\/de\/ueber-uns\/was-ist-brunstad\/#breadcrumb"},"inLanguage":"de","potentialAction":[{"@type":"ReadAction","target":["https:\/\/bcc.no\/de\/ueber-uns\/was-ist-brunstad\/"]}]},{"@type":"ImageObject","inLanguage":"de","@id":"https:\/\/bcc.no\/de\/ueber-uns\/was-ist-brunstad\/#primaryimage","url":"https:\/\/bcc.no\/wp-content\/uploads\/2025\/01\/2024_Sommercamp_SommerkveldDel1-1.jpg","contentUrl":"https:\/\/bcc.no\/wp-content\/uploads\/2025\/01\/2024_Sommercamp_SommerkveldDel1-1.jpg","width":2160,"height":1440},{"@type":"WebSite","@id":"https:\/\/bcc.no\/de\/#website","url":"https:\/\/bcc.no\/de\/","name":"BCC","description":"et internasjonalt trossamfunn","publisher":{"@id":"https:\/\/bcc.no\/de\/#organization"},"potentialAction":[{"@type":"SearchAction","target":{"@type":"EntryPoint","urlTemplate":"https:\/\/bcc.no\/de\/?s={search_term_string}"},"query-input":{"@type":"PropertyValueSpecification","valueRequired":true,"valueName":"search_term_string"}}],"inLanguage":"de"},{"@type":"Organization","@id":"https:\/\/bcc.no\/de\/#organization","name":"BCC","url":"https:\/\/bcc.no\/de\/","logo":{"@type":"ImageObject","inLanguage":"de","@id":"https:\/\/bcc.no\/de\/#\/schema\/logo\/image\/","url":"https:\/\/bcc.no\/wp-content\/uploads\/2026\/04\/bcc_logo_full.svg","contentUrl":"https:\/\/bcc.no\/wp-content\/uploads\/2026\/04\/bcc_logo_full.svg","caption":"BCC"},"image":{"@id":"https:\/\/bcc.no\/de\/#\/schema\/logo\/image\/"}}]}},"uagb_featured_image_src":{"full":["https:\/\/bcc.no\/wp-content\/uploads\/2025\/01\/2024_Sommercamp_SommerkveldDel1-1.jpg",2160,1440,false],"thumbnail":["https:\/\/bcc.no\/wp-content\/uploads\/2025\/01\/2024_Sommercamp_SommerkveldDel1-1-150x150.jpg",150,150,true],"medium":["https:\/\/bcc.no\/wp-content\/uploads\/2025\/01\/2024_Sommercamp_SommerkveldDel1-1-300x200.jpg",300,200,true],"medium_large":["https:\/\/bcc.no\/wp-content\/uploads\/2025\/01\/2024_Sommercamp_SommerkveldDel1-1-768x512.jpg",640,427,true],"large":["https:\/\/bcc.no\/wp-content\/uploads\/2025\/01\/2024_Sommercamp_SommerkveldDel1-1-1024x683.jpg",640,427,true],"1536x1536":["https:\/\/bcc.no\/wp-content\/uploads\/2025\/01\/2024_Sommercamp_SommerkveldDel1-1-1536x1024.jpg",1536,1024,true],"2048x2048":["https:\/\/bcc.no\/wp-content\/uploads\/2025\/01\/2024_Sommercamp_SommerkveldDel1-1-2048x1365.jpg",2048,1365,true]},"uagb_author_info":{"display_name":"Mathias Strand Kristiansen","author_link":"https:\/\/bcc.no\/de\/author\/22801\/"},"uagb_comment_info":0,"uagb_excerpt":"Die internationalen Konferenzen der BCC finden in Brunstad, Norwegen, statt. Dies ist seit 1956 der Fall; die Mitglieder haben daf\u00fcr viel eingesetzt. Die Konferenzen sind bei den Mitgliedern beliebt und sind ihnen sehr wichtig. Hier haben mehrere Generationen ihren pers\u00f6nlichen Glauben erneuert, Gemeinschaft erlebt, zusammen Feiertage begangen und wichtige Beschl\u00fcsse f\u00fcr ihr Leben gefasst. Gro\u00dfe&hellip;","_links":{"self":[{"href":"https:\/\/bcc.no\/de\/wp-json\/wp\/v2\/pages\/97460","targetHints":{"allow":["GET"]}}],"collection":[{"href":"https:\/\/bcc.no\/de\/wp-json\/wp\/v2\/pages"}],"about":[{"href":"https:\/\/bcc.no\/de\/wp-json\/wp\/v2\/types\/page"}],"author":[{"embeddable":true,"href":"https:\/\/bcc.no\/de\/wp-json\/wp\/v2\/users\/6"}],"replies":[{"embeddable":true,"href":"https:\/\/bcc.no\/de\/wp-json\/wp\/v2\/comments?post=97460"}],"version-history":[{"count":11,"href":"https:\/\/bcc.no\/de\/wp-json\/wp\/v2\/pages\/97460\/revisions"}],"predecessor-version":[{"id":130990,"href":"https:\/\/bcc.no\/de\/wp-json\/wp\/v2\/pages\/97460\/revisions\/130990"}],"up":[{"embeddable":true,"href":"https:\/\/bcc.no\/de\/wp-json\/wp\/v2\/pages\/97443"}],"wp:featuredmedia":[{"embeddable":true,"href":"https:\/\/bcc.no\/de\/wp-json\/wp\/v2\/media\/112517"}],"wp:attachment":[{"href":"https:\/\/bcc.no\/de\/wp-json\/wp\/v2\/media?parent=97460"}],"curies":[{"name":"wp","href":"https:\/\/api.w.org\/{rel}","templated":true}]}}