{"id":97443,"date":"2024-09-10T07:15:16","date_gmt":"2024-09-10T06:15:16","guid":{"rendered":"https:\/\/bcc.no\/uber-brunstad-christian-church\/"},"modified":"2025-10-23T07:26:00","modified_gmt":"2025-10-23T06:26:00","slug":"ueber-uns","status":"publish","type":"page","link":"https:\/\/bcc.no\/de\/ueber-uns\/","title":{"rendered":"\u00dcber Brunstad Christian Church"},"content":{"rendered":"\n<div class=\"wp-block-group\"><div class=\"wp-block-group__inner-container is-layout-constrained wp-block-group-is-layout-constrained\"><div class=\"yoast-breadcrumbs\"><span><span>Startseite<\/span> \/ <span class=\"breadcrumb_last\" aria-current=\"page\"><a href=\"https:\/\/bcc.no\/de\/ueber-uns\/\">\u00dcber Brunstad Christian Church<\/a><\/span><\/span><\/div>\n\n\n<h4 class=\"wp-block-heading featuredParagraph\"><strong>Eine christliche Glaubensgemeinschaft mit Wurzeln in Norwegen, die die Botschaft der Heiligung betont.<\/strong><\/h4>\n\n\n\n<hr class=\"wp-block-separator has-alpha-channel-opacity\"\/>\n<\/div><\/div>\n\n\n\n<div class=\"wp-block-group\"><div class=\"wp-block-group__inner-container is-layout-constrained wp-block-group-is-layout-constrained\">\n<h2 class=\"wp-block-heading\">\u00dcber BCC<\/h2>\n\n\n\n<p>Weltweit gibt es rund 25.000 Glaubensgeschwister; mehr als ein Drittel von ihnen wohnt in Norwegen, wo sich auch der Hauptsitz befindet.<\/p>\n\n\n\n<p>BCC ist eine Glaubensgemeinschaft f\u00fcr diejenigen, die darin Gemeinschaft suchen, in der Nachfolge Jesu zu leben.<\/p>\n\n\n\n<p>Der Name der Freikirche lautet \u201eBrunstad Christian Church\u201c und hat seinen Ursprung in der Ortsbezeichnung Brunstad. Dort treffen sich Mitglieder mehrmals im Jahr zu Konferenzen.<\/p>\n\n\n\n<div class=\"wp-block-buttons is-layout-flex wp-block-buttons-is-layout-flex\">\n<div class=\"wp-block-button\"><a class=\"wp-block-button__link wp-element-button arrow_right_alt\" href=\"https:\/\/bcc.no\/de\/unser-glaube\/\" rel=\"\">Mehr \u00fcber unseren Glauben<\/a><\/div>\n<\/div>\n\n\n\n<p><\/p>\n\n\n\n<div class=\"wp-block-group is-style-faktaboks\"><div class=\"wp-block-group__inner-container is-layout-flow wp-block-group-is-layout-flow\">\n<h4 class=\"wp-block-heading\" id=\"om-bcc\">Fakten<\/h4>\n\n\n\n<ul class=\"wp-block-list\">\n<li>Ursprung im Jahr 1898<\/li>\n\n\n\n<li>Glaube und Verk\u00fcndigung beruhen auf der Bibel als einzigem autoritativen Text<\/li>\n\n\n\n<li>In den 1990er Jahren erstmals formell organisiert. 2021 als internationaler Verbund konstituiert<\/li>\n\n\n\n<li>Leistet eine umfangreiche Arbeit f\u00fcr Kinder und Jugendliche und hat einen hohen Anteil an jungen Mitgliedern<\/li>\n\n\n\n<li>Die Finanzierung basiert haupts\u00e4chlich auf einem Spendenmodell, BCC hat keine bezahlten Prediger<\/li>\n\n\n\n<li>Zentrale Bereiche: Mission, Medien, Konferenzen, Musik, Jugendprogramme und Fonds<\/li>\n<\/ul>\n<\/div><\/div>\n\n\n\n<p><\/p>\n<\/div><\/div>\n\n\n\n<div class=\"wp-block-group\"><div class=\"wp-block-group__inner-container is-layout-constrained wp-block-group-is-layout-constrained\">\n<div class=\"wp-block-columns is-layout-flex wp-container-core-columns-is-layout-9d6595d7 wp-block-columns-is-layout-flex\">\n<div class=\"wp-block-column is-layout-flow wp-block-column-is-layout-flow\">\n<figure class=\"wp-block-image size-full\"><img loading=\"lazy\" decoding=\"async\" width=\"1828\" height=\"1218\" src=\"https:\/\/bcc.no\/wp-content\/uploads\/2024\/12\/197A7456-edited.jpg\" alt=\"\" class=\"wp-image-112145\"\/><\/figure>\n<\/div>\n\n\n\n<div class=\"wp-block-column is-layout-flow wp-block-column-is-layout-flow\">\n<figure class=\"wp-block-image size-full is-style-hide-on-mobile\"><img loading=\"lazy\" decoding=\"async\" width=\"1336\" height=\"891\" src=\"https:\/\/bcc.no\/wp-content\/uploads\/2024\/12\/2024_Festhelg_Festen_150548-edited.jpg\" alt=\"\" class=\"wp-image-112120\"\/><\/figure>\n<\/div>\n<\/div>\n<\/div><\/div>\n\n\n\n<div class=\"wp-block-group\"><div class=\"wp-block-group__inner-container is-layout-constrained wp-block-group-is-layout-constrained\">\n<h2 class=\"wp-block-heading\">Eine lebendige Gemeinde<\/h2>\n\n\n\n<p>Die Verk\u00fcndigung der Botschaft der Bibel und Jesu Lehre bilden ein sicheres Fundament. Daher ist die BCC seit Generationen eine lebenskr\u00e4ftige Gemeinde. Man kann die BCC als traditionell, aber gleichzeitig erneuernd beschreiben.<\/p>\n\n\n\n<p>Viele haben durch das Evangelium ein gutes Leben bekommen, sowohl in geistlicher als auch in sozialer und famili\u00e4rer Hinsicht. In einer Gemeinschaft, in der viele als J\u00fcnger Jesu leben, entsteht unweigerlich Einheit.<\/p>\n\n\n\n<div class=\"wp-block-buttons is-layout-flex wp-block-buttons-is-layout-flex\">\n<div class=\"wp-block-button\"><a class=\"wp-block-button__link wp-element-button arrow_right_alt\" href=\"https:\/\/bcc.no\/de\/ueber-uns\/zwecke-und-werte\/\" rel=\"\">Mehr \u00fcber unsere Zielsetzung und unsere Werte<\/a><\/div>\n<\/div>\n\n\n\n<div style=\"height:26px\" aria-hidden=\"true\" class=\"wp-block-spacer\"><\/div>\n\n\n\n<p>Das liegt vor allem an der Verk\u00fcndigung, um die wir uns sowohl in den Ortsgemeinden als auch in Brunstad versammeln. Seit \u00fcber 100 Jahren versammelt sich unsere Gemeinde zu Heiligungskonferenzen. Die Gemeinschaft und die Verk\u00fcndigung schaffen Einheit \u00fcber L\u00e4ndergrenzen, Sprachen und Kulturen hinweg.<\/p>\n\n\n\n<p>Bei den Konferenzen sind \u00fcber 60 % der Teilnehmer unter 30 Jahre alt. (2024)<\/p>\n\n\n\n<div class=\"wp-block-buttons is-layout-flex wp-block-buttons-is-layout-flex\">\n<div class=\"wp-block-button\"><a class=\"wp-block-button__link wp-element-button arrow_right_alt\" href=\"https:\/\/bcc.no\/de\/category\/konferenzen-de\/\" rel=\"\">Mehr \u00fcber die Konferenzen<\/a><\/div>\n<\/div>\n<\/div><\/div>\n\n\n\n<div class=\"wp-block-group\"><div class=\"wp-block-group__inner-container is-layout-constrained wp-block-group-is-layout-constrained\">\n<h2 class=\"wp-block-heading\" id=\"menighetsliv\">Kinder und Jugendliche haben Priorit\u00e4t<\/h2>\n\n\n\n<p>Die Jugendarbeit hat sich in den letzten Jahrzehnten gut entwickelt. Eine gute Struktur erm\u00f6glicht es vielen Jugendarbeiterinnen und Jugendarbeitern sich zu engagieren. Die in den Ortsgemeinden angebotenen Aktivit\u00e4ten sind alters- und interessensgerecht und sollen den Kindern und Jugendlichen gute Erlebnisse und Freundschaften bieten, an die sie auch sp\u00e4ter gerne zur\u00fcckdenken.<\/p>\n\n\n\n<p>Dreimal im Jahr veranstaltet der Brunstad Jugendclub Camps mit Aktivit\u00e4ten und Erbauung. Dies ist eine wichtige Plattform f\u00fcr Bibelstudien und J\u00fcngerschaft, und es werden Freundschaften f\u00fcrs Leben geschlossen.<\/p>\n\n\n\n<div class=\"wp-block-columns is-layout-flex wp-container-core-columns-is-layout-9d6595d7 wp-block-columns-is-layout-flex\">\n<div class=\"wp-block-column is-layout-flow wp-block-column-is-layout-flow\">\n<figure class=\"wp-block-image size-full\"><img loading=\"lazy\" decoding=\"async\" width=\"2048\" height=\"1365\" src=\"https:\/\/bcc.no\/wp-content\/uploads\/2024\/12\/20240725_day-4-sommerkonsert-7.jpg\" alt=\"\" class=\"wp-image-112286\"\/><\/figure>\n<\/div>\n\n\n\n<div class=\"wp-block-column is-layout-flow wp-block-column-is-layout-flow\">\n<figure class=\"wp-block-image size-full is-style-hide-on-mobile\"><img loading=\"lazy\" decoding=\"async\" width=\"2048\" height=\"1365\" src=\"https:\/\/bcc.no\/wp-content\/uploads\/2024\/12\/2024_2sommerstevnet_sommerfryd-28.jpg\" alt=\"\" class=\"wp-image-112150\"\/><\/figure>\n<\/div>\n<\/div>\n<\/div><\/div>\n\n\n\n<div class=\"wp-block-group\"><div class=\"wp-block-group__inner-container is-layout-constrained wp-block-group-is-layout-constrained\">\n<h2 class=\"wp-block-heading\" id=\"deltakermenighet\">Gottesdienste<\/h2>\n\n\n\n<p>In den meisten Gottesdiensten k\u00f6nnen sich alle Gl\u00e4ubigen mit Gebet, Gesang oder pers\u00f6nlichen Zeugnissen beteiligen. Zu Beginn des Gottesdienstes werden in der Regel ein oder mehrere geistliche Impulse gehalten; anschlie\u00dfend tragen viele auf verschiedene Weise zur Erbauung bei. Dies ist inspiriert von den Worten Paulus\u2018 an die Korinther:<\/p>\n\n\n\n<blockquote class=\"wp-block-quote is-layout-flow wp-block-quote-is-layout-flow\">\n<p>\u201e<em>Wie ist es nun, Br\u00fcder und Schwestern? Wenn ihr zusammenkommt, so hat ein jeder einen Psalm, er hat eine Lehre, er hat eine Offenbarung, er hat eine Zungenrede, er hat eine Auslegung. Lasst es alles geschehen zur Erbauung.<\/em>&#8220; (1. Kor. 14, 26)<\/p>\n<\/blockquote>\n\n\n\n<p>Die Gemeinde hat keine bezahlten Prediger und es gibt in der Regel keine festgelegten Redelisten in den Versammlungen.<\/p>\n\n\n\n<p><\/p>\n<\/div><\/div>\n\n\n\n<div class=\"wp-block-group\"><div class=\"wp-block-group__inner-container is-layout-constrained wp-block-group-is-layout-constrained\">\n    <section class=\"related-articles\" data-columns=\"3\">\n        <h2>Mehr hierzu:<\/h2>\n        <div class=\"related-articles-items\">\n                            <div id=\"post-97433\" class=\"article has-image\">\n                    <div class=\"article-card no-content\">No post available.<\/div>                <\/div>\n                            <div id=\"post-97138\" class=\"article has-image\">\n                    <div class=\"article-card no-content\">No post available.<\/div>                <\/div>\n                            <div id=\"post-97460\" class=\"article has-image\">\n                    <div class=\"article-card no-content\">No post available.<\/div>                <\/div>\n                                <\/div>\n    <\/section>\n<\/div><\/div>\n\n","protected":false},"excerpt":{"rendered":"<p>Eine christliche Glaubensgemeinschaft mit Wurzeln in Norwegen, die die Botschaft der Heiligung betont. \u00dcber BCC Weltweit gibt es rund 25.000 Glaubensgeschwister; mehr als ein Drittel von ihnen wohnt in Norwegen, wo sich auch der Hauptsitz befindet. BCC ist eine Glaubensgemeinschaft f\u00fcr diejenigen, die darin Gemeinschaft suchen, in der Nachfolge Jesu zu leben. Der Name der [&hellip;]<\/p>\n","protected":false},"author":6,"featured_media":95548,"parent":0,"menu_order":0,"comment_status":"closed","ping_status":"closed","template":"","meta":{"_acf_changed":false,"inline_featured_image":false,"_uag_custom_page_level_css":"","bcc_login_visibility":0,"bcc_groups":[],"bcc_groups_email":true,"bcc_visibility_groups":[],"bcc_visibility_groups_email":false,"sent_notifications":[],"footnotes":"","_links_to":"","_links_to_target":""},"class_list":["post-97443","page","type-page","status-publish","has-post-thumbnail","hentry"],"acf":{"rss_image":null},"featured_image_src":"https:\/\/bcc.no\/wp-content\/uploads\/2024\/09\/2024_2Sommerstevne_Apningsmote-5-1-scaled.jpg","yoast_head":"<!-- This site is optimized with the Yoast SEO plugin v27.5 - https:\/\/yoast.com\/product\/yoast-seo-wordpress\/ -->\n<title>\u00dcber Brunstad Christian Church - BCC<\/title>\n<meta name=\"description\" content=\"Brunstad Christian Church (BCC) ist eine evangelische Freikirche, die ihren Ursprung in Norwegen hat und international verbreitet ist. Fr\u00fcher wurde sie von Au\u00dfenstehenden als \u201eSmiths Freunde\u201c bezeichnet.\" \/>\n<meta name=\"robots\" content=\"index, follow, max-snippet:-1, max-image-preview:large, max-video-preview:-1\" \/>\n<link rel=\"canonical\" href=\"https:\/\/bcc.no\/de\/ueber-uns\/\" \/>\n<meta property=\"og:locale\" content=\"de_DE\" \/>\n<meta property=\"og:type\" content=\"article\" \/>\n<meta property=\"og:title\" content=\"\u00dcber Brunstad Christian Church - BCC\" \/>\n<meta property=\"og:description\" content=\"Brunstad Christian Church (BCC) ist eine evangelische Freikirche, die ihren Ursprung in Norwegen hat und international verbreitet ist. Fr\u00fcher wurde sie von Au\u00dfenstehenden als \u201eSmiths Freunde\u201c bezeichnet.\" \/>\n<meta property=\"og:url\" content=\"https:\/\/bcc.no\/de\/ueber-uns\/\" \/>\n<meta property=\"og:site_name\" content=\"BCC\" \/>\n<meta property=\"article:modified_time\" content=\"2025-10-23T06:26:00+00:00\" \/>\n<meta property=\"og:image\" content=\"https:\/\/bcc.no\/wp-content\/uploads\/2024\/09\/2024_2Sommerstevne_Apningsmote-5-1-scaled.jpg\" \/>\n\t<meta property=\"og:image:width\" content=\"2560\" \/>\n\t<meta property=\"og:image:height\" content=\"1026\" \/>\n\t<meta property=\"og:image:type\" content=\"image\/jpeg\" \/>\n<meta name=\"twitter:card\" content=\"summary_large_image\" \/>\n<meta name=\"twitter:label1\" content=\"Gesch\u00e4tzte Lesezeit\" \/>\n\t<meta name=\"twitter:data1\" content=\"4\u00a0Minuten\" \/>\n<script type=\"application\/ld+json\" class=\"yoast-schema-graph\">{\"@context\":\"https:\\\/\\\/schema.org\",\"@graph\":[{\"@type\":\"WebPage\",\"@id\":\"https:\\\/\\\/bcc.no\\\/de\\\/ueber-uns\\\/\",\"url\":\"https:\\\/\\\/bcc.no\\\/de\\\/ueber-uns\\\/\",\"name\":\"\u00dcber Brunstad Christian Church - BCC\",\"isPartOf\":{\"@id\":\"https:\\\/\\\/bcc.no\\\/de\\\/#website\"},\"primaryImageOfPage\":{\"@id\":\"https:\\\/\\\/bcc.no\\\/de\\\/ueber-uns\\\/#primaryimage\"},\"image\":{\"@id\":\"https:\\\/\\\/bcc.no\\\/de\\\/ueber-uns\\\/#primaryimage\"},\"thumbnailUrl\":\"https:\\\/\\\/bcc.no\\\/wp-content\\\/uploads\\\/2024\\\/09\\\/2024_2Sommerstevne_Apningsmote-5-1-scaled.jpg\",\"datePublished\":\"2024-09-10T06:15:16+00:00\",\"dateModified\":\"2025-10-23T06:26:00+00:00\",\"description\":\"Brunstad Christian Church (BCC) ist eine evangelische Freikirche, die ihren Ursprung in Norwegen hat und international verbreitet ist. Fr\u00fcher wurde sie von Au\u00dfenstehenden als \u201eSmiths Freunde\u201c bezeichnet.\",\"breadcrumb\":{\"@id\":\"https:\\\/\\\/bcc.no\\\/de\\\/ueber-uns\\\/#breadcrumb\"},\"inLanguage\":\"de\",\"potentialAction\":[{\"@type\":\"ReadAction\",\"target\":[\"https:\\\/\\\/bcc.no\\\/de\\\/ueber-uns\\\/\"]}]},{\"@type\":\"ImageObject\",\"inLanguage\":\"de\",\"@id\":\"https:\\\/\\\/bcc.no\\\/de\\\/ueber-uns\\\/#primaryimage\",\"url\":\"https:\\\/\\\/bcc.no\\\/wp-content\\\/uploads\\\/2024\\\/09\\\/2024_2Sommerstevne_Apningsmote-5-1-scaled.jpg\",\"contentUrl\":\"https:\\\/\\\/bcc.no\\\/wp-content\\\/uploads\\\/2024\\\/09\\\/2024_2Sommerstevne_Apningsmote-5-1-scaled.jpg\",\"width\":2560,\"height\":1026},{\"@type\":\"WebSite\",\"@id\":\"https:\\\/\\\/bcc.no\\\/de\\\/#website\",\"url\":\"https:\\\/\\\/bcc.no\\\/de\\\/\",\"name\":\"BCC\",\"description\":\"et internasjonalt trossamfunn\",\"publisher\":{\"@id\":\"https:\\\/\\\/bcc.no\\\/de\\\/#organization\"},\"potentialAction\":[{\"@type\":\"SearchAction\",\"target\":{\"@type\":\"EntryPoint\",\"urlTemplate\":\"https:\\\/\\\/bcc.no\\\/de\\\/?s={search_term_string}\"},\"query-input\":{\"@type\":\"PropertyValueSpecification\",\"valueRequired\":true,\"valueName\":\"search_term_string\"}}],\"inLanguage\":\"de\"},{\"@type\":\"Organization\",\"@id\":\"https:\\\/\\\/bcc.no\\\/de\\\/#organization\",\"name\":\"BCC\",\"url\":\"https:\\\/\\\/bcc.no\\\/de\\\/\",\"logo\":{\"@type\":\"ImageObject\",\"inLanguage\":\"de\",\"@id\":\"https:\\\/\\\/bcc.no\\\/de\\\/#\\\/schema\\\/logo\\\/image\\\/\",\"url\":\"https:\\\/\\\/bcc.no\\\/wp-content\\\/uploads\\\/2026\\\/04\\\/bcc_logo_full.svg\",\"contentUrl\":\"https:\\\/\\\/bcc.no\\\/wp-content\\\/uploads\\\/2026\\\/04\\\/bcc_logo_full.svg\",\"caption\":\"BCC\"},\"image\":{\"@id\":\"https:\\\/\\\/bcc.no\\\/de\\\/#\\\/schema\\\/logo\\\/image\\\/\"}}]}<\/script>\n<!-- \/ Yoast SEO plugin. -->","yoast_head_json":{"title":"\u00dcber Brunstad Christian Church - BCC","description":"Brunstad Christian Church (BCC) ist eine evangelische Freikirche, die ihren Ursprung in Norwegen hat und international verbreitet ist. Fr\u00fcher wurde sie von Au\u00dfenstehenden als \u201eSmiths Freunde\u201c bezeichnet.","robots":{"index":"index","follow":"follow","max-snippet":"max-snippet:-1","max-image-preview":"max-image-preview:large","max-video-preview":"max-video-preview:-1"},"canonical":"https:\/\/bcc.no\/de\/ueber-uns\/","og_locale":"de_DE","og_type":"article","og_title":"\u00dcber Brunstad Christian Church - BCC","og_description":"Brunstad Christian Church (BCC) ist eine evangelische Freikirche, die ihren Ursprung in Norwegen hat und international verbreitet ist. Fr\u00fcher wurde sie von Au\u00dfenstehenden als \u201eSmiths Freunde\u201c bezeichnet.","og_url":"https:\/\/bcc.no\/de\/ueber-uns\/","og_site_name":"BCC","article_modified_time":"2025-10-23T06:26:00+00:00","og_image":[{"width":2560,"height":1026,"url":"https:\/\/bcc.no\/wp-content\/uploads\/2024\/09\/2024_2Sommerstevne_Apningsmote-5-1-scaled.jpg","type":"image\/jpeg"}],"twitter_card":"summary_large_image","twitter_misc":{"Gesch\u00e4tzte Lesezeit":"4\u00a0Minuten"},"schema":{"@context":"https:\/\/schema.org","@graph":[{"@type":"WebPage","@id":"https:\/\/bcc.no\/de\/ueber-uns\/","url":"https:\/\/bcc.no\/de\/ueber-uns\/","name":"\u00dcber Brunstad Christian Church - BCC","isPartOf":{"@id":"https:\/\/bcc.no\/de\/#website"},"primaryImageOfPage":{"@id":"https:\/\/bcc.no\/de\/ueber-uns\/#primaryimage"},"image":{"@id":"https:\/\/bcc.no\/de\/ueber-uns\/#primaryimage"},"thumbnailUrl":"https:\/\/bcc.no\/wp-content\/uploads\/2024\/09\/2024_2Sommerstevne_Apningsmote-5-1-scaled.jpg","datePublished":"2024-09-10T06:15:16+00:00","dateModified":"2025-10-23T06:26:00+00:00","description":"Brunstad Christian Church (BCC) ist eine evangelische Freikirche, die ihren Ursprung in Norwegen hat und international verbreitet ist. Fr\u00fcher wurde sie von Au\u00dfenstehenden als \u201eSmiths Freunde\u201c bezeichnet.","breadcrumb":{"@id":"https:\/\/bcc.no\/de\/ueber-uns\/#breadcrumb"},"inLanguage":"de","potentialAction":[{"@type":"ReadAction","target":["https:\/\/bcc.no\/de\/ueber-uns\/"]}]},{"@type":"ImageObject","inLanguage":"de","@id":"https:\/\/bcc.no\/de\/ueber-uns\/#primaryimage","url":"https:\/\/bcc.no\/wp-content\/uploads\/2024\/09\/2024_2Sommerstevne_Apningsmote-5-1-scaled.jpg","contentUrl":"https:\/\/bcc.no\/wp-content\/uploads\/2024\/09\/2024_2Sommerstevne_Apningsmote-5-1-scaled.jpg","width":2560,"height":1026},{"@type":"WebSite","@id":"https:\/\/bcc.no\/de\/#website","url":"https:\/\/bcc.no\/de\/","name":"BCC","description":"et internasjonalt trossamfunn","publisher":{"@id":"https:\/\/bcc.no\/de\/#organization"},"potentialAction":[{"@type":"SearchAction","target":{"@type":"EntryPoint","urlTemplate":"https:\/\/bcc.no\/de\/?s={search_term_string}"},"query-input":{"@type":"PropertyValueSpecification","valueRequired":true,"valueName":"search_term_string"}}],"inLanguage":"de"},{"@type":"Organization","@id":"https:\/\/bcc.no\/de\/#organization","name":"BCC","url":"https:\/\/bcc.no\/de\/","logo":{"@type":"ImageObject","inLanguage":"de","@id":"https:\/\/bcc.no\/de\/#\/schema\/logo\/image\/","url":"https:\/\/bcc.no\/wp-content\/uploads\/2026\/04\/bcc_logo_full.svg","contentUrl":"https:\/\/bcc.no\/wp-content\/uploads\/2026\/04\/bcc_logo_full.svg","caption":"BCC"},"image":{"@id":"https:\/\/bcc.no\/de\/#\/schema\/logo\/image\/"}}]}},"uagb_featured_image_src":{"full":["https:\/\/bcc.no\/wp-content\/uploads\/2024\/09\/2024_2Sommerstevne_Apningsmote-5-1-scaled.jpg",2560,1026,false],"thumbnail":["https:\/\/bcc.no\/wp-content\/uploads\/2024\/09\/2024_2Sommerstevne_Apningsmote-5-1-150x150.jpg",150,150,true],"medium":["https:\/\/bcc.no\/wp-content\/uploads\/2024\/09\/2024_2Sommerstevne_Apningsmote-5-1-300x120.jpg",300,120,true],"medium_large":["https:\/\/bcc.no\/wp-content\/uploads\/2024\/09\/2024_2Sommerstevne_Apningsmote-5-1-768x308.jpg",640,257,true],"large":["https:\/\/bcc.no\/wp-content\/uploads\/2024\/09\/2024_2Sommerstevne_Apningsmote-5-1-1024x410.jpg",640,256,true],"1536x1536":["https:\/\/bcc.no\/wp-content\/uploads\/2024\/09\/2024_2Sommerstevne_Apningsmote-5-1-1536x615.jpg",1536,615,true],"2048x2048":["https:\/\/bcc.no\/wp-content\/uploads\/2024\/09\/2024_2Sommerstevne_Apningsmote-5-1-2048x820.jpg",2048,820,true]},"uagb_author_info":{"display_name":"Mathias Strand Kristiansen","author_link":"https:\/\/bcc.no\/de\/author\/22801\/"},"uagb_comment_info":0,"uagb_excerpt":"Eine christliche Glaubensgemeinschaft mit Wurzeln in Norwegen, die die Botschaft der Heiligung betont. \u00dcber BCC Weltweit gibt es rund 25.000 Glaubensgeschwister; mehr als ein Drittel von ihnen wohnt in Norwegen, wo sich auch der Hauptsitz befindet. BCC ist eine Glaubensgemeinschaft f\u00fcr diejenigen, die darin Gemeinschaft suchen, in der Nachfolge Jesu zu leben. Der Name der&hellip;","_links":{"self":[{"href":"https:\/\/bcc.no\/de\/wp-json\/wp\/v2\/pages\/97443","targetHints":{"allow":["GET"]}}],"collection":[{"href":"https:\/\/bcc.no\/de\/wp-json\/wp\/v2\/pages"}],"about":[{"href":"https:\/\/bcc.no\/de\/wp-json\/wp\/v2\/types\/page"}],"author":[{"embeddable":true,"href":"https:\/\/bcc.no\/de\/wp-json\/wp\/v2\/users\/6"}],"replies":[{"embeddable":true,"href":"https:\/\/bcc.no\/de\/wp-json\/wp\/v2\/comments?post=97443"}],"version-history":[{"count":14,"href":"https:\/\/bcc.no\/de\/wp-json\/wp\/v2\/pages\/97443\/revisions"}],"predecessor-version":[{"id":141710,"href":"https:\/\/bcc.no\/de\/wp-json\/wp\/v2\/pages\/97443\/revisions\/141710"}],"wp:featuredmedia":[{"embeddable":true,"href":"https:\/\/bcc.no\/de\/wp-json\/wp\/v2\/media\/95548"}],"wp:attachment":[{"href":"https:\/\/bcc.no\/de\/wp-json\/wp\/v2\/media?parent=97443"}],"curies":[{"name":"wp","href":"https:\/\/api.w.org\/{rel}","templated":true}]}}