{"id":97439,"date":"2024-09-10T07:19:10","date_gmt":"2024-09-10T06:19:10","guid":{"rendered":"https:\/\/bcc.no\/zwecke-und-werte\/"},"modified":"2025-09-29T15:13:17","modified_gmt":"2025-09-29T14:13:17","slug":"zwecke-und-werte","status":"publish","type":"page","link":"https:\/\/bcc.no\/de\/ueber-uns\/zwecke-und-werte\/","title":{"rendered":"Zielsetzung und Werte"},"content":{"rendered":"\n<div class=\"wp-block-group\"><div class=\"wp-block-group__inner-container is-layout-constrained wp-block-group-is-layout-constrained\"><div class=\"yoast-breadcrumbs\"><span><span><a href=\"https:\/\/bcc.no\/de\/startseite\/\">Startseite<\/a><\/span> \/ <span><a href=\"https:\/\/bcc.no\/de\/ueber-uns\/\">\u00dcber Brunstad Christian Church<\/a><\/span> \/ <span class=\"breadcrumb_last\" aria-current=\"page\"><a href=\"https:\/\/bcc.no\/de\/ueber-uns\/zwecke-und-werte\/\">Zielsetzung und Werte<\/a><\/span><\/span><\/div>\n\n\n<h4 class=\"wp-block-heading featuredParagraph\" id=\"under-stevnene-pa-brunstad-har-flere-generasjoner-opplevd-fellesskap-hoytider-og-tatt-viktige-beslutninger-vennskapsband-er-knyttet-pa-tvers-av-kulturer-nasjoner-og-aldersgrupper\">Die Zielsetzung basiert auf den Missionsauftrag im Matth\u00e4us-Evangelium, Kap. 28,18-20.<\/h4>\n\n\n\n<hr class=\"wp-block-separator has-alpha-channel-opacity\"\/>\n<\/div><\/div>\n\n\n\n<div class=\"wp-block-group\"><div class=\"wp-block-group__inner-container is-layout-flow wp-block-group-is-layout-flow\">\n<blockquote class=\"wp-block-quote is-layout-flow wp-block-quote-is-layout-flow\">\n<p><em>&#8222;<\/em>Da trat Jesus vor und sprach zu ihnen: &#8222;Mir ist gegeben alle Gewalt im Himmel und auf Erden. Machet zu J\u00fcngern alle V\u00f6lker! Tauft sie auf den Namen des Vaters und des Sohnes und des Heiligen Geistes und lehrt sie, alles zu befolgen, was ich euch befohlen habe. Und siehe, ich bin bei euch alle Tage bis an der Welt Ende.\u2002<em>\u00bb<\/em> (Mt. 28,18-20)<\/p>\n<\/blockquote>\n<\/div><\/div>\n\n\n\n<div class=\"wp-block-group\"><div class=\"wp-block-group__inner-container is-layout-constrained wp-block-group-is-layout-constrained\">\n<h2 class=\"wp-block-heading\">Unsere Zielsetzung<\/h2>\n\n\n\n<p>Die Satzung des BCC-Verbundes beschreibt dessen Zielsetzung. Dort hei\u00dft es:<\/p>\n\n\n\n<ul class=\"wp-block-list\">\n<li>Den christlichen Glauben, wie er in unserer Glaubensgrundlage zum Ausdruck kommt, unter allen Menschen f\u00f6rdern und sie lehren, alles zu halten, was Jesus geboten hat.<\/li>\n\n\n\n<li>Die Rahmenbedingungen und das Ansehen des Christentums in der Gesellschaft f\u00f6rdern.<\/li>\n\n\n\n<li>Kindern und Jugendlichen ein positives und gesundes christliches Umfeld schaffen und gute Rahmenbedingungen f\u00fcr die pers\u00f6nliche, geistliche und soziale Entwicklung von Kindern und Jugendlichen schaffen.<\/li>\n<\/ul>\n\n\n\n<div class=\"wp-block-buttons is-layout-flex wp-block-buttons-is-layout-flex\">\n<div class=\"wp-block-button\"><a class=\"wp-block-button__link wp-element-button arrow_right_alt\" href=\"https:\/\/bcc.no\/de\/organisation\/wichtige-dokumente\/verfassung\/\" rel=\"\">Mehr dar\u00fcber in der Satzung der BCC<\/a><\/div>\n<\/div>\n<\/div><\/div>\n\n\n\n<div class=\"wp-block-group\"><div class=\"wp-block-group__inner-container is-layout-constrained wp-block-group-is-layout-constrained\">\n<h2 class=\"wp-block-heading\">Unsere Werte<\/h2>\n\n\n\n<div class=\"wp-block-group is-style-faktaboks\"><div class=\"wp-block-group__inner-container is-layout-constrained wp-block-group-is-layout-constrained\">\n<h3 class=\"wp-block-heading\">Liebe<\/h3>\n\n\n\n<p>Die Liebe steht im Mittelpunkt des Christentums. Jesus sagte: \u201eWas ihr getan habt einem von diesen meinen geringsten Br\u00fcdern, das habt ihr mir getan.\u201c Unvoreingenommen N\u00e4chstenliebe und F\u00fcrsorge gegen\u00fcber jedem Menschen mit seinen verschiedenen Voraussetzungen und Lebenssituationen zu erweisen, bedeutet daher, Jesus mit der gleichen Liebe zu lieben, mit der er uns geliebt hat. Wenn die Liebe zu ihm zu einer treibenden Kraft in unserem Inneren wird, werden alle Menschen diese G\u00fcte wahrnehmen k\u00f6nnen.<\/p>\n<\/div><\/div>\n\n\n\n<div class=\"wp-block-group is-style-faktaboks\"><div class=\"wp-block-group__inner-container is-layout-constrained wp-block-group-is-layout-constrained\">\n<h3 class=\"wp-block-heading\">Respekt<\/h3>\n\n\n\n<p>Als Freikirche respektiert die BCC voll und ganz das Recht jedes Einzelnen, im Rahmen der in der Gesellschaft festgelegten Rechtsordnung pers\u00f6nliche Entscheidungen zu treffen &#8211; beispielsweise im Hinblick auf die religi\u00f6se und politische Freiheit, die sexuelle Orientierung und das Familienleben.<\/p>\n\n\n\n<p>Das Leben und das Verhalten der Gl\u00e4ubigen sollten widerspiegeln, dass man allen Menschen mit Respekt und Wertsch\u00e4tzung begegnet &#8211; unabh\u00e4ngig von deren Glauben oder deren Weltanschauung.<\/p>\n<\/div><\/div>\n\n\n\n<div class=\"wp-block-group is-style-faktaboks\"><div class=\"wp-block-group__inner-container is-layout-constrained wp-block-group-is-layout-constrained\">\n<h3 class=\"wp-block-heading\">Gerechtigkeit<\/h3>\n\n\n\n<p>Als Christ sollte es selbstverst\u00e4ndlich sein, dass man in Geldangelegenheiten gerecht ist und die Gesetze des Landes befolgt. Dies ist der Ausgangspunkt f\u00fcr die tiefere Gerechtigkeit, bei der man seine Ausgangslage als egoistischer Mensch erkennt und durch das Kreuz Christi b\u00f6se Gedanken und Taten verleugnen kann. Auf diese Weise kann das Gute in uns Gestalt annehmen, was sowohl f\u00fcr uns selbst, f\u00fcr unsere N\u00e4chsten als auch f\u00fcr die Gesellschaft eine positive Entwicklung mit sich bringt.<\/p>\n<\/div><\/div>\n\n\n\n<div class=\"wp-block-group is-style-faktaboks\"><div class=\"wp-block-group__inner-container is-layout-constrained wp-block-group-is-layout-constrained\">\n<h3 class=\"wp-block-heading\">Treue<\/h3>\n\n\n\n<p>Treue zeigt sich in unserer Beziehung zu Gott, spiegelt sich jedoch auch in unseren zwischenmenschlichen Beziehungen und Verpflichtungen wider. Als Gl\u00e4ubige ist es immer unser Ziel, dass unser Verh\u00e4ltnis zu Gott und Menschen im Einklang mit Gottes Wort ist. Entschlossenheit und Beharrlichkeit im Glauben werden in der BCC sehr wertgesch\u00e4tzt; denn solch ein Glaube erm\u00f6glicht den Menschen ein Leben in Wachstum und Entwicklung.<\/p>\n<\/div><\/div>\n\n\n\n<div class=\"wp-block-buttons is-layout-flex wp-block-buttons-is-layout-flex\"><\/div>\n\n\n\n<\/div><\/div>\n\n\n\n<p><\/p>\n\n","protected":false},"excerpt":{"rendered":"<p>Die Zielsetzung basiert auf den Missionsauftrag im Matth\u00e4us-Evangelium, Kap. 28,18-20. &#8222;Da trat Jesus vor und sprach zu ihnen: &#8222;Mir ist gegeben alle Gewalt im Himmel und auf Erden. Machet zu J\u00fcngern alle V\u00f6lker! Tauft sie auf den Namen des Vaters und des Sohnes und des Heiligen Geistes und lehrt sie, alles zu befolgen, was ich [&hellip;]<\/p>\n","protected":false},"author":6,"featured_media":95599,"parent":97443,"menu_order":0,"comment_status":"closed","ping_status":"closed","template":"","meta":{"_acf_changed":false,"inline_featured_image":false,"_uag_custom_page_level_css":"","bcc_login_visibility":0,"bcc_groups":[],"bcc_groups_email":true,"bcc_visibility_groups":[],"bcc_visibility_groups_email":false,"sent_notifications":[],"footnotes":"","_links_to":"","_links_to_target":""},"class_list":["post-97439","page","type-page","status-publish","has-post-thumbnail","hentry"],"acf":{"rss_image":null},"featured_image_src":"https:\/\/bcc.no\/wp-content\/uploads\/2024\/09\/Banner_Formal-og-Verdier_03.jpg","yoast_head":"<!-- This site is optimized with the Yoast SEO plugin v27.4 - https:\/\/yoast.com\/product\/yoast-seo-wordpress\/ -->\n<title>Zielsetzung und Werte<\/title>\n<meta name=\"description\" content=\"Die Zielsetzung und Werte der Brunstad Christian Church umfassen Liebe, Respekt und Gerechtigkeit, um einen gesunden und integrierenden Glauben zu f\u00f6rdern.\" \/>\n<meta name=\"robots\" content=\"index, follow, max-snippet:-1, max-image-preview:large, max-video-preview:-1\" \/>\n<link rel=\"canonical\" href=\"https:\/\/bcc.no\/de\/ueber-uns\/zwecke-und-werte\/\" \/>\n<meta property=\"og:locale\" content=\"de_DE\" \/>\n<meta property=\"og:type\" content=\"article\" \/>\n<meta property=\"og:title\" content=\"Zielsetzung und Werte\" \/>\n<meta property=\"og:description\" content=\"Die Zielsetzung und Werte der Brunstad Christian Church umfassen Liebe, Respekt und Gerechtigkeit, um einen gesunden und integrierenden Glauben zu f\u00f6rdern.\" \/>\n<meta property=\"og:url\" content=\"https:\/\/bcc.no\/de\/ueber-uns\/zwecke-und-werte\/\" \/>\n<meta property=\"og:site_name\" content=\"BCC\" \/>\n<meta property=\"article:modified_time\" content=\"2025-09-29T14:13:17+00:00\" \/>\n<meta property=\"og:image\" content=\"https:\/\/bcc.no\/wp-content\/uploads\/2024\/09\/Banner_Formal-og-Verdier_03.jpg\" \/>\n\t<meta property=\"og:image:width\" content=\"2520\" \/>\n\t<meta property=\"og:image:height\" content=\"1080\" \/>\n\t<meta property=\"og:image:type\" content=\"image\/jpeg\" \/>\n<meta name=\"twitter:card\" content=\"summary_large_image\" \/>\n<meta name=\"twitter:label1\" content=\"Gesch\u00e4tzte Lesezeit\" \/>\n\t<meta name=\"twitter:data1\" content=\"3\u00a0Minuten\" \/>\n<script type=\"application\/ld+json\" class=\"yoast-schema-graph\">{\"@context\":\"https:\\\/\\\/schema.org\",\"@graph\":[{\"@type\":\"WebPage\",\"@id\":\"https:\\\/\\\/bcc.no\\\/de\\\/ueber-uns\\\/zwecke-und-werte\\\/\",\"url\":\"https:\\\/\\\/bcc.no\\\/de\\\/ueber-uns\\\/zwecke-und-werte\\\/\",\"name\":\"Zielsetzung und Werte\",\"isPartOf\":{\"@id\":\"https:\\\/\\\/bcc.no\\\/de\\\/#website\"},\"primaryImageOfPage\":{\"@id\":\"https:\\\/\\\/bcc.no\\\/de\\\/ueber-uns\\\/zwecke-und-werte\\\/#primaryimage\"},\"image\":{\"@id\":\"https:\\\/\\\/bcc.no\\\/de\\\/ueber-uns\\\/zwecke-und-werte\\\/#primaryimage\"},\"thumbnailUrl\":\"https:\\\/\\\/bcc.no\\\/wp-content\\\/uploads\\\/2024\\\/09\\\/Banner_Formal-og-Verdier_03.jpg\",\"datePublished\":\"2024-09-10T06:19:10+00:00\",\"dateModified\":\"2025-09-29T14:13:17+00:00\",\"description\":\"Die Zielsetzung und Werte der Brunstad Christian Church umfassen Liebe, Respekt und Gerechtigkeit, um einen gesunden und integrierenden Glauben zu f\u00f6rdern.\",\"breadcrumb\":{\"@id\":\"https:\\\/\\\/bcc.no\\\/de\\\/ueber-uns\\\/zwecke-und-werte\\\/#breadcrumb\"},\"inLanguage\":\"de\",\"potentialAction\":[{\"@type\":\"ReadAction\",\"target\":[\"https:\\\/\\\/bcc.no\\\/de\\\/ueber-uns\\\/zwecke-und-werte\\\/\"]}]},{\"@type\":\"ImageObject\",\"inLanguage\":\"de\",\"@id\":\"https:\\\/\\\/bcc.no\\\/de\\\/ueber-uns\\\/zwecke-und-werte\\\/#primaryimage\",\"url\":\"https:\\\/\\\/bcc.no\\\/wp-content\\\/uploads\\\/2024\\\/09\\\/Banner_Formal-og-Verdier_03.jpg\",\"contentUrl\":\"https:\\\/\\\/bcc.no\\\/wp-content\\\/uploads\\\/2024\\\/09\\\/Banner_Formal-og-Verdier_03.jpg\",\"width\":2520,\"height\":1080},{\"@type\":\"BreadcrumbList\",\"@id\":\"https:\\\/\\\/bcc.no\\\/de\\\/ueber-uns\\\/zwecke-und-werte\\\/#breadcrumb\",\"itemListElement\":[{\"@type\":\"ListItem\",\"position\":1,\"name\":\"Startseite\",\"item\":\"https:\\\/\\\/bcc.no\\\/de\\\/startseite\\\/\"},{\"@type\":\"ListItem\",\"position\":2,\"name\":\"\u00dcber Brunstad Christian Church\",\"item\":\"https:\\\/\\\/bcc.no\\\/de\\\/ueber-uns\\\/\"},{\"@type\":\"ListItem\",\"position\":3,\"name\":\"Zielsetzung und Werte\"}]},{\"@type\":\"WebSite\",\"@id\":\"https:\\\/\\\/bcc.no\\\/de\\\/#website\",\"url\":\"https:\\\/\\\/bcc.no\\\/de\\\/\",\"name\":\"BCC\",\"description\":\"et internasjonalt trossamfunn\",\"publisher\":{\"@id\":\"https:\\\/\\\/bcc.no\\\/de\\\/#organization\"},\"potentialAction\":[{\"@type\":\"SearchAction\",\"target\":{\"@type\":\"EntryPoint\",\"urlTemplate\":\"https:\\\/\\\/bcc.no\\\/de\\\/?s={search_term_string}\"},\"query-input\":{\"@type\":\"PropertyValueSpecification\",\"valueRequired\":true,\"valueName\":\"search_term_string\"}}],\"inLanguage\":\"de\"},{\"@type\":\"Organization\",\"@id\":\"https:\\\/\\\/bcc.no\\\/de\\\/#organization\",\"name\":\"BCC\",\"url\":\"https:\\\/\\\/bcc.no\\\/de\\\/\",\"logo\":{\"@type\":\"ImageObject\",\"inLanguage\":\"de\",\"@id\":\"https:\\\/\\\/bcc.no\\\/de\\\/#\\\/schema\\\/logo\\\/image\\\/\",\"url\":\"https:\\\/\\\/bcc.no\\\/wp-content\\\/uploads\\\/2024\\\/09\\\/BCC-logo_RGB.svg\",\"contentUrl\":\"https:\\\/\\\/bcc.no\\\/wp-content\\\/uploads\\\/2024\\\/09\\\/BCC-logo_RGB.svg\",\"caption\":\"BCC\"},\"image\":{\"@id\":\"https:\\\/\\\/bcc.no\\\/de\\\/#\\\/schema\\\/logo\\\/image\\\/\"}}]}<\/script>\n<!-- \/ Yoast SEO plugin. -->","yoast_head_json":{"title":"Zielsetzung und Werte","description":"Die Zielsetzung und Werte der Brunstad Christian Church umfassen Liebe, Respekt und Gerechtigkeit, um einen gesunden und integrierenden Glauben zu f\u00f6rdern.","robots":{"index":"index","follow":"follow","max-snippet":"max-snippet:-1","max-image-preview":"max-image-preview:large","max-video-preview":"max-video-preview:-1"},"canonical":"https:\/\/bcc.no\/de\/ueber-uns\/zwecke-und-werte\/","og_locale":"de_DE","og_type":"article","og_title":"Zielsetzung und Werte","og_description":"Die Zielsetzung und Werte der Brunstad Christian Church umfassen Liebe, Respekt und Gerechtigkeit, um einen gesunden und integrierenden Glauben zu f\u00f6rdern.","og_url":"https:\/\/bcc.no\/de\/ueber-uns\/zwecke-und-werte\/","og_site_name":"BCC","article_modified_time":"2025-09-29T14:13:17+00:00","og_image":[{"width":2520,"height":1080,"url":"https:\/\/bcc.no\/wp-content\/uploads\/2024\/09\/Banner_Formal-og-Verdier_03.jpg","type":"image\/jpeg"}],"twitter_card":"summary_large_image","twitter_misc":{"Gesch\u00e4tzte Lesezeit":"3\u00a0Minuten"},"schema":{"@context":"https:\/\/schema.org","@graph":[{"@type":"WebPage","@id":"https:\/\/bcc.no\/de\/ueber-uns\/zwecke-und-werte\/","url":"https:\/\/bcc.no\/de\/ueber-uns\/zwecke-und-werte\/","name":"Zielsetzung und Werte","isPartOf":{"@id":"https:\/\/bcc.no\/de\/#website"},"primaryImageOfPage":{"@id":"https:\/\/bcc.no\/de\/ueber-uns\/zwecke-und-werte\/#primaryimage"},"image":{"@id":"https:\/\/bcc.no\/de\/ueber-uns\/zwecke-und-werte\/#primaryimage"},"thumbnailUrl":"https:\/\/bcc.no\/wp-content\/uploads\/2024\/09\/Banner_Formal-og-Verdier_03.jpg","datePublished":"2024-09-10T06:19:10+00:00","dateModified":"2025-09-29T14:13:17+00:00","description":"Die Zielsetzung und Werte der Brunstad Christian Church umfassen Liebe, Respekt und Gerechtigkeit, um einen gesunden und integrierenden Glauben zu f\u00f6rdern.","breadcrumb":{"@id":"https:\/\/bcc.no\/de\/ueber-uns\/zwecke-und-werte\/#breadcrumb"},"inLanguage":"de","potentialAction":[{"@type":"ReadAction","target":["https:\/\/bcc.no\/de\/ueber-uns\/zwecke-und-werte\/"]}]},{"@type":"ImageObject","inLanguage":"de","@id":"https:\/\/bcc.no\/de\/ueber-uns\/zwecke-und-werte\/#primaryimage","url":"https:\/\/bcc.no\/wp-content\/uploads\/2024\/09\/Banner_Formal-og-Verdier_03.jpg","contentUrl":"https:\/\/bcc.no\/wp-content\/uploads\/2024\/09\/Banner_Formal-og-Verdier_03.jpg","width":2520,"height":1080},{"@type":"BreadcrumbList","@id":"https:\/\/bcc.no\/de\/ueber-uns\/zwecke-und-werte\/#breadcrumb","itemListElement":[{"@type":"ListItem","position":1,"name":"Startseite","item":"https:\/\/bcc.no\/de\/startseite\/"},{"@type":"ListItem","position":2,"name":"\u00dcber Brunstad Christian Church","item":"https:\/\/bcc.no\/de\/ueber-uns\/"},{"@type":"ListItem","position":3,"name":"Zielsetzung und Werte"}]},{"@type":"WebSite","@id":"https:\/\/bcc.no\/de\/#website","url":"https:\/\/bcc.no\/de\/","name":"BCC","description":"et internasjonalt trossamfunn","publisher":{"@id":"https:\/\/bcc.no\/de\/#organization"},"potentialAction":[{"@type":"SearchAction","target":{"@type":"EntryPoint","urlTemplate":"https:\/\/bcc.no\/de\/?s={search_term_string}"},"query-input":{"@type":"PropertyValueSpecification","valueRequired":true,"valueName":"search_term_string"}}],"inLanguage":"de"},{"@type":"Organization","@id":"https:\/\/bcc.no\/de\/#organization","name":"BCC","url":"https:\/\/bcc.no\/de\/","logo":{"@type":"ImageObject","inLanguage":"de","@id":"https:\/\/bcc.no\/de\/#\/schema\/logo\/image\/","url":"https:\/\/bcc.no\/wp-content\/uploads\/2024\/09\/BCC-logo_RGB.svg","contentUrl":"https:\/\/bcc.no\/wp-content\/uploads\/2024\/09\/BCC-logo_RGB.svg","caption":"BCC"},"image":{"@id":"https:\/\/bcc.no\/de\/#\/schema\/logo\/image\/"}}]}},"uagb_featured_image_src":{"full":["https:\/\/bcc.no\/wp-content\/uploads\/2024\/09\/Banner_Formal-og-Verdier_03.jpg",2520,1080,false],"thumbnail":["https:\/\/bcc.no\/wp-content\/uploads\/2024\/09\/Banner_Formal-og-Verdier_03-150x150.jpg",150,150,true],"medium":["https:\/\/bcc.no\/wp-content\/uploads\/2024\/09\/Banner_Formal-og-Verdier_03-300x129.jpg",300,129,true],"medium_large":["https:\/\/bcc.no\/wp-content\/uploads\/2024\/09\/Banner_Formal-og-Verdier_03-768x329.jpg",640,274,true],"large":["https:\/\/bcc.no\/wp-content\/uploads\/2024\/09\/Banner_Formal-og-Verdier_03-1024x439.jpg",640,274,true],"1536x1536":["https:\/\/bcc.no\/wp-content\/uploads\/2024\/09\/Banner_Formal-og-Verdier_03-1536x658.jpg",1536,658,true],"2048x2048":["https:\/\/bcc.no\/wp-content\/uploads\/2024\/09\/Banner_Formal-og-Verdier_03-2048x878.jpg",2048,878,true]},"uagb_author_info":{"display_name":"Mathias Strand Kristiansen","author_link":"https:\/\/bcc.no\/de\/author\/22801\/"},"uagb_comment_info":0,"uagb_excerpt":"Die Zielsetzung basiert auf den Missionsauftrag im Matth\u00e4us-Evangelium, Kap. 28,18-20. &#8222;Da trat Jesus vor und sprach zu ihnen: &#8222;Mir ist gegeben alle Gewalt im Himmel und auf Erden. Machet zu J\u00fcngern alle V\u00f6lker! Tauft sie auf den Namen des Vaters und des Sohnes und des Heiligen Geistes und lehrt sie, alles zu befolgen, was ich&hellip;","_links":{"self":[{"href":"https:\/\/bcc.no\/de\/wp-json\/wp\/v2\/pages\/97439","targetHints":{"allow":["GET"]}}],"collection":[{"href":"https:\/\/bcc.no\/de\/wp-json\/wp\/v2\/pages"}],"about":[{"href":"https:\/\/bcc.no\/de\/wp-json\/wp\/v2\/types\/page"}],"author":[{"embeddable":true,"href":"https:\/\/bcc.no\/de\/wp-json\/wp\/v2\/users\/6"}],"replies":[{"embeddable":true,"href":"https:\/\/bcc.no\/de\/wp-json\/wp\/v2\/comments?post=97439"}],"version-history":[{"count":13,"href":"https:\/\/bcc.no\/de\/wp-json\/wp\/v2\/pages\/97439\/revisions"}],"predecessor-version":[{"id":140639,"href":"https:\/\/bcc.no\/de\/wp-json\/wp\/v2\/pages\/97439\/revisions\/140639"}],"up":[{"embeddable":true,"href":"https:\/\/bcc.no\/de\/wp-json\/wp\/v2\/pages\/97443"}],"wp:featuredmedia":[{"embeddable":true,"href":"https:\/\/bcc.no\/de\/wp-json\/wp\/v2\/media\/95599"}],"wp:attachment":[{"href":"https:\/\/bcc.no\/de\/wp-json\/wp\/v2\/media?parent=97439"}],"curies":[{"name":"wp","href":"https:\/\/api.w.org\/{rel}","templated":true}]}}