{"id":97436,"date":"2024-10-07T14:01:42","date_gmt":"2024-10-07T13:01:42","guid":{"rendered":"https:\/\/bcc.no\/bcc-a-team\/"},"modified":"2025-06-03T12:10:51","modified_gmt":"2025-06-03T11:10:51","slug":"a-team","status":"publish","type":"page","link":"https:\/\/bcc.no\/de\/a-team\/","title":{"rendered":"BCC A-team"},"content":{"rendered":"\n<div class=\"wp-block-group\"><div class=\"wp-block-group__inner-container is-layout-constrained wp-block-group-is-layout-constrained\"><div class=\"yoast-breadcrumbs\"><span><span>Startseite<\/span> \/ <span class=\"breadcrumb_last\" aria-current=\"page\"><a href=\"https:\/\/bcc.no\/de\/a-team\/\">BCC A-team<\/a><\/span><\/span><\/div>\n\n\n<h4 class=\"wp-block-heading featuredParagraph\">Jedes Jahr bewerben sich 300 bis 400 junge Menschen in der BCC f\u00fcr das Jugendprogramm \u201eA-team\u201c.<\/h4>\n\n\n\n<hr class=\"wp-block-separator has-alpha-channel-opacity\"\/>\n\n\n\n<p>In den letzten 20 Jahren war dies ein Sammelbegriff f\u00fcr verschiedene Jugendprogramme, die entweder direkt oder indirekt durch \u00fcbereinstimmende Ziele mit der BCC verbunden waren. Auch wenn sich die Organisationsstrukturen im Laufe der Jahre etwas ver\u00e4ndert haben, ist die Grundidee dieselbe geblieben, wobei die Mission ein zentrales Element ist.<\/p>\n<\/div><\/div>\n\n\n\n<div class=\"wp-block-group\"><div class=\"wp-block-group__inner-container is-layout-constrained wp-block-group-is-layout-constrained\">\n<h3 class=\"wp-block-heading\" id=\"historiske-fakta\">Fakten \u00fcber die Entwicklung<\/h3>\n\n\n\n<ul class=\"wp-block-list\">\n<li>Seit den Anf\u00e4ngen im Jahr 2002 haben rund 6.000 junge Menschen am A-team teilgenommen.<\/li>\n\n\n\n<li>In der Regel einj\u00e4hriges Angebot f\u00fcr junge Menschen in der BCC<\/li>\n\n\n\n<li>Die Hauptelemente sind Bibelunterricht, Gemeinschaft, Arbeitsm\u00f6glichkeiten und kultureller Austausch<\/li>\n\n\n\n<li>Die Teilnehmenden kommen aus der ganzen Welt: In jedem Jahr waren zwischen 20 und 30 verschiedene Nationen vertreten.<\/li>\n<\/ul>\n<\/div><\/div>\n\n\n\n<div class=\"wp-block-group\"><div class=\"wp-block-group__inner-container is-layout-constrained wp-block-group-is-layout-constrained\">\n<h3 class=\"wp-block-heading\" id=\"et-populaert-tilbud\">Ein beliebtes Angebot<\/h3>\n\n\n\n<p>Das A-team ist seit l\u00e4ngerer Zeit ein beliebtes Angebot f\u00fcr junge Menschen aus Norwegen und aus anderen L\u00e4ndern verschiedener Kontinente. Man wohnt ein Jahr lang an einem Ort, arbeitet zusammen und nimmt an Bibelunterricht sowie verschiedenen Aktivit\u00e4ten und Unternehmungen mit Gleichaltrigen teil.<\/p>\n\n\n\n<p>Wie auch bei anderen Kirchen und gemeinn\u00fctzigen Organisationen wird den jungen Menschen ein interessantes Jahr angeboten; w\u00e4hrend dieser Zeit treffen sie Teilnehmende aus vielen L\u00e4ndern. Der Zusammenhalt und die Kontakte, die sich w\u00e4hrend dieses Jahres unter den jungen Menschen entwickeln, sind vergleichbar mit dem, was man beim Bundesfreiwilligendienst oder bei einem Freiwilligen Sozialen Jahr an Erfahrungen sammeln kann.<\/p>\n\n\n\n<figure class=\"wp-block-gallery has-nested-images columns-default is-cropped wp-block-gallery-1 is-layout-flex wp-block-gallery-is-layout-flex\">\n<figure class=\"wp-block-image size-large\"><img loading=\"lazy\" decoding=\"async\" width=\"1024\" height=\"576\" data-id=\"96203\" src=\"https:\/\/bccinternational.kinsta.cloud\/wp-content\/uploads\/2024\/10\/3_BCC-trossamfunn-web-A-team-slider-1024x576-1.png\" alt=\"\" class=\"wp-image-96203\"\/><\/figure>\n\n\n\n<figure class=\"wp-block-image size-large\"><img loading=\"lazy\" decoding=\"async\" width=\"1024\" height=\"576\" data-id=\"96208\" src=\"https:\/\/bccinternational.kinsta.cloud\/wp-content\/uploads\/2024\/10\/6_BCC-trossamfunn-web-A-team-slider-1024x576-1.png\" alt=\"\" class=\"wp-image-96208\"\/><\/figure>\n\n\n\n<figure class=\"wp-block-image size-large\"><img loading=\"lazy\" decoding=\"async\" width=\"1024\" height=\"576\" data-id=\"96213\" src=\"https:\/\/bccinternational.kinsta.cloud\/wp-content\/uploads\/2024\/10\/5_BCC-trossamfunn-web-A-team-slider-1024x576-1.png\" alt=\"\" class=\"wp-image-96213\"\/><\/figure>\n\n\n\n<figure class=\"wp-block-image size-large\"><img loading=\"lazy\" decoding=\"async\" width=\"1024\" height=\"576\" data-id=\"96218\" src=\"https:\/\/bccinternational.kinsta.cloud\/wp-content\/uploads\/2024\/10\/2_BCC-trossamfunn-web-A-team-slider-1024x576-1.png\" alt=\"\" class=\"wp-image-96218\"\/><\/figure>\n\n\n\n<figure class=\"wp-block-image size-large\"><img loading=\"lazy\" decoding=\"async\" width=\"1024\" height=\"576\" data-id=\"96223\" src=\"https:\/\/bccinternational.kinsta.cloud\/wp-content\/uploads\/2024\/10\/4_BCC-trossamfunn-web-A-team-slider-1024x576-1.png\" alt=\"\" class=\"wp-image-96223\"\/><\/figure>\n<\/figure>\n\n\n\n<p><\/p>\n<\/div><\/div>\n\n\n\n<div class=\"wp-block-group\"><div class=\"wp-block-group__inner-container is-layout-constrained wp-block-group-is-layout-constrained\">\n<div class=\"wp-block-group is-style-faktaboks\"><div class=\"wp-block-group__inner-container is-layout-flow wp-block-group-is-layout-flow\">\n<h3 class=\"wp-block-heading\" id=\"ny-organisering\">\u00dcber BCC A-team<\/h3>\n\n\n\n<p>BCC A-team ist eine Stiftung, die 2021 gegr\u00fcndet wurde. <\/p>\n<\/div><\/div>\n<\/div><\/div>\n\n\n\n<div class=\"wp-block-group\"><div class=\"wp-block-group__inner-container is-layout-constrained wp-block-group-is-layout-constrained\">\n<div class=\"wp-block-group is-style-faktaboks\"><div class=\"wp-block-group__inner-container is-layout-flow wp-block-group-is-layout-flow\">\n<h3 class=\"wp-block-heading\" id=\"yep-for-ungdommer-utenfor-europa-eos\">YEP &#8211; f\u00fcr junge Menschen, die von Orten au\u00dferhalb Europas \/ des EWR kommen<\/h3>\n\n\n\n<p>F\u00fcr Bewerberinnen und Bewerber aus L\u00e4ndern au\u00dferhalb Europas und des EWR unterst\u00fctzt der BCC-Verbund ein extra Programm: YEP (Youth Exchange Programme), das von BCC Event betreut wird.<\/p>\n\n\n\n<p><strong><a href=\"https:\/\/event.bcc.no\/yep\/\" target=\"_blank\" rel=\"noreferrer noopener\">\u00dcber YEP<\/a><\/strong><\/p>\n<\/div><\/div>\n<\/div><\/div>\n\n\n\n<div class=\"wp-block-group\"><div class=\"wp-block-group__inner-container is-layout-constrained wp-block-group-is-layout-constrained\">\n<figure class=\"wp-block-image size-large\"><img loading=\"lazy\" decoding=\"async\" width=\"1024\" height=\"683\" src=\"http:\/\/bccinternational.kinsta.cloud\/wp-content\/uploads\/2024\/10\/YEP-event-1-2-1024x683.jpg\" alt=\"\" class=\"wp-image-96316\"\/><\/figure>\n\n\n\n<\/div><\/div>\n\n","protected":false},"excerpt":{"rendered":"<p>Jedes Jahr bewerben sich 300 bis 400 junge Menschen in der BCC f\u00fcr das Jugendprogramm \u201eA-team\u201c. In den letzten 20 Jahren war dies ein Sammelbegriff f\u00fcr verschiedene Jugendprogramme, die entweder direkt oder indirekt durch \u00fcbereinstimmende Ziele mit der BCC verbunden waren. Auch wenn sich die Organisationsstrukturen im Laufe der Jahre etwas ver\u00e4ndert haben, ist die [&hellip;]<\/p>\n","protected":false},"author":6,"featured_media":96239,"parent":0,"menu_order":0,"comment_status":"closed","ping_status":"closed","template":"","meta":{"_acf_changed":false,"inline_featured_image":false,"_uag_custom_page_level_css":"","bcc_login_visibility":0,"bcc_groups":[],"bcc_groups_email":true,"bcc_visibility_groups":[],"bcc_visibility_groups_email":false,"sent_notifications":[],"footnotes":"","_links_to":"","_links_to_target":""},"class_list":["post-97436","page","type-page","status-publish","has-post-thumbnail","hentry"],"acf":{"rss_image":null},"featured_image_src":"https:\/\/bcc.no\/wp-content\/uploads\/2024\/10\/4_BANNER-A-team-BCC-trossamfunn-web_4.jpg","yoast_head":"<!-- This site is optimized with the Yoast SEO plugin v27.4 - https:\/\/yoast.com\/product\/yoast-seo-wordpress\/ -->\n<title>BCC A-team<\/title>\n<meta name=\"description\" content=\"Das A-team ist ein einj\u00e4hriges Jugendprogramm mit Bibelunterricht, Arbeitsm\u00f6glichkeiten und kulturellem Austausch. Jedes Jahr bewerben sich 300-400 junge Menschen der BCC f\u00fcr das Programm.\" \/>\n<meta name=\"robots\" content=\"index, follow, max-snippet:-1, max-image-preview:large, max-video-preview:-1\" \/>\n<link rel=\"canonical\" href=\"https:\/\/bcc.no\/de\/a-team\/\" \/>\n<meta property=\"og:locale\" content=\"de_DE\" \/>\n<meta property=\"og:type\" content=\"article\" \/>\n<meta property=\"og:title\" content=\"BCC A-team\" \/>\n<meta property=\"og:description\" content=\"Das A-team ist ein einj\u00e4hriges Jugendprogramm mit Bibelunterricht, Arbeitsm\u00f6glichkeiten und kulturellem Austausch. Jedes Jahr bewerben sich 300-400 junge Menschen der BCC f\u00fcr das Programm.\" \/>\n<meta property=\"og:url\" content=\"https:\/\/bcc.no\/de\/a-team\/\" \/>\n<meta property=\"og:site_name\" content=\"BCC\" \/>\n<meta property=\"article:modified_time\" content=\"2025-06-03T11:10:51+00:00\" \/>\n<meta property=\"og:image\" content=\"https:\/\/bcc.no\/wp-content\/uploads\/2024\/10\/4_BANNER-A-team-BCC-trossamfunn-web_4.jpg\" \/>\n\t<meta property=\"og:image:width\" content=\"1200\" \/>\n\t<meta property=\"og:image:height\" content=\"338\" \/>\n\t<meta property=\"og:image:type\" content=\"image\/jpeg\" \/>\n<meta name=\"twitter:card\" content=\"summary_large_image\" \/>\n<meta name=\"twitter:label1\" content=\"Gesch\u00e4tzte Lesezeit\" \/>\n\t<meta name=\"twitter:data1\" content=\"1\u00a0Minute\" \/>\n<script type=\"application\/ld+json\" class=\"yoast-schema-graph\">{\"@context\":\"https:\\\/\\\/schema.org\",\"@graph\":[{\"@type\":\"WebPage\",\"@id\":\"https:\\\/\\\/bcc.no\\\/de\\\/a-team\\\/\",\"url\":\"https:\\\/\\\/bcc.no\\\/de\\\/a-team\\\/\",\"name\":\"BCC A-team\",\"isPartOf\":{\"@id\":\"https:\\\/\\\/bcc.no\\\/de\\\/#website\"},\"primaryImageOfPage\":{\"@id\":\"https:\\\/\\\/bcc.no\\\/de\\\/a-team\\\/#primaryimage\"},\"image\":{\"@id\":\"https:\\\/\\\/bcc.no\\\/de\\\/a-team\\\/#primaryimage\"},\"thumbnailUrl\":\"https:\\\/\\\/bcc.no\\\/wp-content\\\/uploads\\\/2024\\\/10\\\/4_BANNER-A-team-BCC-trossamfunn-web_4.jpg\",\"datePublished\":\"2024-10-07T13:01:42+00:00\",\"dateModified\":\"2025-06-03T11:10:51+00:00\",\"description\":\"Das A-team ist ein einj\u00e4hriges Jugendprogramm mit Bibelunterricht, Arbeitsm\u00f6glichkeiten und kulturellem Austausch. Jedes Jahr bewerben sich 300-400 junge Menschen der BCC f\u00fcr das Programm.\",\"breadcrumb\":{\"@id\":\"https:\\\/\\\/bcc.no\\\/de\\\/a-team\\\/#breadcrumb\"},\"inLanguage\":\"de\",\"potentialAction\":[{\"@type\":\"ReadAction\",\"target\":[\"https:\\\/\\\/bcc.no\\\/de\\\/a-team\\\/\"]}]},{\"@type\":\"ImageObject\",\"inLanguage\":\"de\",\"@id\":\"https:\\\/\\\/bcc.no\\\/de\\\/a-team\\\/#primaryimage\",\"url\":\"https:\\\/\\\/bcc.no\\\/wp-content\\\/uploads\\\/2024\\\/10\\\/4_BANNER-A-team-BCC-trossamfunn-web_4.jpg\",\"contentUrl\":\"https:\\\/\\\/bcc.no\\\/wp-content\\\/uploads\\\/2024\\\/10\\\/4_BANNER-A-team-BCC-trossamfunn-web_4.jpg\",\"width\":1200,\"height\":338},{\"@type\":\"WebSite\",\"@id\":\"https:\\\/\\\/bcc.no\\\/de\\\/#website\",\"url\":\"https:\\\/\\\/bcc.no\\\/de\\\/\",\"name\":\"BCC\",\"description\":\"et internasjonalt trossamfunn\",\"publisher\":{\"@id\":\"https:\\\/\\\/bcc.no\\\/de\\\/#organization\"},\"potentialAction\":[{\"@type\":\"SearchAction\",\"target\":{\"@type\":\"EntryPoint\",\"urlTemplate\":\"https:\\\/\\\/bcc.no\\\/de\\\/?s={search_term_string}\"},\"query-input\":{\"@type\":\"PropertyValueSpecification\",\"valueRequired\":true,\"valueName\":\"search_term_string\"}}],\"inLanguage\":\"de\"},{\"@type\":\"Organization\",\"@id\":\"https:\\\/\\\/bcc.no\\\/de\\\/#organization\",\"name\":\"BCC\",\"url\":\"https:\\\/\\\/bcc.no\\\/de\\\/\",\"logo\":{\"@type\":\"ImageObject\",\"inLanguage\":\"de\",\"@id\":\"https:\\\/\\\/bcc.no\\\/de\\\/#\\\/schema\\\/logo\\\/image\\\/\",\"url\":\"https:\\\/\\\/bcc.no\\\/wp-content\\\/uploads\\\/2026\\\/04\\\/bcc_logo_full.svg\",\"contentUrl\":\"https:\\\/\\\/bcc.no\\\/wp-content\\\/uploads\\\/2026\\\/04\\\/bcc_logo_full.svg\",\"caption\":\"BCC\"},\"image\":{\"@id\":\"https:\\\/\\\/bcc.no\\\/de\\\/#\\\/schema\\\/logo\\\/image\\\/\"}}]}<\/script>\n<!-- \/ Yoast SEO plugin. -->","yoast_head_json":{"title":"BCC A-team","description":"Das A-team ist ein einj\u00e4hriges Jugendprogramm mit Bibelunterricht, Arbeitsm\u00f6glichkeiten und kulturellem Austausch. Jedes Jahr bewerben sich 300-400 junge Menschen der BCC f\u00fcr das Programm.","robots":{"index":"index","follow":"follow","max-snippet":"max-snippet:-1","max-image-preview":"max-image-preview:large","max-video-preview":"max-video-preview:-1"},"canonical":"https:\/\/bcc.no\/de\/a-team\/","og_locale":"de_DE","og_type":"article","og_title":"BCC A-team","og_description":"Das A-team ist ein einj\u00e4hriges Jugendprogramm mit Bibelunterricht, Arbeitsm\u00f6glichkeiten und kulturellem Austausch. Jedes Jahr bewerben sich 300-400 junge Menschen der BCC f\u00fcr das Programm.","og_url":"https:\/\/bcc.no\/de\/a-team\/","og_site_name":"BCC","article_modified_time":"2025-06-03T11:10:51+00:00","og_image":[{"width":1200,"height":338,"url":"https:\/\/bcc.no\/wp-content\/uploads\/2024\/10\/4_BANNER-A-team-BCC-trossamfunn-web_4.jpg","type":"image\/jpeg"}],"twitter_card":"summary_large_image","twitter_misc":{"Gesch\u00e4tzte Lesezeit":"1\u00a0Minute"},"schema":{"@context":"https:\/\/schema.org","@graph":[{"@type":"WebPage","@id":"https:\/\/bcc.no\/de\/a-team\/","url":"https:\/\/bcc.no\/de\/a-team\/","name":"BCC A-team","isPartOf":{"@id":"https:\/\/bcc.no\/de\/#website"},"primaryImageOfPage":{"@id":"https:\/\/bcc.no\/de\/a-team\/#primaryimage"},"image":{"@id":"https:\/\/bcc.no\/de\/a-team\/#primaryimage"},"thumbnailUrl":"https:\/\/bcc.no\/wp-content\/uploads\/2024\/10\/4_BANNER-A-team-BCC-trossamfunn-web_4.jpg","datePublished":"2024-10-07T13:01:42+00:00","dateModified":"2025-06-03T11:10:51+00:00","description":"Das A-team ist ein einj\u00e4hriges Jugendprogramm mit Bibelunterricht, Arbeitsm\u00f6glichkeiten und kulturellem Austausch. Jedes Jahr bewerben sich 300-400 junge Menschen der BCC f\u00fcr das Programm.","breadcrumb":{"@id":"https:\/\/bcc.no\/de\/a-team\/#breadcrumb"},"inLanguage":"de","potentialAction":[{"@type":"ReadAction","target":["https:\/\/bcc.no\/de\/a-team\/"]}]},{"@type":"ImageObject","inLanguage":"de","@id":"https:\/\/bcc.no\/de\/a-team\/#primaryimage","url":"https:\/\/bcc.no\/wp-content\/uploads\/2024\/10\/4_BANNER-A-team-BCC-trossamfunn-web_4.jpg","contentUrl":"https:\/\/bcc.no\/wp-content\/uploads\/2024\/10\/4_BANNER-A-team-BCC-trossamfunn-web_4.jpg","width":1200,"height":338},{"@type":"WebSite","@id":"https:\/\/bcc.no\/de\/#website","url":"https:\/\/bcc.no\/de\/","name":"BCC","description":"et internasjonalt trossamfunn","publisher":{"@id":"https:\/\/bcc.no\/de\/#organization"},"potentialAction":[{"@type":"SearchAction","target":{"@type":"EntryPoint","urlTemplate":"https:\/\/bcc.no\/de\/?s={search_term_string}"},"query-input":{"@type":"PropertyValueSpecification","valueRequired":true,"valueName":"search_term_string"}}],"inLanguage":"de"},{"@type":"Organization","@id":"https:\/\/bcc.no\/de\/#organization","name":"BCC","url":"https:\/\/bcc.no\/de\/","logo":{"@type":"ImageObject","inLanguage":"de","@id":"https:\/\/bcc.no\/de\/#\/schema\/logo\/image\/","url":"https:\/\/bcc.no\/wp-content\/uploads\/2026\/04\/bcc_logo_full.svg","contentUrl":"https:\/\/bcc.no\/wp-content\/uploads\/2026\/04\/bcc_logo_full.svg","caption":"BCC"},"image":{"@id":"https:\/\/bcc.no\/de\/#\/schema\/logo\/image\/"}}]}},"uagb_featured_image_src":{"full":["https:\/\/bcc.no\/wp-content\/uploads\/2024\/10\/4_BANNER-A-team-BCC-trossamfunn-web_4.jpg",1200,338,false],"thumbnail":["https:\/\/bcc.no\/wp-content\/uploads\/2024\/10\/4_BANNER-A-team-BCC-trossamfunn-web_4-150x150.jpg",150,150,true],"medium":["https:\/\/bcc.no\/wp-content\/uploads\/2024\/10\/4_BANNER-A-team-BCC-trossamfunn-web_4-300x85.jpg",300,85,true],"medium_large":["https:\/\/bcc.no\/wp-content\/uploads\/2024\/10\/4_BANNER-A-team-BCC-trossamfunn-web_4-768x216.jpg",640,180,true],"large":["https:\/\/bcc.no\/wp-content\/uploads\/2024\/10\/4_BANNER-A-team-BCC-trossamfunn-web_4-1024x288.jpg",640,180,true],"1536x1536":["https:\/\/bcc.no\/wp-content\/uploads\/2024\/10\/4_BANNER-A-team-BCC-trossamfunn-web_4.jpg",1200,338,false],"2048x2048":["https:\/\/bcc.no\/wp-content\/uploads\/2024\/10\/4_BANNER-A-team-BCC-trossamfunn-web_4.jpg",1200,338,false]},"uagb_author_info":{"display_name":"Mathias Strand Kristiansen","author_link":"https:\/\/bcc.no\/de\/author\/22801\/"},"uagb_comment_info":0,"uagb_excerpt":"Jedes Jahr bewerben sich 300 bis 400 junge Menschen in der BCC f\u00fcr das Jugendprogramm \u201eA-team\u201c. In den letzten 20 Jahren war dies ein Sammelbegriff f\u00fcr verschiedene Jugendprogramme, die entweder direkt oder indirekt durch \u00fcbereinstimmende Ziele mit der BCC verbunden waren. Auch wenn sich die Organisationsstrukturen im Laufe der Jahre etwas ver\u00e4ndert haben, ist die&hellip;","_links":{"self":[{"href":"https:\/\/bcc.no\/de\/wp-json\/wp\/v2\/pages\/97436","targetHints":{"allow":["GET"]}}],"collection":[{"href":"https:\/\/bcc.no\/de\/wp-json\/wp\/v2\/pages"}],"about":[{"href":"https:\/\/bcc.no\/de\/wp-json\/wp\/v2\/types\/page"}],"author":[{"embeddable":true,"href":"https:\/\/bcc.no\/de\/wp-json\/wp\/v2\/users\/6"}],"replies":[{"embeddable":true,"href":"https:\/\/bcc.no\/de\/wp-json\/wp\/v2\/comments?post=97436"}],"version-history":[{"count":3,"href":"https:\/\/bcc.no\/de\/wp-json\/wp\/v2\/pages\/97436\/revisions"}],"predecessor-version":[{"id":137234,"href":"https:\/\/bcc.no\/de\/wp-json\/wp\/v2\/pages\/97436\/revisions\/137234"}],"wp:featuredmedia":[{"embeddable":true,"href":"https:\/\/bcc.no\/de\/wp-json\/wp\/v2\/media\/96239"}],"wp:attachment":[{"href":"https:\/\/bcc.no\/de\/wp-json\/wp\/v2\/media?parent=97436"}],"curies":[{"name":"wp","href":"https:\/\/api.w.org\/{rel}","templated":true}]}}