{"id":97138,"date":"2024-09-10T07:15:06","date_gmt":"2024-09-10T06:15:06","guid":{"rendered":"https:\/\/bcc.no\/was-wir-glauben\/"},"modified":"2025-10-22T12:04:26","modified_gmt":"2025-10-22T11:04:26","slug":"unser-glaube","status":"publish","type":"page","link":"https:\/\/bcc.no\/de\/unser-glaube\/","title":{"rendered":"Was wir glauben"},"content":{"rendered":"\n<div class=\"wp-block-group\"><div class=\"wp-block-group__inner-container is-layout-constrained wp-block-group-is-layout-constrained\"><div class=\"yoast-breadcrumbs\"><span><span><a href=\"https:\/\/bcc.no\/de\/startseite\/\">Startseite<\/a><\/span> \/ <span class=\"breadcrumb_last\" aria-current=\"page\"><a href=\"https:\/\/bcc.no\/de\/unser-glaube\/\">Was wir glauben<\/a><\/span><\/span><\/div>\n\n\n<h4 class=\"wp-block-heading featuredParagraph\" id=\"bccs-hovedarbeid-er-a-fremme-den-kristne-tro-blant-alle-mennesker-og-laere-de-som-onsker-det-a-holde-alt-det-jesus-har-befalt-matteus-28-18-20\"><strong>Das Hauptanliegen der BCC ist es, den christlichen Glauben unter allen Menschen zu f\u00f6rdern und sie zu lehren, alles zu halten, was Jesus befohlen hat. Matth\u00e4us 28,18-20.<\/strong><\/h4>\n\n\n\n<hr class=\"wp-block-separator has-alpha-channel-opacity\"\/>\n<\/div><\/div>\n\n\n\n<div class=\"wp-block-group\"><div class=\"wp-block-group__inner-container is-layout-constrained wp-block-group-is-layout-constrained\">\n<p>Die Glaubensgrundlage der BCC beruht auf der Bibel als der von Gott eingegebenen Heiligen Schrift. Die Bibel ist unsere einzige Autorit\u00e4t und Grundlage; die Bibel beinhaltet alles, was ein Mensch f\u00fcr seine Erl\u00f6sung braucht.<\/p>\n\n\n\n<ul class=\"wp-block-list\">\n<li>Wir glauben an Gott, den Vater, den Allm\u00e4chtigen, den Sch\u00f6pfer des Himmels und der Erde.<\/li>\n\n\n\n<li>Wir glauben an Jesus Christus, den eingeborenen Sohn Gottes, aus dem Vater geboren vor aller Zeit, empfangen durch den Heiligen Geist und geboren in die Welt durch die Jungfrau Maria, untadelig im Leben, gekreuzigt und gestorben f\u00fcr unsere S\u00fcnden, auferstanden um unserer Rechtfertigung willen.<\/li>\n\n\n\n<li>Wir glauben, dass in der Gnade Vergebung der S\u00fcnden liegt und dass die Gnade den Gl\u00e4ubigen weiterf\u00fchren soll zur Heiligung, um Frucht f\u00fcr Gott zu bringen.<\/li>\n\n\n\n<li>Wir glauben, dass der Beistand, der Heilige Geist, uns lehren wird und uns an alles erinnern, was Jesus uns befohlen hat.<\/li>\n<\/ul>\n\n\n\n<p>Wir teilen das Apostolische und das Niz\u00e4nische Glaubensbekenntnis.<\/p>\n\n\n\n<p>Des Weiteren basiert die Glaubensgrundlage auf der Lehre, den Werten und dem christlichen Inhalt, f\u00fcr den Johan O. Smith stand. Seine Artikel in der Zeitschrift <em>Skjulte Skatter (Verborgene Sch\u00e4tze<\/em>), seine hinterlassenen Briefe und seine B\u00fccher, die von Stiftelsen Skjulte Skatters Forlag ver\u00f6ffentlicht wurden, geben einen Einblick.<\/p>\n\n\n\n<div style=\"height:15px\" aria-hidden=\"true\" class=\"wp-block-spacer\"><\/div>\n\n\n\n<div class=\"wp-block-buttons is-vertical is-content-justification-left is-layout-flex wp-container-core-buttons-is-layout-aacc3761 wp-block-buttons-is-layout-flex\">\n<div class=\"wp-block-button\"><a class=\"wp-block-button__link wp-element-button arrow_right_alt\" href=\"https:\/\/bcc.no\/de\/organisation\/wichtige-dokumente\/glaubensgrundlage\/\" target=\"_blank\" rel=\"noopener\">Mehr \u00fcber die Glaubensgrundlage von BCC<\/a><\/div>\n\n\n\n<div class=\"wp-block-button\"><a class=\"wp-block-button__link wp-element-button arrow_right_alt\" href=\"https:\/\/christianbookshop.org\/nb\" target=\"_blank\" rel=\"noopener\">Literatur von Johan O. Smith k\u00f6nnen hier erworben werden<\/a><\/div>\n<\/div>\n\n\n\n<div style=\"height:32px\" aria-hidden=\"true\" class=\"wp-block-spacer\"><\/div>\n<\/div><\/div>\n\n\n\n<div class=\"wp-block-group alignwide\"><div class=\"wp-block-group__inner-container is-layout-constrained wp-block-group-is-layout-constrained\">\n<h3 class=\"wp-block-heading\" id=\"forkynnelsen\">Die Verk\u00fcndigung<\/h3>\n\n\n\n<p>Um die BCC zu verstehen, ist es entscheidend, ihre Verk\u00fcndigung zu verstehen. Hier eine einfache Erkl\u00e4rung:<\/p>\n\n\n\n<div class=\"wp-block-cover\" style=\"min-height:360px;aspect-ratio:unset;\"><span aria-hidden=\"true\" class=\"wp-block-cover__background has-background-dim\" style=\"background-color:#656565\"><\/span><img loading=\"lazy\" decoding=\"async\" width=\"1920\" height=\"1281\" class=\"wp-block-cover__image-background wp-image-99865\" alt=\"\" src=\"https:\/\/bccinternational.kinsta.cloud\/wp-content\/uploads\/2024\/11\/2024_Festhelg_Festen_215619-2.jpg\" data-object-fit=\"cover\"\/><div class=\"wp-block-cover__inner-container is-layout-constrained wp-block-cover-is-layout-constrained\">\n\n<h2 class=\"wp-block-heading has-text-align-center has-large-font-size\">Was ist der Kern der BCC-Verk\u00fcndigung?<\/h2>\n\n\n<div class=\"wp-block-buttons is-content-justification-center is-layout-flex wp-container-core-buttons-is-layout-16018d1d wp-block-buttons-is-layout-flex\">\n\n<div class=\"wp-block-button\"><a class=\"wp-block-button__link wp-element-button open_in_new\" href=\"https:\/\/innsikt.bcc.no\/forkynnelse\/\" target=\"_blank\" rel=\"noopener\">Siehe einfache Erkl\u00e4rung<\/a><\/div>\n\n<\/div>\n\n<\/div><\/div>\n\n\n\n<p><\/p>\n<\/div><\/div>\n\n\n\n<div class=\"wp-block-group is-style-call-to-action\"><div class=\"wp-block-group__inner-container is-layout-flow wp-block-group-is-layout-flow\">\n<p>Hier geht es zu unserer Missionsseite<\/p>\n\n\n\n<div class=\"wp-block-buttons is-horizontal is-content-justification-left is-layout-flex wp-container-core-buttons-is-layout-7e5fce0a wp-block-buttons-is-layout-flex\">\n<div class=\"wp-block-button\"><a class=\"wp-block-button__link wp-element-button arrow_right_alt\" href=\"https:\/\/aktivkristendom.no\/\" target=\"_blank\" rel=\"noopener\">aktivkristendom.no<\/a><\/div>\n<\/div>\n<\/div><\/div>\n\n\n\n<div class=\"wp-block-group\"><div class=\"wp-block-group__inner-container is-layout-constrained wp-block-group-is-layout-constrained\">\n    <section class=\"related-articles\" data-columns=\"3\">\n        <h2>Mehr hierzu:<\/h2>\n        <div class=\"related-articles-items\">\n                            <div id=\"post-130856\" class=\"article has-image\">\n                    <div class=\"article-card no-content\">No post available.<\/div>                <\/div>\n                                <\/div>\n    <\/section>\n<\/div><\/div>\n\n\n\n<p><\/p>\n","protected":false},"excerpt":{"rendered":"<p>Das Hauptanliegen der BCC ist es, den christlichen Glauben unter allen Menschen zu f\u00f6rdern und sie zu lehren, alles zu halten, was Jesus befohlen hat. Matth\u00e4us 28,18-20. Die Glaubensgrundlage der BCC beruht auf der Bibel als der von Gott eingegebenen Heiligen Schrift. Die Bibel ist unsere einzige Autorit\u00e4t und Grundlage; die Bibel beinhaltet alles, was [&hellip;]<\/p>\n","protected":false},"author":6,"featured_media":95543,"parent":0,"menu_order":0,"comment_status":"closed","ping_status":"closed","template":"","meta":{"_acf_changed":false,"inline_featured_image":false,"_uag_custom_page_level_css":"","bcc_login_visibility":0,"bcc_groups":[],"bcc_groups_email":true,"bcc_visibility_groups":[],"bcc_visibility_groups_email":false,"sent_notifications":[],"footnotes":"","_links_to":"","_links_to_target":""},"class_list":["post-97138","page","type-page","status-publish","has-post-thumbnail","hentry"],"acf":{"rss_image":null},"featured_image_src":"https:\/\/bcc.no\/wp-content\/uploads\/2024\/09\/2023-08-01_BCC_Mote-41-2-scaled.jpg","yoast_head":"<!-- This site is optimized with the Yoast SEO plugin v27.4 - https:\/\/yoast.com\/product\/yoast-seo-wordpress\/ -->\n<title>Unser Glaube - Brunstad Christian Church<\/title>\n<meta name=\"description\" content=\"Die \u00fcbergeordnete Zielsetzung der BCC ist es, jeden dazu zu ermutigen, ein Leben als J\u00fcnger Jesu gem\u00e4\u00df Jesu Missionsauftrag zu f\u00fchren.\" \/>\n<meta name=\"robots\" content=\"index, follow, max-snippet:-1, max-image-preview:large, max-video-preview:-1\" \/>\n<link rel=\"canonical\" href=\"https:\/\/bcc.no\/de\/unser-glaube\/\" \/>\n<meta property=\"og:locale\" content=\"de_DE\" \/>\n<meta property=\"og:type\" content=\"article\" \/>\n<meta property=\"og:title\" content=\"Unser Glaube - Brunstad Christian Church\" \/>\n<meta property=\"og:description\" content=\"Die \u00fcbergeordnete Zielsetzung der BCC ist es, jeden dazu zu ermutigen, ein Leben als J\u00fcnger Jesu gem\u00e4\u00df Jesu Missionsauftrag zu f\u00fchren.\" \/>\n<meta property=\"og:url\" content=\"https:\/\/bcc.no\/de\/unser-glaube\/\" \/>\n<meta property=\"og:site_name\" content=\"BCC\" \/>\n<meta property=\"article:modified_time\" content=\"2025-10-22T11:04:26+00:00\" \/>\n<meta property=\"og:image\" content=\"https:\/\/bcc.no\/wp-content\/uploads\/2024\/09\/2023-08-01_BCC_Mote-41-2-scaled.jpg\" \/>\n\t<meta property=\"og:image:width\" content=\"2560\" \/>\n\t<meta property=\"og:image:height\" content=\"1093\" \/>\n\t<meta property=\"og:image:type\" content=\"image\/jpeg\" \/>\n<meta name=\"twitter:card\" content=\"summary_large_image\" \/>\n<meta name=\"twitter:label1\" content=\"Gesch\u00e4tzte Lesezeit\" \/>\n\t<meta name=\"twitter:data1\" content=\"2\u00a0Minuten\" \/>\n<script type=\"application\/ld+json\" class=\"yoast-schema-graph\">{\"@context\":\"https:\\\/\\\/schema.org\",\"@graph\":[{\"@type\":\"WebPage\",\"@id\":\"https:\\\/\\\/bcc.no\\\/de\\\/unser-glaube\\\/\",\"url\":\"https:\\\/\\\/bcc.no\\\/de\\\/unser-glaube\\\/\",\"name\":\"Unser Glaube - Brunstad Christian Church\",\"isPartOf\":{\"@id\":\"https:\\\/\\\/bcc.no\\\/de\\\/#website\"},\"primaryImageOfPage\":{\"@id\":\"https:\\\/\\\/bcc.no\\\/de\\\/unser-glaube\\\/#primaryimage\"},\"image\":{\"@id\":\"https:\\\/\\\/bcc.no\\\/de\\\/unser-glaube\\\/#primaryimage\"},\"thumbnailUrl\":\"https:\\\/\\\/bcc.no\\\/wp-content\\\/uploads\\\/2024\\\/09\\\/2023-08-01_BCC_Mote-41-2-scaled.jpg\",\"datePublished\":\"2024-09-10T06:15:06+00:00\",\"dateModified\":\"2025-10-22T11:04:26+00:00\",\"description\":\"Die \u00fcbergeordnete Zielsetzung der BCC ist es, jeden dazu zu ermutigen, ein Leben als J\u00fcnger Jesu gem\u00e4\u00df Jesu Missionsauftrag zu f\u00fchren.\",\"breadcrumb\":{\"@id\":\"https:\\\/\\\/bcc.no\\\/de\\\/unser-glaube\\\/#breadcrumb\"},\"inLanguage\":\"de\",\"potentialAction\":[{\"@type\":\"ReadAction\",\"target\":[\"https:\\\/\\\/bcc.no\\\/de\\\/unser-glaube\\\/\"]}]},{\"@type\":\"ImageObject\",\"inLanguage\":\"de\",\"@id\":\"https:\\\/\\\/bcc.no\\\/de\\\/unser-glaube\\\/#primaryimage\",\"url\":\"https:\\\/\\\/bcc.no\\\/wp-content\\\/uploads\\\/2024\\\/09\\\/2023-08-01_BCC_Mote-41-2-scaled.jpg\",\"contentUrl\":\"https:\\\/\\\/bcc.no\\\/wp-content\\\/uploads\\\/2024\\\/09\\\/2023-08-01_BCC_Mote-41-2-scaled.jpg\",\"width\":2560,\"height\":1093},{\"@type\":\"BreadcrumbList\",\"@id\":\"https:\\\/\\\/bcc.no\\\/de\\\/unser-glaube\\\/#breadcrumb\",\"itemListElement\":[{\"@type\":\"ListItem\",\"position\":1,\"name\":\"Startseite\",\"item\":\"https:\\\/\\\/bcc.no\\\/de\\\/startseite\\\/\"},{\"@type\":\"ListItem\",\"position\":2,\"name\":\"Was wir glauben\"}]},{\"@type\":\"WebSite\",\"@id\":\"https:\\\/\\\/bcc.no\\\/de\\\/#website\",\"url\":\"https:\\\/\\\/bcc.no\\\/de\\\/\",\"name\":\"BCC\",\"description\":\"et internasjonalt trossamfunn\",\"publisher\":{\"@id\":\"https:\\\/\\\/bcc.no\\\/de\\\/#organization\"},\"potentialAction\":[{\"@type\":\"SearchAction\",\"target\":{\"@type\":\"EntryPoint\",\"urlTemplate\":\"https:\\\/\\\/bcc.no\\\/de\\\/?s={search_term_string}\"},\"query-input\":{\"@type\":\"PropertyValueSpecification\",\"valueRequired\":true,\"valueName\":\"search_term_string\"}}],\"inLanguage\":\"de\"},{\"@type\":\"Organization\",\"@id\":\"https:\\\/\\\/bcc.no\\\/de\\\/#organization\",\"name\":\"BCC\",\"url\":\"https:\\\/\\\/bcc.no\\\/de\\\/\",\"logo\":{\"@type\":\"ImageObject\",\"inLanguage\":\"de\",\"@id\":\"https:\\\/\\\/bcc.no\\\/de\\\/#\\\/schema\\\/logo\\\/image\\\/\",\"url\":\"https:\\\/\\\/bcc.no\\\/wp-content\\\/uploads\\\/2024\\\/09\\\/BCC-logo_RGB.svg\",\"contentUrl\":\"https:\\\/\\\/bcc.no\\\/wp-content\\\/uploads\\\/2024\\\/09\\\/BCC-logo_RGB.svg\",\"caption\":\"BCC\"},\"image\":{\"@id\":\"https:\\\/\\\/bcc.no\\\/de\\\/#\\\/schema\\\/logo\\\/image\\\/\"}}]}<\/script>\n<!-- \/ Yoast SEO plugin. -->","yoast_head_json":{"title":"Unser Glaube - Brunstad Christian Church","description":"Die \u00fcbergeordnete Zielsetzung der BCC ist es, jeden dazu zu ermutigen, ein Leben als J\u00fcnger Jesu gem\u00e4\u00df Jesu Missionsauftrag zu f\u00fchren.","robots":{"index":"index","follow":"follow","max-snippet":"max-snippet:-1","max-image-preview":"max-image-preview:large","max-video-preview":"max-video-preview:-1"},"canonical":"https:\/\/bcc.no\/de\/unser-glaube\/","og_locale":"de_DE","og_type":"article","og_title":"Unser Glaube - Brunstad Christian Church","og_description":"Die \u00fcbergeordnete Zielsetzung der BCC ist es, jeden dazu zu ermutigen, ein Leben als J\u00fcnger Jesu gem\u00e4\u00df Jesu Missionsauftrag zu f\u00fchren.","og_url":"https:\/\/bcc.no\/de\/unser-glaube\/","og_site_name":"BCC","article_modified_time":"2025-10-22T11:04:26+00:00","og_image":[{"width":2560,"height":1093,"url":"https:\/\/bcc.no\/wp-content\/uploads\/2024\/09\/2023-08-01_BCC_Mote-41-2-scaled.jpg","type":"image\/jpeg"}],"twitter_card":"summary_large_image","twitter_misc":{"Gesch\u00e4tzte Lesezeit":"2\u00a0Minuten"},"schema":{"@context":"https:\/\/schema.org","@graph":[{"@type":"WebPage","@id":"https:\/\/bcc.no\/de\/unser-glaube\/","url":"https:\/\/bcc.no\/de\/unser-glaube\/","name":"Unser Glaube - Brunstad Christian Church","isPartOf":{"@id":"https:\/\/bcc.no\/de\/#website"},"primaryImageOfPage":{"@id":"https:\/\/bcc.no\/de\/unser-glaube\/#primaryimage"},"image":{"@id":"https:\/\/bcc.no\/de\/unser-glaube\/#primaryimage"},"thumbnailUrl":"https:\/\/bcc.no\/wp-content\/uploads\/2024\/09\/2023-08-01_BCC_Mote-41-2-scaled.jpg","datePublished":"2024-09-10T06:15:06+00:00","dateModified":"2025-10-22T11:04:26+00:00","description":"Die \u00fcbergeordnete Zielsetzung der BCC ist es, jeden dazu zu ermutigen, ein Leben als J\u00fcnger Jesu gem\u00e4\u00df Jesu Missionsauftrag zu f\u00fchren.","breadcrumb":{"@id":"https:\/\/bcc.no\/de\/unser-glaube\/#breadcrumb"},"inLanguage":"de","potentialAction":[{"@type":"ReadAction","target":["https:\/\/bcc.no\/de\/unser-glaube\/"]}]},{"@type":"ImageObject","inLanguage":"de","@id":"https:\/\/bcc.no\/de\/unser-glaube\/#primaryimage","url":"https:\/\/bcc.no\/wp-content\/uploads\/2024\/09\/2023-08-01_BCC_Mote-41-2-scaled.jpg","contentUrl":"https:\/\/bcc.no\/wp-content\/uploads\/2024\/09\/2023-08-01_BCC_Mote-41-2-scaled.jpg","width":2560,"height":1093},{"@type":"BreadcrumbList","@id":"https:\/\/bcc.no\/de\/unser-glaube\/#breadcrumb","itemListElement":[{"@type":"ListItem","position":1,"name":"Startseite","item":"https:\/\/bcc.no\/de\/startseite\/"},{"@type":"ListItem","position":2,"name":"Was wir glauben"}]},{"@type":"WebSite","@id":"https:\/\/bcc.no\/de\/#website","url":"https:\/\/bcc.no\/de\/","name":"BCC","description":"et internasjonalt trossamfunn","publisher":{"@id":"https:\/\/bcc.no\/de\/#organization"},"potentialAction":[{"@type":"SearchAction","target":{"@type":"EntryPoint","urlTemplate":"https:\/\/bcc.no\/de\/?s={search_term_string}"},"query-input":{"@type":"PropertyValueSpecification","valueRequired":true,"valueName":"search_term_string"}}],"inLanguage":"de"},{"@type":"Organization","@id":"https:\/\/bcc.no\/de\/#organization","name":"BCC","url":"https:\/\/bcc.no\/de\/","logo":{"@type":"ImageObject","inLanguage":"de","@id":"https:\/\/bcc.no\/de\/#\/schema\/logo\/image\/","url":"https:\/\/bcc.no\/wp-content\/uploads\/2024\/09\/BCC-logo_RGB.svg","contentUrl":"https:\/\/bcc.no\/wp-content\/uploads\/2024\/09\/BCC-logo_RGB.svg","caption":"BCC"},"image":{"@id":"https:\/\/bcc.no\/de\/#\/schema\/logo\/image\/"}}]}},"uagb_featured_image_src":{"full":["https:\/\/bcc.no\/wp-content\/uploads\/2024\/09\/2023-08-01_BCC_Mote-41-2-scaled.jpg",2560,1093,false],"thumbnail":["https:\/\/bcc.no\/wp-content\/uploads\/2024\/09\/2023-08-01_BCC_Mote-41-2-150x150.jpg",150,150,true],"medium":["https:\/\/bcc.no\/wp-content\/uploads\/2024\/09\/2023-08-01_BCC_Mote-41-2-300x128.jpg",300,128,true],"medium_large":["https:\/\/bcc.no\/wp-content\/uploads\/2024\/09\/2023-08-01_BCC_Mote-41-2-768x328.jpg",640,273,true],"large":["https:\/\/bcc.no\/wp-content\/uploads\/2024\/09\/2023-08-01_BCC_Mote-41-2-1024x437.jpg",640,273,true],"1536x1536":["https:\/\/bcc.no\/wp-content\/uploads\/2024\/09\/2023-08-01_BCC_Mote-41-2-1536x656.jpg",1536,656,true],"2048x2048":["https:\/\/bcc.no\/wp-content\/uploads\/2024\/09\/2023-08-01_BCC_Mote-41-2-2048x875.jpg",2048,875,true]},"uagb_author_info":{"display_name":"Mathias Strand Kristiansen","author_link":"https:\/\/bcc.no\/de\/author\/22801\/"},"uagb_comment_info":0,"uagb_excerpt":"Das Hauptanliegen der BCC ist es, den christlichen Glauben unter allen Menschen zu f\u00f6rdern und sie zu lehren, alles zu halten, was Jesus befohlen hat. Matth\u00e4us 28,18-20. Die Glaubensgrundlage der BCC beruht auf der Bibel als der von Gott eingegebenen Heiligen Schrift. Die Bibel ist unsere einzige Autorit\u00e4t und Grundlage; die Bibel beinhaltet alles, was&hellip;","_links":{"self":[{"href":"https:\/\/bcc.no\/de\/wp-json\/wp\/v2\/pages\/97138","targetHints":{"allow":["GET"]}}],"collection":[{"href":"https:\/\/bcc.no\/de\/wp-json\/wp\/v2\/pages"}],"about":[{"href":"https:\/\/bcc.no\/de\/wp-json\/wp\/v2\/types\/page"}],"author":[{"embeddable":true,"href":"https:\/\/bcc.no\/de\/wp-json\/wp\/v2\/users\/6"}],"replies":[{"embeddable":true,"href":"https:\/\/bcc.no\/de\/wp-json\/wp\/v2\/comments?post=97138"}],"version-history":[{"count":19,"href":"https:\/\/bcc.no\/de\/wp-json\/wp\/v2\/pages\/97138\/revisions"}],"predecessor-version":[{"id":141660,"href":"https:\/\/bcc.no\/de\/wp-json\/wp\/v2\/pages\/97138\/revisions\/141660"}],"wp:featuredmedia":[{"embeddable":true,"href":"https:\/\/bcc.no\/de\/wp-json\/wp\/v2\/media\/95543"}],"wp:attachment":[{"href":"https:\/\/bcc.no\/de\/wp-json\/wp\/v2\/media?parent=97138"}],"curies":[{"name":"wp","href":"https:\/\/api.w.org\/{rel}","templated":true}]}}