{"id":97134,"date":"2024-09-10T07:16:18","date_gmt":"2024-09-10T06:16:18","guid":{"rendered":"https:\/\/bcc.no\/kontakt-2\/"},"modified":"2025-09-01T21:28:18","modified_gmt":"2025-09-01T20:28:18","slug":"kontakt","status":"publish","type":"page","link":"https:\/\/bcc.no\/de\/kontakt\/","title":{"rendered":"Kontakt"},"content":{"rendered":"\n<div class=\"wp-block-group\"><div class=\"wp-block-group__inner-container is-layout-constrained wp-block-group-is-layout-constrained\"><div class=\"yoast-breadcrumbs\"><span><span><a href=\"https:\/\/bcc.no\/de\/startseite\/\">Startseite<\/a><\/span> \/ <span class=\"breadcrumb_last\" aria-current=\"page\"><a href=\"https:\/\/bcc.no\/de\/kontakt\/\">Kontakt<\/a><\/span><\/span><\/div><\/div><\/div>\n\n\n\n<div class=\"wp-block-group\"><div class=\"wp-block-group__inner-container is-layout-constrained wp-block-group-is-layout-constrained\">\n<div class=\"wp-block-columns are-vertically-aligned-center is-layout-flex wp-container-core-columns-is-layout-9d6595d7 wp-block-columns-is-layout-flex\">\n<div class=\"wp-block-column is-vertically-aligned-center is-layout-flow wp-block-column-is-layout-flow\">\n<h2 class=\"wp-block-heading\" id=\"0-bcc-forbundet\">BCC-Verbund<\/h2>\n\n\n\n<p><strong>Adresse:<\/strong> V\u00e5lerveien 159, N-1599 Moss<br><strong>E-Mail:<\/strong> <a href=\"mailto:kontakt@bcc.no\">kontakt@bcc.no<\/a><br><strong>Org.-Nr.:<\/strong> 828 408 712<\/p>\n<\/div>\n\n\n\n<div class=\"wp-block-column is-vertically-aligned-center is-layout-flow wp-block-column-is-layout-flow\">\n<figure class=\"wp-block-image size-large\"><img loading=\"lazy\" decoding=\"async\" width=\"1024\" height=\"683\" src=\"https:\/\/bcc.no\/wp-content\/uploads\/2024\/09\/BCC-hovedkontor_Moss-3-scaled-1-1024x683.jpg\" alt=\"\" class=\"wp-image-93437\"\/><\/figure>\n<\/div>\n<\/div>\n<\/div><\/div>\n\n\n\n<div class=\"wp-block-group\"><div class=\"wp-block-group__inner-container is-layout-constrained wp-block-group-is-layout-constrained\">\n<div class=\"wp-block-pb-accordion-item c-accordion__item js-accordion-item no-js\" data-initially-open=\"false\" data-click-to-close=\"true\" data-auto-close=\"true\" data-scroll=\"false\" data-scroll-offset=\"0\"><h3 id=\"at-830\" class=\"c-accordion__title js-accordion-controller\" role=\"button\">Organisationen im BCC-Verbund<\/h3><div id=\"ac-830\" class=\"c-accordion__content\">\n<div class=\"wp-block-columns is-layout-flex wp-container-core-columns-is-layout-9d6595d7 wp-block-columns-is-layout-flex\">\n<div class=\"wp-block-column is-layout-flow wp-block-column-is-layout-flow\">\n<div class=\"wp-block-group is-style-office\"><div class=\"wp-block-group__inner-container is-layout-constrained wp-block-group-is-layout-constrained\">\n<h4 class=\"wp-block-heading\" id=\"1-bcc-a-team\">BCC A-Team<\/h4>\n\n\n\n<p><a href=\"mailto:ateam@bcc.no\">ateam@bcc.no<\/a><br>Org.-Nr.: 928 860 019<br><br>V\u00e5lerveien 159, <br>N-1599 Moss<\/p>\n<\/div><\/div>\n<\/div>\n\n\n\n<div class=\"wp-block-column is-layout-flow wp-block-column-is-layout-flow\">\n<div class=\"wp-block-group is-style-office\"><div class=\"wp-block-group__inner-container is-layout-constrained wp-block-group-is-layout-constrained\">\n<h4 class=\"wp-block-heading\" id=\"2-bcc-connect\">BCC Connect<\/h4>\n\n\n\n<p><a href=\"mailto:support@bcc-connect.org\">support@bcc-connect.org<\/a><br>Org.-Nr.: 6017305<br><br>1753 Technology Dr Ste 410, <br>San Jose CA95110<\/p>\n<\/div><\/div>\n<\/div>\n<\/div>\n\n\n\n<div class=\"wp-block-columns is-layout-flex wp-container-core-columns-is-layout-9d6595d7 wp-block-columns-is-layout-flex\">\n<div class=\"wp-block-column is-layout-flow wp-block-column-is-layout-flow\">\n<div class=\"wp-block-group is-style-office\"><div class=\"wp-block-group__inner-container is-layout-constrained wp-block-group-is-layout-constrained\">\n<h4 class=\"wp-block-heading\" id=\"3-bcc-event\">BCC Event<\/h4>\n\n\n\n<p><a href=\"event@bcc.no\">event@bcc.no<br><\/a>Org.-Nr.:<\/\/a> 928 207 641<br><br>V\u00e5lerveien 159, <br>N-1599 Moss<\/p>\n<\/div><\/div>\n<\/div>\n\n\n\n<div class=\"wp-block-column is-layout-flow wp-block-column-is-layout-flow\">\n<div class=\"wp-block-group is-style-office\"><div class=\"wp-block-group__inner-container is-layout-constrained wp-block-group-is-layout-constrained\">\n<h4 class=\"wp-block-heading\" id=\"1-bcc-a-team\">BCC Facilities<\/h4>\n\n\n\n<p><a href=\"mailto:kontakt@bcc.no\">kontakt@bcc.no<\/a><br>Org.-Nr.: 929 165 454<br><br>V\u00e5lerveien 159, <br>N-1599 Moss<\/p>\n<\/div><\/div>\n<\/div>\n<\/div>\n\n\n\n<div class=\"wp-block-columns is-layout-flex wp-container-core-columns-is-layout-9d6595d7 wp-block-columns-is-layout-flex\">\n<div class=\"wp-block-column is-layout-flow wp-block-column-is-layout-flow\">\n<div class=\"wp-block-group is-style-office\"><div class=\"wp-block-group__inner-container is-layout-constrained wp-block-group-is-layout-constrained\">\n<h4 class=\"wp-block-heading\" id=\"2-bcc-connect\">BCC Fund<\/h4>\n\n\n\n<p><a href=\"mailto:fund@bcc.no\">fund@bcc.no<\/a><br>Org.-Nr.: 828 431 692<br><br>V\u00e5lerveien 159, <br>N-1599 Moss<\/p>\n<\/div><\/div>\n<\/div>\n\n\n\n<div class=\"wp-block-column is-layout-flow wp-block-column-is-layout-flow\">\n<div class=\"wp-block-group is-style-office\"><div class=\"wp-block-group__inner-container is-layout-constrained wp-block-group-is-layout-constrained\">\n<h4 class=\"wp-block-heading\" id=\"3-bcc-event\">BCC Media<\/h4>\n\n\n\n<p><a href=\"mailto:info@bcc.media\">info@bcc.media<\/a><br>Org.-Nr.: 925 564 257<br><br>V\u00e5lerveien 159, <br>N-1599 Moss<\/p>\n<\/div><\/div>\n<\/div>\n<\/div>\n\n\n\n<div class=\"wp-block-columns is-layout-flex wp-container-core-columns-is-layout-9d6595d7 wp-block-columns-is-layout-flex\">\n<div class=\"wp-block-column is-layout-flow wp-block-column-is-layout-flow\">\n<div class=\"wp-block-group is-style-office\"><div class=\"wp-block-group__inner-container is-layout-constrained wp-block-group-is-layout-constrained\">\n<h4 class=\"wp-block-heading\" id=\"1-bcc-a-team\">BCC Music<\/h4>\n\n\n\n<p><a href=\"mailto:kontakt@bcc.no\">kontakt@bcc.no<\/a><br>Org.-Nr.: 928 859 967<br><br>V\u00e5lerveien 159,<br>N-1599 Moss<\/p>\n<\/div><\/div>\n<\/div>\n\n\n\n<div class=\"wp-block-column is-layout-flow wp-block-column-is-layout-flow\">\n<div class=\"wp-block-group is-style-office\"><div class=\"wp-block-group__inner-container is-layout-constrained wp-block-group-is-layout-constrained\">\n<h4 class=\"wp-block-heading\" id=\"2-bcc-connect\">BMS International<\/h4>\n\n\n\n<p><a href=\"mailto:contact@bms-intl.org\">contact@bms-intl.org<\/a><br><br><br>V\u00e5lerveien 159,<br>N-1599 Moss<\/p>\n<\/div><\/div>\n<\/div>\n<\/div>\n\n\n\n<div class=\"wp-block-columns is-layout-flex wp-container-core-columns-is-layout-9d6595d7 wp-block-columns-is-layout-flex\">\n<div class=\"wp-block-column is-layout-flow wp-block-column-is-layout-flow\">\n<div class=\"wp-block-group is-style-office\"><div class=\"wp-block-group__inner-container is-layout-constrained wp-block-group-is-layout-constrained\">\n<h4 class=\"wp-block-heading\" id=\"3-bcc-event\">Brunstad Ungdomsklubb<\/h4>\n\n\n\n<p><a href=\"mailto:info@buk.no\">info@buk.no<\/a><br>Org.-Nr.: 913 669 479<br><br>V\u00e5lerveien 159,<br>N-1599 Moss<\/p>\n<\/div><\/div>\n<\/div>\n\n\n\n<div class=\"wp-block-column is-layout-flow wp-block-column-is-layout-flow\"><\/div>\n<\/div>\n<\/div><\/div>\n<\/div><\/div>\n\n\n\n\n\n\n\n<div style=\"height:30px\" aria-hidden=\"true\" class=\"wp-block-spacer\"><\/div>\n\n\n\n<div class=\"wp-block-group\"><div class=\"wp-block-group__inner-container is-layout-constrained wp-block-group-is-layout-constrained\">\n<div class=\"wp-block-columns are-vertically-aligned-center is-layout-flex wp-container-core-columns-is-layout-9d6595d7 wp-block-columns-is-layout-flex\">\n<div class=\"wp-block-column is-vertically-aligned-center is-layout-flow wp-block-column-is-layout-flow\">\n<h2 class=\"wp-block-heading\" id=\"0-bcc-forbundet\">Pressekontakt<\/h2>\n\n\n\n<p>Berit Hustad Nilsen<br><strong>E-Mail:<\/strong> <a href=\"mailto:berit.nilsen@bcc.no\">berit.nilsen@bcc.no<\/a><br><strong>Tel:<\/strong> +47 93 40 97 35<\/p>\n\n\n\n<div class=\"wp-block-buttons is-layout-flex wp-block-buttons-is-layout-flex\">\n<div class=\"wp-block-button\"><a class=\"wp-block-button__link wp-element-button arrow_right_alt\" href=\"https:\/\/bcc.no\/de\/presse\/\" rel=\"\">Presseinformationen<\/a><\/div>\n<\/div>\n<\/div>\n\n\n\n<div class=\"wp-block-column is-vertically-aligned-center is-layout-flow wp-block-column-is-layout-flow\">\n<figure class=\"wp-block-image size-full\"><img loading=\"lazy\" decoding=\"async\" width=\"1920\" height=\"1280\" src=\"https:\/\/bcc.no\/wp-content\/uploads\/2024\/09\/BCC_Berit-Hustad-Nilsen_1920x1280.jpg\" alt=\"\" class=\"wp-image-93771\"\/><\/figure>\n<\/div>\n<\/div>\n<\/div><\/div>\n\n","protected":false},"excerpt":{"rendered":"<p>BCC-Verbund Adresse: V\u00e5lerveien 159, N-1599 MossE-Mail: kontakt@bcc.noOrg.-Nr.: 828 408 712 Kontakt BCC ist ein Verbund, der aus vielen Organisationen besteht. Nimm gerne Kontakt mit uns auf, wenn du Fragen hast oder Anregungen und Ideen teilen m\u00f6chtest, die zur positiven Weiterentwicklung der Gemeinde beitragen k\u00f6nnen. W\u00e4hle im Antwortfeld unten die Organisation aus, an die die Mitteilung [&hellip;]<\/p>\n","protected":false},"author":6,"featured_media":93450,"parent":0,"menu_order":0,"comment_status":"closed","ping_status":"closed","template":"","meta":{"_acf_changed":false,"inline_featured_image":false,"_uag_custom_page_level_css":"","bcc_login_visibility":0,"bcc_groups":[],"bcc_groups_email":true,"bcc_visibility_groups":[],"bcc_visibility_groups_email":false,"sent_notifications":[],"footnotes":"","_links_to":"","_links_to_target":""},"class_list":["post-97134","page","type-page","status-publish","has-post-thumbnail","hentry"],"acf":{"rss_image":null},"featured_image_src":"https:\/\/bcc.no\/wp-content\/uploads\/2024\/09\/BCC-hovedkontor_Moss_banner_1.jpg","yoast_head":"<!-- This site is optimized with the Yoast SEO plugin v27.2 - https:\/\/yoast.com\/product\/yoast-seo-wordpress\/ -->\n<title>Kontakt - BCC<\/title>\n<meta name=\"description\" content=\"Der Hauptsitz von BCC befindet sich in Moss, Norwegen. Diese Seite informiert dar\u00fcber, wie man bei Fragen mit BCC Kontakt aufnehmen kann.\" \/>\n<meta name=\"robots\" content=\"index, follow, max-snippet:-1, max-image-preview:large, max-video-preview:-1\" \/>\n<link rel=\"canonical\" href=\"https:\/\/bcc.no\/de\/kontakt\/\" \/>\n<meta property=\"og:locale\" content=\"de_DE\" \/>\n<meta property=\"og:type\" content=\"article\" \/>\n<meta property=\"og:title\" content=\"Kontakt - BCC\" \/>\n<meta property=\"og:description\" content=\"Der Hauptsitz von BCC befindet sich in Moss, Norwegen. Diese Seite informiert dar\u00fcber, wie man bei Fragen mit BCC Kontakt aufnehmen kann.\" \/>\n<meta property=\"og:url\" content=\"https:\/\/bcc.no\/de\/kontakt\/\" \/>\n<meta property=\"og:site_name\" content=\"BCC\" \/>\n<meta property=\"article:modified_time\" content=\"2025-09-01T20:28:18+00:00\" \/>\n<meta property=\"og:image\" content=\"https:\/\/bcc.no\/wp-content\/uploads\/2024\/09\/BCC-hovedkontor_Moss_banner_1.jpg\" \/>\n\t<meta property=\"og:image:width\" content=\"1920\" \/>\n\t<meta property=\"og:image:height\" content=\"328\" \/>\n\t<meta property=\"og:image:type\" content=\"image\/jpeg\" \/>\n<meta name=\"twitter:card\" content=\"summary_large_image\" \/>\n<meta name=\"twitter:label1\" content=\"Gesch\u00e4tzte Lesezeit\" \/>\n\t<meta name=\"twitter:data1\" content=\"1\u00a0Minute\" \/>\n<script type=\"application\/ld+json\" class=\"yoast-schema-graph\">{\"@context\":\"https:\/\/schema.org\",\"@graph\":[{\"@type\":\"WebPage\",\"@id\":\"https:\/\/bcc.no\/de\/kontakt\/\",\"url\":\"https:\/\/bcc.no\/de\/kontakt\/\",\"name\":\"Kontakt - BCC\",\"isPartOf\":{\"@id\":\"https:\/\/bcc.no\/de\/#website\"},\"primaryImageOfPage\":{\"@id\":\"https:\/\/bcc.no\/de\/kontakt\/#primaryimage\"},\"image\":{\"@id\":\"https:\/\/bcc.no\/de\/kontakt\/#primaryimage\"},\"thumbnailUrl\":\"https:\/\/bcc.no\/wp-content\/uploads\/2024\/09\/BCC-hovedkontor_Moss_banner_1.jpg\",\"datePublished\":\"2024-09-10T06:16:18+00:00\",\"dateModified\":\"2025-09-01T20:28:18+00:00\",\"description\":\"Der Hauptsitz von BCC befindet sich in Moss, Norwegen. Diese Seite informiert dar\u00fcber, wie man bei Fragen mit BCC Kontakt aufnehmen kann.\",\"breadcrumb\":{\"@id\":\"https:\/\/bcc.no\/de\/kontakt\/#breadcrumb\"},\"inLanguage\":\"de\",\"potentialAction\":[{\"@type\":\"ReadAction\",\"target\":[\"https:\/\/bcc.no\/de\/kontakt\/\"]}]},{\"@type\":\"ImageObject\",\"inLanguage\":\"de\",\"@id\":\"https:\/\/bcc.no\/de\/kontakt\/#primaryimage\",\"url\":\"https:\/\/bcc.no\/wp-content\/uploads\/2024\/09\/BCC-hovedkontor_Moss_banner_1.jpg\",\"contentUrl\":\"https:\/\/bcc.no\/wp-content\/uploads\/2024\/09\/BCC-hovedkontor_Moss_banner_1.jpg\",\"width\":1920,\"height\":328},{\"@type\":\"BreadcrumbList\",\"@id\":\"https:\/\/bcc.no\/de\/kontakt\/#breadcrumb\",\"itemListElement\":[{\"@type\":\"ListItem\",\"position\":1,\"name\":\"Startseite\",\"item\":\"https:\/\/bcc.no\/de\/startseite\/\"},{\"@type\":\"ListItem\",\"position\":2,\"name\":\"Kontakt\"}]},{\"@type\":\"WebSite\",\"@id\":\"https:\/\/bcc.no\/de\/#website\",\"url\":\"https:\/\/bcc.no\/de\/\",\"name\":\"BCC\",\"description\":\"et internasjonalt trossamfunn\",\"publisher\":{\"@id\":\"https:\/\/bcc.no\/de\/#organization\"},\"potentialAction\":[{\"@type\":\"SearchAction\",\"target\":{\"@type\":\"EntryPoint\",\"urlTemplate\":\"https:\/\/bcc.no\/de\/?s={search_term_string}\"},\"query-input\":{\"@type\":\"PropertyValueSpecification\",\"valueRequired\":true,\"valueName\":\"search_term_string\"}}],\"inLanguage\":\"de\"},{\"@type\":\"Organization\",\"@id\":\"https:\/\/bcc.no\/de\/#organization\",\"name\":\"BCC\",\"url\":\"https:\/\/bcc.no\/de\/\",\"logo\":{\"@type\":\"ImageObject\",\"inLanguage\":\"de\",\"@id\":\"https:\/\/bcc.no\/de\/#\/schema\/logo\/image\/\",\"url\":\"https:\/\/bcc.no\/wp-content\/uploads\/2024\/09\/BCC-logo_RGB.svg\",\"contentUrl\":\"https:\/\/bcc.no\/wp-content\/uploads\/2024\/09\/BCC-logo_RGB.svg\",\"caption\":\"BCC\"},\"image\":{\"@id\":\"https:\/\/bcc.no\/de\/#\/schema\/logo\/image\/\"}}]}<\/script>\n<!-- \/ Yoast SEO plugin. -->","yoast_head_json":{"title":"Kontakt - BCC","description":"Der Hauptsitz von BCC befindet sich in Moss, Norwegen. Diese Seite informiert dar\u00fcber, wie man bei Fragen mit BCC Kontakt aufnehmen kann.","robots":{"index":"index","follow":"follow","max-snippet":"max-snippet:-1","max-image-preview":"max-image-preview:large","max-video-preview":"max-video-preview:-1"},"canonical":"https:\/\/bcc.no\/de\/kontakt\/","og_locale":"de_DE","og_type":"article","og_title":"Kontakt - BCC","og_description":"Der Hauptsitz von BCC befindet sich in Moss, Norwegen. Diese Seite informiert dar\u00fcber, wie man bei Fragen mit BCC Kontakt aufnehmen kann.","og_url":"https:\/\/bcc.no\/de\/kontakt\/","og_site_name":"BCC","article_modified_time":"2025-09-01T20:28:18+00:00","og_image":[{"width":1920,"height":328,"url":"https:\/\/bcc.no\/wp-content\/uploads\/2024\/09\/BCC-hovedkontor_Moss_banner_1.jpg","type":"image\/jpeg"}],"twitter_card":"summary_large_image","twitter_misc":{"Gesch\u00e4tzte Lesezeit":"1\u00a0Minute"},"schema":{"@context":"https:\/\/schema.org","@graph":[{"@type":"WebPage","@id":"https:\/\/bcc.no\/de\/kontakt\/","url":"https:\/\/bcc.no\/de\/kontakt\/","name":"Kontakt - BCC","isPartOf":{"@id":"https:\/\/bcc.no\/de\/#website"},"primaryImageOfPage":{"@id":"https:\/\/bcc.no\/de\/kontakt\/#primaryimage"},"image":{"@id":"https:\/\/bcc.no\/de\/kontakt\/#primaryimage"},"thumbnailUrl":"https:\/\/bcc.no\/wp-content\/uploads\/2024\/09\/BCC-hovedkontor_Moss_banner_1.jpg","datePublished":"2024-09-10T06:16:18+00:00","dateModified":"2025-09-01T20:28:18+00:00","description":"Der Hauptsitz von BCC befindet sich in Moss, Norwegen. Diese Seite informiert dar\u00fcber, wie man bei Fragen mit BCC Kontakt aufnehmen kann.","breadcrumb":{"@id":"https:\/\/bcc.no\/de\/kontakt\/#breadcrumb"},"inLanguage":"de","potentialAction":[{"@type":"ReadAction","target":["https:\/\/bcc.no\/de\/kontakt\/"]}]},{"@type":"ImageObject","inLanguage":"de","@id":"https:\/\/bcc.no\/de\/kontakt\/#primaryimage","url":"https:\/\/bcc.no\/wp-content\/uploads\/2024\/09\/BCC-hovedkontor_Moss_banner_1.jpg","contentUrl":"https:\/\/bcc.no\/wp-content\/uploads\/2024\/09\/BCC-hovedkontor_Moss_banner_1.jpg","width":1920,"height":328},{"@type":"BreadcrumbList","@id":"https:\/\/bcc.no\/de\/kontakt\/#breadcrumb","itemListElement":[{"@type":"ListItem","position":1,"name":"Startseite","item":"https:\/\/bcc.no\/de\/startseite\/"},{"@type":"ListItem","position":2,"name":"Kontakt"}]},{"@type":"WebSite","@id":"https:\/\/bcc.no\/de\/#website","url":"https:\/\/bcc.no\/de\/","name":"BCC","description":"et internasjonalt trossamfunn","publisher":{"@id":"https:\/\/bcc.no\/de\/#organization"},"potentialAction":[{"@type":"SearchAction","target":{"@type":"EntryPoint","urlTemplate":"https:\/\/bcc.no\/de\/?s={search_term_string}"},"query-input":{"@type":"PropertyValueSpecification","valueRequired":true,"valueName":"search_term_string"}}],"inLanguage":"de"},{"@type":"Organization","@id":"https:\/\/bcc.no\/de\/#organization","name":"BCC","url":"https:\/\/bcc.no\/de\/","logo":{"@type":"ImageObject","inLanguage":"de","@id":"https:\/\/bcc.no\/de\/#\/schema\/logo\/image\/","url":"https:\/\/bcc.no\/wp-content\/uploads\/2024\/09\/BCC-logo_RGB.svg","contentUrl":"https:\/\/bcc.no\/wp-content\/uploads\/2024\/09\/BCC-logo_RGB.svg","caption":"BCC"},"image":{"@id":"https:\/\/bcc.no\/de\/#\/schema\/logo\/image\/"}}]}},"uagb_featured_image_src":{"full":["https:\/\/bcc.no\/wp-content\/uploads\/2024\/09\/BCC-hovedkontor_Moss_banner_1.jpg",1920,328,false],"thumbnail":["https:\/\/bcc.no\/wp-content\/uploads\/2024\/09\/BCC-hovedkontor_Moss_banner_1-150x150.jpg",150,150,true],"medium":["https:\/\/bcc.no\/wp-content\/uploads\/2024\/09\/BCC-hovedkontor_Moss_banner_1-300x51.jpg",300,51,true],"medium_large":["https:\/\/bcc.no\/wp-content\/uploads\/2024\/09\/BCC-hovedkontor_Moss_banner_1-768x131.jpg",640,109,true],"large":["https:\/\/bcc.no\/wp-content\/uploads\/2024\/09\/BCC-hovedkontor_Moss_banner_1-1024x175.jpg",640,109,true],"1536x1536":["https:\/\/bcc.no\/wp-content\/uploads\/2024\/09\/BCC-hovedkontor_Moss_banner_1-1536x262.jpg",1536,262,true],"2048x2048":["https:\/\/bcc.no\/wp-content\/uploads\/2024\/09\/BCC-hovedkontor_Moss_banner_1.jpg",1920,328,false]},"uagb_author_info":{"display_name":"Mathias Strand Kristiansen","author_link":"https:\/\/bcc.no\/de\/author\/22801\/"},"uagb_comment_info":0,"uagb_excerpt":"BCC-Verbund Adresse: V\u00e5lerveien 159, N-1599 MossE-Mail: kontakt@bcc.noOrg.-Nr.: 828 408 712 Kontakt BCC ist ein Verbund, der aus vielen Organisationen besteht. Nimm gerne Kontakt mit uns auf, wenn du Fragen hast oder Anregungen und Ideen teilen m\u00f6chtest, die zur positiven Weiterentwicklung der Gemeinde beitragen k\u00f6nnen. W\u00e4hle im Antwortfeld unten die Organisation aus, an die die Mitteilung&hellip;","_links":{"self":[{"href":"https:\/\/bcc.no\/de\/wp-json\/wp\/v2\/pages\/97134","targetHints":{"allow":["GET"]}}],"collection":[{"href":"https:\/\/bcc.no\/de\/wp-json\/wp\/v2\/pages"}],"about":[{"href":"https:\/\/bcc.no\/de\/wp-json\/wp\/v2\/types\/page"}],"author":[{"embeddable":true,"href":"https:\/\/bcc.no\/de\/wp-json\/wp\/v2\/users\/6"}],"replies":[{"embeddable":true,"href":"https:\/\/bcc.no\/de\/wp-json\/wp\/v2\/comments?post=97134"}],"version-history":[{"count":5,"href":"https:\/\/bcc.no\/de\/wp-json\/wp\/v2\/pages\/97134\/revisions"}],"predecessor-version":[{"id":140332,"href":"https:\/\/bcc.no\/de\/wp-json\/wp\/v2\/pages\/97134\/revisions\/140332"}],"wp:featuredmedia":[{"embeddable":true,"href":"https:\/\/bcc.no\/de\/wp-json\/wp\/v2\/media\/93450"}],"wp:attachment":[{"href":"https:\/\/bcc.no\/de\/wp-json\/wp\/v2\/media?parent=97134"}],"curies":[{"name":"wp","href":"https:\/\/api.w.org\/{rel}","templated":true}]}}