{"id":140533,"date":"2025-09-15T17:19:44","date_gmt":"2025-09-15T16:19:44","guid":{"rendered":"https:\/\/bcc.no\/?page_id=140533"},"modified":"2025-09-29T15:08:59","modified_gmt":"2025-09-29T14:08:59","slug":"missionskollekte","status":"publish","type":"page","link":"https:\/\/bcc.no\/de\/missionskollekte\/","title":{"rendered":"Missionskollekte"},"content":{"rendered":"\n<div class=\"wp-block-group\"><div class=\"wp-block-group__inner-container is-layout-constrained wp-block-group-is-layout-constrained\">\n<p><strong>Lange bevor BCC als Glaubensgemeinschaft entstand, wurde Skjulte Skatters Forlag (Verlag Verborgene Sch\u00e4tze) ins Leben gerufen, bereits im Januar 1912. Johan Oscar Smith und sein Bruder Aksel gr\u00fcndeten das Blatt &#8211; aus einem inneren Anliegen heraus, die christliche Botschaft der Heiligung zu verbreiten.<\/strong><\/p>\n\n\n\n<hr class=\"wp-block-separator has-alpha-channel-opacity\"\/>\n\n\n\n<p>Heute erscheint das Blatt Verborgene Sch\u00e4tze digital, doch die Zielsetzung ist dieselbe. Neben erbaulichen und lehrreichen Texten stellt der Verlag sein Angebot so auf, dass die Botschaft in verschiedenen Formaten vermittelt werden kann, u. a. als Podcasts, Musik und Filme.<\/p>\n\n\n\n<p>Die Initiative zur digitalen Mission wird intensiviert; daf\u00fcr sind j\u00e4hrlich rund 55 Millionen norwegische Kronen veranschlagt, verteilt auf zwei Kollekten. Bei der Sendung \u201eMagazin\u201c werden BCC-Mitglieder zur Teilnahme an den Kollekten inspiriert.<\/p>\n\n\n\n<div style=\"height:28px\" aria-hidden=\"true\" class=\"wp-block-spacer\"><\/div>\n\n\n\n<div class=\"wp-block-cover\"><img loading=\"lazy\" decoding=\"async\" width=\"1168\" height=\"400\" class=\"wp-block-cover__image-background wp-image-140367\" alt=\"\" src=\"https:\/\/bcc.no\/wp-content\/uploads\/2025\/09\/Skjermbilde-2025-09-03-kl.-16.03.21.png\" style=\"object-position:54% 100%\" data-object-fit=\"cover\" data-object-position=\"54% 100%\"\/><span aria-hidden=\"true\" class=\"wp-block-cover__background has-background-dim\"><\/span><div class=\"wp-block-cover__inner-container is-layout-flow wp-block-cover-is-layout-flow\">\n<p class=\"has-text-align-center\"> Wir wollen Jesu Ruf zur Nachfolge und J\u00fcngerschaft hervorheben,<br>den Fokus darauf legen, was dies f\u00fcr einen Menschen bedeutet, <br>und zeigen, wie man im Alltag <br>als sein Nachfolger leben kann.<\/p>\n\n\n\n<div style=\"height:32px\" aria-hidden=\"true\" class=\"wp-block-spacer\"><\/div>\n\n\n\n<div class=\"wp-block-buttons is-content-justification-center is-layout-flex wp-container-core-buttons-is-layout-51f7783f wp-block-buttons-is-layout-flex\">\n<div class=\"wp-block-button\"><a class=\"wp-block-button__link wp-element-button open_in_new\" href=\"https:\/\/hiddentreasures.org\/nb\/\" rel=\"\">Mehr dazu: hiddentreasures.org<\/a><\/div>\n<\/div>\n<\/div><\/div>\n\n\n\n<div style=\"height:57px\" aria-hidden=\"true\" class=\"wp-block-spacer\"><\/div>\n\n\n\n<div class=\"wp-block-group is-style-faktaboks\"><div class=\"wp-block-group__inner-container is-layout-constrained wp-block-group-is-layout-constrained\">\n<h3 class=\"wp-block-heading\">Die Zielsetzung von Verborgene Sch\u00e4tze<\/h3>\n\n\n\n<p>Der Verlag Verborgene Sch\u00e4tze soll die christliche Lehre sowie jene Werte und Inhalte f\u00f6rdern und sichtbar machen, f\u00fcr die Johan O. Smith einstand und die bis heute von der BCC vertreten werden. Dies soll Menschen weltweit in relevanter und inspirierender Form zug\u00e4nglich sein.<\/p>\n<\/div><\/div>\n\n\n\n    <section class=\"related-articles\" data-columns=\"3\">\n        <h2>Mehr hierzu:<\/h2>\n        <div class=\"related-articles-items\">\n                            <div id=\"post-140553\" class=\"article has-image\">\n                    <div class=\"article-card no-content\">No post available.<\/div>                <\/div>\n                                <\/div>\n    <\/section>\n<\/div><\/div>\n\n","protected":false},"excerpt":{"rendered":"<p>Lange bevor BCC als Glaubensgemeinschaft entstand, wurde Skjulte Skatters Forlag (Verlag Verborgene Sch\u00e4tze) ins Leben gerufen, bereits im Januar 1912. Johan Oscar Smith und sein Bruder Aksel gr\u00fcndeten das Blatt &#8211; aus einem inneren Anliegen heraus, die christliche Botschaft der Heiligung zu verbreiten. Heute erscheint das Blatt Verborgene Sch\u00e4tze digital, doch die Zielsetzung ist dieselbe. [&hellip;]<\/p>\n","protected":false},"author":9,"featured_media":140360,"parent":0,"menu_order":0,"comment_status":"closed","ping_status":"closed","template":"","meta":{"_acf_changed":false,"inline_featured_image":false,"_uag_custom_page_level_css":"","bcc_login_visibility":0,"bcc_groups":[],"bcc_groups_email":true,"bcc_visibility_groups":[],"bcc_visibility_groups_email":false,"sent_notifications":[],"footnotes":"","_links_to":"","_links_to_target":""},"class_list":["post-140533","page","type-page","status-publish","has-post-thumbnail","hentry"],"acf":{"rss_image":""},"featured_image_src":"https:\/\/bcc.no\/wp-content\/uploads\/2025\/09\/2024_Festhelg_Konserten_180626.jpg","yoast_head":"<!-- This site is optimized with the Yoast SEO plugin v27.4 - https:\/\/yoast.com\/product\/yoast-seo-wordpress\/ -->\n<title>Missionskollekte - BCC<\/title>\n<meta name=\"robots\" content=\"index, follow, max-snippet:-1, max-image-preview:large, max-video-preview:-1\" \/>\n<link rel=\"canonical\" href=\"https:\/\/bcc.no\/de\/missionskollekte\/\" \/>\n<meta property=\"og:locale\" content=\"de_DE\" \/>\n<meta property=\"og:type\" content=\"article\" \/>\n<meta property=\"og:title\" content=\"Missionskollekte - BCC\" \/>\n<meta property=\"og:description\" content=\"Lange bevor BCC als Glaubensgemeinschaft entstand, wurde Skjulte Skatters Forlag (Verlag Verborgene Sch\u00e4tze) ins Leben gerufen, bereits im Januar 1912. Johan Oscar Smith und sein Bruder Aksel gr\u00fcndeten das Blatt &#8211; aus einem inneren Anliegen heraus, die christliche Botschaft der Heiligung zu verbreiten. Heute erscheint das Blatt Verborgene Sch\u00e4tze digital, doch die Zielsetzung ist dieselbe. [&hellip;]\" \/>\n<meta property=\"og:url\" content=\"https:\/\/bcc.no\/de\/missionskollekte\/\" \/>\n<meta property=\"og:site_name\" content=\"BCC\" \/>\n<meta property=\"article:modified_time\" content=\"2025-09-29T14:08:59+00:00\" \/>\n<meta property=\"og:image\" content=\"https:\/\/bcc.no\/wp-content\/uploads\/2025\/09\/2024_Festhelg_Konserten_180626.jpg\" \/>\n\t<meta property=\"og:image:width\" content=\"2048\" \/>\n\t<meta property=\"og:image:height\" content=\"1366\" \/>\n\t<meta property=\"og:image:type\" content=\"image\/jpeg\" \/>\n<meta name=\"twitter:card\" content=\"summary_large_image\" \/>\n<meta name=\"twitter:label1\" content=\"Gesch\u00e4tzte Lesezeit\" \/>\n\t<meta name=\"twitter:data1\" content=\"2\u00a0Minuten\" \/>\n<script type=\"application\/ld+json\" class=\"yoast-schema-graph\">{\"@context\":\"https:\\\/\\\/schema.org\",\"@graph\":[{\"@type\":\"WebPage\",\"@id\":\"https:\\\/\\\/bcc.no\\\/de\\\/missionskollekte\\\/\",\"url\":\"https:\\\/\\\/bcc.no\\\/de\\\/missionskollekte\\\/\",\"name\":\"Missionskollekte - BCC\",\"isPartOf\":{\"@id\":\"https:\\\/\\\/bcc.no\\\/de\\\/#website\"},\"primaryImageOfPage\":{\"@id\":\"https:\\\/\\\/bcc.no\\\/de\\\/missionskollekte\\\/#primaryimage\"},\"image\":{\"@id\":\"https:\\\/\\\/bcc.no\\\/de\\\/missionskollekte\\\/#primaryimage\"},\"thumbnailUrl\":\"https:\\\/\\\/bcc.no\\\/wp-content\\\/uploads\\\/2025\\\/09\\\/2024_Festhelg_Konserten_180626.jpg\",\"datePublished\":\"2025-09-15T16:19:44+00:00\",\"dateModified\":\"2025-09-29T14:08:59+00:00\",\"breadcrumb\":{\"@id\":\"https:\\\/\\\/bcc.no\\\/de\\\/missionskollekte\\\/#breadcrumb\"},\"inLanguage\":\"de\",\"potentialAction\":[{\"@type\":\"ReadAction\",\"target\":[\"https:\\\/\\\/bcc.no\\\/de\\\/missionskollekte\\\/\"]}]},{\"@type\":\"ImageObject\",\"inLanguage\":\"de\",\"@id\":\"https:\\\/\\\/bcc.no\\\/de\\\/missionskollekte\\\/#primaryimage\",\"url\":\"https:\\\/\\\/bcc.no\\\/wp-content\\\/uploads\\\/2025\\\/09\\\/2024_Festhelg_Konserten_180626.jpg\",\"contentUrl\":\"https:\\\/\\\/bcc.no\\\/wp-content\\\/uploads\\\/2025\\\/09\\\/2024_Festhelg_Konserten_180626.jpg\",\"width\":2048,\"height\":1366},{\"@type\":\"WebSite\",\"@id\":\"https:\\\/\\\/bcc.no\\\/de\\\/#website\",\"url\":\"https:\\\/\\\/bcc.no\\\/de\\\/\",\"name\":\"BCC\",\"description\":\"et internasjonalt trossamfunn\",\"publisher\":{\"@id\":\"https:\\\/\\\/bcc.no\\\/de\\\/#organization\"},\"potentialAction\":[{\"@type\":\"SearchAction\",\"target\":{\"@type\":\"EntryPoint\",\"urlTemplate\":\"https:\\\/\\\/bcc.no\\\/de\\\/?s={search_term_string}\"},\"query-input\":{\"@type\":\"PropertyValueSpecification\",\"valueRequired\":true,\"valueName\":\"search_term_string\"}}],\"inLanguage\":\"de\"},{\"@type\":\"Organization\",\"@id\":\"https:\\\/\\\/bcc.no\\\/de\\\/#organization\",\"name\":\"BCC\",\"url\":\"https:\\\/\\\/bcc.no\\\/de\\\/\",\"logo\":{\"@type\":\"ImageObject\",\"inLanguage\":\"de\",\"@id\":\"https:\\\/\\\/bcc.no\\\/de\\\/#\\\/schema\\\/logo\\\/image\\\/\",\"url\":\"https:\\\/\\\/bcc.no\\\/wp-content\\\/uploads\\\/2024\\\/09\\\/BCC-logo_RGB.svg\",\"contentUrl\":\"https:\\\/\\\/bcc.no\\\/wp-content\\\/uploads\\\/2024\\\/09\\\/BCC-logo_RGB.svg\",\"caption\":\"BCC\"},\"image\":{\"@id\":\"https:\\\/\\\/bcc.no\\\/de\\\/#\\\/schema\\\/logo\\\/image\\\/\"}}]}<\/script>\n<!-- \/ Yoast SEO plugin. -->","yoast_head_json":{"title":"Missionskollekte - BCC","robots":{"index":"index","follow":"follow","max-snippet":"max-snippet:-1","max-image-preview":"max-image-preview:large","max-video-preview":"max-video-preview:-1"},"canonical":"https:\/\/bcc.no\/de\/missionskollekte\/","og_locale":"de_DE","og_type":"article","og_title":"Missionskollekte - BCC","og_description":"Lange bevor BCC als Glaubensgemeinschaft entstand, wurde Skjulte Skatters Forlag (Verlag Verborgene Sch\u00e4tze) ins Leben gerufen, bereits im Januar 1912. Johan Oscar Smith und sein Bruder Aksel gr\u00fcndeten das Blatt &#8211; aus einem inneren Anliegen heraus, die christliche Botschaft der Heiligung zu verbreiten. Heute erscheint das Blatt Verborgene Sch\u00e4tze digital, doch die Zielsetzung ist dieselbe. [&hellip;]","og_url":"https:\/\/bcc.no\/de\/missionskollekte\/","og_site_name":"BCC","article_modified_time":"2025-09-29T14:08:59+00:00","og_image":[{"width":2048,"height":1366,"url":"https:\/\/bcc.no\/wp-content\/uploads\/2025\/09\/2024_Festhelg_Konserten_180626.jpg","type":"image\/jpeg"}],"twitter_card":"summary_large_image","twitter_misc":{"Gesch\u00e4tzte Lesezeit":"2\u00a0Minuten"},"schema":{"@context":"https:\/\/schema.org","@graph":[{"@type":"WebPage","@id":"https:\/\/bcc.no\/de\/missionskollekte\/","url":"https:\/\/bcc.no\/de\/missionskollekte\/","name":"Missionskollekte - BCC","isPartOf":{"@id":"https:\/\/bcc.no\/de\/#website"},"primaryImageOfPage":{"@id":"https:\/\/bcc.no\/de\/missionskollekte\/#primaryimage"},"image":{"@id":"https:\/\/bcc.no\/de\/missionskollekte\/#primaryimage"},"thumbnailUrl":"https:\/\/bcc.no\/wp-content\/uploads\/2025\/09\/2024_Festhelg_Konserten_180626.jpg","datePublished":"2025-09-15T16:19:44+00:00","dateModified":"2025-09-29T14:08:59+00:00","breadcrumb":{"@id":"https:\/\/bcc.no\/de\/missionskollekte\/#breadcrumb"},"inLanguage":"de","potentialAction":[{"@type":"ReadAction","target":["https:\/\/bcc.no\/de\/missionskollekte\/"]}]},{"@type":"ImageObject","inLanguage":"de","@id":"https:\/\/bcc.no\/de\/missionskollekte\/#primaryimage","url":"https:\/\/bcc.no\/wp-content\/uploads\/2025\/09\/2024_Festhelg_Konserten_180626.jpg","contentUrl":"https:\/\/bcc.no\/wp-content\/uploads\/2025\/09\/2024_Festhelg_Konserten_180626.jpg","width":2048,"height":1366},{"@type":"WebSite","@id":"https:\/\/bcc.no\/de\/#website","url":"https:\/\/bcc.no\/de\/","name":"BCC","description":"et internasjonalt trossamfunn","publisher":{"@id":"https:\/\/bcc.no\/de\/#organization"},"potentialAction":[{"@type":"SearchAction","target":{"@type":"EntryPoint","urlTemplate":"https:\/\/bcc.no\/de\/?s={search_term_string}"},"query-input":{"@type":"PropertyValueSpecification","valueRequired":true,"valueName":"search_term_string"}}],"inLanguage":"de"},{"@type":"Organization","@id":"https:\/\/bcc.no\/de\/#organization","name":"BCC","url":"https:\/\/bcc.no\/de\/","logo":{"@type":"ImageObject","inLanguage":"de","@id":"https:\/\/bcc.no\/de\/#\/schema\/logo\/image\/","url":"https:\/\/bcc.no\/wp-content\/uploads\/2024\/09\/BCC-logo_RGB.svg","contentUrl":"https:\/\/bcc.no\/wp-content\/uploads\/2024\/09\/BCC-logo_RGB.svg","caption":"BCC"},"image":{"@id":"https:\/\/bcc.no\/de\/#\/schema\/logo\/image\/"}}]}},"uagb_featured_image_src":{"full":["https:\/\/bcc.no\/wp-content\/uploads\/2025\/09\/2024_Festhelg_Konserten_180626.jpg",2048,1366,false],"thumbnail":["https:\/\/bcc.no\/wp-content\/uploads\/2025\/09\/2024_Festhelg_Konserten_180626-150x150.jpg",150,150,true],"medium":["https:\/\/bcc.no\/wp-content\/uploads\/2025\/09\/2024_Festhelg_Konserten_180626-300x200.jpg",300,200,true],"medium_large":["https:\/\/bcc.no\/wp-content\/uploads\/2025\/09\/2024_Festhelg_Konserten_180626-768x512.jpg",640,427,true],"large":["https:\/\/bcc.no\/wp-content\/uploads\/2025\/09\/2024_Festhelg_Konserten_180626-1024x683.jpg",640,427,true],"1536x1536":["https:\/\/bcc.no\/wp-content\/uploads\/2025\/09\/2024_Festhelg_Konserten_180626-1536x1025.jpg",1536,1025,true],"2048x2048":["https:\/\/bcc.no\/wp-content\/uploads\/2025\/09\/2024_Festhelg_Konserten_180626.jpg",2048,1366,false]},"uagb_author_info":{"display_name":"Anne Lea Krarup Nielsen","author_link":"https:\/\/bcc.no\/de\/author\/17609\/"},"uagb_comment_info":0,"uagb_excerpt":"Lange bevor BCC als Glaubensgemeinschaft entstand, wurde Skjulte Skatters Forlag (Verlag Verborgene Sch\u00e4tze) ins Leben gerufen, bereits im Januar 1912. Johan Oscar Smith und sein Bruder Aksel gr\u00fcndeten das Blatt &#8211; aus einem inneren Anliegen heraus, die christliche Botschaft der Heiligung zu verbreiten. Heute erscheint das Blatt Verborgene Sch\u00e4tze digital, doch die Zielsetzung ist dieselbe.&hellip;","_links":{"self":[{"href":"https:\/\/bcc.no\/de\/wp-json\/wp\/v2\/pages\/140533","targetHints":{"allow":["GET"]}}],"collection":[{"href":"https:\/\/bcc.no\/de\/wp-json\/wp\/v2\/pages"}],"about":[{"href":"https:\/\/bcc.no\/de\/wp-json\/wp\/v2\/types\/page"}],"author":[{"embeddable":true,"href":"https:\/\/bcc.no\/de\/wp-json\/wp\/v2\/users\/9"}],"replies":[{"embeddable":true,"href":"https:\/\/bcc.no\/de\/wp-json\/wp\/v2\/comments?post=140533"}],"version-history":[{"count":1,"href":"https:\/\/bcc.no\/de\/wp-json\/wp\/v2\/pages\/140533\/revisions"}],"predecessor-version":[{"id":140757,"href":"https:\/\/bcc.no\/de\/wp-json\/wp\/v2\/pages\/140533\/revisions\/140757"}],"wp:featuredmedia":[{"embeddable":true,"href":"https:\/\/bcc.no\/de\/wp-json\/wp\/v2\/media\/140360"}],"wp:attachment":[{"href":"https:\/\/bcc.no\/de\/wp-json\/wp\/v2\/media?parent=140533"}],"curies":[{"name":"wp","href":"https:\/\/api.w.org\/{rel}","templated":true}]}}