{"id":140167,"date":"2025-01-29T18:45:40","date_gmt":"2025-01-29T17:45:40","guid":{"rendered":"https:\/\/bcc.no\/geheimhaltungsverpflichtung\/"},"modified":"2025-08-26T19:19:13","modified_gmt":"2025-08-26T18:19:13","slug":"geheimhaltungsverpflichtung","status":"publish","type":"page","link":"https:\/\/bcc.no\/de\/geheimhaltungsverpflichtung\/","title":{"rendered":"Geheimhaltungsverpflichtung"},"content":{"rendered":"\n<div class=\"wp-block-group\"><div class=\"wp-block-group__inner-container is-layout-constrained wp-block-group-is-layout-constrained\">\n<p>Durch dein Engagement als ehrenamtlicher Mitarbeiter im BCC-Verbund und seinen Teilorganisationen erh\u00e4ltst du Zugang zu relevanten Dokumenten und Informationen, die f\u00fcr deine T\u00e4tigkeit notwendig sind.<\/p>\n\n\n\n<p>Diese Informationen d\u00fcrfen ausschlie\u00dflich f\u00fcr den vorgesehenen Zweck verwendet werden und d\u00fcrfen nicht ohne vorherige Zustimmung des BCC-Verbunds an Dritte weitergegeben werden.\u00a0<\/p>\n\n\n<script type=\"module\" crossorigin src=\"https:\/\/app.bcc.no\/esign\/index.js?v=4\"><\/script><div style=\"max-width: 800px\"><bcc-esign access-token-url=\"https:\/\/bcc.no\/bcc-login\/access-token\/\" document-type=\"Taushetserkl\u00e6ring\" info-text-unsigned=\"Du har ikke signert taushetserkl\u00e6ring.\" language-code=\"de\" \/><\/div>\n\n<\/div><\/div>\n\n","protected":false},"excerpt":{"rendered":"<p>Durch dein Engagement als ehrenamtlicher Mitarbeiter im BCC-Verbund und seinen Teilorganisationen erh\u00e4ltst du Zugang zu relevanten Dokumenten und Informationen, die f\u00fcr deine T\u00e4tigkeit notwendig sind. Diese Informationen d\u00fcrfen ausschlie\u00dflich f\u00fcr den vorgesehenen Zweck verwendet werden und d\u00fcrfen nicht ohne vorherige Zustimmung des BCC-Verbunds an Dritte weitergegeben werden.\u00a0<\/p>\n","protected":false},"author":6,"featured_media":96688,"parent":0,"menu_order":0,"comment_status":"closed","ping_status":"closed","template":"","meta":{"_acf_changed":false,"inline_featured_image":false,"_uag_custom_page_level_css":"","bcc_login_visibility":1,"bcc_groups":[],"bcc_groups_email":true,"bcc_visibility_groups":[],"bcc_visibility_groups_email":false,"sent_notifications":[],"footnotes":"","_links_to":"","_links_to_target":""},"class_list":["post-140167","page","type-page","status-publish","has-post-thumbnail","hentry"],"acf":{"rss_image":null},"featured_image_src":"https:\/\/bcc.no\/wp-content\/uploads\/2024\/10\/Topographic_BG_white_17.svg","yoast_head":"<!-- This site is optimized with the Yoast SEO plugin v27.4 - https:\/\/yoast.com\/product\/yoast-seo-wordpress\/ -->\n<title>Geheimhaltungsverpflichtung - BCC<\/title>\n<meta name=\"robots\" content=\"index, follow, max-snippet:-1, max-image-preview:large, max-video-preview:-1\" \/>\n<link rel=\"canonical\" href=\"https:\/\/bcc.no\/de\/geheimhaltungsverpflichtung\/\" \/>\n<meta property=\"og:locale\" content=\"de_DE\" \/>\n<meta property=\"og:type\" content=\"article\" \/>\n<meta property=\"og:title\" content=\"Geheimhaltungsverpflichtung - BCC\" \/>\n<meta property=\"og:description\" content=\"Durch dein Engagement als ehrenamtlicher Mitarbeiter im BCC-Verbund und seinen Teilorganisationen erh\u00e4ltst du Zugang zu relevanten Dokumenten und Informationen, die f\u00fcr deine T\u00e4tigkeit notwendig sind. Diese Informationen d\u00fcrfen ausschlie\u00dflich f\u00fcr den vorgesehenen Zweck verwendet werden und d\u00fcrfen nicht ohne vorherige Zustimmung des BCC-Verbunds an Dritte weitergegeben werden.\u00a0\" \/>\n<meta property=\"og:url\" content=\"https:\/\/bcc.no\/de\/geheimhaltungsverpflichtung\/\" \/>\n<meta property=\"og:site_name\" content=\"BCC\" \/>\n<meta property=\"article:modified_time\" content=\"2025-08-26T18:19:13+00:00\" \/>\n<meta name=\"twitter:card\" content=\"summary_large_image\" \/>\n<script type=\"application\/ld+json\" class=\"yoast-schema-graph\">{\"@context\":\"https:\\\/\\\/schema.org\",\"@graph\":[{\"@type\":\"WebPage\",\"@id\":\"https:\\\/\\\/bcc.no\\\/de\\\/geheimhaltungsverpflichtung\\\/\",\"url\":\"https:\\\/\\\/bcc.no\\\/de\\\/geheimhaltungsverpflichtung\\\/\",\"name\":\"Geheimhaltungsverpflichtung - BCC\",\"isPartOf\":{\"@id\":\"https:\\\/\\\/bcc.no\\\/de\\\/#website\"},\"primaryImageOfPage\":{\"@id\":\"https:\\\/\\\/bcc.no\\\/de\\\/geheimhaltungsverpflichtung\\\/#primaryimage\"},\"image\":{\"@id\":\"https:\\\/\\\/bcc.no\\\/de\\\/geheimhaltungsverpflichtung\\\/#primaryimage\"},\"thumbnailUrl\":\"https:\\\/\\\/bcc.no\\\/wp-content\\\/uploads\\\/2024\\\/10\\\/Topographic_BG_white_17.svg\",\"datePublished\":\"2025-01-29T17:45:40+00:00\",\"dateModified\":\"2025-08-26T18:19:13+00:00\",\"breadcrumb\":{\"@id\":\"https:\\\/\\\/bcc.no\\\/de\\\/geheimhaltungsverpflichtung\\\/#breadcrumb\"},\"inLanguage\":\"de\",\"potentialAction\":[{\"@type\":\"ReadAction\",\"target\":[\"https:\\\/\\\/bcc.no\\\/de\\\/geheimhaltungsverpflichtung\\\/\"]}]},{\"@type\":\"ImageObject\",\"inLanguage\":\"de\",\"@id\":\"https:\\\/\\\/bcc.no\\\/de\\\/geheimhaltungsverpflichtung\\\/#primaryimage\",\"url\":\"https:\\\/\\\/bcc.no\\\/wp-content\\\/uploads\\\/2024\\\/10\\\/Topographic_BG_white_17.svg\",\"contentUrl\":\"https:\\\/\\\/bcc.no\\\/wp-content\\\/uploads\\\/2024\\\/10\\\/Topographic_BG_white_17.svg\"},{\"@type\":\"WebSite\",\"@id\":\"https:\\\/\\\/bcc.no\\\/de\\\/#website\",\"url\":\"https:\\\/\\\/bcc.no\\\/de\\\/\",\"name\":\"BCC\",\"description\":\"et internasjonalt trossamfunn\",\"publisher\":{\"@id\":\"https:\\\/\\\/bcc.no\\\/de\\\/#organization\"},\"potentialAction\":[{\"@type\":\"SearchAction\",\"target\":{\"@type\":\"EntryPoint\",\"urlTemplate\":\"https:\\\/\\\/bcc.no\\\/de\\\/?s={search_term_string}\"},\"query-input\":{\"@type\":\"PropertyValueSpecification\",\"valueRequired\":true,\"valueName\":\"search_term_string\"}}],\"inLanguage\":\"de\"},{\"@type\":\"Organization\",\"@id\":\"https:\\\/\\\/bcc.no\\\/de\\\/#organization\",\"name\":\"BCC\",\"url\":\"https:\\\/\\\/bcc.no\\\/de\\\/\",\"logo\":{\"@type\":\"ImageObject\",\"inLanguage\":\"de\",\"@id\":\"https:\\\/\\\/bcc.no\\\/de\\\/#\\\/schema\\\/logo\\\/image\\\/\",\"url\":\"https:\\\/\\\/bcc.no\\\/wp-content\\\/uploads\\\/2026\\\/04\\\/bcc_logo_full.svg\",\"contentUrl\":\"https:\\\/\\\/bcc.no\\\/wp-content\\\/uploads\\\/2026\\\/04\\\/bcc_logo_full.svg\",\"caption\":\"BCC\"},\"image\":{\"@id\":\"https:\\\/\\\/bcc.no\\\/de\\\/#\\\/schema\\\/logo\\\/image\\\/\"}}]}<\/script>\n<!-- \/ Yoast SEO plugin. -->","yoast_head_json":{"title":"Geheimhaltungsverpflichtung - BCC","robots":{"index":"index","follow":"follow","max-snippet":"max-snippet:-1","max-image-preview":"max-image-preview:large","max-video-preview":"max-video-preview:-1"},"canonical":"https:\/\/bcc.no\/de\/geheimhaltungsverpflichtung\/","og_locale":"de_DE","og_type":"article","og_title":"Geheimhaltungsverpflichtung - BCC","og_description":"Durch dein Engagement als ehrenamtlicher Mitarbeiter im BCC-Verbund und seinen Teilorganisationen erh\u00e4ltst du Zugang zu relevanten Dokumenten und Informationen, die f\u00fcr deine T\u00e4tigkeit notwendig sind. Diese Informationen d\u00fcrfen ausschlie\u00dflich f\u00fcr den vorgesehenen Zweck verwendet werden und d\u00fcrfen nicht ohne vorherige Zustimmung des BCC-Verbunds an Dritte weitergegeben werden.\u00a0","og_url":"https:\/\/bcc.no\/de\/geheimhaltungsverpflichtung\/","og_site_name":"BCC","article_modified_time":"2025-08-26T18:19:13+00:00","twitter_card":"summary_large_image","schema":{"@context":"https:\/\/schema.org","@graph":[{"@type":"WebPage","@id":"https:\/\/bcc.no\/de\/geheimhaltungsverpflichtung\/","url":"https:\/\/bcc.no\/de\/geheimhaltungsverpflichtung\/","name":"Geheimhaltungsverpflichtung - BCC","isPartOf":{"@id":"https:\/\/bcc.no\/de\/#website"},"primaryImageOfPage":{"@id":"https:\/\/bcc.no\/de\/geheimhaltungsverpflichtung\/#primaryimage"},"image":{"@id":"https:\/\/bcc.no\/de\/geheimhaltungsverpflichtung\/#primaryimage"},"thumbnailUrl":"https:\/\/bcc.no\/wp-content\/uploads\/2024\/10\/Topographic_BG_white_17.svg","datePublished":"2025-01-29T17:45:40+00:00","dateModified":"2025-08-26T18:19:13+00:00","breadcrumb":{"@id":"https:\/\/bcc.no\/de\/geheimhaltungsverpflichtung\/#breadcrumb"},"inLanguage":"de","potentialAction":[{"@type":"ReadAction","target":["https:\/\/bcc.no\/de\/geheimhaltungsverpflichtung\/"]}]},{"@type":"ImageObject","inLanguage":"de","@id":"https:\/\/bcc.no\/de\/geheimhaltungsverpflichtung\/#primaryimage","url":"https:\/\/bcc.no\/wp-content\/uploads\/2024\/10\/Topographic_BG_white_17.svg","contentUrl":"https:\/\/bcc.no\/wp-content\/uploads\/2024\/10\/Topographic_BG_white_17.svg"},{"@type":"WebSite","@id":"https:\/\/bcc.no\/de\/#website","url":"https:\/\/bcc.no\/de\/","name":"BCC","description":"et internasjonalt trossamfunn","publisher":{"@id":"https:\/\/bcc.no\/de\/#organization"},"potentialAction":[{"@type":"SearchAction","target":{"@type":"EntryPoint","urlTemplate":"https:\/\/bcc.no\/de\/?s={search_term_string}"},"query-input":{"@type":"PropertyValueSpecification","valueRequired":true,"valueName":"search_term_string"}}],"inLanguage":"de"},{"@type":"Organization","@id":"https:\/\/bcc.no\/de\/#organization","name":"BCC","url":"https:\/\/bcc.no\/de\/","logo":{"@type":"ImageObject","inLanguage":"de","@id":"https:\/\/bcc.no\/de\/#\/schema\/logo\/image\/","url":"https:\/\/bcc.no\/wp-content\/uploads\/2026\/04\/bcc_logo_full.svg","contentUrl":"https:\/\/bcc.no\/wp-content\/uploads\/2026\/04\/bcc_logo_full.svg","caption":"BCC"},"image":{"@id":"https:\/\/bcc.no\/de\/#\/schema\/logo\/image\/"}}]}},"uagb_featured_image_src":{"full":["https:\/\/bcc.no\/wp-content\/uploads\/2024\/10\/Topographic_BG_white_17.svg",1,1,false],"thumbnail":["https:\/\/bcc.no\/wp-content\/uploads\/2024\/10\/Topographic_BG_white_17.svg",150,150,true],"medium":["https:\/\/bcc.no\/wp-content\/uploads\/2024\/10\/Topographic_BG_white_17.svg",300,300,true],"medium_large":["https:\/\/bcc.no\/wp-content\/uploads\/2024\/10\/Topographic_BG_white_17.svg",640,1,true],"large":["https:\/\/bcc.no\/wp-content\/uploads\/2024\/10\/Topographic_BG_white_17.svg",640,640,true],"1536x1536":["https:\/\/bcc.no\/wp-content\/uploads\/2024\/10\/Topographic_BG_white_17.svg",1,1,true],"2048x2048":["https:\/\/bcc.no\/wp-content\/uploads\/2024\/10\/Topographic_BG_white_17.svg",1,1,true]},"uagb_author_info":{"display_name":"Mathias Strand Kristiansen","author_link":"https:\/\/bcc.no\/de\/author\/22801\/"},"uagb_comment_info":0,"uagb_excerpt":"Durch dein Engagement als ehrenamtlicher Mitarbeiter im BCC-Verbund und seinen Teilorganisationen erh\u00e4ltst du Zugang zu relevanten Dokumenten und Informationen, die f\u00fcr deine T\u00e4tigkeit notwendig sind. Diese Informationen d\u00fcrfen ausschlie\u00dflich f\u00fcr den vorgesehenen Zweck verwendet werden und d\u00fcrfen nicht ohne vorherige Zustimmung des BCC-Verbunds an Dritte weitergegeben werden.\u00a0","_links":{"self":[{"href":"https:\/\/bcc.no\/de\/wp-json\/wp\/v2\/pages\/140167","targetHints":{"allow":["GET"]}}],"collection":[{"href":"https:\/\/bcc.no\/de\/wp-json\/wp\/v2\/pages"}],"about":[{"href":"https:\/\/bcc.no\/de\/wp-json\/wp\/v2\/types\/page"}],"author":[{"embeddable":true,"href":"https:\/\/bcc.no\/de\/wp-json\/wp\/v2\/users\/6"}],"replies":[{"embeddable":true,"href":"https:\/\/bcc.no\/de\/wp-json\/wp\/v2\/comments?post=140167"}],"version-history":[{"count":0,"href":"https:\/\/bcc.no\/de\/wp-json\/wp\/v2\/pages\/140167\/revisions"}],"wp:featuredmedia":[{"embeddable":true,"href":"https:\/\/bcc.no\/de\/wp-json\/wp\/v2\/media\/96688"}],"wp:attachment":[{"href":"https:\/\/bcc.no\/de\/wp-json\/wp\/v2\/media?parent=140167"}],"curies":[{"name":"wp","href":"https:\/\/api.w.org\/{rel}","templated":true}]}}