{"id":132884,"date":"2025-03-28T17:06:16","date_gmt":"2025-03-28T16:06:16","guid":{"rendered":"https:\/\/bcc.no\/?page_id=132884"},"modified":"2025-04-09T15:07:35","modified_gmt":"2025-04-09T14:07:35","slug":"richtlinie-zur-verwendung-von-cookies","status":"publish","type":"page","link":"https:\/\/bcc.no\/de\/richtlinie-zur-verwendung-von-cookies\/","title":{"rendered":"Richtlinie zur Verwendung von Cookies"},"content":{"rendered":"\n<div class=\"wp-block-group\"><div class=\"wp-block-group__inner-container is-layout-constrained wp-block-group-is-layout-constrained\">\n<h3 class=\"wp-block-heading\"><strong>Deine Zustimmung gilt f\u00fcr die folgenden Webseiten:<\/strong><\/h3>\n\n\n\n<p>bcc.no<\/p>\n<\/div><\/div>\n\n\n\n<div class=\"wp-block-group\"><div class=\"wp-block-group__inner-container is-layout-constrained wp-block-group-is-layout-constrained\">\n<h3 class=\"wp-block-heading\">Was ist ein Cookie?<\/h3>\n\n\n\n<p>Ein Cookie ist eine kleine Datei, die auf deinem Computer, Tablet oder Smartphone gespeichert wird. Ein Cookie ist kein Programm und enth\u00e4lt keine sch\u00e4dlichen Prozesse oder Viren.<\/p>\n\n\n\n<h3 class=\"wp-block-heading\">So verwendet die Webseite Cookies.<\/h3>\n\n\n\n<p>Einige Cookies erf\u00fcllen wichtige Funktionen f\u00fcr die Webseite. Cookies helfen uns auch dabei zu verstehen, warum du die Webseite besuchst, damit wir sie kontinuierlich optimieren und an deine spezifischen Bed\u00fcrfnisse und Interessen anpassen k\u00f6nnen. Cookies merken sich Dinge wie die Artikel, die du in deinen Warenkorb gelegt hast, ob du die Webseite schon einmal besucht hast, ob du eingeloggt bist und welche Sprache und W\u00e4hrung du auf der Webseite bevorzugst. Wir verwenden Cookies, um dir Inhalte zu pr\u00e4sentieren, die f\u00fcr dich m\u00f6glichst relevant sind, und um unsere Dienste zu verbessern.<\/p>\n\n\n\n<p>Die einzelnen Dienste, die Cookies speichern, sowie der Grund, warum sie gespeichert werden, sind <a href=\"#\" class=\"show-first-layer\">hier<\/a> in den verschiedenen Kategorien aufgef\u00fchrt.<\/p>\n\n\n\n<h3 class=\"wp-block-heading\">Wie lange werden Cookies gespeichert?<\/h3>\n\n\n\n<p>Die Dauer, die ein Cookie auf dem Ger\u00e4t und in den Browsern gespeichert wird, ist unterschiedlich. Die Lebensdauer eines Cookies wird basierend auf deinem letzten Besuch auf der Webseite berechnet. Sobald die Lebensdauer eines Cookies abgelaufen ist, wird er automatisch gel\u00f6scht.<\/p>\n\n\n\n<h3 class=\"wp-block-heading\">Cookies ablehnen oder l\u00f6schen<\/h3>\n\n\n\n<p>Du kannst alle Cookies, einschlie\u00dflich der von Drittanbietern, ablehnen, indem du die Browsereinstellungen auf deinem Computer, Tablet oder Smartphone \u00e4nderst. Wo diese Einstellungen zu finden sind, h\u00e4ngt von dem Browser ab, den du verwendest. Beachte jedoch, dass du durch das Ablehnen aller Cookies von Drittanbietern m\u00f6glicherweise bestimmte Funktionen und Dienste auf den Webseiten nicht mehr nutzen kannst, da diese auf Cookies angewiesen sind.<\/p>\n\n\n\n<h3 class=\"wp-block-heading\">Wie kann ich Cookies l\u00f6schen?<\/h3>\n\n\n\n<p>Das L\u00f6schen von Cookies, die du zuvor akzeptiert hast, ist einfach. Wie du die Cookies l\u00f6schst, h\u00e4ngt vom Browser und Ger\u00e4t ab, das du verwendest.<br>In der Regel findest du sie unter \u201eEinstellungen \u2013 Sicherheit und Datenschutz\u201c, aber der genaue Ort kann je nach Browser unterschiedlich sein.<\/p>\n\n\n\n<h3 class=\"wp-block-heading\">Zustimmung \u00e4ndern<\/h3>\n\n\n\n<p>Du kannst dein Einverst\u00e4ndnis \u00e4ndern, indem du entweder die Cookies in deinem Browser l\u00f6schst oder <strong><a href=\"#\" class=\"show-first-layer\"><u>einfach hier klickst<\/u><\/a><\/strong>.<\/p>\n\n\n\n<p>Denke daran: Wenn du mehrere Browser verwendest, musst du die Cookies in allen Browsern l\u00f6schen.<\/p>\n\n\n\n<h2 class=\"wp-block-heading\">Hast du noch Fragen?<\/h2>\n\n\n\n<p>Bei Anmerkungen oder Fragen zu den Informationen oder der Verarbeitung pers\u00f6nlicher Daten kannst du uns gerne kontaktieren.<\/p>\n\n\n\n<p><em>Zuletzt aktualisiert: 28.03.25<\/em><\/p>\n<\/div><\/div>\n\n","protected":false},"excerpt":{"rendered":"<p>Deine Zustimmung gilt f\u00fcr die folgenden Webseiten: bcc.no Was ist ein Cookie? Ein Cookie ist eine kleine Datei, die auf deinem Computer, Tablet oder Smartphone gespeichert wird. Ein Cookie ist kein Programm und enth\u00e4lt keine sch\u00e4dlichen Prozesse oder Viren. So verwendet die Webseite Cookies. Einige Cookies erf\u00fcllen wichtige Funktionen f\u00fcr die Webseite. Cookies helfen uns [&hellip;]<\/p>\n","protected":false},"author":9,"featured_media":96688,"parent":0,"menu_order":0,"comment_status":"closed","ping_status":"closed","template":"","meta":{"_acf_changed":false,"inline_featured_image":false,"_uag_custom_page_level_css":"","bcc_login_visibility":0,"bcc_groups":[],"bcc_groups_email":true,"bcc_visibility_groups":[],"bcc_visibility_groups_email":false,"sent_notifications":[],"footnotes":"","_links_to":"","_links_to_target":""},"class_list":["post-132884","page","type-page","status-publish","has-post-thumbnail","hentry"],"acf":{"rss_image":null},"featured_image_src":"https:\/\/bcc.no\/wp-content\/uploads\/2024\/10\/Topographic_BG_white_17.svg","yoast_head":"<!-- This site is optimized with the Yoast SEO plugin v27.2 - https:\/\/yoast.com\/product\/yoast-seo-wordpress\/ -->\n<title>Richtlinie zur Verwendung von Cookies - BCC<\/title>\n<meta name=\"robots\" content=\"index, follow, max-snippet:-1, max-image-preview:large, max-video-preview:-1\" \/>\n<link rel=\"canonical\" href=\"https:\/\/bcc.no\/de\/richtlinie-zur-verwendung-von-cookies\/\" \/>\n<meta property=\"og:locale\" content=\"de_DE\" \/>\n<meta property=\"og:type\" content=\"article\" \/>\n<meta property=\"og:title\" content=\"Richtlinie zur Verwendung von Cookies - BCC\" \/>\n<meta property=\"og:description\" content=\"Deine Zustimmung gilt f\u00fcr die folgenden Webseiten: bcc.no Was ist ein Cookie? Ein Cookie ist eine kleine Datei, die auf deinem Computer, Tablet oder Smartphone gespeichert wird. Ein Cookie ist kein Programm und enth\u00e4lt keine sch\u00e4dlichen Prozesse oder Viren. So verwendet die Webseite Cookies. Einige Cookies erf\u00fcllen wichtige Funktionen f\u00fcr die Webseite. Cookies helfen uns [&hellip;]\" \/>\n<meta property=\"og:url\" content=\"https:\/\/bcc.no\/de\/richtlinie-zur-verwendung-von-cookies\/\" \/>\n<meta property=\"og:site_name\" content=\"BCC\" \/>\n<meta property=\"article:modified_time\" content=\"2025-04-09T14:07:35+00:00\" \/>\n<meta name=\"twitter:card\" content=\"summary_large_image\" \/>\n<meta name=\"twitter:label1\" content=\"Gesch\u00e4tzte Lesezeit\" \/>\n\t<meta name=\"twitter:data1\" content=\"3\u00a0Minuten\" \/>\n<script type=\"application\/ld+json\" class=\"yoast-schema-graph\">{\"@context\":\"https:\/\/schema.org\",\"@graph\":[{\"@type\":\"WebPage\",\"@id\":\"https:\/\/bcc.no\/de\/richtlinie-zur-verwendung-von-cookies\/\",\"url\":\"https:\/\/bcc.no\/de\/richtlinie-zur-verwendung-von-cookies\/\",\"name\":\"Richtlinie zur Verwendung von Cookies - BCC\",\"isPartOf\":{\"@id\":\"https:\/\/bcc.no\/de\/#website\"},\"primaryImageOfPage\":{\"@id\":\"https:\/\/bcc.no\/de\/richtlinie-zur-verwendung-von-cookies\/#primaryimage\"},\"image\":{\"@id\":\"https:\/\/bcc.no\/de\/richtlinie-zur-verwendung-von-cookies\/#primaryimage\"},\"thumbnailUrl\":\"https:\/\/bcc.no\/wp-content\/uploads\/2024\/10\/Topographic_BG_white_17.svg\",\"datePublished\":\"2025-03-28T16:06:16+00:00\",\"dateModified\":\"2025-04-09T14:07:35+00:00\",\"breadcrumb\":{\"@id\":\"https:\/\/bcc.no\/de\/richtlinie-zur-verwendung-von-cookies\/#breadcrumb\"},\"inLanguage\":\"de\",\"potentialAction\":[{\"@type\":\"ReadAction\",\"target\":[\"https:\/\/bcc.no\/de\/richtlinie-zur-verwendung-von-cookies\/\"]}]},{\"@type\":\"ImageObject\",\"inLanguage\":\"de\",\"@id\":\"https:\/\/bcc.no\/de\/richtlinie-zur-verwendung-von-cookies\/#primaryimage\",\"url\":\"https:\/\/bcc.no\/wp-content\/uploads\/2024\/10\/Topographic_BG_white_17.svg\",\"contentUrl\":\"https:\/\/bcc.no\/wp-content\/uploads\/2024\/10\/Topographic_BG_white_17.svg\"},{\"@type\":\"BreadcrumbList\",\"@id\":\"https:\/\/bcc.no\/de\/richtlinie-zur-verwendung-von-cookies\/#breadcrumb\",\"itemListElement\":[{\"@type\":\"ListItem\",\"position\":1,\"name\":\"Startseite\",\"item\":\"https:\/\/bcc.no\/de\/startseite\/\"},{\"@type\":\"ListItem\",\"position\":2,\"name\":\"Richtlinie zur Verwendung von Cookies\"}]},{\"@type\":\"WebSite\",\"@id\":\"https:\/\/bcc.no\/de\/#website\",\"url\":\"https:\/\/bcc.no\/de\/\",\"name\":\"BCC\",\"description\":\"et internasjonalt trossamfunn\",\"publisher\":{\"@id\":\"https:\/\/bcc.no\/de\/#organization\"},\"potentialAction\":[{\"@type\":\"SearchAction\",\"target\":{\"@type\":\"EntryPoint\",\"urlTemplate\":\"https:\/\/bcc.no\/de\/?s={search_term_string}\"},\"query-input\":{\"@type\":\"PropertyValueSpecification\",\"valueRequired\":true,\"valueName\":\"search_term_string\"}}],\"inLanguage\":\"de\"},{\"@type\":\"Organization\",\"@id\":\"https:\/\/bcc.no\/de\/#organization\",\"name\":\"BCC\",\"url\":\"https:\/\/bcc.no\/de\/\",\"logo\":{\"@type\":\"ImageObject\",\"inLanguage\":\"de\",\"@id\":\"https:\/\/bcc.no\/de\/#\/schema\/logo\/image\/\",\"url\":\"https:\/\/bcc.no\/wp-content\/uploads\/2024\/09\/BCC-logo_RGB.svg\",\"contentUrl\":\"https:\/\/bcc.no\/wp-content\/uploads\/2024\/09\/BCC-logo_RGB.svg\",\"caption\":\"BCC\"},\"image\":{\"@id\":\"https:\/\/bcc.no\/de\/#\/schema\/logo\/image\/\"}}]}<\/script>\n<!-- \/ Yoast SEO plugin. -->","yoast_head_json":{"title":"Richtlinie zur Verwendung von Cookies - BCC","robots":{"index":"index","follow":"follow","max-snippet":"max-snippet:-1","max-image-preview":"max-image-preview:large","max-video-preview":"max-video-preview:-1"},"canonical":"https:\/\/bcc.no\/de\/richtlinie-zur-verwendung-von-cookies\/","og_locale":"de_DE","og_type":"article","og_title":"Richtlinie zur Verwendung von Cookies - BCC","og_description":"Deine Zustimmung gilt f\u00fcr die folgenden Webseiten: bcc.no Was ist ein Cookie? Ein Cookie ist eine kleine Datei, die auf deinem Computer, Tablet oder Smartphone gespeichert wird. Ein Cookie ist kein Programm und enth\u00e4lt keine sch\u00e4dlichen Prozesse oder Viren. So verwendet die Webseite Cookies. Einige Cookies erf\u00fcllen wichtige Funktionen f\u00fcr die Webseite. Cookies helfen uns [&hellip;]","og_url":"https:\/\/bcc.no\/de\/richtlinie-zur-verwendung-von-cookies\/","og_site_name":"BCC","article_modified_time":"2025-04-09T14:07:35+00:00","twitter_card":"summary_large_image","twitter_misc":{"Gesch\u00e4tzte Lesezeit":"3\u00a0Minuten"},"schema":{"@context":"https:\/\/schema.org","@graph":[{"@type":"WebPage","@id":"https:\/\/bcc.no\/de\/richtlinie-zur-verwendung-von-cookies\/","url":"https:\/\/bcc.no\/de\/richtlinie-zur-verwendung-von-cookies\/","name":"Richtlinie zur Verwendung von Cookies - BCC","isPartOf":{"@id":"https:\/\/bcc.no\/de\/#website"},"primaryImageOfPage":{"@id":"https:\/\/bcc.no\/de\/richtlinie-zur-verwendung-von-cookies\/#primaryimage"},"image":{"@id":"https:\/\/bcc.no\/de\/richtlinie-zur-verwendung-von-cookies\/#primaryimage"},"thumbnailUrl":"https:\/\/bcc.no\/wp-content\/uploads\/2024\/10\/Topographic_BG_white_17.svg","datePublished":"2025-03-28T16:06:16+00:00","dateModified":"2025-04-09T14:07:35+00:00","breadcrumb":{"@id":"https:\/\/bcc.no\/de\/richtlinie-zur-verwendung-von-cookies\/#breadcrumb"},"inLanguage":"de","potentialAction":[{"@type":"ReadAction","target":["https:\/\/bcc.no\/de\/richtlinie-zur-verwendung-von-cookies\/"]}]},{"@type":"ImageObject","inLanguage":"de","@id":"https:\/\/bcc.no\/de\/richtlinie-zur-verwendung-von-cookies\/#primaryimage","url":"https:\/\/bcc.no\/wp-content\/uploads\/2024\/10\/Topographic_BG_white_17.svg","contentUrl":"https:\/\/bcc.no\/wp-content\/uploads\/2024\/10\/Topographic_BG_white_17.svg"},{"@type":"BreadcrumbList","@id":"https:\/\/bcc.no\/de\/richtlinie-zur-verwendung-von-cookies\/#breadcrumb","itemListElement":[{"@type":"ListItem","position":1,"name":"Startseite","item":"https:\/\/bcc.no\/de\/startseite\/"},{"@type":"ListItem","position":2,"name":"Richtlinie zur Verwendung von Cookies"}]},{"@type":"WebSite","@id":"https:\/\/bcc.no\/de\/#website","url":"https:\/\/bcc.no\/de\/","name":"BCC","description":"et internasjonalt trossamfunn","publisher":{"@id":"https:\/\/bcc.no\/de\/#organization"},"potentialAction":[{"@type":"SearchAction","target":{"@type":"EntryPoint","urlTemplate":"https:\/\/bcc.no\/de\/?s={search_term_string}"},"query-input":{"@type":"PropertyValueSpecification","valueRequired":true,"valueName":"search_term_string"}}],"inLanguage":"de"},{"@type":"Organization","@id":"https:\/\/bcc.no\/de\/#organization","name":"BCC","url":"https:\/\/bcc.no\/de\/","logo":{"@type":"ImageObject","inLanguage":"de","@id":"https:\/\/bcc.no\/de\/#\/schema\/logo\/image\/","url":"https:\/\/bcc.no\/wp-content\/uploads\/2024\/09\/BCC-logo_RGB.svg","contentUrl":"https:\/\/bcc.no\/wp-content\/uploads\/2024\/09\/BCC-logo_RGB.svg","caption":"BCC"},"image":{"@id":"https:\/\/bcc.no\/de\/#\/schema\/logo\/image\/"}}]}},"uagb_featured_image_src":{"full":["https:\/\/bcc.no\/wp-content\/uploads\/2024\/10\/Topographic_BG_white_17.svg",1,1,false],"thumbnail":["https:\/\/bcc.no\/wp-content\/uploads\/2024\/10\/Topographic_BG_white_17.svg",150,150,true],"medium":["https:\/\/bcc.no\/wp-content\/uploads\/2024\/10\/Topographic_BG_white_17.svg",300,300,true],"medium_large":["https:\/\/bcc.no\/wp-content\/uploads\/2024\/10\/Topographic_BG_white_17.svg",640,1,true],"large":["https:\/\/bcc.no\/wp-content\/uploads\/2024\/10\/Topographic_BG_white_17.svg",640,640,true],"1536x1536":["https:\/\/bcc.no\/wp-content\/uploads\/2024\/10\/Topographic_BG_white_17.svg",1,1,true],"2048x2048":["https:\/\/bcc.no\/wp-content\/uploads\/2024\/10\/Topographic_BG_white_17.svg",1,1,true]},"uagb_author_info":{"display_name":"Anne Lea Krarup Nielsen","author_link":"https:\/\/bcc.no\/de\/author\/17609\/"},"uagb_comment_info":0,"uagb_excerpt":"Deine Zustimmung gilt f\u00fcr die folgenden Webseiten: bcc.no Was ist ein Cookie? Ein Cookie ist eine kleine Datei, die auf deinem Computer, Tablet oder Smartphone gespeichert wird. Ein Cookie ist kein Programm und enth\u00e4lt keine sch\u00e4dlichen Prozesse oder Viren. So verwendet die Webseite Cookies. Einige Cookies erf\u00fcllen wichtige Funktionen f\u00fcr die Webseite. Cookies helfen uns&hellip;","_links":{"self":[{"href":"https:\/\/bcc.no\/de\/wp-json\/wp\/v2\/pages\/132884","targetHints":{"allow":["GET"]}}],"collection":[{"href":"https:\/\/bcc.no\/de\/wp-json\/wp\/v2\/pages"}],"about":[{"href":"https:\/\/bcc.no\/de\/wp-json\/wp\/v2\/types\/page"}],"author":[{"embeddable":true,"href":"https:\/\/bcc.no\/de\/wp-json\/wp\/v2\/users\/9"}],"replies":[{"embeddable":true,"href":"https:\/\/bcc.no\/de\/wp-json\/wp\/v2\/comments?post=132884"}],"version-history":[{"count":1,"href":"https:\/\/bcc.no\/de\/wp-json\/wp\/v2\/pages\/132884\/revisions"}],"predecessor-version":[{"id":132906,"href":"https:\/\/bcc.no\/de\/wp-json\/wp\/v2\/pages\/132884\/revisions\/132906"}],"wp:featuredmedia":[{"embeddable":true,"href":"https:\/\/bcc.no\/de\/wp-json\/wp\/v2\/media\/96688"}],"wp:attachment":[{"href":"https:\/\/bcc.no\/de\/wp-json\/wp\/v2\/media?parent=132884"}],"curies":[{"name":"wp","href":"https:\/\/api.w.org\/{rel}","templated":true}]}}